{"id":61,"date":"2025-07-09T11:53:07","date_gmt":"2025-07-09T09:53:07","guid":{"rendered":"https:\/\/univet.hu\/konyvtar\/?page_id=61"},"modified":"2026-01-12T13:54:49","modified_gmt":"2026-01-12T12:54:49","slug":"open-access-publikalas","status":"publish","type":"page","link":"https:\/\/univet.hu\/konyvtar\/szolgaltatasok\/open-access-publikalas\/","title":{"rendered":"Open Access publik\u00e1l\u00e1s"},"content":{"rendered":"<p>Az \u00c1llatorvostudom\u00e1nyi Egyetem szerz\u0151inek 2025-ben ism\u00e9t lehet\u0151s\u00e9ge van O<span class=\"markoqadyx97w\" data-markjs=\"true\" data-ogac=\"\" data-ogab=\"\" data-ogsc=\"\" data-ogsb=\"\">pen<\/span>\u00a0A<span class=\"markgm676forb\" data-markjs=\"true\" data-ogac=\"\" data-ogab=\"\" data-ogsc=\"\" data-ogsb=\"\">ccess<\/span>\u00a0<span class=\"marktyb507dcp\" data-markjs=\"true\" data-ogac=\"\" data-ogab=\"\" data-ogsc=\"\" data-ogsb=\"\">publik\u00e1l\u00e1s<\/span>ra APC n\u00e9lk\u00fcl az al\u00e1bbi kiad\u00f3k el\u0151fizetett foly\u00f3irataiban vagy k\u00f6zel teljes foly\u00f3irat k\u00edn\u00e1lat\u00e1ban:<br \/> <a href=\"http:\/\/eisz.mtak.hu\/index.php\/hu\/open-access\/open-access-megallapodasok.html\">A szerz\u0151d\u00e9sek r\u00e9szletei, a foly\u00f3iratlist\u00e1k el\u00e9rhet\u0151k az EISZ honlapj\u00e1n.\u00a0<\/a><\/p> <ul> <li>Akad\u00e9miai Kiad\u00f3<\/li> <li>Cambridge University Press<\/li> <li>Elsevier<\/li> <li>SpringerNature Kiad\u00f3<\/li> <li>Wiley Kiad\u00f3<\/li> <\/ul> <p>A szerz\u0151nek ingyenes\u00a0<span class=\"marktyb507dcp\" data-markjs=\"true\" data-ogac=\"\" data-ogab=\"\" data-ogsc=\"\" data-ogsb=\"\">publik\u00e1l\u00e1s<\/span>\u00a0felt\u00e9tele a legt\u00f6bb esetben, hogy a levelez\u0151 szerz\u0151 az \u00c1TE munkat\u00e1rsa legyen\u00a0\u00e9s jel\u00f6lje meg az egyetemet vagy valamely egys\u00e9g\u00e9t, mint munkahelyet a cikkben is. R\u00e9szleteket a kiad\u00f3k nev\u00e9re kattintva lehet megtudni az\u00a0<a href=\"http:\/\/eisz.mtak.hu\/index.php\/hu\/open-access\/open-access-megallapodasok.html\">EISZ honlapj\u00e1n.<\/a>\u00a0A\u00a0<span class=\"markoqadyx97w\" data-markjs=\"true\" data-ogac=\"\" data-ogab=\"\" data-ogsc=\"\" data-ogsb=\"\">open<\/span>\u00a0<span class=\"markgm676forb\" data-markjs=\"true\" data-ogac=\"\" data-ogab=\"\" data-ogsc=\"\" data-ogsb=\"\">access<\/span>\u00a0<span class=\"marktyb507dcp\" data-markjs=\"true\" data-ogac=\"\" data-ogab=\"\" data-ogsc=\"\" data-ogsb=\"\">publik\u00e1l\u00e1s<\/span>\u00a0lehet\u0151s\u00e9ge az\u00a0Egyetem EISZ foly\u00f3iratcsomag szerz\u0151d\u00e9seinek r\u00e9sze, ez\u00e9rt egyel\u0151re az idei \u00e9vben elfogadott\/megjelen\u0151 k\u00f6zlem\u00e9nyekre vonatkozik a\u00a0szerz\u0151d\u00e9ses keret kimer\u00fcl\u00e9s\u00e9ig.<\/p> <p><strong>Kifog\u00e1solhat\u00f3 gyakorlatot folytat\u00f3 foly\u00f3iratok \u2013 a h\u00edr az MTMT oldal\u00e1r\u00f3l sz\u00e1rmazik<\/strong>\u00a0(https:\/\/www.mtmt.hu\/)<\/p> <article class=\"blog-post mt-5\">\u201cA Magyar Tudom\u00e1nyos Akad\u00e9mia Eln\u00f6ks\u00e9ge \u00e1ltal 2023 \u00e1prilis\u00e1ban l\u00e9trehozott, Pred\u00e1tor k\u00f6zl\u00e9si gyakorlatot vizsg\u00e1l\u00f3 bizotts\u00e1g a 2023. december 13-i \u00fcl\u00e9s\u00e9n megvizsg\u00e1lta a bizotts\u00e1gi javaslatok megjelen\u00e9se \u00f3ta a kutat\u00f3i k\u00f6z\u00f6ss\u00e9gt\u0151l \u00e9rkezett visszajelz\u00e9seket, \u00e9szrev\u00e9teleket, \u00e9s aj\u00e1nl\u00e1sokat fogadott el a felmer\u00fclt probl\u00e9m\u00e1k kezel\u00e9s\u00e9re.Az aj\u00e1nl\u00e1sok megval\u00f3s\u00edt\u00e1sa \u00e9rdek\u00e9ben az MTMT Oszt\u00e1ly a k\u00f6vetkez\u0151 elj\u00e1r\u00e1st k\u00f6veti:Az MTMT Oszt\u00e1lyhoz \u00e9rkez\u0151 egy\u00e9ni, kutat\u00f3i bejelent\u00e9seket \u00e1ll\u00e1sfoglal\u00e1sra tov\u00e1bb\u00edtja a tudom\u00e1nyos oszt\u00e1ly titk\u00e1ra sz\u00e1m\u00e1ra, aki gondoskodik annak az oszt\u00e1lyeln\u00f6kh\u00f6z val\u00f3 eljuttat\u00e1s\u00e1r\u00f3l. A tudom\u00e1nyos oszt\u00e1ly el\u0151terjeszt\u00e9se alapj\u00e1n, a fenti aj\u00e1nl\u00e1sok figyelembev\u00e9tel\u00e9vel az MTMT Oszt\u00e1ly k\u00f6nyvt\u00e1rszakmai megfontol\u00e1sok szerint az adott foly\u00f3iratot leveheti a \u201eKifog\u00e1solhat\u00f3 gyakorlatot folytat\u00f3 foly\u00f3iratok 2024. \u00e9vi list\u00e1j\u00e1r\u00f3l\u201d.Az MTMT Oszt\u00e1ly a \u201eKifog\u00e1solhat\u00f3 gyakorlatot folytat\u00f3 foly\u00f3iratok 2024. \u00e9vi list\u00e1j\u00e1t\u201d 2024 janu\u00e1r 1-j\u00e9re v\u00e9gleges\u00edti, ami ezt k\u00f6vet\u0151en \u00e9letbe l\u00e9p. Ezut\u00e1n \u00e9v k\u00f6zben csak a kedvez\u0151 ir\u00e1ny\u00fa v\u00e1ltoztat\u00e1sokat lehet \u00e9rv\u00e9nyes\u00edteni (azaz foly\u00f3iratok ker\u00fclhetnek le a list\u00e1r\u00f3l, de \u00fajak nem ker\u00fclhetnek r\u00e1).A bizotts\u00e1g d\u00f6nt\u00e9se alapj\u00e1n:<\/p> <ul> <li>A norv\u00e9g-list\u00e1ban szerepl\u0151 konferencia \u00e9s k\u00f6nyvsorozatok, \u00e9vk\u00f6nyvek nem kapnak jel\u00f6l\u00e9st.<\/li> <li>A kor\u00e1bban megsz\u0171nt foly\u00f3iratokr\u00f3l is leker\u00fcl a jel\u00f6l\u00e9s.\u201d<\/li> <\/ul> <p>Az aktu\u00e1lis list\u00e1k:<\/p> <ul> <li><a href=\"https:\/\/www.mtmt.hu\/kifogasolhato_folyoiratok_2024\" target=\"_blank\" rel=\"noopener\">A teljes 2024-es lista<\/a><\/li> <li><a href=\"https:\/\/www.mtmt.hu\/kifogasolhato_folyoiratok_2025\" target=\"_blank\" rel=\"noopener\">A teljes 2025-\u00f6s lista<\/a><\/li> <\/ul> <\/article> <p><strong>Vigy\u00e1zat! Pred\u00e1tor\/parazita foly\u00f3iratok<\/strong><\/p> <p>Egyes kiad\u00f3k kihaszn\u00e1lv\u00e1n a publik\u00e1ci\u00f3k sz\u00e1m\u00e1nak n\u00f6veked\u00e9s\u00e9t \u00e9s a publik\u00e1l\u00e1si k\u00e9nyszert, olyan open access foly\u00f3iratokat jelentenek meg, amelyek c\u00e9lja csup\u00e1n a haszonszerz\u00e9s. Ezen foly\u00f3iratok kiad\u00e1sakor nem \u00e9rv\u00e9nyes\u00fclnek a tudom\u00e1nyos publik\u00e1l\u00e1s szab\u00e1lyai (nincs vagy nem megfelel\u0151\u00a0 a lektor\u00e1l\u00e1s, szerkeszt\u00e9s, stb.), \u201cminden\u201d cikket befogadnak \u00e9s megjelentetnek, amennyiben a szerz\u0151k kifizetik a megfelel\u0151 d\u00edjat.<\/p> <p>Az ilyen foly\u00f3iratokban megjelent publik\u00e1ci\u00f3k a tudom\u00e1nyos teljes\u00edtm\u00e9ny m\u00e9r\u00e9s\u00e9nek szempontj\u00e1b\u00f3l nem fognak belesz\u00e1m\u00edtani a szerz\u0151 \u00e9letm\u0171v\u00e9be, mert nem sz\u00e1m\u00edtanak tudom\u00e1nyos publik\u00e1ci\u00f3nak, ez\u00e9rt vigy\u00e1zni kell vel\u00fck.<\/p> <p>Publik\u00e1ci\u00f3j\u00e1nak k\u00f6zl\u00e9se el\u0151tt minden esetben t\u00e1j\u00e9koz\u00f3djon megfelel\u0151en a kiv\u00e1lasztott foly\u00f3iratr\u00f3l, illetve nyugodt sz\u00edvvel\u00a0<strong>k\u00e9rje a k\u00f6nyvt\u00e1rosok seg\u00edts\u00e9g\u00e9t<\/strong>, akik ut\u00e1nan\u00e9znek a kiv\u00e1lasztott foly\u00f3iratnak.<\/p> <p>A pred\u00e1tor foly\u00f3iratok jellemz\u0151i (forr\u00e1s:\u00a0<strong><a href=\"https:\/\/openscience.hu\/hu\/predator-folyoiratok\" target=\"_blank\" rel=\"noopener\">https:\/\/openscience.hu\/hu\/predator-folyoiratok<\/a><\/strong>):<\/p> <p><img loading=\"lazy\" decoding=\"async\" class=\"size-medium wp-image-65 aligncenter\" src=\"https:\/\/univet.hu\/konyvtar\/wp-content\/uploads\/sites\/17\/2025\/07\/predator_foly_2025-284x300.png\" alt=\"\" width=\"284\" height=\"300\" srcset=\"https:\/\/univet.hu\/konyvtar\/wp-content\/uploads\/sites\/17\/2025\/07\/predator_foly_2025-284x300.png 284w, https:\/\/univet.hu\/konyvtar\/wp-content\/uploads\/sites\/17\/2025\/07\/predator_foly_2025.png 568w\" sizes=\"auto, (max-width: 284px) 100vw, 284px\" \/><\/p> <p>&nbsp;<\/p> <p>Tov\u00e1bbi seg\u00e9dlet tal\u00e1lhat\u00f3 a think-check-submit weboldalon:<\/p> <p><a href=\"https:\/\/vimeo.com\/user47851286\" target=\"_blank\" rel=\"noopener\"><img loading=\"lazy\" decoding=\"async\" class=\"size-medium wp-image-68 aligncenter\" src=\"https:\/\/univet.hu\/konyvtar\/wp-content\/uploads\/sites\/17\/2025\/07\/TCS-Logo-H-RGB-768x56-1-300x22.png\" alt=\"\" width=\"300\" height=\"22\" srcset=\"https:\/\/univet.hu\/konyvtar\/wp-content\/uploads\/sites\/17\/2025\/07\/TCS-Logo-H-RGB-768x56-1-300x22.png 300w, https:\/\/univet.hu\/konyvtar\/wp-content\/uploads\/sites\/17\/2025\/07\/TCS-Logo-H-RGB-768x56-1.png 768w\" sizes=\"auto, (max-width: 300px) 100vw, 300px\" \/><\/a><\/p> <p>&nbsp;<\/p>","protected":false},"excerpt":{"rendered":"<p>Az \u00c1llatorvostudom\u00e1nyi Egyetem szerz\u0151inek 2025-ben ism\u00e9t lehet\u0151s\u00e9ge van Open\u00a0Access\u00a0publik\u00e1l\u00e1sra APC n\u00e9lk\u00fcl az al\u00e1bbi kiad\u00f3k el\u0151fizetett foly\u00f3irataiban vagy k\u00f6zel teljes foly\u00f3irat k\u00edn\u00e1lat\u00e1ban: A szerz\u0151d\u00e9sek r\u00e9szletei, a foly\u00f3iratlist\u00e1k el\u00e9rhet\u0151k az EISZ honlapj\u00e1n.\u00a0 Akad\u00e9miai Kiad\u00f3 Cambridge University Press Elsevier SpringerNature Kiad\u00f3 Wiley Kiad\u00f3 A szerz\u0151nek ingyenes\u00a0publik\u00e1l\u00e1s\u00a0felt\u00e9tele a legt\u00f6bb esetben, hogy a levelez\u0151 szerz\u0151 az \u00c1TE munkat\u00e1rsa legyen\u00a0\u00e9s jel\u00f6lje<\/p>\n","protected":false},"author":58,"featured_media":0,"parent":27,"menu_order":0,"comment_status":"closed","ping_status":"closed","template":"","meta":{"_acf_changed":false,"_eb_attr":"","footnotes":""},"categories":[16],"tags":[],"class_list":["post-61","page","type-page","status-publish","hentry","category-szolgaltatasok"],"acf":[],"yoast_head":"<!-- This site is optimized with the Yoast SEO plugin v27.2 - https:\/\/yoast.com\/product\/yoast-seo-wordpress\/ -->\n<title>Open Access publik\u00e1l\u00e1s - Hut\u00ffra Ferenc K\u00f6nyvt\u00e1r, Lev\u00e9lt\u00e1r \u00e9s M\u00fazeum<\/title>\n<meta name=\"robots\" content=\"index, follow, max-snippet:-1, max-image-preview:large, max-video-preview:-1\" \/>\n<link rel=\"canonical\" href=\"https:\/\/univet.hu\/konyvtar\/szolgaltatasok\/open-access-publikalas\/\" \/>\n<meta property=\"og:locale\" content=\"hu_HU\" \/>\n<meta property=\"og:type\" content=\"article\" \/>\n<meta property=\"og:title\" content=\"Open Access publik\u00e1l\u00e1s - Hut\u00ffra Ferenc K\u00f6nyvt\u00e1r, Lev\u00e9lt\u00e1r \u00e9s M\u00fazeum\" \/>\n<meta property=\"og:description\" content=\"Az \u00c1llatorvostudom\u00e1nyi Egyetem szerz\u0151inek 2025-ben ism\u00e9t lehet\u0151s\u00e9ge van Open\u00a0Access\u00a0publik\u00e1l\u00e1sra APC n\u00e9lk\u00fcl az al\u00e1bbi kiad\u00f3k el\u0151fizetett foly\u00f3irataiban vagy k\u00f6zel teljes foly\u00f3irat k\u00edn\u00e1lat\u00e1ban: A szerz\u0151d\u00e9sek r\u00e9szletei, a foly\u00f3iratlist\u00e1k el\u00e9rhet\u0151k az EISZ honlapj\u00e1n.\u00a0 Akad\u00e9miai Kiad\u00f3 Cambridge University Press Elsevier SpringerNature Kiad\u00f3 Wiley Kiad\u00f3 A szerz\u0151nek ingyenes\u00a0publik\u00e1l\u00e1s\u00a0felt\u00e9tele a legt\u00f6bb esetben, hogy a levelez\u0151 szerz\u0151 az \u00c1TE munkat\u00e1rsa legyen\u00a0\u00e9s jel\u00f6lje\" \/>\n<meta property=\"og:url\" content=\"https:\/\/univet.hu\/konyvtar\/szolgaltatasok\/open-access-publikalas\/\" \/>\n<meta property=\"og:site_name\" content=\"Hut\u00ffra Ferenc K\u00f6nyvt\u00e1r, Lev\u00e9lt\u00e1r \u00e9s M\u00fazeum\" \/>\n<meta property=\"article:modified_time\" content=\"2026-01-12T12:54:49+00:00\" \/>\n<meta property=\"og:image\" content=\"https:\/\/univet.hu\/konyvtar\/wp-content\/uploads\/sites\/17\/2025\/07\/predator_foly_2025.png\" \/>\n\t<meta property=\"og:image:width\" content=\"568\" \/>\n\t<meta property=\"og:image:height\" content=\"600\" \/>\n\t<meta property=\"og:image:type\" content=\"image\/png\" \/>\n<meta name=\"twitter:card\" content=\"summary_large_image\" \/>\n<meta name=\"twitter:label1\" content=\"Becs\u00fclt olvas\u00e1si id\u0151\" \/>\n\t<meta name=\"twitter:data1\" content=\"3 perc\" \/>\n<script type=\"application\/ld+json\" class=\"yoast-schema-graph\">{\"@context\":\"https:\/\/schema.org\",\"@graph\":[{\"@type\":\"WebPage\",\"@id\":\"https:\/\/univet.hu\/konyvtar\/szolgaltatasok\/open-access-publikalas\/\",\"url\":\"https:\/\/univet.hu\/konyvtar\/szolgaltatasok\/open-access-publikalas\/\",\"name\":\"Open Access publik\u00e1l\u00e1s - Hut\u00ffra Ferenc K\u00f6nyvt\u00e1r, Lev\u00e9lt\u00e1r \u00e9s M\u00fazeum\",\"isPartOf\":{\"@id\":\"https:\/\/univet.hu\/konyvtar\/#website\"},\"primaryImageOfPage\":{\"@id\":\"https:\/\/univet.hu\/konyvtar\/szolgaltatasok\/open-access-publikalas\/#primaryimage\"},\"image\":{\"@id\":\"https:\/\/univet.hu\/konyvtar\/szolgaltatasok\/open-access-publikalas\/#primaryimage\"},\"thumbnailUrl\":\"https:\/\/univet.hu\/konyvtar\/wp-content\/uploads\/sites\/17\/2025\/07\/predator_foly_2025-284x300.png\",\"datePublished\":\"2025-07-09T09:53:07+00:00\",\"dateModified\":\"2026-01-12T12:54:49+00:00\",\"breadcrumb\":{\"@id\":\"https:\/\/univet.hu\/konyvtar\/szolgaltatasok\/open-access-publikalas\/#breadcrumb\"},\"inLanguage\":\"hu\",\"potentialAction\":[{\"@type\":\"ReadAction\",\"target\":[\"https:\/\/univet.hu\/konyvtar\/szolgaltatasok\/open-access-publikalas\/\"]}]},{\"@type\":\"ImageObject\",\"inLanguage\":\"hu\",\"@id\":\"https:\/\/univet.hu\/konyvtar\/szolgaltatasok\/open-access-publikalas\/#primaryimage\",\"url\":\"https:\/\/univet.hu\/konyvtar\/wp-content\/uploads\/sites\/17\/2025\/07\/predator_foly_2025.png\",\"contentUrl\":\"https:\/\/univet.hu\/konyvtar\/wp-content\/uploads\/sites\/17\/2025\/07\/predator_foly_2025.png\",\"width\":568,\"height\":600},{\"@type\":\"BreadcrumbList\",\"@id\":\"https:\/\/univet.hu\/konyvtar\/szolgaltatasok\/open-access-publikalas\/#breadcrumb\",\"itemListElement\":[{\"@type\":\"ListItem\",\"position\":1,\"name\":\"Kezd\u0151lap\",\"item\":\"https:\/\/univet.hu\/konyvtar\/\"},{\"@type\":\"ListItem\",\"position\":2,\"name\":\"Szolg\u00e1ltat\u00e1sok\",\"item\":\"https:\/\/univet.hu\/konyvtar\/szolgaltatasok\/\"},{\"@type\":\"ListItem\",\"position\":3,\"name\":\"Open Access publik\u00e1l\u00e1s\"}]},{\"@type\":\"WebSite\",\"@id\":\"https:\/\/univet.hu\/konyvtar\/#website\",\"url\":\"https:\/\/univet.hu\/konyvtar\/\",\"name\":\"Hut\u00ffra Ferenc K\u00f6nyvt\u00e1r, Lev\u00e9lt\u00e1r \u00e9s M\u00fazeum\",\"description\":\"\",\"potentialAction\":[{\"@type\":\"SearchAction\",\"target\":{\"@type\":\"EntryPoint\",\"urlTemplate\":\"https:\/\/univet.hu\/konyvtar\/?s={search_term_string}\"},\"query-input\":{\"@type\":\"PropertyValueSpecification\",\"valueRequired\":true,\"valueName\":\"search_term_string\"}}],\"inLanguage\":\"hu\"}]}<\/script>\n<!-- \/ Yoast SEO plugin. -->","yoast_head_json":{"title":"Open Access publik\u00e1l\u00e1s - Hut\u00ffra Ferenc K\u00f6nyvt\u00e1r, Lev\u00e9lt\u00e1r \u00e9s M\u00fazeum","robots":{"index":"index","follow":"follow","max-snippet":"max-snippet:-1","max-image-preview":"max-image-preview:large","max-video-preview":"max-video-preview:-1"},"canonical":"https:\/\/univet.hu\/konyvtar\/szolgaltatasok\/open-access-publikalas\/","og_locale":"hu_HU","og_type":"article","og_title":"Open Access publik\u00e1l\u00e1s - Hut\u00ffra Ferenc K\u00f6nyvt\u00e1r, Lev\u00e9lt\u00e1r \u00e9s M\u00fazeum","og_description":"Az \u00c1llatorvostudom\u00e1nyi Egyetem szerz\u0151inek 2025-ben ism\u00e9t lehet\u0151s\u00e9ge van Open\u00a0Access\u00a0publik\u00e1l\u00e1sra APC n\u00e9lk\u00fcl az al\u00e1bbi kiad\u00f3k el\u0151fizetett foly\u00f3irataiban vagy k\u00f6zel teljes foly\u00f3irat k\u00edn\u00e1lat\u00e1ban: A szerz\u0151d\u00e9sek r\u00e9szletei, a foly\u00f3iratlist\u00e1k el\u00e9rhet\u0151k az EISZ honlapj\u00e1n.\u00a0 Akad\u00e9miai Kiad\u00f3 Cambridge University Press Elsevier SpringerNature Kiad\u00f3 Wiley Kiad\u00f3 A szerz\u0151nek ingyenes\u00a0publik\u00e1l\u00e1s\u00a0felt\u00e9tele a legt\u00f6bb esetben, hogy a levelez\u0151 szerz\u0151 az \u00c1TE munkat\u00e1rsa legyen\u00a0\u00e9s jel\u00f6lje","og_url":"https:\/\/univet.hu\/konyvtar\/szolgaltatasok\/open-access-publikalas\/","og_site_name":"Hut\u00ffra Ferenc K\u00f6nyvt\u00e1r, Lev\u00e9lt\u00e1r \u00e9s M\u00fazeum","article_modified_time":"2026-01-12T12:54:49+00:00","og_image":[{"width":568,"height":600,"url":"https:\/\/univet.hu\/konyvtar\/wp-content\/uploads\/sites\/17\/2025\/07\/predator_foly_2025.png","type":"image\/png"}],"twitter_card":"summary_large_image","twitter_misc":{"Becs\u00fclt olvas\u00e1si id\u0151":"3 perc"},"schema":{"@context":"https:\/\/schema.org","@graph":[{"@type":"WebPage","@id":"https:\/\/univet.hu\/konyvtar\/szolgaltatasok\/open-access-publikalas\/","url":"https:\/\/univet.hu\/konyvtar\/szolgaltatasok\/open-access-publikalas\/","name":"Open Access publik\u00e1l\u00e1s - Hut\u00ffra Ferenc K\u00f6nyvt\u00e1r, Lev\u00e9lt\u00e1r \u00e9s M\u00fazeum","isPartOf":{"@id":"https:\/\/univet.hu\/konyvtar\/#website"},"primaryImageOfPage":{"@id":"https:\/\/univet.hu\/konyvtar\/szolgaltatasok\/open-access-publikalas\/#primaryimage"},"image":{"@id":"https:\/\/univet.hu\/konyvtar\/szolgaltatasok\/open-access-publikalas\/#primaryimage"},"thumbnailUrl":"https:\/\/univet.hu\/konyvtar\/wp-content\/uploads\/sites\/17\/2025\/07\/predator_foly_2025-284x300.png","datePublished":"2025-07-09T09:53:07+00:00","dateModified":"2026-01-12T12:54:49+00:00","breadcrumb":{"@id":"https:\/\/univet.hu\/konyvtar\/szolgaltatasok\/open-access-publikalas\/#breadcrumb"},"inLanguage":"hu","potentialAction":[{"@type":"ReadAction","target":["https:\/\/univet.hu\/konyvtar\/szolgaltatasok\/open-access-publikalas\/"]}]},{"@type":"ImageObject","inLanguage":"hu","@id":"https:\/\/univet.hu\/konyvtar\/szolgaltatasok\/open-access-publikalas\/#primaryimage","url":"https:\/\/univet.hu\/konyvtar\/wp-content\/uploads\/sites\/17\/2025\/07\/predator_foly_2025.png","contentUrl":"https:\/\/univet.hu\/konyvtar\/wp-content\/uploads\/sites\/17\/2025\/07\/predator_foly_2025.png","width":568,"height":600},{"@type":"BreadcrumbList","@id":"https:\/\/univet.hu\/konyvtar\/szolgaltatasok\/open-access-publikalas\/#breadcrumb","itemListElement":[{"@type":"ListItem","position":1,"name":"Kezd\u0151lap","item":"https:\/\/univet.hu\/konyvtar\/"},{"@type":"ListItem","position":2,"name":"Szolg\u00e1ltat\u00e1sok","item":"https:\/\/univet.hu\/konyvtar\/szolgaltatasok\/"},{"@type":"ListItem","position":3,"name":"Open Access publik\u00e1l\u00e1s"}]},{"@type":"WebSite","@id":"https:\/\/univet.hu\/konyvtar\/#website","url":"https:\/\/univet.hu\/konyvtar\/","name":"Hut\u00ffra Ferenc K\u00f6nyvt\u00e1r, Lev\u00e9lt\u00e1r \u00e9s M\u00fazeum","description":"","potentialAction":[{"@type":"SearchAction","target":{"@type":"EntryPoint","urlTemplate":"https:\/\/univet.hu\/konyvtar\/?s={search_term_string}"},"query-input":{"@type":"PropertyValueSpecification","valueRequired":true,"valueName":"search_term_string"}}],"inLanguage":"hu"}]}},"_links":{"self":[{"href":"https:\/\/univet.hu\/konyvtar\/wp-json\/wp\/v2\/pages\/61","targetHints":{"allow":["GET"]}}],"collection":[{"href":"https:\/\/univet.hu\/konyvtar\/wp-json\/wp\/v2\/pages"}],"about":[{"href":"https:\/\/univet.hu\/konyvtar\/wp-json\/wp\/v2\/types\/page"}],"author":[{"embeddable":true,"href":"https:\/\/univet.hu\/konyvtar\/wp-json\/wp\/v2\/users\/58"}],"replies":[{"embeddable":true,"href":"https:\/\/univet.hu\/konyvtar\/wp-json\/wp\/v2\/comments?post=61"}],"version-history":[{"count":5,"href":"https:\/\/univet.hu\/konyvtar\/wp-json\/wp\/v2\/pages\/61\/revisions"}],"predecessor-version":[{"id":426,"href":"https:\/\/univet.hu\/konyvtar\/wp-json\/wp\/v2\/pages\/61\/revisions\/426"}],"up":[{"embeddable":true,"href":"https:\/\/univet.hu\/konyvtar\/wp-json\/wp\/v2\/pages\/27"}],"wp:attachment":[{"href":"https:\/\/univet.hu\/konyvtar\/wp-json\/wp\/v2\/media?parent=61"}],"wp:term":[{"taxonomy":"category","embeddable":true,"href":"https:\/\/univet.hu\/konyvtar\/wp-json\/wp\/v2\/categories?post=61"},{"taxonomy":"post_tag","embeddable":true,"href":"https:\/\/univet.hu\/konyvtar\/wp-json\/wp\/v2\/tags?post=61"}],"curies":[{"name":"wp","href":"https:\/\/api.w.org\/{rel}","templated":true}]}}