{"id":708,"date":"2025-08-27T10:01:13","date_gmt":"2025-08-27T08:01:13","guid":{"rendered":"https:\/\/univet.hu\/konyvtar\/?page_id=708"},"modified":"2026-01-12T13:54:49","modified_gmt":"2026-01-12T12:54:49","slug":"leiras","status":"publish","type":"page","link":"https:\/\/univet.hu\/konyvtar\/szolgaltatasok\/leiras\/","title":{"rendered":"K\u00f6nyvt\u00e1rhaszn\u00e1l\u00f3 leszek! Miket \u00e9rdemes tudnom?"},"content":{"rendered":"<p>A Hut\u00ffra Ferenc K\u00f6nyvt\u00e1r, Lev\u00e9lt\u00e1r \u00e9s M\u00fazeum az \u00e1llatorvos-tudom\u00e1ny egyetlen nyilv\u00e1nos, tudom\u00e1nyos k\u00f6zgy\u0171jtem\u00e9nye Magyarorsz\u00e1gon. Hallgat\u00f3k\u00e9nt lehet\u0151s\u00e9ged van ingyenesen ig\u00e9nybe venni a k\u00f6nyvt\u00e1r szolg\u00e1ltat\u00e1sait, amelyek k\u00f6z\u00fcl \u00edzel\u00edt\u0151\u00fcl n\u00e9h\u00e1ny:<\/p> <ul> <li>k\u00f6lcs\u00f6nz\u00e9s,<\/li> <li>olvas\u00f3i terek\u00a0haszn\u00e1lata tanul\u00e1sra,<\/li> <li>adatb\u00e1zisokban val\u00f3 cikkek, k\u00f6nyvek el\u00e9r\u00e9se (otthonr\u00f3l <a href=\"https:\/\/ibi.univet.hu\/index.php\/vpn-igenyles\/\">VPN<\/a>-en kereszt\u00fcl!),<\/li> <li>\u00e9s term\u00e9szetesen a k\u00f6nyvt\u00e1rosaink seg\u00edts\u00e9g\u00e9t is k\u00e9rheted, legyen sz\u00f3 \u00e1ltal\u00e1nos t\u00e1j\u00e9koz\u00f3d\u00e1sr\u00f3l, t\u00e9makeres\u00e9sr\u0151l, diplomamunka-\u00edr\u00e1shoz val\u00f3 seg\u00edts\u00e9gny\u00fajt\u00e1sr\u00f3l, \u00e9s sok-sok m\u00e1sr\u00f3l is, amelyek a k\u00e9pz\u00e9s sor\u00e1n felmer\u00fclnek majd benned.<\/li> <\/ul> <p>&nbsp;<\/p> <h3><strong>R\u00f6vid \u00e1ttekint\u00e9s a legfontosabb tudnival\u00f3kr\u00f3l:<\/strong><\/h3> <h4>Hogyan haszn\u00e1lhatod a k\u00f6nyvt\u00e1rat?<\/h4> <ul> <li><strong>Olvas\u00f3i tereink <\/strong>regisztr\u00e1ci\u00f3 n\u00e9lk\u00fcl is ig\u00e9nybe vehet\u0151k (tanul\u00e1sra, sz\u00e1m\u00edt\u00f3g\u00e9p-haszn\u00e1latra, nyomtat\u00e1sra stb.).<\/li> <li><strong>K\u00f6lcs\u00f6nz\u00e9shez<\/strong>\u00a0k\u00f6nyvt\u00e1ri tags\u00e1gra lesz sz\u00fcks\u00e9ged, melyhez a regisztr\u00e1ci\u00f3s folyamatot <a href=\"https:\/\/univet.hu\/konyvtar\/szolgaltatasok\/kolcsonzes\/\">itt<\/a> tal\u00e1lod.<\/li> <li><strong>T\u00e1volr\u00f3l <\/strong>is el\u00e9rhet\u0151k vagyunk: m\u00edg <a href=\"https:\/\/ibi.univet.hu\/index.php\/vpn-igenyles\/\">VPN<\/a>-en kereszt\u00fcl <a href=\"https:\/\/univet.hu\/konyvtar\/forrasok\/adatbazisok\/\">adatb\u00e1zisainkhoz<\/a> \u00e9s e-k\u00f6nyv-el\u0151fizet\u00e9seinkhez kapsz hozz\u00e1f\u00e9r\u00e9st, addig e-mailben (<a class=\"decrypt\" rel=\"mjcsbszAvojwfu\/iv\" href=\"javascript:void(0);\">[Kattintson az emailc\u00edmhez]<\/a>) r\u00f6vid id\u0151n bel\u00fcl igyeksz\u00fcnk v\u00e1laszolni minden felmer\u00fcl\u0151 k\u00e9rd\u00e9sre.<\/li> <\/ul> <h4>Mikor vagyunk nyitva?<\/h4> <p>A k\u00f6nyvt\u00e1r \u00e9s az Equus klub aktu\u00e1lis nyitvatart\u00e1s\u00e1t igyeksz\u00fcnk minden fel\u00fclet\u00fcnk\u00f6n k\u00f6zz\u00e9tenni: a <a href=\"https:\/\/univet.hu\/konyvtar\/rolunk\/nyitvatartas\/\">k\u00f6nyvt\u00e1r honlapj\u00e1n<\/a>, a Google-ben, <a href=\"https:\/\/www.instagram.com\/hutyraferenckonyvtar\/\">Instagram<\/a>\u2013 \u00e9s <a href=\"https:\/\/www.facebook.com\/hutyraferenckonyvtar?locale=hu_HU\">Facebook<\/a>\u2013 oldalunkon, \u00e9s a k\u00e9t helyis\u00e9g bej\u00e1rat\u00e1n\u00e1l tal\u00e1lhat\u00f3 hirdet\u0151t\u00e1bl\u00e1kon is. Tereink alkalomszer\u0171en rendezv\u00e9nyeknek is helyet adnak, \u00edgy \u00e9rdemes el\u0151re t\u00e1j\u00e9koz\u00f3dni, ha ell\u00e1togatn\u00e1l hozz\u00e1nk.<\/p> <h4>Szab\u00e1lyok az olvas\u00f3teremben:<\/h4> <ul> <li>K\u00f6nyvt\u00e1runk sajnos nem fogadja a n\u00e9gyl\u00e1b\u00fa tagokat, \u00edgy k\u00e9rj\u00fck, hogy vel\u00fck az Equusba l\u00e1togassatok el tanul\u00e1si sz\u00e1nd\u00e9k eset\u00e9n!<\/li> <li>Z\u00e1rt palackban behozott \u00fcd\u00edt\u0151t \u00e9s egyszer\u0171bb \u00e9teleket (pl. m\u00fczlit, gy\u00fcm\u00f6lcs\u00f6ket) idefenn is elfogyaszthattok, m\u00edg a szaggal, morzs\u00e1z\u00e1ssal j\u00e1r\u00f3, kev\u00e9sb\u00e9 biztons\u00e1gos csomagol\u00e1s\u00fa \u00e9teleket k\u00e9rj\u00fck, hogy lent, ill. a k\u00f6nyvt\u00e1ron k\u00edv\u00fcl fogyassz\u00e1tok el!<\/li> <li>Az \u00e9p\u00fcletben sem ruhat\u00e1r, sem \u00e9rt\u00e9kmeg\u00e9rz\u0151 nincs, ez\u00e9rt k\u00e9rj\u00fck, hogy \u00e9rt\u00e9keitekre fokozottan \u00fcgyeljetek, \u00e9s ne hagyj\u00e1tok \u0151rizetlen\u00fcl!<\/li> <li>Az olvas\u00f3i terek csendess\u00e9g tekintet\u00e9ben 2 r\u00e9szre oszlanak: m\u00edg a k\u00f6lcs\u00f6nz\u0151pultt\u00f3l balra l\u00e9v\u0151 sz\u00e1m\u00edt\u00f3g\u00e9pes helyis\u00e9gekben megengedett a halk besz\u00e9d, addig a jobbra tal\u00e1lhat\u00f3 nagyobb t\u00e9rben az elm\u00e9ly\u00fclt tanul\u00e1st t\u00e1mogat\u00f3 teljes csend uralkodik.<\/li> <\/ul> <h4>Mit \u00e9s hogyan k\u00f6lcs\u00f6n\u00f6zhetsz?<\/h4> <p>K\u00f6nyvt\u00e1ri olvas\u00f3jegyeddel hallgat\u00f3k\u00e9nt 10 dokumentumot tudsz kik\u00f6lcs\u00f6n\u00f6zni 1 h\u00f3napra, ami 2 alkalommal meghosszabb\u00edthat\u00f3 (ha k\u00f6zben nem \u00e9rkezett a k\u00f6nyvre el\u0151jegyz\u00e9si\/ k\u00f6lcs\u00f6nz\u00e9si k\u00e9relem). A k\u00f6nyv k\u00f6lcs\u00f6nz\u00e9s\u00e9t az \u00f6nk\u00f6lcs\u00f6nz\u0151vel \u00f6n\u00e1ll\u00f3an is elv\u00e9gezheted, vagy k\u00e9rheted k\u00f6nyvt\u00e1rosaink seg\u00edts\u00e9g\u00e9t is, f\u0151leg, ha otthon maradt az olvas\u00f3jegyed.<\/p> <p><strong>Meghosszabb\u00edtan\u00e1d a k\u00f6lcs\u00f6nz\u00e9st?<\/strong> Ezt t\u00f6bb m\u00f3don is megteheted: a <a href=\"https:\/\/opac.univet.hu\/liberty\/libraryHome.do\">katal\u00f3gusban<\/a>, szem\u00e9lyesen vagy e-mailben (<a class=\"decrypt\" rel=\"mjcsbszAvojwfu\/iv\" href=\"javascript:void(0);\">[Kattintson az emailc\u00edmhez]<\/a>).<\/p> <p><strong>Mit jelentenek a piros cs\u00edkok a k\u00f6nyvek gerinc\u00e9n?<\/strong> Ezek a k\u00f6nyvek csak helyben haszn\u00e1lhat\u00f3k, vagy 1-1 \u00e9jszak\u00e1ra, illetve h\u00e9tv\u00e9g\u00e9re elk\u00e9rhet\u0151k, amennyiben d\u00e9lut\u00e1n viszed el, \u00e9s a k\u00f6vetkez\u0151 munkanap reggel\u00e9n m\u00e1r vissza is hozod nek\u00fcnk.<\/p> <p>Egy\u00e1ltal\u00e1n <strong>nem k\u00f6lcs\u00f6n\u00f6zhet\u0151k <\/strong>a szakdolgozatok, a foly\u00f3iratok, a r\u00e9gi, ritka kiadv\u00e1nyok \u00e9s a k\u00e9zik\u00f6nyvek.<\/p> <h4>Mi\u00e9rt \u00e9rdemes haszn\u00e1lnod az online katal\u00f3gust?<\/h4> <p>Fontos, hogy k\u00f6nyvt\u00e1runk katal\u00f3gusa nemcsak az olvas\u00f3termi \u00e1llom\u00e1nyt foglalja mag\u00e1ba, hanem enn\u00e9l sokkal t\u00f6bb mindent:<\/p> <ul> <li>rakt\u00e1ri \u00e1llom\u00e1nyunkat (k\u00f6zt\u00fck a szakdolgozatokat),<\/li> <li><a href=\"https:\/\/univet.hu\/konyvtar\/forrasok\/e-konyvek\/\">e-k\u00f6nyv el\u0151fizet\u00e9seinket<\/a> (~41 ezer k\u00f6nyv),<\/li> <li>a Magyar \u00c1llatorvosi Bibliogr\u00e1fi\u00e1ban \u00f6sszegy\u0171jt\u00f6tt dokumentumokat (amelyekhez nem felt\u00e9tlen\u00fcl van jelenleg hozz\u00e1f\u00e9r\u00e9s\u00fcnk, de ig\u00e9ny eset\u00e9n seg\u00edt\u00fcnk a beszerz\u00e9s\u00e9ben),<\/li> <li>\u00e9s az egyes tansz\u00e9kekre kihelyezett k\u00f6nyv\u00e1llom\u00e1nyokat is (amelyek el\u00e9rhet\u0151k a sz\u00e1motokra, de az \u00e1tk\u00e9r\u00e9s\u00fcket nem tudjuk azonnal teljes\u00edteni).<\/li> <\/ul> <p>Emiatt \u00e9rdemes a polcok megtekint\u00e9se mellett a katal\u00f3gusban is t\u00e1j\u00e9koz\u00f3dni!<\/p> <p><strong>\u00a0<\/strong><\/p> <h3><strong>Extra inform\u00e1ci\u00f3k:<\/strong><\/h3> <h4>Milyen szolg\u00e1ltat\u00e1sok \u00e9rhet\u0151k m\u00e9g el a k\u00f6nyvt\u00e1rban?<\/h4> <p>Alapszolg\u00e1ltat\u00e1sainkon k\u00edv\u00fcl t\u00f6bb mindennel is foglalkozunk: pl. MTMT, k\u00f6nyvt\u00e1rk\u00f6zi k\u00f6lcs\u00f6nz\u00e9sek, tudom\u00e1nymetriai t\u00e1j\u00e9koztat\u00e1s stb. <a href=\"https:\/\/univet.hu\/konyvtar\/szolgaltatasok\/konyvtari-szolgaltatasok\/\">B\u0151vebb inf\u00f3k itt.<\/a><\/p> <h4>Aj\u00e1nlhatsz-e k\u00f6nyvet beszerz\u00e9sre?<\/h4> <p>Igen! Aj\u00e1nl\u00e1sokat <a href=\"https:\/\/forms.office.com\/Pages\/ResponsePage.aspx?id=cI-IPWq9kUSJE9qdG6_HR7Wb1z37kxJMpiOqO31VJmZUQ1dXNzEwUURPSzZOWUdFSzI0RUJJU01VVi4u\">az al\u00e1bbi \u0171rlapon<\/a> kereszt\u00fcl gy\u0171jt\u00fcnk. Amennyiben a k\u00f6nyv m\u00e9g nincs a birtokunkban, m\u00e9rlegelj\u00fck a beszerz\u00e9si ig\u00e9nyt, \u00e9s pozit\u00edv elb\u00edr\u00e1l\u00e1s eset\u00e9n a k\u00f6vetkez\u0151 rendel\u00e9sn\u00e9l meg is v\u00e1s\u00e1roljuk! Az \u00e1tfut\u00e1si id\u0151 ez\u00e1ltal hosszabb is lehet, \u00edgy, ha s\u00fcrg\u0151s a k\u00e9r\u00e9s, akkor a <a href=\"https:\/\/univet.hu\/konyvtar\/szolgaltatasok\/konyvtarkozi-kolcsonzes\/\">k\u00f6nyvt\u00e1rk\u00f6zi k\u00f6lcs\u00f6nz\u00e9st<\/a> aj\u00e1nljuk!<\/p> <h4>Diplomamunk\u00e1kat szeretn\u00e9l olvasni? Hogyan teheted ezt meg?<\/h4> <p>M\u00edg a r\u00e9gebben megjelent szakdolgozatok \/ diplomamunk\u00e1k csak nyomtatott form\u00e1ban \u00e9rhet\u0151k el (rakt\u00e1rb\u00f3l el\u0151re kik\u00e9rve), addig a k\u00f6zelm\u00faltban megjelent \u00edr\u00e1sok t\u00f6bbnyire online, az egyetem <a href=\"https:\/\/huveta.hu\/\">HuVetA<\/a> repozit\u00f3rium\u00e1ban is fellelhet\u0151k.<\/p> <p>2023-mal bez\u00e1r\u00f3lag a hallgat\u00f3k eld\u00f6nthett\u00e9k, hogyan k\u00edv\u00e1nj\u00e1k k\u00f6zreadni dolgozatukat: v\u00e1laszthattak, hogy csak nyomtatott form\u00e1ban, vagy csak az egyetem ter\u00fclet\u00e9n online, vagy teljesen nyilv\u00e1nosan k\u00edv\u00e1nj\u00e1k k\u00f6zz\u00e9tenni, \u00edgy ezek eset\u00e9ben a katal\u00f3gusban tal\u00e1lhat\u00f3 adatok lesznek ir\u00e1nyad\u00f3k. Ma m\u00e1r t\u00f6rv\u00e9nyi k\u00f6telezetts\u00e9g\u00fcnknek megfelel\u0151en csak nyilv\u00e1nosan el\u00e9rhet\u0151 m\u00f3don tehetj\u00fck ezt meg, \u00edgy a legfrissebb \u00edr\u00e1sok a HuVetA-ban m\u00e1r szinte mind szabadon olvashat\u00f3k.<\/p> <h4>Szeretn\u00e9d megn\u00e9zni a m\u00fazeumot?<\/h4> <p>Az aul\u00e1b\u00f3l ny\u00edl\u00f3 impoz\u00e1ns Egyetemt\u00f6rt\u00e9neti ki\u00e1ll\u00edt\u00e1sunk el\u0151zetes bejelentkez\u00e9ssel l\u00e1togathat\u00f3. K\u00e9rj\u00fck, hogy keresd fel koll\u00e9g\u00e1inkat el\u00e9rhet\u0151s\u00e9geink egyik\u00e9n:<\/p> <p>Tel.: +36 1 478 4226, Email: <a class=\"decrypt\" rel=\"mjcsbszAvojwfu\/iv\" href=\"javascript:void(0);\">[Kattintson az emailc\u00edmhez]<\/a><\/p> <h4>A k\u00f6nyvt\u00e1ri kurzusokr\u00f3l r\u00f6viden:<\/h4> <p>K\u00f6telez\u0151 \u00e9s fakultat\u00edv tant\u00e1rgyak keret\u00e9ben is igyeksz\u00fcnk hallgat\u00f3inkat felk\u00e9sz\u00edteni az inform\u00e1ci\u00f3keres\u00e9sre, k\u00f6nyvt\u00e1rhaszn\u00e1latra, tudom\u00e1nyos publik\u00e1l\u00e1sra \u00e9s egyebekre. Kurzusainkr\u00f3l <a href=\"https:\/\/univet.hu\/konyvtar\/oktatas\/kurzusok-kepzesek\/\">b\u0151vebben itt<\/a> olvashatsz.<\/p> <h4>Eszk\u00f6z\u00f6k a k\u00f6nyvt\u00e1rban<\/h4> <p>Az olvas\u00f3teremben megtal\u00e1lhat\u00f3 n\u00e9h\u00e1ny eszk\u00f6z, amivel hallgat\u00f3ink k\u00e9nyelm\u00e9t k\u00edv\u00e1njuk biztos\u00edtani:<\/p> <ul> <li>jegyzetel\u00e9shez pap\u00edrok,<\/li> <li>sz\u00ednes ceruz\u00e1k,<\/li> <li>t\u0171z\u0151g\u00e9p \u00e9s oll\u00f3,<\/li> <li>p\u00e1rn\u00e1k \u00e9s pl\u00e9dek a hidegebb napokra,<\/li> <li>t\u00e1rsasj\u00e1t\u00e9kok (k\u00f6lcs\u00f6nz\u00e9sre),<\/li> <li>\u00e9s egy mikroszk\u00f3p a hozz\u00e1juk tartoz\u00f3 sz\u00f6vettani metszetekkel.<\/li> <\/ul>","protected":false},"excerpt":{"rendered":"<p>A Hut\u00ffra Ferenc K\u00f6nyvt\u00e1r, Lev\u00e9lt\u00e1r \u00e9s M\u00fazeum az \u00e1llatorvos-tudom\u00e1ny egyetlen nyilv\u00e1nos, tudom\u00e1nyos k\u00f6zgy\u0171jtem\u00e9nye Magyarorsz\u00e1gon. Hallgat\u00f3k\u00e9nt lehet\u0151s\u00e9ged van ingyenesen ig\u00e9nybe venni a k\u00f6nyvt\u00e1r szolg\u00e1ltat\u00e1sait, amelyek k\u00f6z\u00fcl \u00edzel\u00edt\u0151\u00fcl n\u00e9h\u00e1ny: k\u00f6lcs\u00f6nz\u00e9s, olvas\u00f3i terek\u00a0haszn\u00e1lata tanul\u00e1sra, adatb\u00e1zisokban val\u00f3 cikkek, k\u00f6nyvek el\u00e9r\u00e9se (otthonr\u00f3l VPN-en kereszt\u00fcl!), \u00e9s term\u00e9szetesen a k\u00f6nyvt\u00e1rosaink seg\u00edts\u00e9g\u00e9t is k\u00e9rheted, legyen sz\u00f3 \u00e1ltal\u00e1nos t\u00e1j\u00e9koz\u00f3d\u00e1sr\u00f3l, t\u00e9makeres\u00e9sr\u0151l, diplomamunka-\u00edr\u00e1shoz val\u00f3 seg\u00edts\u00e9gny\u00fajt\u00e1sr\u00f3l, \u00e9s<\/p>\n","protected":false},"author":4333,"featured_media":0,"parent":27,"menu_order":0,"comment_status":"closed","ping_status":"closed","template":"","meta":{"_acf_changed":false,"_eb_attr":"","footnotes":""},"categories":[16],"tags":[],"class_list":["post-708","page","type-page","status-publish","hentry","category-szolgaltatasok"],"acf":[],"yoast_head":"<!-- This site is optimized with the Yoast SEO plugin v27.2 - https:\/\/yoast.com\/product\/yoast-seo-wordpress\/ -->\n<title>K\u00f6nyvt\u00e1rhaszn\u00e1l\u00f3 leszek! Miket \u00e9rdemes tudnom? - Hut\u00ffra Ferenc K\u00f6nyvt\u00e1r, Lev\u00e9lt\u00e1r \u00e9s M\u00fazeum<\/title>\n<meta name=\"robots\" content=\"index, follow, max-snippet:-1, max-image-preview:large, max-video-preview:-1\" \/>\n<link rel=\"canonical\" href=\"https:\/\/univet.hu\/konyvtar\/szolgaltatasok\/leiras\/\" \/>\n<meta property=\"og:locale\" content=\"hu_HU\" \/>\n<meta property=\"og:type\" content=\"article\" \/>\n<meta property=\"og:title\" content=\"K\u00f6nyvt\u00e1rhaszn\u00e1l\u00f3 leszek! Miket \u00e9rdemes tudnom? - Hut\u00ffra Ferenc K\u00f6nyvt\u00e1r, Lev\u00e9lt\u00e1r \u00e9s M\u00fazeum\" \/>\n<meta property=\"og:description\" content=\"A Hut\u00ffra Ferenc K\u00f6nyvt\u00e1r, Lev\u00e9lt\u00e1r \u00e9s M\u00fazeum az \u00e1llatorvos-tudom\u00e1ny egyetlen nyilv\u00e1nos, tudom\u00e1nyos k\u00f6zgy\u0171jtem\u00e9nye Magyarorsz\u00e1gon. Hallgat\u00f3k\u00e9nt lehet\u0151s\u00e9ged van ingyenesen ig\u00e9nybe venni a k\u00f6nyvt\u00e1r szolg\u00e1ltat\u00e1sait, amelyek k\u00f6z\u00fcl \u00edzel\u00edt\u0151\u00fcl n\u00e9h\u00e1ny: k\u00f6lcs\u00f6nz\u00e9s, olvas\u00f3i terek\u00a0haszn\u00e1lata tanul\u00e1sra, adatb\u00e1zisokban val\u00f3 cikkek, k\u00f6nyvek el\u00e9r\u00e9se (otthonr\u00f3l VPN-en kereszt\u00fcl!), \u00e9s term\u00e9szetesen a k\u00f6nyvt\u00e1rosaink seg\u00edts\u00e9g\u00e9t is k\u00e9rheted, legyen sz\u00f3 \u00e1ltal\u00e1nos t\u00e1j\u00e9koz\u00f3d\u00e1sr\u00f3l, t\u00e9makeres\u00e9sr\u0151l, diplomamunka-\u00edr\u00e1shoz val\u00f3 seg\u00edts\u00e9gny\u00fajt\u00e1sr\u00f3l, \u00e9s\" \/>\n<meta property=\"og:url\" content=\"https:\/\/univet.hu\/konyvtar\/szolgaltatasok\/leiras\/\" \/>\n<meta property=\"og:site_name\" content=\"Hut\u00ffra Ferenc K\u00f6nyvt\u00e1r, Lev\u00e9lt\u00e1r \u00e9s M\u00fazeum\" \/>\n<meta property=\"article:modified_time\" content=\"2026-01-12T12:54:49+00:00\" \/>\n<meta name=\"twitter:card\" content=\"summary_large_image\" \/>\n<meta name=\"twitter:label1\" content=\"Becs\u00fclt olvas\u00e1si id\u0151\" \/>\n\t<meta name=\"twitter:data1\" content=\"4 perc\" \/>\n<script type=\"application\/ld+json\" class=\"yoast-schema-graph\">{\"@context\":\"https:\/\/schema.org\",\"@graph\":[{\"@type\":\"WebPage\",\"@id\":\"https:\/\/univet.hu\/konyvtar\/szolgaltatasok\/leiras\/\",\"url\":\"https:\/\/univet.hu\/konyvtar\/szolgaltatasok\/leiras\/\",\"name\":\"K\u00f6nyvt\u00e1rhaszn\u00e1l\u00f3 leszek! Miket \u00e9rdemes tudnom? - Hut\u00ffra Ferenc K\u00f6nyvt\u00e1r, Lev\u00e9lt\u00e1r \u00e9s M\u00fazeum\",\"isPartOf\":{\"@id\":\"https:\/\/univet.hu\/konyvtar\/#website\"},\"datePublished\":\"2025-08-27T08:01:13+00:00\",\"dateModified\":\"2026-01-12T12:54:49+00:00\",\"breadcrumb\":{\"@id\":\"https:\/\/univet.hu\/konyvtar\/szolgaltatasok\/leiras\/#breadcrumb\"},\"inLanguage\":\"hu\",\"potentialAction\":[{\"@type\":\"ReadAction\",\"target\":[\"https:\/\/univet.hu\/konyvtar\/szolgaltatasok\/leiras\/\"]}]},{\"@type\":\"BreadcrumbList\",\"@id\":\"https:\/\/univet.hu\/konyvtar\/szolgaltatasok\/leiras\/#breadcrumb\",\"itemListElement\":[{\"@type\":\"ListItem\",\"position\":1,\"name\":\"Kezd\u0151lap\",\"item\":\"https:\/\/univet.hu\/konyvtar\/\"},{\"@type\":\"ListItem\",\"position\":2,\"name\":\"Szolg\u00e1ltat\u00e1sok\",\"item\":\"https:\/\/univet.hu\/konyvtar\/szolgaltatasok\/\"},{\"@type\":\"ListItem\",\"position\":3,\"name\":\"K\u00f6nyvt\u00e1rhaszn\u00e1l\u00f3 leszek! Miket \u00e9rdemes tudnom?\"}]},{\"@type\":\"WebSite\",\"@id\":\"https:\/\/univet.hu\/konyvtar\/#website\",\"url\":\"https:\/\/univet.hu\/konyvtar\/\",\"name\":\"Hut\u00ffra Ferenc K\u00f6nyvt\u00e1r, Lev\u00e9lt\u00e1r \u00e9s M\u00fazeum\",\"description\":\"\",\"potentialAction\":[{\"@type\":\"SearchAction\",\"target\":{\"@type\":\"EntryPoint\",\"urlTemplate\":\"https:\/\/univet.hu\/konyvtar\/?s={search_term_string}\"},\"query-input\":{\"@type\":\"PropertyValueSpecification\",\"valueRequired\":true,\"valueName\":\"search_term_string\"}}],\"inLanguage\":\"hu\"}]}<\/script>\n<!-- \/ Yoast SEO plugin. -->","yoast_head_json":{"title":"K\u00f6nyvt\u00e1rhaszn\u00e1l\u00f3 leszek! Miket \u00e9rdemes tudnom? - Hut\u00ffra Ferenc K\u00f6nyvt\u00e1r, Lev\u00e9lt\u00e1r \u00e9s M\u00fazeum","robots":{"index":"index","follow":"follow","max-snippet":"max-snippet:-1","max-image-preview":"max-image-preview:large","max-video-preview":"max-video-preview:-1"},"canonical":"https:\/\/univet.hu\/konyvtar\/szolgaltatasok\/leiras\/","og_locale":"hu_HU","og_type":"article","og_title":"K\u00f6nyvt\u00e1rhaszn\u00e1l\u00f3 leszek! Miket \u00e9rdemes tudnom? - Hut\u00ffra Ferenc K\u00f6nyvt\u00e1r, Lev\u00e9lt\u00e1r \u00e9s M\u00fazeum","og_description":"A Hut\u00ffra Ferenc K\u00f6nyvt\u00e1r, Lev\u00e9lt\u00e1r \u00e9s M\u00fazeum az \u00e1llatorvos-tudom\u00e1ny egyetlen nyilv\u00e1nos, tudom\u00e1nyos k\u00f6zgy\u0171jtem\u00e9nye Magyarorsz\u00e1gon. Hallgat\u00f3k\u00e9nt lehet\u0151s\u00e9ged van ingyenesen ig\u00e9nybe venni a k\u00f6nyvt\u00e1r szolg\u00e1ltat\u00e1sait, amelyek k\u00f6z\u00fcl \u00edzel\u00edt\u0151\u00fcl n\u00e9h\u00e1ny: k\u00f6lcs\u00f6nz\u00e9s, olvas\u00f3i terek\u00a0haszn\u00e1lata tanul\u00e1sra, adatb\u00e1zisokban val\u00f3 cikkek, k\u00f6nyvek el\u00e9r\u00e9se (otthonr\u00f3l VPN-en kereszt\u00fcl!), \u00e9s term\u00e9szetesen a k\u00f6nyvt\u00e1rosaink seg\u00edts\u00e9g\u00e9t is k\u00e9rheted, legyen sz\u00f3 \u00e1ltal\u00e1nos t\u00e1j\u00e9koz\u00f3d\u00e1sr\u00f3l, t\u00e9makeres\u00e9sr\u0151l, diplomamunka-\u00edr\u00e1shoz val\u00f3 seg\u00edts\u00e9gny\u00fajt\u00e1sr\u00f3l, \u00e9s","og_url":"https:\/\/univet.hu\/konyvtar\/szolgaltatasok\/leiras\/","og_site_name":"Hut\u00ffra Ferenc K\u00f6nyvt\u00e1r, Lev\u00e9lt\u00e1r \u00e9s M\u00fazeum","article_modified_time":"2026-01-12T12:54:49+00:00","twitter_card":"summary_large_image","twitter_misc":{"Becs\u00fclt olvas\u00e1si id\u0151":"4 perc"},"schema":{"@context":"https:\/\/schema.org","@graph":[{"@type":"WebPage","@id":"https:\/\/univet.hu\/konyvtar\/szolgaltatasok\/leiras\/","url":"https:\/\/univet.hu\/konyvtar\/szolgaltatasok\/leiras\/","name":"K\u00f6nyvt\u00e1rhaszn\u00e1l\u00f3 leszek! Miket \u00e9rdemes tudnom? - Hut\u00ffra Ferenc K\u00f6nyvt\u00e1r, Lev\u00e9lt\u00e1r \u00e9s M\u00fazeum","isPartOf":{"@id":"https:\/\/univet.hu\/konyvtar\/#website"},"datePublished":"2025-08-27T08:01:13+00:00","dateModified":"2026-01-12T12:54:49+00:00","breadcrumb":{"@id":"https:\/\/univet.hu\/konyvtar\/szolgaltatasok\/leiras\/#breadcrumb"},"inLanguage":"hu","potentialAction":[{"@type":"ReadAction","target":["https:\/\/univet.hu\/konyvtar\/szolgaltatasok\/leiras\/"]}]},{"@type":"BreadcrumbList","@id":"https:\/\/univet.hu\/konyvtar\/szolgaltatasok\/leiras\/#breadcrumb","itemListElement":[{"@type":"ListItem","position":1,"name":"Kezd\u0151lap","item":"https:\/\/univet.hu\/konyvtar\/"},{"@type":"ListItem","position":2,"name":"Szolg\u00e1ltat\u00e1sok","item":"https:\/\/univet.hu\/konyvtar\/szolgaltatasok\/"},{"@type":"ListItem","position":3,"name":"K\u00f6nyvt\u00e1rhaszn\u00e1l\u00f3 leszek! Miket \u00e9rdemes tudnom?"}]},{"@type":"WebSite","@id":"https:\/\/univet.hu\/konyvtar\/#website","url":"https:\/\/univet.hu\/konyvtar\/","name":"Hut\u00ffra Ferenc K\u00f6nyvt\u00e1r, Lev\u00e9lt\u00e1r \u00e9s M\u00fazeum","description":"","potentialAction":[{"@type":"SearchAction","target":{"@type":"EntryPoint","urlTemplate":"https:\/\/univet.hu\/konyvtar\/?s={search_term_string}"},"query-input":{"@type":"PropertyValueSpecification","valueRequired":true,"valueName":"search_term_string"}}],"inLanguage":"hu"}]}},"_links":{"self":[{"href":"https:\/\/univet.hu\/konyvtar\/wp-json\/wp\/v2\/pages\/708","targetHints":{"allow":["GET"]}}],"collection":[{"href":"https:\/\/univet.hu\/konyvtar\/wp-json\/wp\/v2\/pages"}],"about":[{"href":"https:\/\/univet.hu\/konyvtar\/wp-json\/wp\/v2\/types\/page"}],"author":[{"embeddable":true,"href":"https:\/\/univet.hu\/konyvtar\/wp-json\/wp\/v2\/users\/4333"}],"replies":[{"embeddable":true,"href":"https:\/\/univet.hu\/konyvtar\/wp-json\/wp\/v2\/comments?post=708"}],"version-history":[{"count":4,"href":"https:\/\/univet.hu\/konyvtar\/wp-json\/wp\/v2\/pages\/708\/revisions"}],"predecessor-version":[{"id":798,"href":"https:\/\/univet.hu\/konyvtar\/wp-json\/wp\/v2\/pages\/708\/revisions\/798"}],"up":[{"embeddable":true,"href":"https:\/\/univet.hu\/konyvtar\/wp-json\/wp\/v2\/pages\/27"}],"wp:attachment":[{"href":"https:\/\/univet.hu\/konyvtar\/wp-json\/wp\/v2\/media?parent=708"}],"wp:term":[{"taxonomy":"category","embeddable":true,"href":"https:\/\/univet.hu\/konyvtar\/wp-json\/wp\/v2\/categories?post=708"},{"taxonomy":"post_tag","embeddable":true,"href":"https:\/\/univet.hu\/konyvtar\/wp-json\/wp\/v2\/tags?post=708"}],"curies":[{"name":"wp","href":"https:\/\/api.w.org\/{rel}","templated":true}]}}