{"id":75,"date":"2025-07-09T12:01:39","date_gmt":"2025-07-09T10:01:39","guid":{"rendered":"https:\/\/univet.hu\/konyvtar\/?page_id=75"},"modified":"2026-01-12T13:54:49","modified_gmt":"2026-01-12T12:54:49","slug":"konyvtarkozi-kolcsonzes","status":"publish","type":"page","link":"https:\/\/univet.hu\/konyvtar\/szolgaltatasok\/konyvtarkozi-kolcsonzes\/","title":{"rendered":"K\u00f6nyvt\u00e1rk\u00f6zi k\u00f6lcs\u00f6nz\u00e9s"},"content":{"rendered":"<div>A helyben rendelkez\u00e9sre nem \u00e1ll\u00f3 dokumentumokat K\u00f6nyvt\u00e1runk t\u00e9r\u00edt\u00e9s ellen\u00e9ben beszerzi olvas\u00f3inak az\u00a0Orsz\u00e1gos Dokumentumell\u00e1t\u00e1si Rendszer seg\u00edts\u00e9g\u00e9vel (ODR) vagy k\u00fclf\u00f6ldr\u0151l.<\/div> <p>Az orsz\u00e1gban el\u00e9rhet\u0151 dokumentumokr\u00f3l az ODR-MOKKA K\u00f6z\u00f6s katal\u00f3gusb\u00f3l t\u00e1j\u00e9koz\u00f3dhat:\u00a0<a href=\"http:\/\/www.odrportal.hu\/web\/guest\">http:\/\/www.odrportal.hu\/web\/guest<\/a><\/p> <div>A haszn\u00e1lat felt\u00e9teleir\u0151l, d\u00edj\u00e1r\u00f3l illetve a megrendel\u00e9s menet\u00e9r\u0151l k\u00e9rj\u00fck \u00e9rdekl\u0151dj\u00f6n\u00a0P\u00e1lfyn\u00e9 Varga Orsoly\u00e1n\u00e1l munkaid\u0151ben a +36-1-478-4100 \/ 8809 vagy 8814-es mell\u00e9ken, vagy az <a class=\"decrypt\" rel=\"wbshb\/pstpmzbAvojwfu\/iv\" href=\"javascript:void(0);\">[Kattintson az emailc\u00edmhez]<\/a>\u00a0email c\u00edmen.<\/div> <div>Az ODR rendszerr\u0151l az\u00a0<a href=\"http:\/\/www.oszk.hu\/konyvtarkozi_dokumentumellatas\" target=\"_blank\" rel=\"noopener\">Orsz\u00e1gos Sz\u00e9ch\u00e9nyi K\u00f6nyvt\u00e1r honlapj\u00e1n<\/a>\u00a0tal\u00e1l r\u00e9szletesebb inform\u00e1ci\u00f3t.<\/div> <div><a href=\"http:\/\/www.odrportal.hu\/web\/guest\" target=\"_blank\" rel=\"noopener\"><img loading=\"lazy\" decoding=\"async\" class=\"size-medium wp-image-77 aligncenter\" src=\"https:\/\/univet.hu\/konyvtar\/wp-content\/uploads\/sites\/17\/2025\/07\/odr-300x133.jpg\" alt=\"\" width=\"300\" height=\"133\" srcset=\"https:\/\/univet.hu\/konyvtar\/wp-content\/uploads\/sites\/17\/2025\/07\/odr-300x133.jpg 300w, https:\/\/univet.hu\/konyvtar\/wp-content\/uploads\/sites\/17\/2025\/07\/odr.jpg 680w\" sizes=\"auto, (max-width: 300px) 100vw, 300px\" \/><\/a><\/div>","protected":false},"excerpt":{"rendered":"<p>A helyben rendelkez\u00e9sre nem \u00e1ll\u00f3 dokumentumokat K\u00f6nyvt\u00e1runk t\u00e9r\u00edt\u00e9s ellen\u00e9ben beszerzi olvas\u00f3inak az\u00a0Orsz\u00e1gos Dokumentumell\u00e1t\u00e1si Rendszer seg\u00edts\u00e9g\u00e9vel (ODR) vagy k\u00fclf\u00f6ldr\u0151l. Az orsz\u00e1gban el\u00e9rhet\u0151 dokumentumokr\u00f3l az ODR-MOKKA K\u00f6z\u00f6s katal\u00f3gusb\u00f3l t\u00e1j\u00e9koz\u00f3dhat:\u00a0http:\/\/www.odrportal.hu\/web\/guest A haszn\u00e1lat felt\u00e9teleir\u0151l, d\u00edj\u00e1r\u00f3l illetve a megrendel\u00e9s menet\u00e9r\u0151l k\u00e9rj\u00fck \u00e9rdekl\u0151dj\u00f6n\u00a0P\u00e1lfyn\u00e9 Varga Orsoly\u00e1n\u00e1l munkaid\u0151ben a +36-1-478-4100 \/ 8809 vagy 8814-es mell\u00e9ken, vagy az [Kattintson az emailc\u00edmhez]\u00a0email c\u00edmen. Az ODR<\/p>\n","protected":false},"author":58,"featured_media":0,"parent":27,"menu_order":0,"comment_status":"closed","ping_status":"closed","template":"","meta":{"_acf_changed":false,"_eb_attr":"","footnotes":""},"categories":[16],"tags":[],"class_list":["post-75","page","type-page","status-publish","hentry","category-szolgaltatasok"],"acf":[],"yoast_head":"<!-- This site is optimized with the Yoast SEO plugin v27.2 - https:\/\/yoast.com\/product\/yoast-seo-wordpress\/ -->\n<title>K\u00f6nyvt\u00e1rk\u00f6zi k\u00f6lcs\u00f6nz\u00e9s - Hut\u00ffra Ferenc K\u00f6nyvt\u00e1r, Lev\u00e9lt\u00e1r \u00e9s M\u00fazeum<\/title>\n<meta name=\"robots\" content=\"index, follow, max-snippet:-1, max-image-preview:large, max-video-preview:-1\" \/>\n<link rel=\"canonical\" href=\"https:\/\/univet.hu\/konyvtar\/szolgaltatasok\/konyvtarkozi-kolcsonzes\/\" \/>\n<meta property=\"og:locale\" content=\"hu_HU\" \/>\n<meta property=\"og:type\" content=\"article\" \/>\n<meta property=\"og:title\" content=\"K\u00f6nyvt\u00e1rk\u00f6zi k\u00f6lcs\u00f6nz\u00e9s - Hut\u00ffra Ferenc K\u00f6nyvt\u00e1r, Lev\u00e9lt\u00e1r \u00e9s M\u00fazeum\" \/>\n<meta property=\"og:description\" content=\"A helyben rendelkez\u00e9sre nem \u00e1ll\u00f3 dokumentumokat K\u00f6nyvt\u00e1runk t\u00e9r\u00edt\u00e9s ellen\u00e9ben beszerzi olvas\u00f3inak az\u00a0Orsz\u00e1gos Dokumentumell\u00e1t\u00e1si Rendszer seg\u00edts\u00e9g\u00e9vel (ODR) vagy k\u00fclf\u00f6ldr\u0151l. Az orsz\u00e1gban el\u00e9rhet\u0151 dokumentumokr\u00f3l az ODR-MOKKA K\u00f6z\u00f6s katal\u00f3gusb\u00f3l t\u00e1j\u00e9koz\u00f3dhat:\u00a0http:\/\/www.odrportal.hu\/web\/guest A haszn\u00e1lat felt\u00e9teleir\u0151l, d\u00edj\u00e1r\u00f3l illetve a megrendel\u00e9s menet\u00e9r\u0151l k\u00e9rj\u00fck \u00e9rdekl\u0151dj\u00f6n\u00a0P\u00e1lfyn\u00e9 Varga Orsoly\u00e1n\u00e1l munkaid\u0151ben a +36-1-478-4100 \/ 8809 vagy 8814-es mell\u00e9ken, vagy az [Kattintson az emailc\u00edmhez]\u00a0email c\u00edmen. Az ODR\" \/>\n<meta property=\"og:url\" content=\"https:\/\/univet.hu\/konyvtar\/szolgaltatasok\/konyvtarkozi-kolcsonzes\/\" \/>\n<meta property=\"og:site_name\" content=\"Hut\u00ffra Ferenc K\u00f6nyvt\u00e1r, Lev\u00e9lt\u00e1r \u00e9s M\u00fazeum\" \/>\n<meta property=\"article:modified_time\" content=\"2026-01-12T12:54:49+00:00\" \/>\n<meta property=\"og:image\" content=\"https:\/\/univet.hu\/konyvtar\/wp-content\/uploads\/sites\/17\/2025\/07\/odr.jpg\" \/>\n\t<meta property=\"og:image:width\" content=\"680\" \/>\n\t<meta property=\"og:image:height\" content=\"302\" \/>\n\t<meta property=\"og:image:type\" content=\"image\/jpeg\" \/>\n<meta name=\"twitter:card\" content=\"summary_large_image\" \/>\n<meta name=\"twitter:label1\" content=\"Becs\u00fclt olvas\u00e1si id\u0151\" \/>\n\t<meta name=\"twitter:data1\" content=\"1 perc\" \/>\n<script type=\"application\/ld+json\" class=\"yoast-schema-graph\">{\"@context\":\"https:\/\/schema.org\",\"@graph\":[{\"@type\":\"WebPage\",\"@id\":\"https:\/\/univet.hu\/konyvtar\/szolgaltatasok\/konyvtarkozi-kolcsonzes\/\",\"url\":\"https:\/\/univet.hu\/konyvtar\/szolgaltatasok\/konyvtarkozi-kolcsonzes\/\",\"name\":\"K\u00f6nyvt\u00e1rk\u00f6zi k\u00f6lcs\u00f6nz\u00e9s - Hut\u00ffra Ferenc K\u00f6nyvt\u00e1r, Lev\u00e9lt\u00e1r \u00e9s M\u00fazeum\",\"isPartOf\":{\"@id\":\"https:\/\/univet.hu\/konyvtar\/#website\"},\"primaryImageOfPage\":{\"@id\":\"https:\/\/univet.hu\/konyvtar\/szolgaltatasok\/konyvtarkozi-kolcsonzes\/#primaryimage\"},\"image\":{\"@id\":\"https:\/\/univet.hu\/konyvtar\/szolgaltatasok\/konyvtarkozi-kolcsonzes\/#primaryimage\"},\"thumbnailUrl\":\"https:\/\/univet.hu\/konyvtar\/wp-content\/uploads\/sites\/17\/2025\/07\/odr-300x133.jpg\",\"datePublished\":\"2025-07-09T10:01:39+00:00\",\"dateModified\":\"2026-01-12T12:54:49+00:00\",\"breadcrumb\":{\"@id\":\"https:\/\/univet.hu\/konyvtar\/szolgaltatasok\/konyvtarkozi-kolcsonzes\/#breadcrumb\"},\"inLanguage\":\"hu\",\"potentialAction\":[{\"@type\":\"ReadAction\",\"target\":[\"https:\/\/univet.hu\/konyvtar\/szolgaltatasok\/konyvtarkozi-kolcsonzes\/\"]}]},{\"@type\":\"ImageObject\",\"inLanguage\":\"hu\",\"@id\":\"https:\/\/univet.hu\/konyvtar\/szolgaltatasok\/konyvtarkozi-kolcsonzes\/#primaryimage\",\"url\":\"https:\/\/univet.hu\/konyvtar\/wp-content\/uploads\/sites\/17\/2025\/07\/odr.jpg\",\"contentUrl\":\"https:\/\/univet.hu\/konyvtar\/wp-content\/uploads\/sites\/17\/2025\/07\/odr.jpg\",\"width\":680,\"height\":302},{\"@type\":\"BreadcrumbList\",\"@id\":\"https:\/\/univet.hu\/konyvtar\/szolgaltatasok\/konyvtarkozi-kolcsonzes\/#breadcrumb\",\"itemListElement\":[{\"@type\":\"ListItem\",\"position\":1,\"name\":\"Kezd\u0151lap\",\"item\":\"https:\/\/univet.hu\/konyvtar\/\"},{\"@type\":\"ListItem\",\"position\":2,\"name\":\"Szolg\u00e1ltat\u00e1sok\",\"item\":\"https:\/\/univet.hu\/konyvtar\/szolgaltatasok\/\"},{\"@type\":\"ListItem\",\"position\":3,\"name\":\"K\u00f6nyvt\u00e1rk\u00f6zi k\u00f6lcs\u00f6nz\u00e9s\"}]},{\"@type\":\"WebSite\",\"@id\":\"https:\/\/univet.hu\/konyvtar\/#website\",\"url\":\"https:\/\/univet.hu\/konyvtar\/\",\"name\":\"Hut\u00ffra Ferenc K\u00f6nyvt\u00e1r, Lev\u00e9lt\u00e1r \u00e9s M\u00fazeum\",\"description\":\"\",\"potentialAction\":[{\"@type\":\"SearchAction\",\"target\":{\"@type\":\"EntryPoint\",\"urlTemplate\":\"https:\/\/univet.hu\/konyvtar\/?s={search_term_string}\"},\"query-input\":{\"@type\":\"PropertyValueSpecification\",\"valueRequired\":true,\"valueName\":\"search_term_string\"}}],\"inLanguage\":\"hu\"}]}<\/script>\n<!-- \/ Yoast SEO plugin. -->","yoast_head_json":{"title":"K\u00f6nyvt\u00e1rk\u00f6zi k\u00f6lcs\u00f6nz\u00e9s - Hut\u00ffra Ferenc K\u00f6nyvt\u00e1r, Lev\u00e9lt\u00e1r \u00e9s M\u00fazeum","robots":{"index":"index","follow":"follow","max-snippet":"max-snippet:-1","max-image-preview":"max-image-preview:large","max-video-preview":"max-video-preview:-1"},"canonical":"https:\/\/univet.hu\/konyvtar\/szolgaltatasok\/konyvtarkozi-kolcsonzes\/","og_locale":"hu_HU","og_type":"article","og_title":"K\u00f6nyvt\u00e1rk\u00f6zi k\u00f6lcs\u00f6nz\u00e9s - Hut\u00ffra Ferenc K\u00f6nyvt\u00e1r, Lev\u00e9lt\u00e1r \u00e9s M\u00fazeum","og_description":"A helyben rendelkez\u00e9sre nem \u00e1ll\u00f3 dokumentumokat K\u00f6nyvt\u00e1runk t\u00e9r\u00edt\u00e9s ellen\u00e9ben beszerzi olvas\u00f3inak az\u00a0Orsz\u00e1gos Dokumentumell\u00e1t\u00e1si Rendszer seg\u00edts\u00e9g\u00e9vel (ODR) vagy k\u00fclf\u00f6ldr\u0151l. Az orsz\u00e1gban el\u00e9rhet\u0151 dokumentumokr\u00f3l az ODR-MOKKA K\u00f6z\u00f6s katal\u00f3gusb\u00f3l t\u00e1j\u00e9koz\u00f3dhat:\u00a0http:\/\/www.odrportal.hu\/web\/guest A haszn\u00e1lat felt\u00e9teleir\u0151l, d\u00edj\u00e1r\u00f3l illetve a megrendel\u00e9s menet\u00e9r\u0151l k\u00e9rj\u00fck \u00e9rdekl\u0151dj\u00f6n\u00a0P\u00e1lfyn\u00e9 Varga Orsoly\u00e1n\u00e1l munkaid\u0151ben a +36-1-478-4100 \/ 8809 vagy 8814-es mell\u00e9ken, vagy az [Kattintson az emailc\u00edmhez]\u00a0email c\u00edmen. Az ODR","og_url":"https:\/\/univet.hu\/konyvtar\/szolgaltatasok\/konyvtarkozi-kolcsonzes\/","og_site_name":"Hut\u00ffra Ferenc K\u00f6nyvt\u00e1r, Lev\u00e9lt\u00e1r \u00e9s M\u00fazeum","article_modified_time":"2026-01-12T12:54:49+00:00","og_image":[{"width":680,"height":302,"url":"https:\/\/univet.hu\/konyvtar\/wp-content\/uploads\/sites\/17\/2025\/07\/odr.jpg","type":"image\/jpeg"}],"twitter_card":"summary_large_image","twitter_misc":{"Becs\u00fclt olvas\u00e1si id\u0151":"1 perc"},"schema":{"@context":"https:\/\/schema.org","@graph":[{"@type":"WebPage","@id":"https:\/\/univet.hu\/konyvtar\/szolgaltatasok\/konyvtarkozi-kolcsonzes\/","url":"https:\/\/univet.hu\/konyvtar\/szolgaltatasok\/konyvtarkozi-kolcsonzes\/","name":"K\u00f6nyvt\u00e1rk\u00f6zi k\u00f6lcs\u00f6nz\u00e9s - Hut\u00ffra Ferenc K\u00f6nyvt\u00e1r, Lev\u00e9lt\u00e1r \u00e9s M\u00fazeum","isPartOf":{"@id":"https:\/\/univet.hu\/konyvtar\/#website"},"primaryImageOfPage":{"@id":"https:\/\/univet.hu\/konyvtar\/szolgaltatasok\/konyvtarkozi-kolcsonzes\/#primaryimage"},"image":{"@id":"https:\/\/univet.hu\/konyvtar\/szolgaltatasok\/konyvtarkozi-kolcsonzes\/#primaryimage"},"thumbnailUrl":"https:\/\/univet.hu\/konyvtar\/wp-content\/uploads\/sites\/17\/2025\/07\/odr-300x133.jpg","datePublished":"2025-07-09T10:01:39+00:00","dateModified":"2026-01-12T12:54:49+00:00","breadcrumb":{"@id":"https:\/\/univet.hu\/konyvtar\/szolgaltatasok\/konyvtarkozi-kolcsonzes\/#breadcrumb"},"inLanguage":"hu","potentialAction":[{"@type":"ReadAction","target":["https:\/\/univet.hu\/konyvtar\/szolgaltatasok\/konyvtarkozi-kolcsonzes\/"]}]},{"@type":"ImageObject","inLanguage":"hu","@id":"https:\/\/univet.hu\/konyvtar\/szolgaltatasok\/konyvtarkozi-kolcsonzes\/#primaryimage","url":"https:\/\/univet.hu\/konyvtar\/wp-content\/uploads\/sites\/17\/2025\/07\/odr.jpg","contentUrl":"https:\/\/univet.hu\/konyvtar\/wp-content\/uploads\/sites\/17\/2025\/07\/odr.jpg","width":680,"height":302},{"@type":"BreadcrumbList","@id":"https:\/\/univet.hu\/konyvtar\/szolgaltatasok\/konyvtarkozi-kolcsonzes\/#breadcrumb","itemListElement":[{"@type":"ListItem","position":1,"name":"Kezd\u0151lap","item":"https:\/\/univet.hu\/konyvtar\/"},{"@type":"ListItem","position":2,"name":"Szolg\u00e1ltat\u00e1sok","item":"https:\/\/univet.hu\/konyvtar\/szolgaltatasok\/"},{"@type":"ListItem","position":3,"name":"K\u00f6nyvt\u00e1rk\u00f6zi k\u00f6lcs\u00f6nz\u00e9s"}]},{"@type":"WebSite","@id":"https:\/\/univet.hu\/konyvtar\/#website","url":"https:\/\/univet.hu\/konyvtar\/","name":"Hut\u00ffra Ferenc K\u00f6nyvt\u00e1r, Lev\u00e9lt\u00e1r \u00e9s M\u00fazeum","description":"","potentialAction":[{"@type":"SearchAction","target":{"@type":"EntryPoint","urlTemplate":"https:\/\/univet.hu\/konyvtar\/?s={search_term_string}"},"query-input":{"@type":"PropertyValueSpecification","valueRequired":true,"valueName":"search_term_string"}}],"inLanguage":"hu"}]}},"_links":{"self":[{"href":"https:\/\/univet.hu\/konyvtar\/wp-json\/wp\/v2\/pages\/75","targetHints":{"allow":["GET"]}}],"collection":[{"href":"https:\/\/univet.hu\/konyvtar\/wp-json\/wp\/v2\/pages"}],"about":[{"href":"https:\/\/univet.hu\/konyvtar\/wp-json\/wp\/v2\/types\/page"}],"author":[{"embeddable":true,"href":"https:\/\/univet.hu\/konyvtar\/wp-json\/wp\/v2\/users\/58"}],"replies":[{"embeddable":true,"href":"https:\/\/univet.hu\/konyvtar\/wp-json\/wp\/v2\/comments?post=75"}],"version-history":[{"count":2,"href":"https:\/\/univet.hu\/konyvtar\/wp-json\/wp\/v2\/pages\/75\/revisions"}],"predecessor-version":[{"id":82,"href":"https:\/\/univet.hu\/konyvtar\/wp-json\/wp\/v2\/pages\/75\/revisions\/82"}],"up":[{"embeddable":true,"href":"https:\/\/univet.hu\/konyvtar\/wp-json\/wp\/v2\/pages\/27"}],"wp:attachment":[{"href":"https:\/\/univet.hu\/konyvtar\/wp-json\/wp\/v2\/media?parent=75"}],"wp:term":[{"taxonomy":"category","embeddable":true,"href":"https:\/\/univet.hu\/konyvtar\/wp-json\/wp\/v2\/categories?post=75"},{"taxonomy":"post_tag","embeddable":true,"href":"https:\/\/univet.hu\/konyvtar\/wp-json\/wp\/v2\/tags?post=75"}],"curies":[{"name":"wp","href":"https:\/\/api.w.org\/{rel}","templated":true}]}}