{"id":80,"date":"2025-07-09T12:03:03","date_gmt":"2025-07-09T10:03:03","guid":{"rendered":"https:\/\/univet.hu\/konyvtar\/rolunk\/munkatarsak\/"},"modified":"2026-01-22T09:28:33","modified_gmt":"2026-01-22T08:28:33","slug":"munkatarsak","status":"publish","type":"page","link":"https:\/\/univet.hu\/konyvtar\/rolunk\/munkatarsak\/","title":{"rendered":"Munkat\u00e1rsak"},"content":{"rendered":"<h3>Hut\u00ffra Ferenc\u00a0K\u00f6nyvt\u00e1r, Lev\u00e9lt\u00e1r \u00e9s M\u00fazeum<a href=\"https:\/\/univet.hu\/konyvtar\/rolunk\/munkatarsak\/cropped-logo_univet\/\" rel=\"attachment wp-att-89\"><img loading=\"lazy\" decoding=\"async\" class=\"size-full wp-image-89 alignright\" src=\"https:\/\/univet.hu\/konyvtar\/wp-content\/uploads\/sites\/17\/2025\/07\/cropped-logo_univet.png\" alt=\"\" width=\"240\" height=\"240\" srcset=\"https:\/\/univet.hu\/konyvtar\/wp-content\/uploads\/sites\/17\/2025\/07\/cropped-logo_univet.png 240w, https:\/\/univet.hu\/konyvtar\/wp-content\/uploads\/sites\/17\/2025\/07\/cropped-logo_univet-150x150.png 150w\" sizes=\"auto, (max-width: 240px) 100vw, 240px\" \/><\/a><\/h3> <p>\u00c1llatorvostudom\u00e1nyi\u00a0Egyetem<\/p> <p><strong>C\u00edm:<\/strong> 1078 Budapest, Istv\u00e1n u. 2.<\/p> <p><strong>Telefon:<\/strong> +36 1 478 4100 \/ 8814<\/p> <p><strong>E-mail:<\/strong>\u00a0<span id=\"cloake1a60f48c87bf7f600dd8eae7f92bd74\"><\/span><a class=\"decrypt\" rel=\"mjcsbszAvojwfu\/iv\" href=\"javascript:void(0);\">[Kattintson az emailc\u00edmhez]<\/a><\/p> <p><strong>Dr. Winkler Bea PhD<\/strong> &#8211; k\u00f6nyvt\u00e1r f\u0151igazgat\u00f3, MTMT f\u0151adminisztr\u00e1tor<br \/> E-mail: winkler.bea(kukac)univet.hu<br \/> Tel.: +36-1-478-4100\/8801<\/p> <div> <p><strong>Bereczki-Bir\u00f3 Bettina<\/strong> &#8211; k\u00f6nyvt\u00e1ros, MTMT adminisztr\u00e1tor<br \/> E-mail: biro.bettina(kukac)univet.hu<br \/> Tel.: +36-1-478-4100\/8802<\/p> <div> <p><strong>Boz\u00f3 Bence <\/strong>&#8211;\u00a0lev\u00e9lt\u00e1ros<br \/> E-mail: bozo.bence(kukac)univet.hu<br \/> Tel.: +36-1-478-4100\/8804<\/p> <div> <p><strong>Kiss J\u00f3zsefn\u00e9 Ol\u00e1h Edit <\/strong>&#8211; k\u00f6nyvt\u00e1ros, szakinform\u00e1tor<br \/> E-mail: olah.edit(kukac)univet.hu<br \/> Tel.: +36-1-478-4100\/8803<\/p> <p><strong>Lipt\u00e1k Fruzsina<\/strong> &#8211; k\u00f6nyvt\u00e1ros<br \/> E-mail: liptak.fruzsina(kukac)univet.hu<br \/> Tel.: +36-1-478-4100\/8490<\/p> <div> <p><strong>Miszori Kata<\/strong> &#8211; k\u00f6nyvt\u00e1ros, szakinform\u00e1tor, int\u00e9zm\u00e9nyi \u00a0MTMT adminisztr\u00e1tor<br \/> E-mail: miszori.katalin(kukac)univet.hu<br \/> Tel.: +36-1-478-4100\/8812<\/p> <div> <p><strong>Mudri Di\u00e1na <\/strong>&#8211;\u00a0k\u00f6nyvt\u00e1ros, titk\u00e1r<br \/> E-mail: mudri.diana(kukac)univet.hu<br \/> Tel.: +36-1-478-4100\/8800<\/p> <div> <p><strong>Osv\u00e1th Emese <\/strong>&#8211; k\u00f6nyvt\u00e1ros<br \/> E-mail: osvath.emese(kukac)univet.hu<br \/> Tel.: +36-1-478-4100\/8816<\/p> <div> <p><strong>P\u00e1lfyn\u00e9 Varga Orsolya<\/strong> &#8211; feldolgoz\u00f3 k\u00f6nyvt\u00e1ros, szakinform\u00e1tor<br \/> E-mail: varga.orsolya(kukac)univet.hu<br \/> Tel.: +36-1-478-4226\/8809<\/p> <div> <p><strong>S\u00e1rk\u00e1ny Laura <\/strong>&#8211;\u00a0k\u00f6nyvt\u00e1ri asszisztens<br \/> Email: sarkany.laura(kukac)univet.hu<br \/> Tel.: +36-1-478-4100\/8812<\/p> <div> <p><strong>T\u00f3th L\u00e1szl\u00f3 Levente<\/strong> &#8211; k\u00f6nyvt\u00e1ri asszisztens, gy\u0171jtem\u00e9nykezel\u0151<br \/> Email: toth.laszlo.levente(kukac)univet.hu<br \/> Tel.: +36-1-478-4100\/8808<\/p> <div><\/div> <\/div> <\/div> <\/div> <\/div> <\/div> <\/div> <\/div> <\/div> <\/div>","protected":false},"excerpt":{"rendered":"<p>Hut\u00ffra Ferenc\u00a0K\u00f6nyvt\u00e1r, Lev\u00e9lt\u00e1r \u00e9s M\u00fazeum \u00c1llatorvostudom\u00e1nyi\u00a0Egyetem C\u00edm: 1078 Budapest, Istv\u00e1n u. 2. Telefon: +36 1 478 4100 \/ 8814 E-mail:\u00a0[Kattintson az emailc\u00edmhez] Dr. Winkler Bea PhD &#8211; k\u00f6nyvt\u00e1r f\u0151igazgat\u00f3, MTMT f\u0151adminisztr\u00e1tor E-mail: winkler.bea(kukac)univet.hu Tel.: +36-1-478-4100\/8801 Bereczki-Bir\u00f3 Bettina &#8211; k\u00f6nyvt\u00e1ros, MTMT adminisztr\u00e1tor E-mail: biro.bettina(kukac)univet.hu Tel.: +36-1-478-4100\/8802 Boz\u00f3 Bence &#8211;\u00a0lev\u00e9lt\u00e1ros E-mail: bozo.bence(kukac)univet.hu Tel.: +36-1-478-4100\/8804 Kiss J\u00f3zsefn\u00e9 Ol\u00e1h<\/p>\n","protected":false},"author":4333,"featured_media":0,"parent":36,"menu_order":2,"comment_status":"closed","ping_status":"closed","template":"","meta":{"_acf_changed":false,"_eb_attr":"","footnotes":""},"categories":[17],"tags":[],"class_list":["post-80","page","type-page","status-publish","hentry","category-rolunk"],"acf":[],"yoast_head":"<!-- This site is optimized with the Yoast SEO plugin v27.2 - https:\/\/yoast.com\/product\/yoast-seo-wordpress\/ -->\n<title>Munkat\u00e1rsak - Hut\u00ffra Ferenc K\u00f6nyvt\u00e1r, Lev\u00e9lt\u00e1r \u00e9s M\u00fazeum<\/title>\n<meta name=\"robots\" content=\"index, follow, max-snippet:-1, max-image-preview:large, max-video-preview:-1\" \/>\n<link rel=\"canonical\" href=\"https:\/\/univet.hu\/konyvtar\/rolunk\/munkatarsak\/\" \/>\n<meta property=\"og:locale\" content=\"hu_HU\" \/>\n<meta property=\"og:type\" content=\"article\" \/>\n<meta property=\"og:title\" content=\"Munkat\u00e1rsak - Hut\u00ffra Ferenc K\u00f6nyvt\u00e1r, Lev\u00e9lt\u00e1r \u00e9s M\u00fazeum\" \/>\n<meta property=\"og:description\" content=\"Hut\u00ffra Ferenc\u00a0K\u00f6nyvt\u00e1r, Lev\u00e9lt\u00e1r \u00e9s M\u00fazeum \u00c1llatorvostudom\u00e1nyi\u00a0Egyetem C\u00edm: 1078 Budapest, Istv\u00e1n u. 2. Telefon: +36 1 478 4100 \/ 8814 E-mail:\u00a0[Kattintson az emailc\u00edmhez] Dr. Winkler Bea PhD &#8211; k\u00f6nyvt\u00e1r f\u0151igazgat\u00f3, MTMT f\u0151adminisztr\u00e1tor E-mail: winkler.bea(kukac)univet.hu Tel.: +36-1-478-4100\/8801 Bereczki-Bir\u00f3 Bettina &#8211; k\u00f6nyvt\u00e1ros, MTMT adminisztr\u00e1tor E-mail: biro.bettina(kukac)univet.hu Tel.: +36-1-478-4100\/8802 Boz\u00f3 Bence &#8211;\u00a0lev\u00e9lt\u00e1ros E-mail: bozo.bence(kukac)univet.hu Tel.: +36-1-478-4100\/8804 Kiss J\u00f3zsefn\u00e9 Ol\u00e1h\" \/>\n<meta property=\"og:url\" content=\"https:\/\/univet.hu\/konyvtar\/rolunk\/munkatarsak\/\" \/>\n<meta property=\"og:site_name\" content=\"Hut\u00ffra Ferenc K\u00f6nyvt\u00e1r, Lev\u00e9lt\u00e1r \u00e9s M\u00fazeum\" \/>\n<meta property=\"article:modified_time\" content=\"2026-01-22T08:28:33+00:00\" \/>\n<meta property=\"og:image\" content=\"https:\/\/univet.hu\/konyvtar\/wp-content\/uploads\/sites\/17\/2025\/07\/cropped-logo_univet.png\" \/>\n\t<meta property=\"og:image:width\" content=\"240\" \/>\n\t<meta property=\"og:image:height\" content=\"240\" \/>\n\t<meta property=\"og:image:type\" content=\"image\/png\" \/>\n<meta name=\"twitter:card\" content=\"summary_large_image\" \/>\n<meta name=\"twitter:label1\" content=\"Becs\u00fclt olvas\u00e1si id\u0151\" \/>\n\t<meta name=\"twitter:data1\" content=\"1 perc\" \/>\n<script type=\"application\/ld+json\" class=\"yoast-schema-graph\">{\"@context\":\"https:\/\/schema.org\",\"@graph\":[{\"@type\":\"WebPage\",\"@id\":\"https:\/\/univet.hu\/konyvtar\/rolunk\/munkatarsak\/\",\"url\":\"https:\/\/univet.hu\/konyvtar\/rolunk\/munkatarsak\/\",\"name\":\"Munkat\u00e1rsak - Hut\u00ffra Ferenc K\u00f6nyvt\u00e1r, Lev\u00e9lt\u00e1r \u00e9s M\u00fazeum\",\"isPartOf\":{\"@id\":\"https:\/\/univet.hu\/konyvtar\/#website\"},\"primaryImageOfPage\":{\"@id\":\"https:\/\/univet.hu\/konyvtar\/rolunk\/munkatarsak\/#primaryimage\"},\"image\":{\"@id\":\"https:\/\/univet.hu\/konyvtar\/rolunk\/munkatarsak\/#primaryimage\"},\"thumbnailUrl\":\"https:\/\/univet.hu\/konyvtar\/wp-content\/uploads\/sites\/17\/2025\/07\/cropped-logo_univet.png\",\"datePublished\":\"2025-07-09T10:03:03+00:00\",\"dateModified\":\"2026-01-22T08:28:33+00:00\",\"breadcrumb\":{\"@id\":\"https:\/\/univet.hu\/konyvtar\/rolunk\/munkatarsak\/#breadcrumb\"},\"inLanguage\":\"hu\",\"potentialAction\":[{\"@type\":\"ReadAction\",\"target\":[\"https:\/\/univet.hu\/konyvtar\/rolunk\/munkatarsak\/\"]}]},{\"@type\":\"ImageObject\",\"inLanguage\":\"hu\",\"@id\":\"https:\/\/univet.hu\/konyvtar\/rolunk\/munkatarsak\/#primaryimage\",\"url\":\"https:\/\/univet.hu\/konyvtar\/wp-content\/uploads\/sites\/17\/2025\/07\/cropped-logo_univet.png\",\"contentUrl\":\"https:\/\/univet.hu\/konyvtar\/wp-content\/uploads\/sites\/17\/2025\/07\/cropped-logo_univet.png\",\"width\":240,\"height\":240},{\"@type\":\"BreadcrumbList\",\"@id\":\"https:\/\/univet.hu\/konyvtar\/rolunk\/munkatarsak\/#breadcrumb\",\"itemListElement\":[{\"@type\":\"ListItem\",\"position\":1,\"name\":\"Kezd\u0151lap\",\"item\":\"https:\/\/univet.hu\/konyvtar\/\"},{\"@type\":\"ListItem\",\"position\":2,\"name\":\"R\u00f3lunk\",\"item\":\"https:\/\/univet.hu\/konyvtar\/rolunk\/\"},{\"@type\":\"ListItem\",\"position\":3,\"name\":\"Munkat\u00e1rsak\"}]},{\"@type\":\"WebSite\",\"@id\":\"https:\/\/univet.hu\/konyvtar\/#website\",\"url\":\"https:\/\/univet.hu\/konyvtar\/\",\"name\":\"Hut\u00ffra Ferenc K\u00f6nyvt\u00e1r, Lev\u00e9lt\u00e1r \u00e9s M\u00fazeum\",\"description\":\"\",\"potentialAction\":[{\"@type\":\"SearchAction\",\"target\":{\"@type\":\"EntryPoint\",\"urlTemplate\":\"https:\/\/univet.hu\/konyvtar\/?s={search_term_string}\"},\"query-input\":{\"@type\":\"PropertyValueSpecification\",\"valueRequired\":true,\"valueName\":\"search_term_string\"}}],\"inLanguage\":\"hu\"}]}<\/script>\n<!-- \/ Yoast SEO plugin. -->","yoast_head_json":{"title":"Munkat\u00e1rsak - Hut\u00ffra Ferenc K\u00f6nyvt\u00e1r, Lev\u00e9lt\u00e1r \u00e9s M\u00fazeum","robots":{"index":"index","follow":"follow","max-snippet":"max-snippet:-1","max-image-preview":"max-image-preview:large","max-video-preview":"max-video-preview:-1"},"canonical":"https:\/\/univet.hu\/konyvtar\/rolunk\/munkatarsak\/","og_locale":"hu_HU","og_type":"article","og_title":"Munkat\u00e1rsak - Hut\u00ffra Ferenc K\u00f6nyvt\u00e1r, Lev\u00e9lt\u00e1r \u00e9s M\u00fazeum","og_description":"Hut\u00ffra Ferenc\u00a0K\u00f6nyvt\u00e1r, Lev\u00e9lt\u00e1r \u00e9s M\u00fazeum \u00c1llatorvostudom\u00e1nyi\u00a0Egyetem C\u00edm: 1078 Budapest, Istv\u00e1n u. 2. Telefon: +36 1 478 4100 \/ 8814 E-mail:\u00a0[Kattintson az emailc\u00edmhez] Dr. Winkler Bea PhD &#8211; k\u00f6nyvt\u00e1r f\u0151igazgat\u00f3, MTMT f\u0151adminisztr\u00e1tor E-mail: winkler.bea(kukac)univet.hu Tel.: +36-1-478-4100\/8801 Bereczki-Bir\u00f3 Bettina &#8211; k\u00f6nyvt\u00e1ros, MTMT adminisztr\u00e1tor E-mail: biro.bettina(kukac)univet.hu Tel.: +36-1-478-4100\/8802 Boz\u00f3 Bence &#8211;\u00a0lev\u00e9lt\u00e1ros E-mail: bozo.bence(kukac)univet.hu Tel.: +36-1-478-4100\/8804 Kiss J\u00f3zsefn\u00e9 Ol\u00e1h","og_url":"https:\/\/univet.hu\/konyvtar\/rolunk\/munkatarsak\/","og_site_name":"Hut\u00ffra Ferenc K\u00f6nyvt\u00e1r, Lev\u00e9lt\u00e1r \u00e9s M\u00fazeum","article_modified_time":"2026-01-22T08:28:33+00:00","og_image":[{"width":240,"height":240,"url":"https:\/\/univet.hu\/konyvtar\/wp-content\/uploads\/sites\/17\/2025\/07\/cropped-logo_univet.png","type":"image\/png"}],"twitter_card":"summary_large_image","twitter_misc":{"Becs\u00fclt olvas\u00e1si id\u0151":"1 perc"},"schema":{"@context":"https:\/\/schema.org","@graph":[{"@type":"WebPage","@id":"https:\/\/univet.hu\/konyvtar\/rolunk\/munkatarsak\/","url":"https:\/\/univet.hu\/konyvtar\/rolunk\/munkatarsak\/","name":"Munkat\u00e1rsak - Hut\u00ffra Ferenc K\u00f6nyvt\u00e1r, Lev\u00e9lt\u00e1r \u00e9s M\u00fazeum","isPartOf":{"@id":"https:\/\/univet.hu\/konyvtar\/#website"},"primaryImageOfPage":{"@id":"https:\/\/univet.hu\/konyvtar\/rolunk\/munkatarsak\/#primaryimage"},"image":{"@id":"https:\/\/univet.hu\/konyvtar\/rolunk\/munkatarsak\/#primaryimage"},"thumbnailUrl":"https:\/\/univet.hu\/konyvtar\/wp-content\/uploads\/sites\/17\/2025\/07\/cropped-logo_univet.png","datePublished":"2025-07-09T10:03:03+00:00","dateModified":"2026-01-22T08:28:33+00:00","breadcrumb":{"@id":"https:\/\/univet.hu\/konyvtar\/rolunk\/munkatarsak\/#breadcrumb"},"inLanguage":"hu","potentialAction":[{"@type":"ReadAction","target":["https:\/\/univet.hu\/konyvtar\/rolunk\/munkatarsak\/"]}]},{"@type":"ImageObject","inLanguage":"hu","@id":"https:\/\/univet.hu\/konyvtar\/rolunk\/munkatarsak\/#primaryimage","url":"https:\/\/univet.hu\/konyvtar\/wp-content\/uploads\/sites\/17\/2025\/07\/cropped-logo_univet.png","contentUrl":"https:\/\/univet.hu\/konyvtar\/wp-content\/uploads\/sites\/17\/2025\/07\/cropped-logo_univet.png","width":240,"height":240},{"@type":"BreadcrumbList","@id":"https:\/\/univet.hu\/konyvtar\/rolunk\/munkatarsak\/#breadcrumb","itemListElement":[{"@type":"ListItem","position":1,"name":"Kezd\u0151lap","item":"https:\/\/univet.hu\/konyvtar\/"},{"@type":"ListItem","position":2,"name":"R\u00f3lunk","item":"https:\/\/univet.hu\/konyvtar\/rolunk\/"},{"@type":"ListItem","position":3,"name":"Munkat\u00e1rsak"}]},{"@type":"WebSite","@id":"https:\/\/univet.hu\/konyvtar\/#website","url":"https:\/\/univet.hu\/konyvtar\/","name":"Hut\u00ffra Ferenc K\u00f6nyvt\u00e1r, Lev\u00e9lt\u00e1r \u00e9s M\u00fazeum","description":"","potentialAction":[{"@type":"SearchAction","target":{"@type":"EntryPoint","urlTemplate":"https:\/\/univet.hu\/konyvtar\/?s={search_term_string}"},"query-input":{"@type":"PropertyValueSpecification","valueRequired":true,"valueName":"search_term_string"}}],"inLanguage":"hu"}]}},"_links":{"self":[{"href":"https:\/\/univet.hu\/konyvtar\/wp-json\/wp\/v2\/pages\/80","targetHints":{"allow":["GET"]}}],"collection":[{"href":"https:\/\/univet.hu\/konyvtar\/wp-json\/wp\/v2\/pages"}],"about":[{"href":"https:\/\/univet.hu\/konyvtar\/wp-json\/wp\/v2\/types\/page"}],"author":[{"embeddable":true,"href":"https:\/\/univet.hu\/konyvtar\/wp-json\/wp\/v2\/users\/4333"}],"replies":[{"embeddable":true,"href":"https:\/\/univet.hu\/konyvtar\/wp-json\/wp\/v2\/comments?post=80"}],"version-history":[{"count":5,"href":"https:\/\/univet.hu\/konyvtar\/wp-json\/wp\/v2\/pages\/80\/revisions"}],"predecessor-version":[{"id":1263,"href":"https:\/\/univet.hu\/konyvtar\/wp-json\/wp\/v2\/pages\/80\/revisions\/1263"}],"up":[{"embeddable":true,"href":"https:\/\/univet.hu\/konyvtar\/wp-json\/wp\/v2\/pages\/36"}],"wp:attachment":[{"href":"https:\/\/univet.hu\/konyvtar\/wp-json\/wp\/v2\/media?parent=80"}],"wp:term":[{"taxonomy":"category","embeddable":true,"href":"https:\/\/univet.hu\/konyvtar\/wp-json\/wp\/v2\/categories?post=80"},{"taxonomy":"post_tag","embeddable":true,"href":"https:\/\/univet.hu\/konyvtar\/wp-json\/wp\/v2\/tags?post=80"}],"curies":[{"name":"wp","href":"https:\/\/api.w.org\/{rel}","templated":true}]}}