{"id":816,"date":"2025-09-12T05:22:57","date_gmt":"2025-09-12T03:22:57","guid":{"rendered":"https:\/\/univet.hu\/konyvtar\/?page_id=816"},"modified":"2026-03-31T09:54:42","modified_gmt":"2026-03-31T07:54:42","slug":"mesterseges-intelligencia-mi","status":"publish","type":"page","link":"https:\/\/univet.hu\/konyvtar\/mesterseges-intelligencia-mi\/","title":{"rendered":"Mesters\u00e9ges intelligencia"},"content":{"rendered":"<p>Az MI, vagyis a mesters\u00e9ges intelligencia, napjainkban egyre meghat\u00e1roz\u00f3bb szerepet t\u00f6lt be az inform\u00e1ci\u00f3szerz\u00e9s \u00e9s a publik\u00e1ci\u00f3s folyamatok ter\u00fclet\u00e9n. Az al\u00e1bbiakban r\u00f6viden bemutatunk n\u00e9h\u00e1ny olyan v\u00e1logatott szolg\u00e1ltat\u00e1st, amelyek hasznosak lehetnek tanul\u00e1shoz, irodalomkutat\u00e1shoz, szakirodalom felt\u00e9rk\u00e9pez\u00e9s\u00e9hez, illetve m\u00e1s inform\u00e1ci\u00f3kezel\u00e9si feladatokhoz. \u00d6r\u00f6mmel fogadunk tov\u00e1bbi javaslatokat, kieg\u00e9sz\u00edt\u00e9seket, hogy folyamatosan b\u0151v\u00edthess\u00fck \u00e9s fejleszthess\u00fck ezt az \u00f6ssze\u00e1ll\u00edt\u00e1st!<\/p> <p><strong>Az al\u00e1bbi megold\u00e1sok nem helyettes\u00edthetik a kritikus gondolkod\u00e1st vagy a forr\u00e1sok \u00e9rt\u00e9kel\u00e9s\u00e9t.<\/strong><\/p> <p>Egyetemi szab\u00e1lyok MI alkalmaz\u00e1s\u00e1ra vonatoz\u00f3an el\u00e9rhet\u0151k a TVSZ-ben:<\/p> <p>Tanulm\u00e1nyi v\u00e9ts\u00e9gek \u00e9s elj\u00e1r\u00e1sok 37. \u00a7 \u2026 (4)\u00a0<strong>\u201cA pl\u00e1giummal azonos elb\u00edr\u00e1l\u00e1s al\u00e1 esik a mesters\u00e9ges intelligenci\u00e1nak az Egyetemi Mesters\u00e9ges Intelligenc\u00eda szab\u00e1lyzatban enged\u00e9lyezetten k\u00edv\u00fcli alkalmaz\u00e1s\u00e1val k\u00e9sz\u00fclt munka.\u201d<\/strong> (2025.07.24.) \u2013 <a href=\"https:\/\/univet.hu\/wp-content\/uploads\/2025\/08\/TVSZ_compressed_compressed.pdf\" target=\"_blank\" rel=\"noopener\">https:\/\/univet.hu\/wp-content\/uploads\/2025\/08\/TVSZ_compressed_compressed.pdf<\/a><\/p> <p><strong data-start=\"69\" data-end=\"123\">K\u00eds\u00e9rletezz b\u00e1tran a mesters\u00e9ges intelligenci\u00e1val!<\/strong><br data-start=\"123\" data-end=\"126\" \/>Pr\u00f3b\u00e1lj ki k\u00fcl\u00f6nb\u00f6z\u0151 AI-megold\u00e1sokat, fedezd fel, mire k\u00e9pesek \u2013 \u00edrj, k\u00e9rdezz, alkoss vel\u00fck. Tanulj meg b\u00e1nni ezekkel az eszk\u00f6z\u00f6kkel, ismerd meg az el\u0151nyeiket \u00e9s korl\u00e1taikat. Min\u00e9l t\u00f6bbet gyakorolsz, ann\u00e1l k\u00f6nnyebben fogod megtal\u00e1lni, melyik mire a legjobb. Haszn\u00e1lj t\u00f6bbf\u00e9le megold\u00e1st \u2013 csak \u00edgy tudod megtapasztalni, melyik m\u0171k\u00f6dik a legjobban a saj\u00e1t ig\u00e9nyeidre szabva.<\/p> <hr \/> <p><strong id=\"semanticscholar\">1) Copilot <\/strong>\u2013\u00a0<a href=\"https:\/\/copilot.microsoft.com\/\" target=\"_blank\" rel=\"noopener noreferrer\">https:\/\/copilot.microsoft.com\/<\/a> (egyetem\u00fcnk polg\u00e1rai sz\u00e1m\u00e1ra el\u00e9rhet\u0151)<\/p> <p>A Copliot a Microsoft term\u00e9ke, egy mesters\u00e9ges intelligencia-asszisztens. Nem szakinform\u00e1ci\u00f3k keres\u00e9s\u00e9re tal\u00e1lt\u00e1k ki \u00e9s nem felt\u00e9tlen\u00fcl j\u00f3 benne, ugyanakkor egy t\u00e9ma fogalma, \u00e1ltal\u00e1nos \u00f6sszefoglal\u00e1sa tekintet\u00e9ben, az \u00e1ltala az interneten tal\u00e1lt \u00e9s a v\u00e1laszad\u00e1shoz felhaszn\u00e1lt oldalak felsorol\u00e1s\u00e1val j\u00f3l haszn\u00e1lhat\u00f3. El\u00e9rhet\u0151 a Bing keres\u0151ben \u00e9s az O365-ben is. K\u00e9pes sz\u00f6veget \u00edrni, \u00f6sszefoglalni dokumentumokat, e-maileket megfogalmazni, Excel-t\u00e1bl\u00e1kb\u00f3l elemz\u00e9st k\u00e9sz\u00edteni, vagy ak\u00e1r teljes PowerPoint-prezent\u00e1ci\u00f3kat gener\u00e1lni n\u00e9h\u00e1ny utas\u00edt\u00e1s alapj\u00e1n.<\/p> <hr \/> <p><strong>2) ChatGPT<\/strong>\u00a0(<a href=\"https:\/\/chat.openai.com\/\" target=\"_blank\" rel=\"noopener noreferrer\">https:\/\/chat.openai.com\/<\/a>)<\/p> <p>Az OpenAI \u00e1ltal fejlesztett generat\u00edv mesters\u00e9ges intelligencia, nagy nyelvi modell. M\u0171k\u00f6d\u00e9s\u00e9ben a chatbotokra eml\u00e9keztet, de k\u00e9pess\u00e9gei messze meghaladj\u00e1k a kor\u00e1bban alkalmazott ilyen robotok k\u00e9pess\u00e9geit. M\u0171k\u00f6d\u00e9s\u00fck sor\u00e1n a tanul\u00e1shoz haszn\u00e1lt nagy mennyis\u00e9g\u0171 adatb\u00f3l f\u0151leg matematikai (statisztikai) modellek seg\u00edts\u00e9g\u00e9vel l\u00e9trej\u00f6tt \u201ctapasztalatok\u201d alapj\u00e1n gener\u00e1l lehets\u00e9ges v\u00e1laszokat a feltett k\u00e9rd\u00e9sekre. Nem gondolkodik, els\u0151sorban az alapj\u00e1n m\u0171k\u00f6dik, hogy mennyire val\u00f3sz\u00edn\u0171, hogy milyen szavak k\u00f6vethetik egym\u00e1st egy sz\u00f6vegben. Kor\u00e1bban a chatGPT egy\u00e9rtelm\u0171en nem \u00fagy m\u0171k\u00f6d\u00f6tt, mint a keres\u0151motorok \u00e9s nem a legjobb v\u00e1lasz megtal\u00e1l\u00e1sa volt a c\u00e9lja, hanem t\u00f6bb egym\u00e1st\u00f3l elt\u00e9r\u0151 v\u00e1lasz gener\u00e1l\u00e1sa. Ma egyes v\u00e1ltozatai igyekeznek \u201ckeresni\u201d a klasszikus nagy keres\u0151kh\u00f6z hasonl\u00f3an, de m\u0171k\u00f6d\u00e9s\u00fck bizonytalan m\u00e9g ezen a ter\u00fcleten.<\/p> <p>Ne felejts\u00fck el az MI \u00e9s vele a chatGPT alapvet\u0151en<\/p> <ul> <li><strong>Nem gondolkodik,<\/strong><\/li> <li><strong>nem \u00e9rt\u00e9keli emberk\u00e9nt a forr\u00e1sokat \u00e9s<\/strong><\/li> <li><strong>nem v\u00e1llalhat felel\u0151ss\u00e9get<\/strong>, ha a kapott adatok vagy anyagok alapj\u00e1n k\u00e1r \u00e9r valakit.<\/li> <li>Nem v\u00e1logatt\u00e1k vagy \u00e9rt\u00e9kelt\u00e9k a tanul\u00e1shoz felhaszn\u00e1lt anyagokat, \u00e9pp \u00fagy tartalmazott megb\u00edzhat\u00f3, mint t\u00e9ves adatokat.<\/li> <li>Elfogult lehet a tanul\u00e1shoz haszn\u00e1lt anyagok f\u00fcggv\u00e9ny\u00e9ben (pl. megoszt\u00f3 t\u00e9m\u00e1k eset\u00e9ben).<\/li> <li>Nem alkalmazz az \u00e1ltalunk elfogadott etikai megfontol\u00e1sokat.<\/li> <li><strong>Ne osszunk meg \u201cvele\u201d szem\u00e9lyes inform\u00e1ci\u00f3kat<\/strong>.<\/li> <\/ul> <p>Amire nem aj\u00e1nlan\u00e1nk:<\/p> <ul> <li>szakirodalom keres\u00e9s\u00e9re k\u00f6zvetlen\u00fcl,<\/li> <li>dolgozat sz\u00f6veg\u00e9nek meg\u00edr\u00e1s\u00e1ra,<\/li> <\/ul> <p>Amire aj\u00e1nlan\u00e1nk:<\/p> <ul> <li>keres\u0151k\u00e9rd\u00e9sek, keres\u00e9si strat\u00e9gi\u00e1k l\u00e9trehoz\u00e1s\u00e1ra \u2013 pl. PubMed, Scopus, WoS stb.<\/li> <li>\u00f6tletgener\u00e1l\u00e1sra,<\/li> <li>sz\u00f6veggener\u00e1l\u00e1sra, amelyet alapkk\u00e9nt haszn\u00e1lhatunk (a TVSZ vonatkoz\u00f3 szab\u00e1lyait l\u00e1sd fentebb),<\/li> <li>\u00f6sszefoglal\u00f3 k\u00e9sz\u00edt\u00e9s\u00e9re,<\/li> <li>ford\u00edt\u00e1sra<\/li> <li>k\u00f3dok gener\u00e1l\u00e1s\u00e1ra. Pl.: egy olyan\u00a0<a href=\"http:\/\/konyvtar.univet.hu\/?page_id=3993\">flashcard k\u00e9sz\u00edt\u00e9se<\/a>, amellyel szavak, fogalmak tanulhat\u00f3k pl. angol, latin, hat\u00f3anyagok stb.,<\/li> <li>jelenleg a ChatGPT m\u00e1r forr\u00e1smegjel\u00f6l\u00e9ssel egy\u00fctt is k\u00e9pes keres\u00e9st v\u00e9gezni az interneten, jobb\u00e1ra el\u0151fizet\u00e9shez vagy regisztr\u00e1ci\u00f3hoz k\u00f6t\u00f6tten.<\/li> <\/ul> <p>Nagyon r\u00f6vid angol nyelv\u0171 \u00f6sszefoglal\u00f3 a\u00a0<strong id=\"copilot\">prompt \u00edr\u00e1s<\/strong>r\u00f3l:\u00a0<a href=\"https:\/\/www.w3schools.com\/gen_ai\/gen_ai_prompt_intro.php\" target=\"_blank\" rel=\"noopener noreferrer\">https:\/\/www.w3schools.com\/gen_ai\/gen_ai_prompt_intro.php<\/a><\/p> <hr \/> <p><strong>3) Gemini \u2013\u00a0<\/strong><a href=\"https:\/\/gemini.google.com\/app\" target=\"_blank\" rel=\"noopener noreferrer\">https:\/\/gemini.google.com\/app<\/a><\/p> <p data-start=\"287\" data-end=\"572\">A Google Gemini (kor\u00e1bban Bard) a Google mesters\u00e9ges intelligencia-alap\u00fa asszisztense, amely seg\u00edt gyorsan inform\u00e1ci\u00f3t szerezni, sz\u00f6vegeket \u00edrni, \u00f6sszefoglalni, \u00f6tletelni vagy feladatokat elv\u00e9gezni \u2013 k\u00f6zvetlen\u00fcl a b\u00f6ng\u00e9sz\u0151db\u0151l, mobilr\u00f3l vagy ak\u00e1r a Google-fi\u00f3koddal integr\u00e1lva.<\/p> <p data-start=\"577\" data-end=\"590\">El\u0151nye, hogy:<\/p> <ul> <li data-start=\"577\" data-end=\"590\">k\u00f6zvetlen\u00fcl el\u00e9rhet\u0151 a Gemini webes fel\u00fclet\u00e9n, vagy pl. Androidon a Google appon kereszt\u00fcl,<\/li> <li data-start=\"577\" data-end=\"590\">\u00f6sszekapcsolhat\u00f3 a Google-eszk\u00f6zeiddel, mint a Drive, Gmail vagy Docs,<\/li> <li data-start=\"577\" data-end=\"590\">\u00e9s k\u00e9pes val\u00f3s idej\u0171 keres\u00e9sre, \u00edgy friss, aktu\u00e1lis inform\u00e1ci\u00f3t is tud szolg\u00e1ltatni.<\/li> <\/ul> <p data-start=\"867\" data-end=\"874\">Kiv\u00e1l\u00f3:<\/p> <ul> <li data-start=\"879\" data-end=\"920\">\u00f6tletgy\u0171jt\u00e9shez (pl. cikk, essz\u00e9, lev\u00e9l)<\/li> <li data-start=\"879\" data-end=\"920\">sz\u00f6vegek gyors meg\u00edr\u00e1s\u00e1hoz vagy \u00fajrafogalmaz\u00e1s\u00e1hoz,<\/li> <li data-start=\"879\" data-end=\"920\">prezent\u00e1ci\u00f3k, e-mailek el\u0151k\u00e9sz\u00edt\u00e9s\u00e9hez,<\/li> <li data-start=\"879\" data-end=\"920\">\u00e9s \u00e1ltal\u00e1nos k\u00e9rd\u00e9sek gyors megv\u00e1laszol\u00e1s\u00e1ra.<\/li> <\/ul> <hr \/> <p><strong id=\"scispace\">4) Semantic Scholar<\/strong>\u00a0(<a href=\"https:\/\/www.semanticscholar.org\/\">https:\/\/www.semanticscholar.org\/<\/a>)\u00a0 Az Allen Institute \u00e1ltal fejlesztett MI alap\u00fa kutat\u00e1st seg\u00edt\u0151 eszk\u00f6z. Mindenki sz\u00e1m\u00e1ra ingyenesen hozz\u00e1f\u00e9rhet\u0151. A Semantic Scholar lefedi a biol\u00f3gi\u00e1t, az orvostudom\u00e1nyt, az informatik\u00e1t, a f\u00f6ldrajzot, az \u00fczleti \u00e9letet, a t\u00f6rt\u00e9nelmet, a k\u00f6zgazdas\u00e1gtant stb. T\u00f6bb mint 200 milli\u00f3 cikket tal\u00e1lhatunk olyan partnerekt\u0151l, mint a PubMed, Springer Nature, Taylor &amp; Francis, SAGE, Wiley, ACM, IEEE, arXiv \u00e9s Unpaywall.<\/p> <ul> <li>Seg\u00edti a relev\u00e1ns kutat\u00e1sok megtal\u00e1l\u00e1s\u00e1t.<\/li> <li>Az id\u00e9z\u00e9si kapcsolatok min\u0151s\u00e9gibb elemz\u00e9s\u00e9vel, a sz\u00f6vegk\u00f6rnyezet meg\u00e9rt\u00e9s\u00e9vel m\u00e9lyebb \u00f6sszef\u00fcgg\u00e9seket k\u00e9pes felfedezni a publik\u00e1ci\u00f3k k\u00f6z\u00f6tt.<\/li> <li>Szerz\u0151k\u00e9nt k\u00e9rhet\u00fcnk e-mail \u00e9rtes\u00edt\u00e9st a minket \u00e9rdekl\u0151 t\u00e9m\u00e1ban megjelent k\u00f6zlem\u00e9nyekr\u0151l, agy a minket id\u00e9z\u0151 cikkekr\u0151l<\/li> <\/ul> <p>pl.: \u201cAfrican swine fever\u201d \u201csystematic rewiev\u201d<\/p> <hr \/> <p><strong id=\"chatpdf\">5) SciSpace<\/strong>\u00a0\u2013\u00a0<a id=\"OWA5e8127c6-54ae-f6bf-4b27-a710ea838fed\" title=\"https:\/\/scispace.com\/\" href=\"https:\/\/scispace.com\/\" target=\"_blank\" rel=\"noopener noreferrer\" data-linkindex=\"0\" data-auth=\"NotApplicable\">https:\/\/scispace.com\/<\/a>.<\/p> <p><span data-olk-copy-source=\"MessageBody\">A SciSpace egy platform, amely lehet\u0151v\u00e9 teszi t\u00f6bb mint 270 milli\u00f3 tudom\u00e1nyos publik\u00e1ci\u00f3 szabadszavas keres\u00e9s\u00e9t \u00e9s tartalmuk meg\u00e9rt\u00e9s\u00e9t, illetve a k\u00f6z\u00f6tt\u00fck l\u00e9v\u0151 kapcsolatok felt\u00e1r\u00e1s\u00e1t. Ez\u00e1ltal seg\u00edti a kutat\u00f3kat \u00e9s di\u00e1kokat a tudom\u00e1nyos anyagok hat\u00e9konyabb feldolgoz\u00e1s\u00e1ban. A felhaszn\u00e1l\u00f3 \u00e1ltal feltett k\u00e9rd\u00e9sre keres v\u00e1laszokat cikkekben \u00e9s megadja, megmutatja azokat, ahol a v\u00e1laszt megtal\u00e1lta. Lehet k\u00e9rni, hogy adja meg milyen m\u00f3dszereket alkalmaztak a cikkben \u00e9s lehet k\u00e9rdezni is, amire v\u00e1laszol a cikkek alapj\u00e1n.\u00a0<\/span><\/p> <hr \/> <p><strong>6) ChatPDF\u00a0<\/strong>\u2013\u00a0<a href=\"https:\/\/www.chatpdf.com\/\" target=\"_blank\" rel=\"noopener noreferrer\">https:\/\/www.chatpdf.com\/<\/a><\/p> <p>A ChatPDF egy mesters\u00e9ges intelligencia \u00e1ltal t\u00e1mogatott eszk\u00f6z, amely lehet\u0151v\u00e9 teszi a felhaszn\u00e1l\u00f3k sz\u00e1m\u00e1ra, hogy PDF dokumentumokat t\u00f6ltsenek fel, majd term\u00e9szetes nyelven k\u00e9rd\u00e9seket tegyenek fel azok tartalm\u00e1val kapcsolatban, azonnali v\u00e1laszokat kapva. Ez k\u00fcl\u00f6n\u00f6sen hasznos di\u00e1kok, kutat\u00f3k \u00e9s szakemberek sz\u00e1m\u00e1ra, akik gyorsan szeretn\u00e9nek inform\u00e1ci\u00f3t kinyerni vagy meg\u00e9rteni \u00f6sszetett anyagokat.<\/p>","protected":false},"excerpt":{"rendered":"<p>Az MI, vagyis a mesters\u00e9ges intelligencia, napjainkban egyre meghat\u00e1roz\u00f3bb szerepet t\u00f6lt be az inform\u00e1ci\u00f3szerz\u00e9s \u00e9s a publik\u00e1ci\u00f3s folyamatok ter\u00fclet\u00e9n. Az al\u00e1bbiakban r\u00f6viden bemutatunk n\u00e9h\u00e1ny olyan v\u00e1logatott szolg\u00e1ltat\u00e1st, amelyek hasznosak lehetnek tanul\u00e1shoz, irodalomkutat\u00e1shoz, szakirodalom felt\u00e9rk\u00e9pez\u00e9s\u00e9hez, illetve m\u00e1s inform\u00e1ci\u00f3kezel\u00e9si feladatokhoz. \u00d6r\u00f6mmel fogadunk tov\u00e1bbi javaslatokat, kieg\u00e9sz\u00edt\u00e9seket, hogy folyamatosan b\u0151v\u00edthess\u00fck \u00e9s fejleszthess\u00fck ezt az \u00f6ssze\u00e1ll\u00edt\u00e1st! Az al\u00e1bbi megold\u00e1sok nem<\/p>\n","protected":false},"author":58,"featured_media":0,"parent":0,"menu_order":4,"comment_status":"closed","ping_status":"closed","template":"","meta":{"_acf_changed":false,"_eb_attr":"","footnotes":""},"categories":[34],"tags":[],"class_list":["post-816","page","type-page","status-publish","hentry","category-mesterseges-intelligencia"],"acf":[],"yoast_head":"<!-- This site is optimized with the Yoast SEO plugin v27.2 - https:\/\/yoast.com\/product\/yoast-seo-wordpress\/ -->\n<title>Mesters\u00e9ges intelligencia - Hut\u00ffra Ferenc K\u00f6nyvt\u00e1r, Lev\u00e9lt\u00e1r \u00e9s M\u00fazeum<\/title>\n<meta name=\"robots\" content=\"index, follow, max-snippet:-1, max-image-preview:large, max-video-preview:-1\" \/>\n<link rel=\"canonical\" href=\"https:\/\/univet.hu\/konyvtar\/mesterseges-intelligencia-mi\/\" \/>\n<meta property=\"og:locale\" content=\"hu_HU\" \/>\n<meta property=\"og:type\" content=\"article\" \/>\n<meta property=\"og:title\" content=\"Mesters\u00e9ges intelligencia - Hut\u00ffra Ferenc K\u00f6nyvt\u00e1r, Lev\u00e9lt\u00e1r \u00e9s M\u00fazeum\" \/>\n<meta property=\"og:description\" content=\"Az MI, vagyis a mesters\u00e9ges intelligencia, napjainkban egyre meghat\u00e1roz\u00f3bb szerepet t\u00f6lt be az inform\u00e1ci\u00f3szerz\u00e9s \u00e9s a publik\u00e1ci\u00f3s folyamatok ter\u00fclet\u00e9n. Az al\u00e1bbiakban r\u00f6viden bemutatunk n\u00e9h\u00e1ny olyan v\u00e1logatott szolg\u00e1ltat\u00e1st, amelyek hasznosak lehetnek tanul\u00e1shoz, irodalomkutat\u00e1shoz, szakirodalom felt\u00e9rk\u00e9pez\u00e9s\u00e9hez, illetve m\u00e1s inform\u00e1ci\u00f3kezel\u00e9si feladatokhoz. \u00d6r\u00f6mmel fogadunk tov\u00e1bbi javaslatokat, kieg\u00e9sz\u00edt\u00e9seket, hogy folyamatosan b\u0151v\u00edthess\u00fck \u00e9s fejleszthess\u00fck ezt az \u00f6ssze\u00e1ll\u00edt\u00e1st! Az al\u00e1bbi megold\u00e1sok nem\" \/>\n<meta property=\"og:url\" content=\"https:\/\/univet.hu\/konyvtar\/mesterseges-intelligencia-mi\/\" \/>\n<meta property=\"og:site_name\" content=\"Hut\u00ffra Ferenc K\u00f6nyvt\u00e1r, Lev\u00e9lt\u00e1r \u00e9s M\u00fazeum\" \/>\n<meta property=\"article:modified_time\" content=\"2026-03-31T07:54:42+00:00\" \/>\n<meta name=\"twitter:card\" content=\"summary_large_image\" \/>\n<meta name=\"twitter:label1\" content=\"Becs\u00fclt olvas\u00e1si id\u0151\" \/>\n\t<meta name=\"twitter:data1\" content=\"5 perc\" \/>\n<script type=\"application\/ld+json\" class=\"yoast-schema-graph\">{\"@context\":\"https:\/\/schema.org\",\"@graph\":[{\"@type\":\"WebPage\",\"@id\":\"https:\/\/univet.hu\/konyvtar\/mesterseges-intelligencia-mi\/\",\"url\":\"https:\/\/univet.hu\/konyvtar\/mesterseges-intelligencia-mi\/\",\"name\":\"Mesters\u00e9ges intelligencia - Hut\u00ffra Ferenc K\u00f6nyvt\u00e1r, Lev\u00e9lt\u00e1r \u00e9s M\u00fazeum\",\"isPartOf\":{\"@id\":\"https:\/\/univet.hu\/konyvtar\/#website\"},\"datePublished\":\"2025-09-12T03:22:57+00:00\",\"dateModified\":\"2026-03-31T07:54:42+00:00\",\"breadcrumb\":{\"@id\":\"https:\/\/univet.hu\/konyvtar\/mesterseges-intelligencia-mi\/#breadcrumb\"},\"inLanguage\":\"hu\",\"potentialAction\":[{\"@type\":\"ReadAction\",\"target\":[\"https:\/\/univet.hu\/konyvtar\/mesterseges-intelligencia-mi\/\"]}]},{\"@type\":\"BreadcrumbList\",\"@id\":\"https:\/\/univet.hu\/konyvtar\/mesterseges-intelligencia-mi\/#breadcrumb\",\"itemListElement\":[{\"@type\":\"ListItem\",\"position\":1,\"name\":\"Kezd\u0151lap\",\"item\":\"https:\/\/univet.hu\/konyvtar\/\"},{\"@type\":\"ListItem\",\"position\":2,\"name\":\"Mesters\u00e9ges intelligencia\"}]},{\"@type\":\"WebSite\",\"@id\":\"https:\/\/univet.hu\/konyvtar\/#website\",\"url\":\"https:\/\/univet.hu\/konyvtar\/\",\"name\":\"Hut\u00ffra Ferenc K\u00f6nyvt\u00e1r, Lev\u00e9lt\u00e1r \u00e9s M\u00fazeum\",\"description\":\"\",\"potentialAction\":[{\"@type\":\"SearchAction\",\"target\":{\"@type\":\"EntryPoint\",\"urlTemplate\":\"https:\/\/univet.hu\/konyvtar\/?s={search_term_string}\"},\"query-input\":{\"@type\":\"PropertyValueSpecification\",\"valueRequired\":true,\"valueName\":\"search_term_string\"}}],\"inLanguage\":\"hu\"}]}<\/script>\n<!-- \/ Yoast SEO plugin. -->","yoast_head_json":{"title":"Mesters\u00e9ges intelligencia - Hut\u00ffra Ferenc K\u00f6nyvt\u00e1r, Lev\u00e9lt\u00e1r \u00e9s M\u00fazeum","robots":{"index":"index","follow":"follow","max-snippet":"max-snippet:-1","max-image-preview":"max-image-preview:large","max-video-preview":"max-video-preview:-1"},"canonical":"https:\/\/univet.hu\/konyvtar\/mesterseges-intelligencia-mi\/","og_locale":"hu_HU","og_type":"article","og_title":"Mesters\u00e9ges intelligencia - Hut\u00ffra Ferenc K\u00f6nyvt\u00e1r, Lev\u00e9lt\u00e1r \u00e9s M\u00fazeum","og_description":"Az MI, vagyis a mesters\u00e9ges intelligencia, napjainkban egyre meghat\u00e1roz\u00f3bb szerepet t\u00f6lt be az inform\u00e1ci\u00f3szerz\u00e9s \u00e9s a publik\u00e1ci\u00f3s folyamatok ter\u00fclet\u00e9n. Az al\u00e1bbiakban r\u00f6viden bemutatunk n\u00e9h\u00e1ny olyan v\u00e1logatott szolg\u00e1ltat\u00e1st, amelyek hasznosak lehetnek tanul\u00e1shoz, irodalomkutat\u00e1shoz, szakirodalom felt\u00e9rk\u00e9pez\u00e9s\u00e9hez, illetve m\u00e1s inform\u00e1ci\u00f3kezel\u00e9si feladatokhoz. \u00d6r\u00f6mmel fogadunk tov\u00e1bbi javaslatokat, kieg\u00e9sz\u00edt\u00e9seket, hogy folyamatosan b\u0151v\u00edthess\u00fck \u00e9s fejleszthess\u00fck ezt az \u00f6ssze\u00e1ll\u00edt\u00e1st! Az al\u00e1bbi megold\u00e1sok nem","og_url":"https:\/\/univet.hu\/konyvtar\/mesterseges-intelligencia-mi\/","og_site_name":"Hut\u00ffra Ferenc K\u00f6nyvt\u00e1r, Lev\u00e9lt\u00e1r \u00e9s M\u00fazeum","article_modified_time":"2026-03-31T07:54:42+00:00","twitter_card":"summary_large_image","twitter_misc":{"Becs\u00fclt olvas\u00e1si id\u0151":"5 perc"},"schema":{"@context":"https:\/\/schema.org","@graph":[{"@type":"WebPage","@id":"https:\/\/univet.hu\/konyvtar\/mesterseges-intelligencia-mi\/","url":"https:\/\/univet.hu\/konyvtar\/mesterseges-intelligencia-mi\/","name":"Mesters\u00e9ges intelligencia - Hut\u00ffra Ferenc K\u00f6nyvt\u00e1r, Lev\u00e9lt\u00e1r \u00e9s M\u00fazeum","isPartOf":{"@id":"https:\/\/univet.hu\/konyvtar\/#website"},"datePublished":"2025-09-12T03:22:57+00:00","dateModified":"2026-03-31T07:54:42+00:00","breadcrumb":{"@id":"https:\/\/univet.hu\/konyvtar\/mesterseges-intelligencia-mi\/#breadcrumb"},"inLanguage":"hu","potentialAction":[{"@type":"ReadAction","target":["https:\/\/univet.hu\/konyvtar\/mesterseges-intelligencia-mi\/"]}]},{"@type":"BreadcrumbList","@id":"https:\/\/univet.hu\/konyvtar\/mesterseges-intelligencia-mi\/#breadcrumb","itemListElement":[{"@type":"ListItem","position":1,"name":"Kezd\u0151lap","item":"https:\/\/univet.hu\/konyvtar\/"},{"@type":"ListItem","position":2,"name":"Mesters\u00e9ges intelligencia"}]},{"@type":"WebSite","@id":"https:\/\/univet.hu\/konyvtar\/#website","url":"https:\/\/univet.hu\/konyvtar\/","name":"Hut\u00ffra Ferenc K\u00f6nyvt\u00e1r, Lev\u00e9lt\u00e1r \u00e9s M\u00fazeum","description":"","potentialAction":[{"@type":"SearchAction","target":{"@type":"EntryPoint","urlTemplate":"https:\/\/univet.hu\/konyvtar\/?s={search_term_string}"},"query-input":{"@type":"PropertyValueSpecification","valueRequired":true,"valueName":"search_term_string"}}],"inLanguage":"hu"}]}},"_links":{"self":[{"href":"https:\/\/univet.hu\/konyvtar\/wp-json\/wp\/v2\/pages\/816","targetHints":{"allow":["GET"]}}],"collection":[{"href":"https:\/\/univet.hu\/konyvtar\/wp-json\/wp\/v2\/pages"}],"about":[{"href":"https:\/\/univet.hu\/konyvtar\/wp-json\/wp\/v2\/types\/page"}],"author":[{"embeddable":true,"href":"https:\/\/univet.hu\/konyvtar\/wp-json\/wp\/v2\/users\/58"}],"replies":[{"embeddable":true,"href":"https:\/\/univet.hu\/konyvtar\/wp-json\/wp\/v2\/comments?post=816"}],"version-history":[{"count":4,"href":"https:\/\/univet.hu\/konyvtar\/wp-json\/wp\/v2\/pages\/816\/revisions"}],"predecessor-version":[{"id":1418,"href":"https:\/\/univet.hu\/konyvtar\/wp-json\/wp\/v2\/pages\/816\/revisions\/1418"}],"wp:attachment":[{"href":"https:\/\/univet.hu\/konyvtar\/wp-json\/wp\/v2\/media?parent=816"}],"wp:term":[{"taxonomy":"category","embeddable":true,"href":"https:\/\/univet.hu\/konyvtar\/wp-json\/wp\/v2\/categories?post=816"},{"taxonomy":"post_tag","embeddable":true,"href":"https:\/\/univet.hu\/konyvtar\/wp-json\/wp\/v2\/tags?post=816"}],"curies":[{"name":"wp","href":"https:\/\/api.w.org\/{rel}","templated":true}]}}