{"id":821,"date":"2025-09-12T05:26:59","date_gmt":"2025-09-12T03:26:59","guid":{"rendered":"https:\/\/univet.hu\/konyvtar\/?page_id=821"},"modified":"2026-01-12T13:54:50","modified_gmt":"2026-01-12T12:54:50","slug":"szabalyzat","status":"publish","type":"page","link":"https:\/\/univet.hu\/konyvtar\/mesterseges-intelligencia-mi\/szabalyzat\/","title":{"rendered":"MI szab\u00e1lyzat"},"content":{"rendered":"<p>Az egyetemi MI szab\u00e1lyzat itt \u00e9rhet\u0151 el: <a href=\"https:\/\/univet.hu\/wp-content\/uploads\/2025\/08\/7_2024_2025-szamu-Rektori-utasitas_MI-szabalyzat.pdf\" target=\"_blank\" rel=\"noopener\">https:\/\/univet.hu\/wp-content\/uploads\/2025\/08\/7_2024_2025-szamu-Rektori-utasitas_MI-szabalyzat.pdf<\/a><\/p>","protected":false},"excerpt":{"rendered":"<p>Az egyetemi MI szab\u00e1lyzat itt \u00e9rhet\u0151 el: https:\/\/univet.hu\/wp-content\/uploads\/2025\/08\/7_2024_2025-szamu-Rektori-utasitas_MI-szabalyzat.pdf<\/p>\n","protected":false},"author":58,"featured_media":0,"parent":816,"menu_order":0,"comment_status":"closed","ping_status":"closed","template":"","meta":{"_acf_changed":false,"_eb_attr":"","footnotes":""},"categories":[19],"tags":[],"class_list":["post-821","page","type-page","status-publish","hentry","category-oktatas"],"acf":[],"yoast_head":"<!-- This site is optimized with the Yoast SEO plugin v27.2 - https:\/\/yoast.com\/product\/yoast-seo-wordpress\/ -->\n<title>MI szab\u00e1lyzat - Hut\u00ffra Ferenc K\u00f6nyvt\u00e1r, Lev\u00e9lt\u00e1r \u00e9s M\u00fazeum<\/title>\n<meta name=\"robots\" content=\"index, follow, max-snippet:-1, max-image-preview:large, max-video-preview:-1\" \/>\n<link rel=\"canonical\" href=\"https:\/\/univet.hu\/konyvtar\/mesterseges-intelligencia-mi\/szabalyzat\/\" \/>\n<meta property=\"og:locale\" content=\"hu_HU\" \/>\n<meta property=\"og:type\" content=\"article\" \/>\n<meta property=\"og:title\" content=\"MI szab\u00e1lyzat - Hut\u00ffra Ferenc K\u00f6nyvt\u00e1r, Lev\u00e9lt\u00e1r \u00e9s M\u00fazeum\" \/>\n<meta property=\"og:description\" content=\"Az egyetemi MI szab\u00e1lyzat itt \u00e9rhet\u0151 el: https:\/\/univet.hu\/wp-content\/uploads\/2025\/08\/7_2024_2025-szamu-Rektori-utasitas_MI-szabalyzat.pdf\" \/>\n<meta property=\"og:url\" content=\"https:\/\/univet.hu\/konyvtar\/mesterseges-intelligencia-mi\/szabalyzat\/\" \/>\n<meta property=\"og:site_name\" content=\"Hut\u00ffra Ferenc K\u00f6nyvt\u00e1r, Lev\u00e9lt\u00e1r \u00e9s M\u00fazeum\" \/>\n<meta property=\"article:modified_time\" content=\"2026-01-12T12:54:50+00:00\" \/>\n<meta name=\"twitter:card\" content=\"summary_large_image\" \/>\n<meta name=\"twitter:label1\" content=\"Becs\u00fclt olvas\u00e1si id\u0151\" \/>\n\t<meta name=\"twitter:data1\" content=\"1 perc\" \/>\n<script type=\"application\/ld+json\" class=\"yoast-schema-graph\">{\"@context\":\"https:\/\/schema.org\",\"@graph\":[{\"@type\":\"WebPage\",\"@id\":\"https:\/\/univet.hu\/konyvtar\/mesterseges-intelligencia-mi\/szabalyzat\/\",\"url\":\"https:\/\/univet.hu\/konyvtar\/mesterseges-intelligencia-mi\/szabalyzat\/\",\"name\":\"MI szab\u00e1lyzat - Hut\u00ffra Ferenc K\u00f6nyvt\u00e1r, Lev\u00e9lt\u00e1r \u00e9s M\u00fazeum\",\"isPartOf\":{\"@id\":\"https:\/\/univet.hu\/konyvtar\/#website\"},\"datePublished\":\"2025-09-12T03:26:59+00:00\",\"dateModified\":\"2026-01-12T12:54:50+00:00\",\"breadcrumb\":{\"@id\":\"https:\/\/univet.hu\/konyvtar\/mesterseges-intelligencia-mi\/szabalyzat\/#breadcrumb\"},\"inLanguage\":\"hu\",\"potentialAction\":[{\"@type\":\"ReadAction\",\"target\":[\"https:\/\/univet.hu\/konyvtar\/mesterseges-intelligencia-mi\/szabalyzat\/\"]}]},{\"@type\":\"BreadcrumbList\",\"@id\":\"https:\/\/univet.hu\/konyvtar\/mesterseges-intelligencia-mi\/szabalyzat\/#breadcrumb\",\"itemListElement\":[{\"@type\":\"ListItem\",\"position\":1,\"name\":\"Kezd\u0151lap\",\"item\":\"https:\/\/univet.hu\/konyvtar\/\"},{\"@type\":\"ListItem\",\"position\":2,\"name\":\"Mesters\u00e9ges intelligencia\",\"item\":\"https:\/\/univet.hu\/konyvtar\/mesterseges-intelligencia-mi\/\"},{\"@type\":\"ListItem\",\"position\":3,\"name\":\"MI szab\u00e1lyzat\"}]},{\"@type\":\"WebSite\",\"@id\":\"https:\/\/univet.hu\/konyvtar\/#website\",\"url\":\"https:\/\/univet.hu\/konyvtar\/\",\"name\":\"Hut\u00ffra Ferenc K\u00f6nyvt\u00e1r, Lev\u00e9lt\u00e1r \u00e9s M\u00fazeum\",\"description\":\"\",\"potentialAction\":[{\"@type\":\"SearchAction\",\"target\":{\"@type\":\"EntryPoint\",\"urlTemplate\":\"https:\/\/univet.hu\/konyvtar\/?s={search_term_string}\"},\"query-input\":{\"@type\":\"PropertyValueSpecification\",\"valueRequired\":true,\"valueName\":\"search_term_string\"}}],\"inLanguage\":\"hu\"}]}<\/script>\n<!-- \/ Yoast SEO plugin. -->","yoast_head_json":{"title":"MI szab\u00e1lyzat - Hut\u00ffra Ferenc K\u00f6nyvt\u00e1r, Lev\u00e9lt\u00e1r \u00e9s M\u00fazeum","robots":{"index":"index","follow":"follow","max-snippet":"max-snippet:-1","max-image-preview":"max-image-preview:large","max-video-preview":"max-video-preview:-1"},"canonical":"https:\/\/univet.hu\/konyvtar\/mesterseges-intelligencia-mi\/szabalyzat\/","og_locale":"hu_HU","og_type":"article","og_title":"MI szab\u00e1lyzat - Hut\u00ffra Ferenc K\u00f6nyvt\u00e1r, Lev\u00e9lt\u00e1r \u00e9s M\u00fazeum","og_description":"Az egyetemi MI szab\u00e1lyzat itt \u00e9rhet\u0151 el: https:\/\/univet.hu\/wp-content\/uploads\/2025\/08\/7_2024_2025-szamu-Rektori-utasitas_MI-szabalyzat.pdf","og_url":"https:\/\/univet.hu\/konyvtar\/mesterseges-intelligencia-mi\/szabalyzat\/","og_site_name":"Hut\u00ffra Ferenc K\u00f6nyvt\u00e1r, Lev\u00e9lt\u00e1r \u00e9s M\u00fazeum","article_modified_time":"2026-01-12T12:54:50+00:00","twitter_card":"summary_large_image","twitter_misc":{"Becs\u00fclt olvas\u00e1si id\u0151":"1 perc"},"schema":{"@context":"https:\/\/schema.org","@graph":[{"@type":"WebPage","@id":"https:\/\/univet.hu\/konyvtar\/mesterseges-intelligencia-mi\/szabalyzat\/","url":"https:\/\/univet.hu\/konyvtar\/mesterseges-intelligencia-mi\/szabalyzat\/","name":"MI szab\u00e1lyzat - Hut\u00ffra Ferenc K\u00f6nyvt\u00e1r, Lev\u00e9lt\u00e1r \u00e9s M\u00fazeum","isPartOf":{"@id":"https:\/\/univet.hu\/konyvtar\/#website"},"datePublished":"2025-09-12T03:26:59+00:00","dateModified":"2026-01-12T12:54:50+00:00","breadcrumb":{"@id":"https:\/\/univet.hu\/konyvtar\/mesterseges-intelligencia-mi\/szabalyzat\/#breadcrumb"},"inLanguage":"hu","potentialAction":[{"@type":"ReadAction","target":["https:\/\/univet.hu\/konyvtar\/mesterseges-intelligencia-mi\/szabalyzat\/"]}]},{"@type":"BreadcrumbList","@id":"https:\/\/univet.hu\/konyvtar\/mesterseges-intelligencia-mi\/szabalyzat\/#breadcrumb","itemListElement":[{"@type":"ListItem","position":1,"name":"Kezd\u0151lap","item":"https:\/\/univet.hu\/konyvtar\/"},{"@type":"ListItem","position":2,"name":"Mesters\u00e9ges intelligencia","item":"https:\/\/univet.hu\/konyvtar\/mesterseges-intelligencia-mi\/"},{"@type":"ListItem","position":3,"name":"MI szab\u00e1lyzat"}]},{"@type":"WebSite","@id":"https:\/\/univet.hu\/konyvtar\/#website","url":"https:\/\/univet.hu\/konyvtar\/","name":"Hut\u00ffra Ferenc K\u00f6nyvt\u00e1r, Lev\u00e9lt\u00e1r \u00e9s M\u00fazeum","description":"","potentialAction":[{"@type":"SearchAction","target":{"@type":"EntryPoint","urlTemplate":"https:\/\/univet.hu\/konyvtar\/?s={search_term_string}"},"query-input":{"@type":"PropertyValueSpecification","valueRequired":true,"valueName":"search_term_string"}}],"inLanguage":"hu"}]}},"_links":{"self":[{"href":"https:\/\/univet.hu\/konyvtar\/wp-json\/wp\/v2\/pages\/821","targetHints":{"allow":["GET"]}}],"collection":[{"href":"https:\/\/univet.hu\/konyvtar\/wp-json\/wp\/v2\/pages"}],"about":[{"href":"https:\/\/univet.hu\/konyvtar\/wp-json\/wp\/v2\/types\/page"}],"author":[{"embeddable":true,"href":"https:\/\/univet.hu\/konyvtar\/wp-json\/wp\/v2\/users\/58"}],"replies":[{"embeddable":true,"href":"https:\/\/univet.hu\/konyvtar\/wp-json\/wp\/v2\/comments?post=821"}],"version-history":[{"count":2,"href":"https:\/\/univet.hu\/konyvtar\/wp-json\/wp\/v2\/pages\/821\/revisions"}],"predecessor-version":[{"id":823,"href":"https:\/\/univet.hu\/konyvtar\/wp-json\/wp\/v2\/pages\/821\/revisions\/823"}],"up":[{"embeddable":true,"href":"https:\/\/univet.hu\/konyvtar\/wp-json\/wp\/v2\/pages\/816"}],"wp:attachment":[{"href":"https:\/\/univet.hu\/konyvtar\/wp-json\/wp\/v2\/media?parent=821"}],"wp:term":[{"taxonomy":"category","embeddable":true,"href":"https:\/\/univet.hu\/konyvtar\/wp-json\/wp\/v2\/categories?post=821"},{"taxonomy":"post_tag","embeddable":true,"href":"https:\/\/univet.hu\/konyvtar\/wp-json\/wp\/v2\/tags?post=821"}],"curies":[{"name":"wp","href":"https:\/\/api.w.org\/{rel}","templated":true}]}}