{"id":845,"date":"2025-09-12T11:04:25","date_gmt":"2025-09-12T09:04:25","guid":{"rendered":"https:\/\/univet.hu\/konyvtar\/?page_id=845"},"modified":"2026-01-12T13:54:50","modified_gmt":"2026-01-12T12:54:50","slug":"mire-hasznalhatnam","status":"publish","type":"page","link":"https:\/\/univet.hu\/konyvtar\/mesterseges-intelligencia-mi\/mire-hasznalhatnam\/","title":{"rendered":"Mire haszn\u00e1lhatn\u00e1m?"},"content":{"rendered":"<p>Az egyetem t\u00e1mogatja a mesters\u00e9ges intelligencia felel\u0151s \u00e9s etikus haszn\u00e1lat\u00e1t a tanulm\u00e1nyok sor\u00e1n. Az al\u00e1bbiakban felsorolunk olyan felhaszn\u00e1l\u00e1si m\u00f3dokat, amelyek az oktat\u00e1si folyamatokat, illetve a hallgat\u00f3k a tanul\u00e1s\u00e1t \u00e9s kutat\u00e1s\u00e1t seg\u00edtik. Fontos, hogy minden esetben egyeztetni kell a t\u00e9mavezet\u0151vel a MI alkalmaz\u00e1s\u00e1t \u00e9s a dolgozatban is jelezni kell a MI haszn\u00e1lat\u00e1t, <a href=\"https:\/\/univet.hu\/wp-content\/uploads\/2025\/08\/7_2024_2025-szamu-Rektori-utasitas_MI-szabalyzat.pdf\" target=\"_blank\" rel=\"noopener\">az egyetemi szab\u00e1lyzatban szerepl\u0151knek megfelel\u0151en<\/a>.<\/p> <p data-start=\"377\" data-end=\"424\">1) \u00d6tletgener\u00e1l\u00e1s: a MI haszn\u00e1lhat\u00f3 kreat\u00edv \u00f6tletek kidolgoz\u00e1s\u00e1ra, \u00faj kutat\u00e1si ir\u00e1nyok vagy dolgozatt\u00e9m\u00e1k megtal\u00e1l\u00e1s\u00e1ra. P\u00e9ld\u00e1ul, ha egy hallgat\u00f3 t\u00e9m\u00e1t keres, a mesters\u00e9ges intelligencia k\u00e9pes lehet alternat\u00edv megk\u00f6zel\u00edt\u00e9seket, lehets\u00e9ges k\u00e9rd\u00e9sfelvet\u00e9seket \u00e9s kutat\u00e1si probl\u00e9m\u00e1kat javasolni.<\/p> <p>2) Az irodalomkutat\u00e1s t\u00e1mogat\u00e1sa sor\u00e1n a MI hasznos lehet kulcsszavak azonos\u00edt\u00e1s\u00e1ban, keres\u00e9si strat\u00e9gi\u00e1k kialak\u00edt\u00e1s\u00e1ban, valamint \u00f6sszefoglal\u00f3k vagy \u00e1ttekint\u00e9sek l\u00e9trehoz\u00e1s\u00e1ban. Ez megk\u00f6nny\u00edtheti a hallgat\u00f3k sz\u00e1m\u00e1ra a tudom\u00e1nyos forr\u00e1sok gyors \u00e1ttekint\u00e9s\u00e9t, b\u00e1r fontos, hogy a konkr\u00e9t hivatkoz\u00e1sokat \u00e9s szakirodalmat mindig megb\u00edzhat\u00f3 adatb\u00e1zisokb\u00f3l (pl. Scopus, Web of Science, PubMed) er\u0151s\u00edts\u00e9k meg \u00e9s ellen\u0151rizz\u00e9k, hogy az eredeti sz\u00f6vegben pontosan az \u00e9s \u00fagy szerepel, ahogy azt a dolgozatukban \u00e1tveszik.<\/p> <p data-start=\"1122\" data-end=\"1180\">3) Sz\u00f6veg\u00e9rt\u00e9kel\u00e9s, st\u00edluselemz\u00e9s, fogalmaz\u00e1s jav\u00edt\u00e1s\u00e1ban is k\u00e9pes lehet k\u00f6zrem\u0171k\u00f6dni. A\u00a0MI k\u00e9pes nyelvi \u00e9s stilisztikai javaslatokat adni, p\u00e9ld\u00e1ul olyan javaslatokat adni, amelyek jav\u00edtj\u00e1k a sz\u00f6veg koherenci\u00e1j\u00e1t, szerkezet\u00e9t vagy helyes\u00edr\u00e1s\u00e1t. Hasznos lehet essz\u00e9k, beadand\u00f3k \u00e9s diplomamunk\u00e1k el\u0151zetes szerkeszt\u00e9s\u00e9n\u00e9l. Fontos azonban, hogy a v\u00e9gs\u0151 sz\u00f6veg mindig a hallgat\u00f3 saj\u00e1t munk\u00e1ja maradjon, javaslatot k\u00e9rj\u00fcnk, ne \u00e1tfogalmaz\u00e1st, illetve a helyes\u00edr\u00e1si szab\u00e1lyzat stb. figyelembev\u00e9tel\u00e9vel fogadjuk el a javaslatokat.<\/p> <p data-start=\"1464\" data-end=\"1522\">4) Illusztr\u00e1ci\u00f3k, diagramok, vizualiz\u00e1ci\u00f3k k\u00e9sz\u00edt\u00e9se. Amennyiben a t\u00e9ma megengedi, a MI eszk\u00f6z\u00f6k alkalmasak \u00e1br\u00e1k, folyamat\u00e1br\u00e1k, \u00e9s egyszer\u0171 illusztr\u00e1ci\u00f3k el\u0151\u00e1ll\u00edt\u00e1s\u00e1ra. Ezek seg\u00edthetik a tananyag, p\u00e9ld\u00e1k \u00e9rthet\u0151bb bemutat\u00e1s\u00e1t, vagy a kutat\u00e1si eredm\u00e9nyek vizu\u00e1lis k\u00f6zvet\u00edt\u00e9s\u00e9t. Fontos, hogy csak olyan \u00e1bra k\u00e9sz\u00edthet\u0151, amely nem alkalmas a kutat\u00e1si eredm\u00e9nyek meghamis\u00edt\u00e1s\u00e1ra, pl. fot\u00f3 gener\u00e1l\u00e1sa.<\/p> <p data-start=\"1733\" data-end=\"1768\">5) Programoz\u00e1si seg\u00e9deszk\u00f6zk\u00e9nt is alkalmazhat\u00f3. A MI t\u00e1mogathatja a k\u00f3d\u00edr\u00e1st, hibakeres\u00e9st \u00e9s algoritmusok fejleszt\u00e9s\u00e9t. P\u00e9ld\u00e1ul seg\u00edthet egy programoz\u00e1si feladat elind\u00edt\u00e1s\u00e1ban, hib\u00e1k megtal\u00e1l\u00e1s\u00e1ban, vagy alternat\u00edv megold\u00e1sok keres\u00e9s\u00e9ben. Azonban a hallgat\u00f3nak mindig \u00e9rtenie kell a beadott k\u00f3d m\u0171k\u00f6d\u00e9s\u00e9t.<\/p> <p data-start=\"1733\" data-end=\"1768\">6) Tanul\u00f3k\u00e1rty\u00e1k, tesztfeladatok l\u00e9trehoz\u00e1sa. A saj\u00e1t hallgat\u00f3 jegyzeteib\u0151l l\u00e9tre lehet hozni a tananyag elsaj\u00e1t\u00edt\u00e1s\u00e1t seg\u00edt\u0151 tanul\u00f3k\u00e1rty\u00e1kat, minta teszt \u00e9s vizsgak\u00e9rd\u00e9seket, amelyeken lehet gyakorolni, hogy mennyire siker\u00fclt a t\u00e9mak\u00f6r elsaj\u00e1t\u00edt\u00e1sa.<\/p>","protected":false},"excerpt":{"rendered":"<p>Az egyetem t\u00e1mogatja a mesters\u00e9ges intelligencia felel\u0151s \u00e9s etikus haszn\u00e1lat\u00e1t a tanulm\u00e1nyok sor\u00e1n. Az al\u00e1bbiakban felsorolunk olyan felhaszn\u00e1l\u00e1si m\u00f3dokat, amelyek az oktat\u00e1si folyamatokat, illetve a hallgat\u00f3k a tanul\u00e1s\u00e1t \u00e9s kutat\u00e1s\u00e1t seg\u00edtik. Fontos, hogy minden esetben egyeztetni kell a t\u00e9mavezet\u0151vel a MI alkalmaz\u00e1s\u00e1t \u00e9s a dolgozatban is jelezni kell a MI haszn\u00e1lat\u00e1t, az egyetemi szab\u00e1lyzatban szerepl\u0151knek<\/p>\n","protected":false},"author":58,"featured_media":0,"parent":816,"menu_order":2,"comment_status":"closed","ping_status":"closed","template":"","meta":{"_acf_changed":false,"_eb_attr":"","footnotes":""},"categories":[19],"tags":[],"class_list":["post-845","page","type-page","status-publish","hentry","category-oktatas"],"acf":[],"yoast_head":"<!-- This site is optimized with the Yoast SEO plugin v27.2 - https:\/\/yoast.com\/product\/yoast-seo-wordpress\/ -->\n<title>Mire haszn\u00e1lhatn\u00e1m? - Hut\u00ffra Ferenc K\u00f6nyvt\u00e1r, Lev\u00e9lt\u00e1r \u00e9s M\u00fazeum<\/title>\n<meta name=\"robots\" content=\"index, follow, max-snippet:-1, max-image-preview:large, max-video-preview:-1\" \/>\n<link rel=\"canonical\" href=\"https:\/\/univet.hu\/konyvtar\/mesterseges-intelligencia-mi\/mire-hasznalhatnam\/\" \/>\n<meta property=\"og:locale\" content=\"hu_HU\" \/>\n<meta property=\"og:type\" content=\"article\" \/>\n<meta property=\"og:title\" content=\"Mire haszn\u00e1lhatn\u00e1m? - Hut\u00ffra Ferenc K\u00f6nyvt\u00e1r, Lev\u00e9lt\u00e1r \u00e9s M\u00fazeum\" \/>\n<meta property=\"og:description\" content=\"Az egyetem t\u00e1mogatja a mesters\u00e9ges intelligencia felel\u0151s \u00e9s etikus haszn\u00e1lat\u00e1t a tanulm\u00e1nyok sor\u00e1n. Az al\u00e1bbiakban felsorolunk olyan felhaszn\u00e1l\u00e1si m\u00f3dokat, amelyek az oktat\u00e1si folyamatokat, illetve a hallgat\u00f3k a tanul\u00e1s\u00e1t \u00e9s kutat\u00e1s\u00e1t seg\u00edtik. Fontos, hogy minden esetben egyeztetni kell a t\u00e9mavezet\u0151vel a MI alkalmaz\u00e1s\u00e1t \u00e9s a dolgozatban is jelezni kell a MI haszn\u00e1lat\u00e1t, az egyetemi szab\u00e1lyzatban szerepl\u0151knek\" \/>\n<meta property=\"og:url\" content=\"https:\/\/univet.hu\/konyvtar\/mesterseges-intelligencia-mi\/mire-hasznalhatnam\/\" \/>\n<meta property=\"og:site_name\" content=\"Hut\u00ffra Ferenc K\u00f6nyvt\u00e1r, Lev\u00e9lt\u00e1r \u00e9s M\u00fazeum\" \/>\n<meta property=\"article:modified_time\" content=\"2026-01-12T12:54:50+00:00\" \/>\n<meta name=\"twitter:card\" content=\"summary_large_image\" \/>\n<meta name=\"twitter:label1\" content=\"Becs\u00fclt olvas\u00e1si id\u0151\" \/>\n\t<meta name=\"twitter:data1\" content=\"2 perc\" \/>\n<script type=\"application\/ld+json\" class=\"yoast-schema-graph\">{\"@context\":\"https:\/\/schema.org\",\"@graph\":[{\"@type\":\"WebPage\",\"@id\":\"https:\/\/univet.hu\/konyvtar\/mesterseges-intelligencia-mi\/mire-hasznalhatnam\/\",\"url\":\"https:\/\/univet.hu\/konyvtar\/mesterseges-intelligencia-mi\/mire-hasznalhatnam\/\",\"name\":\"Mire haszn\u00e1lhatn\u00e1m? - Hut\u00ffra Ferenc K\u00f6nyvt\u00e1r, Lev\u00e9lt\u00e1r \u00e9s M\u00fazeum\",\"isPartOf\":{\"@id\":\"https:\/\/univet.hu\/konyvtar\/#website\"},\"datePublished\":\"2025-09-12T09:04:25+00:00\",\"dateModified\":\"2026-01-12T12:54:50+00:00\",\"breadcrumb\":{\"@id\":\"https:\/\/univet.hu\/konyvtar\/mesterseges-intelligencia-mi\/mire-hasznalhatnam\/#breadcrumb\"},\"inLanguage\":\"hu\",\"potentialAction\":[{\"@type\":\"ReadAction\",\"target\":[\"https:\/\/univet.hu\/konyvtar\/mesterseges-intelligencia-mi\/mire-hasznalhatnam\/\"]}]},{\"@type\":\"BreadcrumbList\",\"@id\":\"https:\/\/univet.hu\/konyvtar\/mesterseges-intelligencia-mi\/mire-hasznalhatnam\/#breadcrumb\",\"itemListElement\":[{\"@type\":\"ListItem\",\"position\":1,\"name\":\"Kezd\u0151lap\",\"item\":\"https:\/\/univet.hu\/konyvtar\/\"},{\"@type\":\"ListItem\",\"position\":2,\"name\":\"Mesters\u00e9ges intelligencia\",\"item\":\"https:\/\/univet.hu\/konyvtar\/mesterseges-intelligencia-mi\/\"},{\"@type\":\"ListItem\",\"position\":3,\"name\":\"Mire haszn\u00e1lhatn\u00e1m?\"}]},{\"@type\":\"WebSite\",\"@id\":\"https:\/\/univet.hu\/konyvtar\/#website\",\"url\":\"https:\/\/univet.hu\/konyvtar\/\",\"name\":\"Hut\u00ffra Ferenc K\u00f6nyvt\u00e1r, Lev\u00e9lt\u00e1r \u00e9s M\u00fazeum\",\"description\":\"\",\"potentialAction\":[{\"@type\":\"SearchAction\",\"target\":{\"@type\":\"EntryPoint\",\"urlTemplate\":\"https:\/\/univet.hu\/konyvtar\/?s={search_term_string}\"},\"query-input\":{\"@type\":\"PropertyValueSpecification\",\"valueRequired\":true,\"valueName\":\"search_term_string\"}}],\"inLanguage\":\"hu\"}]}<\/script>\n<!-- \/ Yoast SEO plugin. -->","yoast_head_json":{"title":"Mire haszn\u00e1lhatn\u00e1m? - Hut\u00ffra Ferenc K\u00f6nyvt\u00e1r, Lev\u00e9lt\u00e1r \u00e9s M\u00fazeum","robots":{"index":"index","follow":"follow","max-snippet":"max-snippet:-1","max-image-preview":"max-image-preview:large","max-video-preview":"max-video-preview:-1"},"canonical":"https:\/\/univet.hu\/konyvtar\/mesterseges-intelligencia-mi\/mire-hasznalhatnam\/","og_locale":"hu_HU","og_type":"article","og_title":"Mire haszn\u00e1lhatn\u00e1m? - Hut\u00ffra Ferenc K\u00f6nyvt\u00e1r, Lev\u00e9lt\u00e1r \u00e9s M\u00fazeum","og_description":"Az egyetem t\u00e1mogatja a mesters\u00e9ges intelligencia felel\u0151s \u00e9s etikus haszn\u00e1lat\u00e1t a tanulm\u00e1nyok sor\u00e1n. Az al\u00e1bbiakban felsorolunk olyan felhaszn\u00e1l\u00e1si m\u00f3dokat, amelyek az oktat\u00e1si folyamatokat, illetve a hallgat\u00f3k a tanul\u00e1s\u00e1t \u00e9s kutat\u00e1s\u00e1t seg\u00edtik. Fontos, hogy minden esetben egyeztetni kell a t\u00e9mavezet\u0151vel a MI alkalmaz\u00e1s\u00e1t \u00e9s a dolgozatban is jelezni kell a MI haszn\u00e1lat\u00e1t, az egyetemi szab\u00e1lyzatban szerepl\u0151knek","og_url":"https:\/\/univet.hu\/konyvtar\/mesterseges-intelligencia-mi\/mire-hasznalhatnam\/","og_site_name":"Hut\u00ffra Ferenc K\u00f6nyvt\u00e1r, Lev\u00e9lt\u00e1r \u00e9s M\u00fazeum","article_modified_time":"2026-01-12T12:54:50+00:00","twitter_card":"summary_large_image","twitter_misc":{"Becs\u00fclt olvas\u00e1si id\u0151":"2 perc"},"schema":{"@context":"https:\/\/schema.org","@graph":[{"@type":"WebPage","@id":"https:\/\/univet.hu\/konyvtar\/mesterseges-intelligencia-mi\/mire-hasznalhatnam\/","url":"https:\/\/univet.hu\/konyvtar\/mesterseges-intelligencia-mi\/mire-hasznalhatnam\/","name":"Mire haszn\u00e1lhatn\u00e1m? - Hut\u00ffra Ferenc K\u00f6nyvt\u00e1r, Lev\u00e9lt\u00e1r \u00e9s M\u00fazeum","isPartOf":{"@id":"https:\/\/univet.hu\/konyvtar\/#website"},"datePublished":"2025-09-12T09:04:25+00:00","dateModified":"2026-01-12T12:54:50+00:00","breadcrumb":{"@id":"https:\/\/univet.hu\/konyvtar\/mesterseges-intelligencia-mi\/mire-hasznalhatnam\/#breadcrumb"},"inLanguage":"hu","potentialAction":[{"@type":"ReadAction","target":["https:\/\/univet.hu\/konyvtar\/mesterseges-intelligencia-mi\/mire-hasznalhatnam\/"]}]},{"@type":"BreadcrumbList","@id":"https:\/\/univet.hu\/konyvtar\/mesterseges-intelligencia-mi\/mire-hasznalhatnam\/#breadcrumb","itemListElement":[{"@type":"ListItem","position":1,"name":"Kezd\u0151lap","item":"https:\/\/univet.hu\/konyvtar\/"},{"@type":"ListItem","position":2,"name":"Mesters\u00e9ges intelligencia","item":"https:\/\/univet.hu\/konyvtar\/mesterseges-intelligencia-mi\/"},{"@type":"ListItem","position":3,"name":"Mire haszn\u00e1lhatn\u00e1m?"}]},{"@type":"WebSite","@id":"https:\/\/univet.hu\/konyvtar\/#website","url":"https:\/\/univet.hu\/konyvtar\/","name":"Hut\u00ffra Ferenc K\u00f6nyvt\u00e1r, Lev\u00e9lt\u00e1r \u00e9s M\u00fazeum","description":"","potentialAction":[{"@type":"SearchAction","target":{"@type":"EntryPoint","urlTemplate":"https:\/\/univet.hu\/konyvtar\/?s={search_term_string}"},"query-input":{"@type":"PropertyValueSpecification","valueRequired":true,"valueName":"search_term_string"}}],"inLanguage":"hu"}]}},"_links":{"self":[{"href":"https:\/\/univet.hu\/konyvtar\/wp-json\/wp\/v2\/pages\/845","targetHints":{"allow":["GET"]}}],"collection":[{"href":"https:\/\/univet.hu\/konyvtar\/wp-json\/wp\/v2\/pages"}],"about":[{"href":"https:\/\/univet.hu\/konyvtar\/wp-json\/wp\/v2\/types\/page"}],"author":[{"embeddable":true,"href":"https:\/\/univet.hu\/konyvtar\/wp-json\/wp\/v2\/users\/58"}],"replies":[{"embeddable":true,"href":"https:\/\/univet.hu\/konyvtar\/wp-json\/wp\/v2\/comments?post=845"}],"version-history":[{"count":5,"href":"https:\/\/univet.hu\/konyvtar\/wp-json\/wp\/v2\/pages\/845\/revisions"}],"predecessor-version":[{"id":931,"href":"https:\/\/univet.hu\/konyvtar\/wp-json\/wp\/v2\/pages\/845\/revisions\/931"}],"up":[{"embeddable":true,"href":"https:\/\/univet.hu\/konyvtar\/wp-json\/wp\/v2\/pages\/816"}],"wp:attachment":[{"href":"https:\/\/univet.hu\/konyvtar\/wp-json\/wp\/v2\/media?parent=845"}],"wp:term":[{"taxonomy":"category","embeddable":true,"href":"https:\/\/univet.hu\/konyvtar\/wp-json\/wp\/v2\/categories?post=845"},{"taxonomy":"post_tag","embeddable":true,"href":"https:\/\/univet.hu\/konyvtar\/wp-json\/wp\/v2\/tags?post=845"}],"curies":[{"name":"wp","href":"https:\/\/api.w.org\/{rel}","templated":true}]}}