{"id":861,"date":"2025-09-12T11:49:31","date_gmt":"2025-09-12T09:49:31","guid":{"rendered":"https:\/\/univet.hu\/konyvtar\/?page_id=861"},"modified":"2026-01-12T13:54:51","modified_gmt":"2026-01-12T12:54:51","slug":"a-kritikus-gondolkodas-es-a-mi","status":"publish","type":"page","link":"https:\/\/univet.hu\/konyvtar\/mesterseges-intelligencia-mi\/a-kritikus-gondolkodas-es-a-mi\/","title":{"rendered":"A kritikus gondolkod\u00e1s \u00e9s a MI"},"content":{"rendered":"<p>A MI, k\u00fcl\u00f6n\u00f6sen a generat\u00edv modellek, egyre sz\u00e9lesebb k\u00f6rben t\u00e1mogatj\u00e1k a tanul\u00e1st, a kutat\u00e1st \u00e9s a mindennapi feladatokat. Azonban a MI \u00e1ltal el\u0151\u00e1ll\u00edtott tartalmak nem tekinthet\u0151k automatikusan megb\u00edzhat\u00f3nak vagy pontosnak. Ez\u00e9rt a kritikus gondolkod\u00e1s \u00e9s a megfelel\u0151 ellen\u0151rz\u00e9si technik\u00e1k alkalmaz\u00e1sa elengedhetetlen.<\/p> <p data-start=\"468\" data-end=\"542\">Hogyan lehet megk\u00fcl\u00f6nb\u00f6ztetni a hasznos \u00e9s a f\u00e9lrevezet\u0151 MI-tartalmat?<\/p> <ul data-start=\"543\" data-end=\"1226\"> <li data-start=\"543\" data-end=\"730\"><strong data-start=\"545\" data-end=\"572\">Tartalmi konzisztencia:<\/strong> \u00e9rdemes figyelni arra, hogy a MI \u00e1ltal adott v\u00e1lasz logikailag \u00f6sszef\u00fcgg\u0151 \u00e9s k\u00f6vetkezetes legyen. Ha a sz\u00f6veg ellentmond\u00e1sokat tartalmaz, gyanakodni kell. Sok esetben j\u00f3l hangzik, de hiba van a k\u00f6vetkeztet\u00e9sben, mert val\u00f3j\u00e1ban nem oka egyik dolog a m\u00e1siknak. Az embernek mag\u00e1nak kell eld\u00f6nteni, hogy megfelel\u0151-e a k\u00f6vetkeztet\u00e9s.<\/li> <li data-start=\"731\" data-end=\"867\"><strong data-start=\"733\" data-end=\"750\">Hihet\u0151?:<\/strong> a t\u00falzottan leegyszer\u0171s\u00edtett, vagy \u00e9ppen t\u00falzottan r\u00e9szletes, de forr\u00e1s n\u00e9lk\u00fcli magyar\u00e1zatok szint\u00e9n gyan\u00fasak lehetnek.<\/li> <li data-start=\"868\" data-end=\"1052\"><strong data-start=\"870\" data-end=\"898\">A forr\u00e1smegjel\u00f6l\u00e9s hi\u00e1nya:<\/strong> ha a modell konkr\u00e9t hivatkoz\u00e1sokat ad, mindig ellen\u0151rizni kell, hogy azok val\u00f3ban l\u00e9teznek-e, illetve pontosan azt tartalmazz\u00e1k-e, amit a MI \u00e1ll\u00edt. El\u0151fordul, hogy az eredeti forr\u00e1sban nem arr\u00f3l \u00e9s nem \u00fagy van sz\u00f3, ahogy azt a MI le\u00edrta.<\/li> <li data-start=\"1053\" data-end=\"1226\"><strong data-start=\"1055\" data-end=\"1085\">Illeszkedik-e a v\u00e1lasz a k\u00e9rd\u00e9shez:<\/strong> az adott k\u00e9rd\u00e9sre mennyire adott relev\u00e1ns v\u00e1laszt a MI? A k\u00e9rd\u00e9sre v\u00e1laszolt egy\u00e1ltal\u00e1n? Az irrelev\u00e1ns kit\u00e9r\u0151k a sz\u00f6vegben gyakran a \u201ef\u00e9lrevezet\u0151\u201d tartalom jelei.<\/li> <\/ul> <p data-start=\"1228\" data-end=\"1284\">A \u201ehallucin\u00e1ci\u00f3\u201d jelens\u00e9g\u00e9r\u0151l m\u00e1r volt sz\u00f3 a generat\u00edv modellekn\u00e9l, de mindig \u00e9rdemes ism\u00e9telni, mert a generat\u00edv MI-k gyakran el\u0151\u00e1ll\u00edtanak olyan inform\u00e1ci\u00f3t, amely nyelvileg helyes \u00e9s meggy\u0151z\u0151, de t\u00e9nyszer\u0171en hib\u00e1s vagy teljesen kital\u00e1lt. Ezt nevezz\u00fck \u201ehallucin\u00e1ci\u00f3nak\u201d. P\u00e9ld\u00e1ul a MI id\u00e9zhet egy olyan k\u00f6nyvet vagy tanulm\u00e1nyt, amely val\u00f3j\u00e1ban nem l\u00e9tezik. Lehet, hogy helyesen adja vissza egy elm\u00e9let nev\u00e9t, de hib\u00e1s szerz\u0151t t\u00e1rs\u00edt hozz\u00e1, vagy nem arr\u00f3l sz\u00f3l az elm\u00e9let, amit a MI \u00e1ll\u00edt. Gyakran \u201ekital\u00e1l\u201d logikusnak t\u0171n\u0151 \u00f6sszef\u00fcgg\u00e9seket, amelyeknek nincs tudom\u00e1nyos alapja. A hallucin\u00e1ci\u00f3 teh\u00e1t nem felt\u00e9tlen\u00fcl sz\u00e1nd\u00e9kos f\u00e9lrevezet\u00e9s, hanem annak a k\u00f6vetkezm\u00e9nye, hogy a modell val\u00f3sz\u00edn\u0171s\u00e9gi mint\u00e1zatokb\u00f3l dolgozik, \u00e9s nincs k\u00f6zvetlen kapcsolata a t\u00e9nyleges val\u00f3s\u00e1ggal, sok esetben ha l\u00e1tsz\u00f3lag \u00e9rt is mir\u0151l besz\u00e9l, nem rendelkezik azokkal a k\u00f6rnyezeti t\u00e9nyez\u0151kkel, kultur\u00e1lis alapokkal, amelyek a k\u00e9rd\u00e9s megv\u00e1laszol\u00e1s\u00e1t seg\u00edten\u00e9k.<\/p> <p data-start=\"1967\" data-end=\"2032\">N\u00e9h\u00e1ny p\u00e9lda:<\/p> <p data-start=\"155\" data-end=\"300\">A MI egy cikkre vagy k\u00f6nyvre hivatkozik: keress r\u00e1 a c\u00edmre az egyetemi <a href=\"https:\/\/opac.univet.hu\/\" target=\"_blank\" rel=\"noopener\">k\u00f6nyvt\u00e1r katal\u00f3gus\u00e1ban<\/a> vagy <a href=\"https:\/\/univet.hu\/konyvtar\/forrasok\/adatbazisok\/\" target=\"_blank\" rel=\"noopener\">az el\u0151fizetett adatb\u00e1zisokban<\/a> (pl. CAB, Scopus, Web of Science). Pl., ha a MI azt \u00e1ll\u00edtja, hogy <em data-start=\"340\" data-end=\"425\">\u201eSmith (2019) szerint a mesters\u00e9ges intelligencia forradalmas\u00edtja az \u00e1llateg\u00e9szs\u00e9g\u00fcgyet\u201d<\/em>, n\u00e9zd meg, val\u00f3ban l\u00e9tezik-e ez a tanulm\u00e1ny \u00e9s ezt \u00e1ll\u00edtotta-e ott a szerz\u0151.<\/p> <p data-start=\"155\" data-end=\"300\">Ellen\u0151rizd, hogy ugyanazt az \u00e1ll\u00edt\u00e1st ak\u00e1r t\u00f6bb megb\u00edzhat\u00f3 forr\u00e1s is al\u00e1t\u00e1masztja-e. Ha a MI szerint <em data-start=\"685\" data-end=\"745\">\u201eA magyar di\u00e1kok 45%-a haszn\u00e1l MI-eszk\u00f6z\u00f6ket napi szinten\u201d<\/em>, n\u00e9zd meg a <a href=\"http:\/\/www.statista.com\/\" target=\"_blank\" rel=\"noopener\">Statista adatb\u00e1zisban<\/a> vagy keress m\u00e1s forr\u00e1sokb\u00f3l hiteles felm\u00e9r\u00e9seket, amelyek ezt al\u00e1t\u00e1masztj\u00e1k. Ha sehol nem szerepel ilyen adat, ne fogadd el \u00e9s ne haszn\u00e1ld fel.<\/p> <p data-start=\"857\" data-end=\"900\">A logikai k\u00f6vetkezetess\u00e9g vizsg\u00e1lata \u00fagy zajlik, hogy gondold v\u00e9gig, hogy a v\u00e1lasz bels\u0151 logik\u00e1ja helyt\u00e1ll\u00f3-e. Ha a MI azt \u00edrja, hogy <em data-start=\"995\" data-end=\"1071\">\u201eA MI egyszerre cs\u00f6kkenti \u00e9s n\u00f6veli az energiafogyaszt\u00e1st minden esetben\u201d<\/em>, ez ellentmond\u00e1sosnak l\u00e1tszik, els\u0151re neh\u00e9z eld\u00f6nteni, hogy val\u00f3j\u00e1ban az-e. Ilyenkor k\u00e9rdezz r\u00e1 pontosabban \u00e9s ellen\u0151rizd a szakirodalomban is.<\/p> <p data-start=\"1166\" data-end=\"1203\">A nyelvezet \u00e9s a st\u00edlus elemz\u00e9s\u00e9re akkor lehet sz\u00fcks\u00e9g, ha a sz\u00f6veg t\u00fal \u00e1ltal\u00e1nos, t\u00fal magabiztos vagy t\u00fal leegyszer\u0171s\u00edt\u0151, mert az gyakran figyelmeztet\u0151 jel. J\u00f3 p\u00e9lda erre a k\u00f6vetkez\u0151: <em data-start=\"1314\" data-end=\"1365\">\u201eA MI minden probl\u00e9m\u00e1t meg fog oldani a j\u00f6v\u0151ben\u201d<\/em> \u2013 ez tipikusan t\u00falz\u00f3, nem tudom\u00e1nyos \u00e9s nehezen vagy sehogy nem bizony\u00edthat\u00f3 \u00e1ll\u00edt\u00e1s.<\/p> <p data-start=\"1420\" data-end=\"1463\">Konzult\u00e1ci\u00f3ra is sz\u00fcks\u00e9ged lehet, pl. ha a MI v\u00e1lasza fontos szakmai vagy kutat\u00e1si d\u00f6nt\u00e9shez kapcsol\u00f3dik, mert ilyenkor \u00e9rdemes az oktat\u00f3val vagy t\u00e9mavezet\u0151vel megbesz\u00e9lni. P\u00e9lda lehet erre, ha egy dolgozatban a MI javasol egy statisztikai m\u00f3dszert. Besz\u00e9ld meg egy sz\u00e1modra el\u00e9rhet\u0151, a ter\u00fcleten j\u00e1rtas szakemberrel, hogy val\u00f3ban relev\u00e1ns-e a kutat\u00e1sodhoz a felk\u00edn\u00e1lt k\u00e9plet, a megadott k\u00e9plet pontos \u00e9s \u00e9rted az alkalmaz\u00e1s mik\u00e9ntj\u00e9t stb.<\/p> <p data-start=\"1724\" data-end=\"1793\">MI alkalmaz\u00e1sa sor\u00e1n mindig k\u00e9rdezd meg magadt\u00f3l az al\u00e1bbi h\u00e1rom kritikus k\u00e9rd\u00e9st:<\/p> <ol> <li data-start=\"1797\" data-end=\"1837\">Biztosan l\u00e9tezik a hivatkozott forr\u00e1s? (k\u00e9rheted a k\u00f6nyvt\u00e1rosok seg\u00edts\u00e9g\u00e9t is, hogy mutass\u00e1k meg hol \u00e9s hogyan ellen\u0151rizheted)<\/li> <li data-start=\"1797\" data-end=\"1837\">M\u00e1s megb\u00edzhat\u00f3 forr\u00e1s is meger\u0151s\u00edti az \u00e1ll\u00edt\u00e1st? (k\u00e9rheted a k\u00f6nyvt\u00e1rosok seg\u00edts\u00e9g\u00e9t, hogy mutass\u00e1k meg hol \u00e9s hogyan kereshetsz r\u00e1)<\/li> <li data-start=\"1797\" data-end=\"1837\">Logikailag \u00e9s szakmailag helyt\u00e1ll\u00f3 a tartalom? (sz\u00fcks\u00e9g eset\u00e9n egyeztess a t\u00e9mavezet\u0151vel)<\/li> <\/ol>","protected":false},"excerpt":{"rendered":"<p>A MI, k\u00fcl\u00f6n\u00f6sen a generat\u00edv modellek, egyre sz\u00e9lesebb k\u00f6rben t\u00e1mogatj\u00e1k a tanul\u00e1st, a kutat\u00e1st \u00e9s a mindennapi feladatokat. Azonban a MI \u00e1ltal el\u0151\u00e1ll\u00edtott tartalmak nem tekinthet\u0151k automatikusan megb\u00edzhat\u00f3nak vagy pontosnak. Ez\u00e9rt a kritikus gondolkod\u00e1s \u00e9s a megfelel\u0151 ellen\u0151rz\u00e9si technik\u00e1k alkalmaz\u00e1sa elengedhetetlen. Hogyan lehet megk\u00fcl\u00f6nb\u00f6ztetni a hasznos \u00e9s a f\u00e9lrevezet\u0151 MI-tartalmat? Tartalmi konzisztencia: \u00e9rdemes figyelni arra,<\/p>\n","protected":false},"author":58,"featured_media":0,"parent":816,"menu_order":4,"comment_status":"closed","ping_status":"closed","template":"","meta":{"_acf_changed":false,"_eb_attr":"","footnotes":""},"categories":[19],"tags":[],"class_list":["post-861","page","type-page","status-publish","hentry","category-oktatas"],"acf":[],"yoast_head":"<!-- This site is optimized with the Yoast SEO plugin v27.2 - https:\/\/yoast.com\/product\/yoast-seo-wordpress\/ -->\n<title>A kritikus gondolkod\u00e1s \u00e9s a MI - Hut\u00ffra Ferenc K\u00f6nyvt\u00e1r, Lev\u00e9lt\u00e1r \u00e9s M\u00fazeum<\/title>\n<meta name=\"robots\" content=\"index, follow, max-snippet:-1, max-image-preview:large, max-video-preview:-1\" \/>\n<link rel=\"canonical\" href=\"https:\/\/univet.hu\/konyvtar\/mesterseges-intelligencia-mi\/a-kritikus-gondolkodas-es-a-mi\/\" \/>\n<meta property=\"og:locale\" content=\"hu_HU\" \/>\n<meta property=\"og:type\" content=\"article\" \/>\n<meta property=\"og:title\" content=\"A kritikus gondolkod\u00e1s \u00e9s a MI - Hut\u00ffra Ferenc K\u00f6nyvt\u00e1r, Lev\u00e9lt\u00e1r \u00e9s M\u00fazeum\" \/>\n<meta property=\"og:description\" content=\"A MI, k\u00fcl\u00f6n\u00f6sen a generat\u00edv modellek, egyre sz\u00e9lesebb k\u00f6rben t\u00e1mogatj\u00e1k a tanul\u00e1st, a kutat\u00e1st \u00e9s a mindennapi feladatokat. Azonban a MI \u00e1ltal el\u0151\u00e1ll\u00edtott tartalmak nem tekinthet\u0151k automatikusan megb\u00edzhat\u00f3nak vagy pontosnak. Ez\u00e9rt a kritikus gondolkod\u00e1s \u00e9s a megfelel\u0151 ellen\u0151rz\u00e9si technik\u00e1k alkalmaz\u00e1sa elengedhetetlen. Hogyan lehet megk\u00fcl\u00f6nb\u00f6ztetni a hasznos \u00e9s a f\u00e9lrevezet\u0151 MI-tartalmat? Tartalmi konzisztencia: \u00e9rdemes figyelni arra,\" \/>\n<meta property=\"og:url\" content=\"https:\/\/univet.hu\/konyvtar\/mesterseges-intelligencia-mi\/a-kritikus-gondolkodas-es-a-mi\/\" \/>\n<meta property=\"og:site_name\" content=\"Hut\u00ffra Ferenc K\u00f6nyvt\u00e1r, Lev\u00e9lt\u00e1r \u00e9s M\u00fazeum\" \/>\n<meta property=\"article:modified_time\" content=\"2026-01-12T12:54:51+00:00\" \/>\n<meta name=\"twitter:card\" content=\"summary_large_image\" \/>\n<meta name=\"twitter:label1\" content=\"Becs\u00fclt olvas\u00e1si id\u0151\" \/>\n\t<meta name=\"twitter:data1\" content=\"4 perc\" \/>\n<script type=\"application\/ld+json\" class=\"yoast-schema-graph\">{\"@context\":\"https:\/\/schema.org\",\"@graph\":[{\"@type\":\"WebPage\",\"@id\":\"https:\/\/univet.hu\/konyvtar\/mesterseges-intelligencia-mi\/a-kritikus-gondolkodas-es-a-mi\/\",\"url\":\"https:\/\/univet.hu\/konyvtar\/mesterseges-intelligencia-mi\/a-kritikus-gondolkodas-es-a-mi\/\",\"name\":\"A kritikus gondolkod\u00e1s \u00e9s a MI - Hut\u00ffra Ferenc K\u00f6nyvt\u00e1r, Lev\u00e9lt\u00e1r \u00e9s M\u00fazeum\",\"isPartOf\":{\"@id\":\"https:\/\/univet.hu\/konyvtar\/#website\"},\"datePublished\":\"2025-09-12T09:49:31+00:00\",\"dateModified\":\"2026-01-12T12:54:51+00:00\",\"breadcrumb\":{\"@id\":\"https:\/\/univet.hu\/konyvtar\/mesterseges-intelligencia-mi\/a-kritikus-gondolkodas-es-a-mi\/#breadcrumb\"},\"inLanguage\":\"hu\",\"potentialAction\":[{\"@type\":\"ReadAction\",\"target\":[\"https:\/\/univet.hu\/konyvtar\/mesterseges-intelligencia-mi\/a-kritikus-gondolkodas-es-a-mi\/\"]}]},{\"@type\":\"BreadcrumbList\",\"@id\":\"https:\/\/univet.hu\/konyvtar\/mesterseges-intelligencia-mi\/a-kritikus-gondolkodas-es-a-mi\/#breadcrumb\",\"itemListElement\":[{\"@type\":\"ListItem\",\"position\":1,\"name\":\"Kezd\u0151lap\",\"item\":\"https:\/\/univet.hu\/konyvtar\/\"},{\"@type\":\"ListItem\",\"position\":2,\"name\":\"Mesters\u00e9ges intelligencia\",\"item\":\"https:\/\/univet.hu\/konyvtar\/mesterseges-intelligencia-mi\/\"},{\"@type\":\"ListItem\",\"position\":3,\"name\":\"A kritikus gondolkod\u00e1s \u00e9s a MI\"}]},{\"@type\":\"WebSite\",\"@id\":\"https:\/\/univet.hu\/konyvtar\/#website\",\"url\":\"https:\/\/univet.hu\/konyvtar\/\",\"name\":\"Hut\u00ffra Ferenc K\u00f6nyvt\u00e1r, Lev\u00e9lt\u00e1r \u00e9s M\u00fazeum\",\"description\":\"\",\"potentialAction\":[{\"@type\":\"SearchAction\",\"target\":{\"@type\":\"EntryPoint\",\"urlTemplate\":\"https:\/\/univet.hu\/konyvtar\/?s={search_term_string}\"},\"query-input\":{\"@type\":\"PropertyValueSpecification\",\"valueRequired\":true,\"valueName\":\"search_term_string\"}}],\"inLanguage\":\"hu\"}]}<\/script>\n<!-- \/ Yoast SEO plugin. -->","yoast_head_json":{"title":"A kritikus gondolkod\u00e1s \u00e9s a MI - Hut\u00ffra Ferenc K\u00f6nyvt\u00e1r, Lev\u00e9lt\u00e1r \u00e9s M\u00fazeum","robots":{"index":"index","follow":"follow","max-snippet":"max-snippet:-1","max-image-preview":"max-image-preview:large","max-video-preview":"max-video-preview:-1"},"canonical":"https:\/\/univet.hu\/konyvtar\/mesterseges-intelligencia-mi\/a-kritikus-gondolkodas-es-a-mi\/","og_locale":"hu_HU","og_type":"article","og_title":"A kritikus gondolkod\u00e1s \u00e9s a MI - Hut\u00ffra Ferenc K\u00f6nyvt\u00e1r, Lev\u00e9lt\u00e1r \u00e9s M\u00fazeum","og_description":"A MI, k\u00fcl\u00f6n\u00f6sen a generat\u00edv modellek, egyre sz\u00e9lesebb k\u00f6rben t\u00e1mogatj\u00e1k a tanul\u00e1st, a kutat\u00e1st \u00e9s a mindennapi feladatokat. Azonban a MI \u00e1ltal el\u0151\u00e1ll\u00edtott tartalmak nem tekinthet\u0151k automatikusan megb\u00edzhat\u00f3nak vagy pontosnak. Ez\u00e9rt a kritikus gondolkod\u00e1s \u00e9s a megfelel\u0151 ellen\u0151rz\u00e9si technik\u00e1k alkalmaz\u00e1sa elengedhetetlen. Hogyan lehet megk\u00fcl\u00f6nb\u00f6ztetni a hasznos \u00e9s a f\u00e9lrevezet\u0151 MI-tartalmat? Tartalmi konzisztencia: \u00e9rdemes figyelni arra,","og_url":"https:\/\/univet.hu\/konyvtar\/mesterseges-intelligencia-mi\/a-kritikus-gondolkodas-es-a-mi\/","og_site_name":"Hut\u00ffra Ferenc K\u00f6nyvt\u00e1r, Lev\u00e9lt\u00e1r \u00e9s M\u00fazeum","article_modified_time":"2026-01-12T12:54:51+00:00","twitter_card":"summary_large_image","twitter_misc":{"Becs\u00fclt olvas\u00e1si id\u0151":"4 perc"},"schema":{"@context":"https:\/\/schema.org","@graph":[{"@type":"WebPage","@id":"https:\/\/univet.hu\/konyvtar\/mesterseges-intelligencia-mi\/a-kritikus-gondolkodas-es-a-mi\/","url":"https:\/\/univet.hu\/konyvtar\/mesterseges-intelligencia-mi\/a-kritikus-gondolkodas-es-a-mi\/","name":"A kritikus gondolkod\u00e1s \u00e9s a MI - Hut\u00ffra Ferenc K\u00f6nyvt\u00e1r, Lev\u00e9lt\u00e1r \u00e9s M\u00fazeum","isPartOf":{"@id":"https:\/\/univet.hu\/konyvtar\/#website"},"datePublished":"2025-09-12T09:49:31+00:00","dateModified":"2026-01-12T12:54:51+00:00","breadcrumb":{"@id":"https:\/\/univet.hu\/konyvtar\/mesterseges-intelligencia-mi\/a-kritikus-gondolkodas-es-a-mi\/#breadcrumb"},"inLanguage":"hu","potentialAction":[{"@type":"ReadAction","target":["https:\/\/univet.hu\/konyvtar\/mesterseges-intelligencia-mi\/a-kritikus-gondolkodas-es-a-mi\/"]}]},{"@type":"BreadcrumbList","@id":"https:\/\/univet.hu\/konyvtar\/mesterseges-intelligencia-mi\/a-kritikus-gondolkodas-es-a-mi\/#breadcrumb","itemListElement":[{"@type":"ListItem","position":1,"name":"Kezd\u0151lap","item":"https:\/\/univet.hu\/konyvtar\/"},{"@type":"ListItem","position":2,"name":"Mesters\u00e9ges intelligencia","item":"https:\/\/univet.hu\/konyvtar\/mesterseges-intelligencia-mi\/"},{"@type":"ListItem","position":3,"name":"A kritikus gondolkod\u00e1s \u00e9s a MI"}]},{"@type":"WebSite","@id":"https:\/\/univet.hu\/konyvtar\/#website","url":"https:\/\/univet.hu\/konyvtar\/","name":"Hut\u00ffra Ferenc K\u00f6nyvt\u00e1r, Lev\u00e9lt\u00e1r \u00e9s M\u00fazeum","description":"","potentialAction":[{"@type":"SearchAction","target":{"@type":"EntryPoint","urlTemplate":"https:\/\/univet.hu\/konyvtar\/?s={search_term_string}"},"query-input":{"@type":"PropertyValueSpecification","valueRequired":true,"valueName":"search_term_string"}}],"inLanguage":"hu"}]}},"_links":{"self":[{"href":"https:\/\/univet.hu\/konyvtar\/wp-json\/wp\/v2\/pages\/861","targetHints":{"allow":["GET"]}}],"collection":[{"href":"https:\/\/univet.hu\/konyvtar\/wp-json\/wp\/v2\/pages"}],"about":[{"href":"https:\/\/univet.hu\/konyvtar\/wp-json\/wp\/v2\/types\/page"}],"author":[{"embeddable":true,"href":"https:\/\/univet.hu\/konyvtar\/wp-json\/wp\/v2\/users\/58"}],"replies":[{"embeddable":true,"href":"https:\/\/univet.hu\/konyvtar\/wp-json\/wp\/v2\/comments?post=861"}],"version-history":[{"count":6,"href":"https:\/\/univet.hu\/konyvtar\/wp-json\/wp\/v2\/pages\/861\/revisions"}],"predecessor-version":[{"id":930,"href":"https:\/\/univet.hu\/konyvtar\/wp-json\/wp\/v2\/pages\/861\/revisions\/930"}],"up":[{"embeddable":true,"href":"https:\/\/univet.hu\/konyvtar\/wp-json\/wp\/v2\/pages\/816"}],"wp:attachment":[{"href":"https:\/\/univet.hu\/konyvtar\/wp-json\/wp\/v2\/media?parent=861"}],"wp:term":[{"taxonomy":"category","embeddable":true,"href":"https:\/\/univet.hu\/konyvtar\/wp-json\/wp\/v2\/categories?post=861"},{"taxonomy":"post_tag","embeddable":true,"href":"https:\/\/univet.hu\/konyvtar\/wp-json\/wp\/v2\/tags?post=861"}],"curies":[{"name":"wp","href":"https:\/\/api.w.org\/{rel}","templated":true}]}}