{"id":98,"date":"2025-07-09T12:20:20","date_gmt":"2025-07-09T10:20:20","guid":{"rendered":"https:\/\/univet.hu\/konyvtar\/?page_id=98"},"modified":"2026-03-12T19:20:12","modified_gmt":"2026-03-12T18:20:12","slug":"adatbazisok","status":"publish","type":"page","link":"https:\/\/univet.hu\/konyvtar\/forrasok\/adatbazisok\/","title":{"rendered":"Adatb\u00e1zisok"},"content":{"rendered":"<p>Az el\u0151fizetett adatb\u00e1zisok az \u00c1llatorvostudom\u00e1nyi Egyetem oktat\u00f3i, kutat\u00f3i, dolgoz\u00f3i \u00e9s a hallgat\u00f3k sz\u00e1m\u00e1ra VPN hozz\u00e1f\u00e9r\u00e9ssel otthonr\u00f3l is el\u00e9rhet\u0151k. <a href=\"https:\/\/ibi.univet.hu\/index.php\/vpn-igenyles\/\" target=\"_blank\" rel=\"noopener noreferrer\">Inform\u00e1ci\u00f3k a VPN-r\u0151l itt tal\u00e1lhat\u00f3k.<\/a><\/p> <div class=\"entry-content-wrapper\"> <div class=\"entry-content\"> <table style=\"width: 100%;height: 1029px\"> <tbody> <tr style=\"height: 24px\"> <td style=\"height: 24px;width: 19.7973%\" width=\"250px\"><strong>N\u00e9v<\/strong><\/td> <td style=\"height: 24px;width: 28.1372%\"><strong>El\u00e9rhet\u0151s\u00e9g<\/strong><\/td> <td style=\"height: 24px;width: 7.79423%\"><strong>Link<\/strong><\/td> <td style=\"height: 24px;width: 43.3359%\"><strong>Seg\u00e9dlet<\/strong><\/td> <\/tr> <tr style=\"height: 21px\"> <td style=\"height: 21px;width: 19.7973%\"><strong>CAB Abstracts<\/strong><\/td> <td style=\"height: 21px;width: 28.1372%\">campus \/ VPN<\/td> <td style=\"height: 21px;width: 7.79423%\"><a href=\"http:\/\/search.ebscohost.com\/\" target=\"_blank\" rel=\"noopener noreferrer\">link<\/a><\/td> <td style=\"height: 21px;width: 43.3359%\"><\/td> <\/tr> <tr style=\"height: 24px\"> <td style=\"height: 24px;width: 19.7973%\">T\u00e9mak\u00f6r\u00f6k:<\/td> <td style=\"height: 24px;width: 79.2673%\" colspan=\"3\">\u00e1llatorvosl\u00e1s, n\u00f6v\u00e9nytudom\u00e1ny, \u00e1llattudom\u00e1ny, eg\u00e9szs\u00e9g (hum\u00e1n), parazitol\u00f3gia, \u00f6kol\u00f3gia, erd\u00e9szet, f\u00f6ldtudom\u00e1ny, \u00e9lelmiszertudom\u00e1ny \u00e9s -term\u00e9kek, mez\u0151gazdas\u00e1gi k\u00f6zgazdas\u00e1gtan, biotechnol\u00f3gia<\/td> <\/tr> <tr style=\"height: 24px\"> <td style=\"height: 24px;width: 19.7973%\"><strong>Agricola<\/strong><\/td> <td style=\"height: 24px;width: 28.1372%\">szabadon hozz\u00e1f\u00e9rhet\u0151<\/td> <td style=\"height: 24px;width: 7.79423%\"><a href=\"https:\/\/library.udel.edu\/databases\/agricola\/\" target=\"_blank\" rel=\"noopener noreferrer\">link<\/a><\/td> <td style=\"height: 24px;width: 43.3359%\"><\/td> <\/tr> <tr style=\"height: 24px\"> <td style=\"height: 24px;width: 19.7973%\">T\u00e9mak\u00f6r\u00f6k:<\/td> <td style=\"height: 24px;width: 79.2673%\" colspan=\"3\">mez\u0151gazdas\u00e1g<\/td> <\/tr> <tr style=\"height: 24px\"> <td style=\"height: 24px;width: 19.7973%\"><strong>Agris<\/strong><\/td> <td style=\"height: 24px;width: 28.1372%\">szabadon hozz\u00e1f\u00e9rhet\u0151<\/td> <td style=\"height: 24px;width: 7.79423%\"><a href=\"http:\/\/agris.fao.org\" target=\"_blank\" rel=\"noopener noreferrer\">link<\/a><\/td> <td style=\"height: 24px;width: 43.3359%\"><\/td> <\/tr> <tr style=\"height: 24px\"> <td style=\"height: 24px;width: 19.7973%\">T\u00e9mak\u00f6r\u00f6k:<\/td> <td style=\"height: 24px;width: 79.2673%\" colspan=\"3\">mez\u0151gazdas\u00e1g<\/td> <\/tr> <tr style=\"height: 24px\"> <td style=\"height: 24px;width: 19.7973%\"><strong>Journal Highly Cited Data<\/strong><\/td> <td style=\"height: 24px;width: 28.1372%\">campus \/ VPN<\/td> <td style=\"height: 24px;width: 7.79423%\"><a href=\"http:\/\/jcr.clarivate.com\/\" target=\"_blank\" rel=\"noopener noreferrer\">link<\/a><\/td> <td style=\"height: 24px;width: 43.3359%\"><\/td> <\/tr> <tr style=\"height: 24px\"> <td style=\"height: 24px;width: 19.7973%\">T\u00e9mak\u00f6r\u00f6k:<\/td> <td style=\"height: 24px;width: 79.2673%\" colspan=\"3\">Az Impakt Faktorokat tartalmaz\u00f3 adatb\u00e1zis, amely bizonyos keretek mellett az id\u00e9zetts\u00e9gen alapulva meg\u00e1llap\u00edtja adott foly\u00f3irat hat\u00e1sfok\u00e1t.<\/td> <\/tr> <tr style=\"height: 72px\"> <td style=\"height: 72px;width: 19.7973%\"><strong>Keve Andr\u00e1s Mad\u00e1rtani \u00e9s Term\u00e9szetv\u00e9delmi Szakk\u00f6nyvt\u00e1r<\/strong><\/td> <td style=\"height: 72px;width: 28.1372%\">szabadon hozz\u00e1f\u00e9rhet\u0151<\/td> <td style=\"height: 72px;width: 7.79423%\"><a href=\"https:\/\/keve.opac3.monguz.hu\/\" target=\"_blank\" rel=\"noopener noreferrer\">link<\/a><\/td> <td style=\"height: 72px;width: 43.3359%\"><\/td> <\/tr> <tr style=\"height: 24px\"> <td style=\"height: 24px;width: 19.7973%\">T\u00e9mak\u00f6r\u00f6k:<\/td> <td style=\"height: 24px;width: 79.2673%\" colspan=\"3\">A k\u00f6nyvt\u00e1r f\u0151 gy\u0171jt\u0151k\u00f6re az ornitol\u00f3gia \u00e9s a term\u00e9szetv\u00e9delem.<\/td> <\/tr> <tr style=\"height: 48px\"> <td style=\"height: 48px;width: 19.7973%\"><strong>Magyar \u00c1llatorvosi Bibliogr\u00e1fia<\/strong><\/td> <td style=\"height: 48px;width: 28.1372%\">szabadon hozz\u00e1f\u00e9rhet\u0151<\/td> <td style=\"height: 48px;width: 7.79423%\"><a href=\"http:\/\/opac.univet.hu\/liberty\" target=\"_blank\" rel=\"noopener noreferrer\">link<\/a><\/td> <td style=\"height: 48px;width: 43.3359%\"><\/td> <\/tr> <tr style=\"height: 24px\"> <td style=\"height: 24px;width: 19.7973%\">T\u00e9mak\u00f6r\u00f6k:<\/td> <td style=\"height: 24px;width: 79.2673%\" colspan=\"3\">A magyar \u00e9s magyar vonatkoz\u00e1s\u00fa \u00e1llatorvosi szakirodalom bibliogr\u00e1fi\u00e1ja.<\/td> <\/tr> <tr style=\"height: 48px\"> <td style=\"height: 48px;width: 19.7973%\"><strong>Magyar Mez\u0151gazdas\u00e1gi Bibliogr\u00e1fia<\/strong><\/td> <td style=\"height: 48px;width: 28.1372%\">szabadon hozz\u00e1f\u00e9rhet\u0151<\/td> <td style=\"height: 48px;width: 7.79423%\"><a href=\"http:\/\/www.mezogazdasagikonyvtar.hu\/szolgaltatasok\/mabi\" target=\"_blank\" rel=\"noopener noreferrer\">link<\/a><\/td> <td style=\"height: 48px;width: 43.3359%\"><\/td> <\/tr> <tr style=\"height: 24px\"> <td style=\"height: 24px;width: 19.7973%\">T\u00e9mak\u00f6r\u00f6k:<\/td> <td style=\"height: 24px;width: 79.2673%\" colspan=\"3\">A magyar agr\u00e1rszakirodalmi bibliogr\u00e1fi\u00e1t a Magyar Mez\u0151gazdas\u00e1gi M\u00fazeum \u00e9s K\u00f6nyvt\u00e1r \u00e9p\u00edti.<\/td> <\/tr> <tr style=\"height: 24px\"> <td style=\"height: 24px;width: 19.7973%\"><strong>Magyar Orvosi Bibliogr\u00e1fia<\/strong><\/td> <td style=\"height: 24px;width: 28.1372%\">szabadon hozz\u00e1f\u00e9rhet\u0151<\/td> <td style=\"height: 24px;width: 7.79423%\"><a href=\"http:\/\/mob.gyemszi.hu\/simplesearch.jsp\" target=\"_blank\" rel=\"noopener noreferrer\">link<\/a><\/td> <td style=\"height: 24px;width: 43.3359%\"><\/td> <\/tr> <tr style=\"height: 24px\"> <td style=\"height: 24px;width: 19.7973%\">T\u00e9mak\u00f6r\u00f6k:<\/td> <td style=\"height: 24px;width: 79.2673%\" colspan=\"3\">A magyar hum\u00e1n orvostudom\u00e1ny bibliogr\u00e1fi\u00e1ja.<\/td> <\/tr> <tr style=\"height: 24px\"> <td style=\"height: 24px;width: 19.7973%\"><strong>MATARKA<\/strong><\/td> <td style=\"height: 24px;width: 28.1372%\">szabadon hozz\u00e1f\u00e9rhet\u0151<\/td> <td style=\"height: 24px;width: 7.79423%\"><a href=\"http:\/\/www.matarka.hu\/\" target=\"_blank\" rel=\"noopener noreferrer\">link<\/a><\/td> <td style=\"height: 24px;width: 43.3359%\"><\/td> <\/tr> <tr style=\"height: 24px\"> <td style=\"height: 24px;width: 19.7973%\">T\u00e9mak\u00f6r\u00f6k:<\/td> <td style=\"height: 24px;width: 79.2673%\" colspan=\"3\">A magyar foly\u00f3iratok tartalomjegyz\u00e9keinek kereshet\u0151 adatb\u00e1zisa.<\/td> <\/tr> <tr style=\"height: 24px\"> <td style=\"height: 24px;width: 19.7973%\"><strong>MOKKA-ODR<\/strong><\/td> <td style=\"height: 24px;width: 28.1372%\">szabadon hozz\u00e1f\u00e9rhet\u0151<\/td> <td style=\"height: 24px;width: 7.79423%\"><a href=\"http:\/\/www.mokka.hu\/\" target=\"_blank\" rel=\"noopener noreferrer\">link<\/a><\/td> <td style=\"height: 24px;width: 43.3359%\"><\/td> <\/tr> <tr style=\"height: 24px\"> <td style=\"height: 24px;width: 19.7973%\">T\u00e9mak\u00f6r\u00f6k:<\/td> <td style=\"height: 24px;width: 79.2673%\" colspan=\"3\">A magyarorsz\u00e1gi k\u00f6nyvt\u00e1rak \u00e1llom\u00e1ny\u00e1nak kereshet\u0151 k\u00f6z\u00f6s katal\u00f3gusa.<\/td> <\/tr> <tr style=\"height: 24px\"> <td style=\"height: 24px;width: 19.7973%\"><strong>N\u00c9BIH K\u00f6nyvt\u00e1r<\/strong><\/td> <td style=\"height: 24px;width: 28.1372%\">szabadon hozz\u00e1f\u00e9rhet\u0151<\/td> <td style=\"height: 24px;width: 7.79423%\"><a href=\"https:\/\/opac3.nebih.gov.hu\/\" target=\"_blank\" rel=\"noopener noreferrer\">link<\/a><\/td> <td style=\"height: 24px;width: 43.3359%\"><\/td> <\/tr> <tr style=\"height: 24px\"> <td style=\"height: 24px;width: 19.7973%\">T\u00e9mak\u00f6r\u00f6k:<\/td> <td style=\"height: 24px;width: 79.2673%\" colspan=\"3\">F\u0151 gy\u0171jt\u0151k\u00f6re az \u00e9lelmiszerbiztons\u00e1g.<\/td> <\/tr> <tr style=\"height: 48px\"> <td style=\"height: 48px;width: 19.7973%\"><strong>N\u00f6v\u00e9nyi Diverzit\u00e1s K\u00f6zpont K\u00f6nyvt\u00e1ra<\/strong><\/td> <td style=\"height: 48px;width: 28.1372%\">szabadon hozz\u00e1f\u00e9rhet\u0151<\/td> <td style=\"height: 48px;width: 7.79423%\"><a href=\"http:\/\/konyvtar.nodik.hu:8086\/\" target=\"_blank\" rel=\"noopener noreferrer\">link<\/a><\/td> <td style=\"height: 48px;width: 43.3359%\"><\/td> <\/tr> <tr style=\"height: 72px\"> <td style=\"height: 72px;width: 19.7973%\">T\u00e9mak\u00f6r\u00f6k:<\/td> <td style=\"height: 72px;width: 79.2673%\" colspan=\"3\">N\u00f6v\u00e9nyi g\u00e9nbank, g\u00e9nmeg\u0151rz\u00e9s, n\u00f6v\u00e9nyi genetikai er\u0151forr\u00e1sok, n\u00f6v\u00e9nytan, n\u00f6v\u00e9ny\u00e9lettan, n\u00f6v\u00e9nyf\u00f6ldrajz, genetika, n\u00f6v\u00e9nygenetika, n\u00f6v\u00e9nyrendszertan, biodiverzit\u00e1s, agrobiodiverzit\u00e1s, agrobotanika, agrok\u00e9mia, talajtan, biok\u00e9mia, n\u00f6v\u00e9nytermeszt\u00e9s, n\u00f6v\u00e9nyv\u00e9delem, gy\u00fcm\u00f6lcstermeszt\u00e9s, n\u00f6v\u00e9nyk\u00f3rtan, \u00f6kol\u00f3gia.<\/td> <\/tr> <tr style=\"height: 24px\"> <td style=\"height: 24px;width: 19.7973%\"><strong>PubAg<\/strong><\/td> <td style=\"height: 24px;width: 28.1372%\">szabadon hozz\u00e1f\u00e9rhet\u0151<\/td> <td style=\"height: 24px;width: 7.79423%\"><a href=\"https:\/\/pubag.nal.usda.gov\/\" target=\"_blank\" rel=\"noopener noreferrer\">link<\/a><\/td> <td style=\"height: 24px;width: 43.3359%\"><\/td> <\/tr> <tr style=\"height: 24px\"> <td style=\"height: 24px;width: 19.7973%\">T\u00e9mak\u00f6r\u00f6k:<\/td> <td style=\"height: 24px;width: 79.2673%\" colspan=\"3\">mez\u0151gazdas\u00e1g<\/td> <\/tr> <tr style=\"height: 48px\"> <td style=\"height: 48px;width: 19.7973%\"><strong>PubMed<\/strong><\/td> <td style=\"height: 48px;width: 28.1372%\">szabadon hozz\u00e1f\u00e9rhet\u0151<\/td> <td style=\"height: 48px;width: 7.79423%\"><a href=\"https:\/\/pubmed.ncbi.nlm.nih.gov\/\" target=\"_blank\" rel=\"noopener noreferrer\">link<\/a><\/td> <td style=\"height: 48px;width: 43.3359%\"><a href=\"http:\/\/konyvtar.univet.hu\/wp-content\/uploads\/2020\/04\/Pubmed_egyszeru-1.pdf\" target=\"_blank\" rel=\"noopener noreferrer\">\u2013 az egyszer\u0171 keres\u00e9s \u00e9s az oper\u00e1torok<\/a>,<br \/> <a href=\"http:\/\/konyvtar.univet.hu\/wp-content\/uploads\/2020\/04\/Pubmed-https___pubmed.ncbi_.nlm_.nih_.gov_-1.pdf\" target=\"_blank\" rel=\"noopener noreferrer\">\u2013 az \u00f6sszetett keres\u00e9s \u00e9s a tal\u00e1latok<\/a><\/td> <\/tr> <tr style=\"height: 24px\"> <td style=\"height: 24px;width: 19.7973%\">T\u00e9mak\u00f6r\u00f6k:<\/td> <td style=\"height: 24px;width: 79.2673%\" colspan=\"3\">orvosi, \u00e1llatorvosi \u00e9s \u00e9lettudom\u00e1nyi adatb\u00e1zis, folyamatosan b\u0151v\u00fcl\u0151 tartalommal<\/td> <\/tr> <tr style=\"height: 24px\"> <td style=\"height: 24px;width: 19.7973%\"><strong>Scopus<\/strong><\/td> <td style=\"height: 24px;width: 28.1372%\">campus \/ VPN<\/td> <td style=\"height: 24px;width: 7.79423%\"><a href=\"https:\/\/www.scopus.com\/\" target=\"_blank\" rel=\"noopener noreferrer\">link<\/a><\/td> <td style=\"height: 24px;width: 43.3359%\"><\/td> <\/tr> <tr style=\"height: 24px\"> <td style=\"height: 24px;width: 19.7973%\">T\u00e9mak\u00f6r\u00f6k:<\/td> <td style=\"height: 24px;width: 79.2673%\" colspan=\"3\">Bibliogr\u00e1fiai \u00e9s cit\u00e1ci\u00f3s adatb\u00e1zis.<\/td> <\/tr> <tr style=\"height: 24px\"> <td style=\"height: 24px;width: 19.7973%\"><strong>Statista<\/strong><\/td> <td style=\"height: 24px;width: 28.1372%\">Sibboleth (egyetemi azonos\u00edt\u00f3val)<\/td> <td style=\"height: 24px;width: 7.79423%\"><a href=\"https:\/\/shibboleth.statista.com\/Shibboleth.sso\/Login?entityID=https%3A%2F%2Fidp.univet.hu%2Fsimplesaml%2Fsaml2%2Fidp%2Fmetadata.php&amp;target=https%3A%2F%2Fshibboleth.statista.com%2Findex.php%3Fidp%3DaHR0cHM6Ly9pZHAudW5pdmV0Lmh1L3NpbXBsZXNhbWwvc2FtbDIvaWRwL21ldGFkYXRhLnBocA%253D%253D\" target=\"_blank\" rel=\"noopener\">link<\/a><\/td> <td style=\"height: 24px;width: 43.3359%\"><\/td> <\/tr> <tr style=\"height: 24px\"> <td style=\"height: 24px;width: 19.7973%\">T\u00e9mak\u00f6r\u00f6k:<\/td> <td style=\"height: 24px;width: 79.2673%\" colspan=\"3\">Statisztikai adatokat tartalmaz\u00f3 adatb\u00e1zis.<\/td> <\/tr> <tr style=\"height: 24px\"> <td style=\"height: 24px;width: 19.7973%\"><strong>Web of Science<\/strong><\/td> <td style=\"height: 24px;width: 28.1372%\">campus \/ VPN<\/td> <td style=\"height: 24px;width: 7.79423%\"><a href=\"https:\/\/www.webofknowledge.com\/\" target=\"_blank\" rel=\"noopener noreferrer\">link<\/a><\/td> <td style=\"height: 24px;width: 43.3359%\"><\/td> <\/tr> <tr style=\"height: 24px\"> <td style=\"height: 24px;width: 19.7973%\">T\u00e9mak\u00f6r\u00f6k:<\/td> <td style=\"height: 24px;width: 79.2673%\" colspan=\"3\">Bibliogr\u00e1fiai \u00e9s cit\u00e1ci\u00f3s adatb\u00e1zis.<\/td> <\/tr> <\/tbody> <\/table> <\/div> <\/div>","protected":false},"excerpt":{"rendered":"<p>Az el\u0151fizetett adatb\u00e1zisok az \u00c1llatorvostudom\u00e1nyi Egyetem oktat\u00f3i, kutat\u00f3i, dolgoz\u00f3i \u00e9s a hallgat\u00f3k sz\u00e1m\u00e1ra VPN hozz\u00e1f\u00e9r\u00e9ssel otthonr\u00f3l is el\u00e9rhet\u0151k. Inform\u00e1ci\u00f3k a VPN-r\u0151l itt tal\u00e1lhat\u00f3k. N\u00e9v El\u00e9rhet\u0151s\u00e9g Link Seg\u00e9dlet CAB Abstracts campus \/ VPN link T\u00e9mak\u00f6r\u00f6k: \u00e1llatorvosl\u00e1s, n\u00f6v\u00e9nytudom\u00e1ny, \u00e1llattudom\u00e1ny, eg\u00e9szs\u00e9g (hum\u00e1n), parazitol\u00f3gia, \u00f6kol\u00f3gia, erd\u00e9szet, f\u00f6ldtudom\u00e1ny, \u00e9lelmiszertudom\u00e1ny \u00e9s -term\u00e9kek, mez\u0151gazdas\u00e1gi k\u00f6zgazdas\u00e1gtan, biotechnol\u00f3gia Agricola szabadon hozz\u00e1f\u00e9rhet\u0151 link T\u00e9mak\u00f6r\u00f6k: mez\u0151gazdas\u00e1g<\/p>\n","protected":false},"author":58,"featured_media":0,"parent":96,"menu_order":0,"comment_status":"closed","ping_status":"closed","template":"","meta":{"_acf_changed":false,"_eb_attr":"","footnotes":""},"categories":[18],"tags":[],"class_list":["post-98","page","type-page","status-publish","hentry","category-forrasok"],"acf":[],"yoast_head":"<!-- This site is optimized with the Yoast SEO plugin v27.2 - https:\/\/yoast.com\/product\/yoast-seo-wordpress\/ -->\n<title>Adatb\u00e1zisok - Hut\u00ffra Ferenc K\u00f6nyvt\u00e1r, Lev\u00e9lt\u00e1r \u00e9s M\u00fazeum<\/title>\n<meta name=\"robots\" content=\"index, follow, max-snippet:-1, max-image-preview:large, max-video-preview:-1\" \/>\n<link rel=\"canonical\" href=\"https:\/\/univet.hu\/konyvtar\/forrasok\/adatbazisok\/\" \/>\n<meta property=\"og:locale\" content=\"hu_HU\" \/>\n<meta property=\"og:type\" content=\"article\" \/>\n<meta property=\"og:title\" content=\"Adatb\u00e1zisok - Hut\u00ffra Ferenc K\u00f6nyvt\u00e1r, Lev\u00e9lt\u00e1r \u00e9s M\u00fazeum\" \/>\n<meta property=\"og:description\" content=\"Az el\u0151fizetett adatb\u00e1zisok az \u00c1llatorvostudom\u00e1nyi Egyetem oktat\u00f3i, kutat\u00f3i, dolgoz\u00f3i \u00e9s a hallgat\u00f3k sz\u00e1m\u00e1ra VPN hozz\u00e1f\u00e9r\u00e9ssel otthonr\u00f3l is el\u00e9rhet\u0151k. Inform\u00e1ci\u00f3k a VPN-r\u0151l itt tal\u00e1lhat\u00f3k. N\u00e9v El\u00e9rhet\u0151s\u00e9g Link Seg\u00e9dlet CAB Abstracts campus \/ VPN link T\u00e9mak\u00f6r\u00f6k: \u00e1llatorvosl\u00e1s, n\u00f6v\u00e9nytudom\u00e1ny, \u00e1llattudom\u00e1ny, eg\u00e9szs\u00e9g (hum\u00e1n), parazitol\u00f3gia, \u00f6kol\u00f3gia, erd\u00e9szet, f\u00f6ldtudom\u00e1ny, \u00e9lelmiszertudom\u00e1ny \u00e9s -term\u00e9kek, mez\u0151gazdas\u00e1gi k\u00f6zgazdas\u00e1gtan, biotechnol\u00f3gia Agricola szabadon hozz\u00e1f\u00e9rhet\u0151 link T\u00e9mak\u00f6r\u00f6k: mez\u0151gazdas\u00e1g\" \/>\n<meta property=\"og:url\" content=\"https:\/\/univet.hu\/konyvtar\/forrasok\/adatbazisok\/\" \/>\n<meta property=\"og:site_name\" content=\"Hut\u00ffra Ferenc K\u00f6nyvt\u00e1r, Lev\u00e9lt\u00e1r \u00e9s M\u00fazeum\" \/>\n<meta property=\"article:modified_time\" content=\"2026-03-12T18:20:12+00:00\" \/>\n<meta name=\"twitter:card\" content=\"summary_large_image\" \/>\n<meta name=\"twitter:label1\" content=\"Becs\u00fclt olvas\u00e1si id\u0151\" \/>\n\t<meta name=\"twitter:data1\" content=\"2 perc\" \/>\n<script type=\"application\/ld+json\" class=\"yoast-schema-graph\">{\"@context\":\"https:\/\/schema.org\",\"@graph\":[{\"@type\":\"WebPage\",\"@id\":\"https:\/\/univet.hu\/konyvtar\/forrasok\/adatbazisok\/\",\"url\":\"https:\/\/univet.hu\/konyvtar\/forrasok\/adatbazisok\/\",\"name\":\"Adatb\u00e1zisok - Hut\u00ffra Ferenc K\u00f6nyvt\u00e1r, Lev\u00e9lt\u00e1r \u00e9s M\u00fazeum\",\"isPartOf\":{\"@id\":\"https:\/\/univet.hu\/konyvtar\/#website\"},\"datePublished\":\"2025-07-09T10:20:20+00:00\",\"dateModified\":\"2026-03-12T18:20:12+00:00\",\"breadcrumb\":{\"@id\":\"https:\/\/univet.hu\/konyvtar\/forrasok\/adatbazisok\/#breadcrumb\"},\"inLanguage\":\"hu\",\"potentialAction\":[{\"@type\":\"ReadAction\",\"target\":[\"https:\/\/univet.hu\/konyvtar\/forrasok\/adatbazisok\/\"]}]},{\"@type\":\"BreadcrumbList\",\"@id\":\"https:\/\/univet.hu\/konyvtar\/forrasok\/adatbazisok\/#breadcrumb\",\"itemListElement\":[{\"@type\":\"ListItem\",\"position\":1,\"name\":\"Kezd\u0151lap\",\"item\":\"https:\/\/univet.hu\/konyvtar\/\"},{\"@type\":\"ListItem\",\"position\":2,\"name\":\"Forr\u00e1sok\",\"item\":\"https:\/\/univet.hu\/konyvtar\/forrasok\/\"},{\"@type\":\"ListItem\",\"position\":3,\"name\":\"Adatb\u00e1zisok\"}]},{\"@type\":\"WebSite\",\"@id\":\"https:\/\/univet.hu\/konyvtar\/#website\",\"url\":\"https:\/\/univet.hu\/konyvtar\/\",\"name\":\"Hut\u00ffra Ferenc K\u00f6nyvt\u00e1r, Lev\u00e9lt\u00e1r \u00e9s M\u00fazeum\",\"description\":\"\",\"potentialAction\":[{\"@type\":\"SearchAction\",\"target\":{\"@type\":\"EntryPoint\",\"urlTemplate\":\"https:\/\/univet.hu\/konyvtar\/?s={search_term_string}\"},\"query-input\":{\"@type\":\"PropertyValueSpecification\",\"valueRequired\":true,\"valueName\":\"search_term_string\"}}],\"inLanguage\":\"hu\"}]}<\/script>\n<!-- \/ Yoast SEO plugin. -->","yoast_head_json":{"title":"Adatb\u00e1zisok - Hut\u00ffra Ferenc K\u00f6nyvt\u00e1r, Lev\u00e9lt\u00e1r \u00e9s M\u00fazeum","robots":{"index":"index","follow":"follow","max-snippet":"max-snippet:-1","max-image-preview":"max-image-preview:large","max-video-preview":"max-video-preview:-1"},"canonical":"https:\/\/univet.hu\/konyvtar\/forrasok\/adatbazisok\/","og_locale":"hu_HU","og_type":"article","og_title":"Adatb\u00e1zisok - Hut\u00ffra Ferenc K\u00f6nyvt\u00e1r, Lev\u00e9lt\u00e1r \u00e9s M\u00fazeum","og_description":"Az el\u0151fizetett adatb\u00e1zisok az \u00c1llatorvostudom\u00e1nyi Egyetem oktat\u00f3i, kutat\u00f3i, dolgoz\u00f3i \u00e9s a hallgat\u00f3k sz\u00e1m\u00e1ra VPN hozz\u00e1f\u00e9r\u00e9ssel otthonr\u00f3l is el\u00e9rhet\u0151k. Inform\u00e1ci\u00f3k a VPN-r\u0151l itt tal\u00e1lhat\u00f3k. N\u00e9v El\u00e9rhet\u0151s\u00e9g Link Seg\u00e9dlet CAB Abstracts campus \/ VPN link T\u00e9mak\u00f6r\u00f6k: \u00e1llatorvosl\u00e1s, n\u00f6v\u00e9nytudom\u00e1ny, \u00e1llattudom\u00e1ny, eg\u00e9szs\u00e9g (hum\u00e1n), parazitol\u00f3gia, \u00f6kol\u00f3gia, erd\u00e9szet, f\u00f6ldtudom\u00e1ny, \u00e9lelmiszertudom\u00e1ny \u00e9s -term\u00e9kek, mez\u0151gazdas\u00e1gi k\u00f6zgazdas\u00e1gtan, biotechnol\u00f3gia Agricola szabadon hozz\u00e1f\u00e9rhet\u0151 link T\u00e9mak\u00f6r\u00f6k: mez\u0151gazdas\u00e1g","og_url":"https:\/\/univet.hu\/konyvtar\/forrasok\/adatbazisok\/","og_site_name":"Hut\u00ffra Ferenc K\u00f6nyvt\u00e1r, Lev\u00e9lt\u00e1r \u00e9s M\u00fazeum","article_modified_time":"2026-03-12T18:20:12+00:00","twitter_card":"summary_large_image","twitter_misc":{"Becs\u00fclt olvas\u00e1si id\u0151":"2 perc"},"schema":{"@context":"https:\/\/schema.org","@graph":[{"@type":"WebPage","@id":"https:\/\/univet.hu\/konyvtar\/forrasok\/adatbazisok\/","url":"https:\/\/univet.hu\/konyvtar\/forrasok\/adatbazisok\/","name":"Adatb\u00e1zisok - Hut\u00ffra Ferenc K\u00f6nyvt\u00e1r, Lev\u00e9lt\u00e1r \u00e9s M\u00fazeum","isPartOf":{"@id":"https:\/\/univet.hu\/konyvtar\/#website"},"datePublished":"2025-07-09T10:20:20+00:00","dateModified":"2026-03-12T18:20:12+00:00","breadcrumb":{"@id":"https:\/\/univet.hu\/konyvtar\/forrasok\/adatbazisok\/#breadcrumb"},"inLanguage":"hu","potentialAction":[{"@type":"ReadAction","target":["https:\/\/univet.hu\/konyvtar\/forrasok\/adatbazisok\/"]}]},{"@type":"BreadcrumbList","@id":"https:\/\/univet.hu\/konyvtar\/forrasok\/adatbazisok\/#breadcrumb","itemListElement":[{"@type":"ListItem","position":1,"name":"Kezd\u0151lap","item":"https:\/\/univet.hu\/konyvtar\/"},{"@type":"ListItem","position":2,"name":"Forr\u00e1sok","item":"https:\/\/univet.hu\/konyvtar\/forrasok\/"},{"@type":"ListItem","position":3,"name":"Adatb\u00e1zisok"}]},{"@type":"WebSite","@id":"https:\/\/univet.hu\/konyvtar\/#website","url":"https:\/\/univet.hu\/konyvtar\/","name":"Hut\u00ffra Ferenc K\u00f6nyvt\u00e1r, Lev\u00e9lt\u00e1r \u00e9s M\u00fazeum","description":"","potentialAction":[{"@type":"SearchAction","target":{"@type":"EntryPoint","urlTemplate":"https:\/\/univet.hu\/konyvtar\/?s={search_term_string}"},"query-input":{"@type":"PropertyValueSpecification","valueRequired":true,"valueName":"search_term_string"}}],"inLanguage":"hu"}]}},"_links":{"self":[{"href":"https:\/\/univet.hu\/konyvtar\/wp-json\/wp\/v2\/pages\/98","targetHints":{"allow":["GET"]}}],"collection":[{"href":"https:\/\/univet.hu\/konyvtar\/wp-json\/wp\/v2\/pages"}],"about":[{"href":"https:\/\/univet.hu\/konyvtar\/wp-json\/wp\/v2\/types\/page"}],"author":[{"embeddable":true,"href":"https:\/\/univet.hu\/konyvtar\/wp-json\/wp\/v2\/users\/58"}],"replies":[{"embeddable":true,"href":"https:\/\/univet.hu\/konyvtar\/wp-json\/wp\/v2\/comments?post=98"}],"version-history":[{"count":5,"href":"https:\/\/univet.hu\/konyvtar\/wp-json\/wp\/v2\/pages\/98\/revisions"}],"predecessor-version":[{"id":1357,"href":"https:\/\/univet.hu\/konyvtar\/wp-json\/wp\/v2\/pages\/98\/revisions\/1357"}],"up":[{"embeddable":true,"href":"https:\/\/univet.hu\/konyvtar\/wp-json\/wp\/v2\/pages\/96"}],"wp:attachment":[{"href":"https:\/\/univet.hu\/konyvtar\/wp-json\/wp\/v2\/media?parent=98"}],"wp:term":[{"taxonomy":"category","embeddable":true,"href":"https:\/\/univet.hu\/konyvtar\/wp-json\/wp\/v2\/categories?post=98"},{"taxonomy":"post_tag","embeddable":true,"href":"https:\/\/univet.hu\/konyvtar\/wp-json\/wp\/v2\/tags?post=98"}],"curies":[{"name":"wp","href":"https:\/\/api.w.org\/{rel}","templated":true}]}}