{"id":99,"date":"2025-07-09T12:27:41","date_gmt":"2025-07-09T10:27:41","guid":{"rendered":"https:\/\/univet.hu\/konyvtar\/rolunk\/szabalyzatok\/"},"modified":"2026-01-12T13:54:48","modified_gmt":"2026-01-12T12:54:48","slug":"szabalyzatok","status":"publish","type":"page","link":"https:\/\/univet.hu\/konyvtar\/rolunk\/szabalyzatok\/","title":{"rendered":"Szab\u00e1lyzatok"},"content":{"rendered":"<p><a href=\"https:\/\/univet.hu\/konyvtar\/wp-content\/uploads\/sites\/17\/2025\/07\/ugyrend_20200229.pdf\" target=\"_blank\" rel=\"noopener\">A Hut\u00ffra Ferenc K\u00f6nyvt\u00e1r, Lev\u00e9lt\u00e1r \u00e9s M\u00fazeum \u00dcgyrendje<\/a><\/p> <ul> <li><a href=\"https:\/\/univet.hu\/konyvtar\/wp-content\/uploads\/sites\/17\/2025\/07\/1_melleklet.pdf\" target=\"_blank\" rel=\"noopener\">1. sz. mell\u00e9klet: A szervezeti egys\u00e9g \u00e1ltal vezetett nyilv\u00e1ntart\u00e1sok jegyz\u00e9ke<\/a><\/li> <li><a href=\"https:\/\/univet.hu\/konyvtar\/wp-content\/uploads\/sites\/17\/2025\/07\/ugyrend_2melleklet_hasznalati_szabalyzat_2025_m.pdf\" target=\"_blank\" rel=\"noopener\">2. sz. mell\u00e9klet: A Hut\u00ffra Ferenc K\u00f6nyvt\u00e1r haszn\u00e1lati szab\u00e1lyzata<\/a><\/li> <li><a href=\"https:\/\/univet.hu\/konyvtar\/wp-content\/uploads\/sites\/17\/2025\/07\/3_melleklet.pdf\" target=\"_blank\" rel=\"noopener\">3. sz. mell\u00e9klet: A K\u00f6nyvt\u00e1r gy\u0171jt\u0151k\u00f6ri \u00e9s gy\u0171jtem\u00e9nyszervez\u00e9si szab\u00e1lyzat<\/a><\/li> <li><a href=\"https:\/\/univet.hu\/konyvtar\/wp-content\/uploads\/sites\/17\/2025\/07\/4_melleklet.pdf\" target=\"_blank\" rel=\"noopener\">4. sz. mell\u00e9klet: A K\u00f6nyvt\u00e1r k\u00fcldet\u00e9snyilatkozata<\/a><\/li> <li><a href=\"https:\/\/univet.hu\/konyvtar\/wp-content\/uploads\/sites\/17\/2025\/07\/5_melleklet.pdf\" target=\"_blank\" rel=\"noopener\">5. sz. mell\u00e9klet: Az \u00c1llatorvostudom\u00e1nyi Egyetem lev\u00e9lt\u00e1r\u00e1nak kutat\u00f3termi szab\u00e1lyzata<\/a><\/li> <li><a href=\"https:\/\/univet.hu\/konyvtar\/wp-content\/uploads\/sites\/17\/2025\/07\/6_melleklet.pdf\" target=\"_blank\" rel=\"noopener\">6. sz. mell\u00e9klet: Az \u00c1llatorvos-t\u00f6rt\u00e9neti Gy\u0171jtem\u00e9ny k\u00fcldet\u00e9snyilatkozata<\/a><\/li> <\/ul> <p><a href=\"https:\/\/univet.hu\/konyvtar\/wp-content\/uploads\/sites\/17\/2025\/07\/Minosegpolitikai_nyilatkozat.pdf\" target=\"_blank\" rel=\"noopener\">Min\u0151s\u00e9gpolitikai nyilatkozat<\/a><\/p> <p><a href=\"https:\/\/univet.hu\/konyvtar\/wp-content\/uploads\/sites\/17\/2025\/07\/ATE_konyvtari-szolgaltatasok_adatkezelesi-tajekoztato.pdf\" target=\"_blank\" rel=\"noopener\">Adatkezel\u00e9si t\u00e1j\u00e9koztat\u00f3<\/a><\/p>","protected":false},"excerpt":{"rendered":"<p>A Hut\u00ffra Ferenc K\u00f6nyvt\u00e1r, Lev\u00e9lt\u00e1r \u00e9s M\u00fazeum \u00dcgyrendje 1. sz. mell\u00e9klet: A szervezeti egys\u00e9g \u00e1ltal vezetett nyilv\u00e1ntart\u00e1sok jegyz\u00e9ke 2. sz. mell\u00e9klet: A Hut\u00ffra Ferenc K\u00f6nyvt\u00e1r haszn\u00e1lati szab\u00e1lyzata 3. sz. mell\u00e9klet: A K\u00f6nyvt\u00e1r gy\u0171jt\u0151k\u00f6ri \u00e9s gy\u0171jtem\u00e9nyszervez\u00e9si szab\u00e1lyzat 4. sz. mell\u00e9klet: A K\u00f6nyvt\u00e1r k\u00fcldet\u00e9snyilatkozata 5. sz. mell\u00e9klet: Az \u00c1llatorvostudom\u00e1nyi Egyetem lev\u00e9lt\u00e1r\u00e1nak kutat\u00f3termi szab\u00e1lyzata 6. sz. mell\u00e9klet: Az<\/p>\n","protected":false},"author":4333,"featured_media":0,"parent":36,"menu_order":3,"comment_status":"closed","ping_status":"closed","template":"","meta":{"_acf_changed":false,"_eb_attr":"","footnotes":""},"categories":[17],"tags":[],"class_list":["post-99","page","type-page","status-publish","hentry","category-rolunk"],"acf":[],"yoast_head":"<!-- This site is optimized with the Yoast SEO plugin v27.2 - https:\/\/yoast.com\/product\/yoast-seo-wordpress\/ -->\n<title>Szab\u00e1lyzatok - Hut\u00ffra Ferenc K\u00f6nyvt\u00e1r, Lev\u00e9lt\u00e1r \u00e9s M\u00fazeum<\/title>\n<meta name=\"robots\" content=\"index, follow, max-snippet:-1, max-image-preview:large, max-video-preview:-1\" \/>\n<link rel=\"canonical\" href=\"https:\/\/univet.hu\/konyvtar\/rolunk\/szabalyzatok\/\" \/>\n<meta property=\"og:locale\" content=\"hu_HU\" \/>\n<meta property=\"og:type\" content=\"article\" \/>\n<meta property=\"og:title\" content=\"Szab\u00e1lyzatok - Hut\u00ffra Ferenc K\u00f6nyvt\u00e1r, Lev\u00e9lt\u00e1r \u00e9s M\u00fazeum\" \/>\n<meta property=\"og:description\" content=\"A Hut\u00ffra Ferenc K\u00f6nyvt\u00e1r, Lev\u00e9lt\u00e1r \u00e9s M\u00fazeum \u00dcgyrendje 1. sz. mell\u00e9klet: A szervezeti egys\u00e9g \u00e1ltal vezetett nyilv\u00e1ntart\u00e1sok jegyz\u00e9ke 2. sz. mell\u00e9klet: A Hut\u00ffra Ferenc K\u00f6nyvt\u00e1r haszn\u00e1lati szab\u00e1lyzata 3. sz. mell\u00e9klet: A K\u00f6nyvt\u00e1r gy\u0171jt\u0151k\u00f6ri \u00e9s gy\u0171jtem\u00e9nyszervez\u00e9si szab\u00e1lyzat 4. sz. mell\u00e9klet: A K\u00f6nyvt\u00e1r k\u00fcldet\u00e9snyilatkozata 5. sz. mell\u00e9klet: Az \u00c1llatorvostudom\u00e1nyi Egyetem lev\u00e9lt\u00e1r\u00e1nak kutat\u00f3termi szab\u00e1lyzata 6. sz. mell\u00e9klet: Az\" \/>\n<meta property=\"og:url\" content=\"https:\/\/univet.hu\/konyvtar\/rolunk\/szabalyzatok\/\" \/>\n<meta property=\"og:site_name\" content=\"Hut\u00ffra Ferenc K\u00f6nyvt\u00e1r, Lev\u00e9lt\u00e1r \u00e9s M\u00fazeum\" \/>\n<meta property=\"article:modified_time\" content=\"2026-01-12T12:54:48+00:00\" \/>\n<meta name=\"twitter:card\" content=\"summary_large_image\" \/>\n<meta name=\"twitter:label1\" content=\"Becs\u00fclt olvas\u00e1si id\u0151\" \/>\n\t<meta name=\"twitter:data1\" content=\"1 perc\" \/>\n<script type=\"application\/ld+json\" class=\"yoast-schema-graph\">{\"@context\":\"https:\/\/schema.org\",\"@graph\":[{\"@type\":\"WebPage\",\"@id\":\"https:\/\/univet.hu\/konyvtar\/rolunk\/szabalyzatok\/\",\"url\":\"https:\/\/univet.hu\/konyvtar\/rolunk\/szabalyzatok\/\",\"name\":\"Szab\u00e1lyzatok - Hut\u00ffra Ferenc K\u00f6nyvt\u00e1r, Lev\u00e9lt\u00e1r \u00e9s M\u00fazeum\",\"isPartOf\":{\"@id\":\"https:\/\/univet.hu\/konyvtar\/#website\"},\"datePublished\":\"2025-07-09T10:27:41+00:00\",\"dateModified\":\"2026-01-12T12:54:48+00:00\",\"breadcrumb\":{\"@id\":\"https:\/\/univet.hu\/konyvtar\/rolunk\/szabalyzatok\/#breadcrumb\"},\"inLanguage\":\"hu\",\"potentialAction\":[{\"@type\":\"ReadAction\",\"target\":[\"https:\/\/univet.hu\/konyvtar\/rolunk\/szabalyzatok\/\"]}]},{\"@type\":\"BreadcrumbList\",\"@id\":\"https:\/\/univet.hu\/konyvtar\/rolunk\/szabalyzatok\/#breadcrumb\",\"itemListElement\":[{\"@type\":\"ListItem\",\"position\":1,\"name\":\"Kezd\u0151lap\",\"item\":\"https:\/\/univet.hu\/konyvtar\/\"},{\"@type\":\"ListItem\",\"position\":2,\"name\":\"R\u00f3lunk\",\"item\":\"https:\/\/univet.hu\/konyvtar\/rolunk\/\"},{\"@type\":\"ListItem\",\"position\":3,\"name\":\"Szab\u00e1lyzatok\"}]},{\"@type\":\"WebSite\",\"@id\":\"https:\/\/univet.hu\/konyvtar\/#website\",\"url\":\"https:\/\/univet.hu\/konyvtar\/\",\"name\":\"Hut\u00ffra Ferenc K\u00f6nyvt\u00e1r, Lev\u00e9lt\u00e1r \u00e9s M\u00fazeum\",\"description\":\"\",\"potentialAction\":[{\"@type\":\"SearchAction\",\"target\":{\"@type\":\"EntryPoint\",\"urlTemplate\":\"https:\/\/univet.hu\/konyvtar\/?s={search_term_string}\"},\"query-input\":{\"@type\":\"PropertyValueSpecification\",\"valueRequired\":true,\"valueName\":\"search_term_string\"}}],\"inLanguage\":\"hu\"}]}<\/script>\n<!-- \/ Yoast SEO plugin. -->","yoast_head_json":{"title":"Szab\u00e1lyzatok - Hut\u00ffra Ferenc K\u00f6nyvt\u00e1r, Lev\u00e9lt\u00e1r \u00e9s M\u00fazeum","robots":{"index":"index","follow":"follow","max-snippet":"max-snippet:-1","max-image-preview":"max-image-preview:large","max-video-preview":"max-video-preview:-1"},"canonical":"https:\/\/univet.hu\/konyvtar\/rolunk\/szabalyzatok\/","og_locale":"hu_HU","og_type":"article","og_title":"Szab\u00e1lyzatok - Hut\u00ffra Ferenc K\u00f6nyvt\u00e1r, Lev\u00e9lt\u00e1r \u00e9s M\u00fazeum","og_description":"A Hut\u00ffra Ferenc K\u00f6nyvt\u00e1r, Lev\u00e9lt\u00e1r \u00e9s M\u00fazeum \u00dcgyrendje 1. sz. mell\u00e9klet: A szervezeti egys\u00e9g \u00e1ltal vezetett nyilv\u00e1ntart\u00e1sok jegyz\u00e9ke 2. sz. mell\u00e9klet: A Hut\u00ffra Ferenc K\u00f6nyvt\u00e1r haszn\u00e1lati szab\u00e1lyzata 3. sz. mell\u00e9klet: A K\u00f6nyvt\u00e1r gy\u0171jt\u0151k\u00f6ri \u00e9s gy\u0171jtem\u00e9nyszervez\u00e9si szab\u00e1lyzat 4. sz. mell\u00e9klet: A K\u00f6nyvt\u00e1r k\u00fcldet\u00e9snyilatkozata 5. sz. mell\u00e9klet: Az \u00c1llatorvostudom\u00e1nyi Egyetem lev\u00e9lt\u00e1r\u00e1nak kutat\u00f3termi szab\u00e1lyzata 6. sz. mell\u00e9klet: Az","og_url":"https:\/\/univet.hu\/konyvtar\/rolunk\/szabalyzatok\/","og_site_name":"Hut\u00ffra Ferenc K\u00f6nyvt\u00e1r, Lev\u00e9lt\u00e1r \u00e9s M\u00fazeum","article_modified_time":"2026-01-12T12:54:48+00:00","twitter_card":"summary_large_image","twitter_misc":{"Becs\u00fclt olvas\u00e1si id\u0151":"1 perc"},"schema":{"@context":"https:\/\/schema.org","@graph":[{"@type":"WebPage","@id":"https:\/\/univet.hu\/konyvtar\/rolunk\/szabalyzatok\/","url":"https:\/\/univet.hu\/konyvtar\/rolunk\/szabalyzatok\/","name":"Szab\u00e1lyzatok - Hut\u00ffra Ferenc K\u00f6nyvt\u00e1r, Lev\u00e9lt\u00e1r \u00e9s M\u00fazeum","isPartOf":{"@id":"https:\/\/univet.hu\/konyvtar\/#website"},"datePublished":"2025-07-09T10:27:41+00:00","dateModified":"2026-01-12T12:54:48+00:00","breadcrumb":{"@id":"https:\/\/univet.hu\/konyvtar\/rolunk\/szabalyzatok\/#breadcrumb"},"inLanguage":"hu","potentialAction":[{"@type":"ReadAction","target":["https:\/\/univet.hu\/konyvtar\/rolunk\/szabalyzatok\/"]}]},{"@type":"BreadcrumbList","@id":"https:\/\/univet.hu\/konyvtar\/rolunk\/szabalyzatok\/#breadcrumb","itemListElement":[{"@type":"ListItem","position":1,"name":"Kezd\u0151lap","item":"https:\/\/univet.hu\/konyvtar\/"},{"@type":"ListItem","position":2,"name":"R\u00f3lunk","item":"https:\/\/univet.hu\/konyvtar\/rolunk\/"},{"@type":"ListItem","position":3,"name":"Szab\u00e1lyzatok"}]},{"@type":"WebSite","@id":"https:\/\/univet.hu\/konyvtar\/#website","url":"https:\/\/univet.hu\/konyvtar\/","name":"Hut\u00ffra Ferenc K\u00f6nyvt\u00e1r, Lev\u00e9lt\u00e1r \u00e9s M\u00fazeum","description":"","potentialAction":[{"@type":"SearchAction","target":{"@type":"EntryPoint","urlTemplate":"https:\/\/univet.hu\/konyvtar\/?s={search_term_string}"},"query-input":{"@type":"PropertyValueSpecification","valueRequired":true,"valueName":"search_term_string"}}],"inLanguage":"hu"}]}},"_links":{"self":[{"href":"https:\/\/univet.hu\/konyvtar\/wp-json\/wp\/v2\/pages\/99","targetHints":{"allow":["GET"]}}],"collection":[{"href":"https:\/\/univet.hu\/konyvtar\/wp-json\/wp\/v2\/pages"}],"about":[{"href":"https:\/\/univet.hu\/konyvtar\/wp-json\/wp\/v2\/types\/page"}],"author":[{"embeddable":true,"href":"https:\/\/univet.hu\/konyvtar\/wp-json\/wp\/v2\/users\/4333"}],"replies":[{"embeddable":true,"href":"https:\/\/univet.hu\/konyvtar\/wp-json\/wp\/v2\/comments?post=99"}],"version-history":[{"count":2,"href":"https:\/\/univet.hu\/konyvtar\/wp-json\/wp\/v2\/pages\/99\/revisions"}],"predecessor-version":[{"id":777,"href":"https:\/\/univet.hu\/konyvtar\/wp-json\/wp\/v2\/pages\/99\/revisions\/777"}],"up":[{"embeddable":true,"href":"https:\/\/univet.hu\/konyvtar\/wp-json\/wp\/v2\/pages\/36"}],"wp:attachment":[{"href":"https:\/\/univet.hu\/konyvtar\/wp-json\/wp\/v2\/media?parent=99"}],"wp:term":[{"taxonomy":"category","embeddable":true,"href":"https:\/\/univet.hu\/konyvtar\/wp-json\/wp\/v2\/categories?post=99"},{"taxonomy":"post_tag","embeddable":true,"href":"https:\/\/univet.hu\/konyvtar\/wp-json\/wp\/v2\/tags?post=99"}],"curies":[{"name":"wp","href":"https:\/\/api.w.org\/{rel}","templated":true}]}}