{"id":9,"date":"2026-02-12T17:10:51","date_gmt":"2026-02-12T16:10:51","guid":{"rendered":"https:\/\/univet.hu\/laborcentrum\/?page_id=9"},"modified":"2026-03-23T15:02:20","modified_gmt":"2026-03-23T14:02:20","slug":"cimlap","status":"publish","type":"page","link":"https:\/\/univet.hu\/laborcentrum\/","title":{"rendered":"Laborat\u00f3riumaink"},"content":{"rendered":"<p style=\"text-align: center;\"><strong>\u00c9lelmiszerl\u00e1nc Laborat\u00f3rium Centrum<\/strong><\/p> <p style=\"text-align: center;\">1078 Budapest, Marek J\u00f3zsef u. 2.<\/p> <p>&nbsp;<\/p> <p><strong>Mikrobiol\u00f3giai laborat\u00f3rium tev\u00e9kenys\u00e9gi k\u00f6re:<\/strong><\/p> <p>Akkredit\u00e1l\u00e1si szabv\u00e1ny: MSZ EN ISO\/IEC 17025:2018<\/p> <p>Akkredit\u00e1l\u00e1si sz\u00e1m: NAH-1-1527\/2025<\/p> <p>Az akkredit\u00e1lt st\u00e1tusz kezdet\u00e9nek napja: 2025. december 18.<\/p> <p>Az akkredit\u00e1lt st\u00e1tusz lej\u00e1rat\u00e1nak napja: 2030. december 18.<\/p> <p><strong>\u00c1raj\u00e1nlat\u00e9rt k\u00e9rj\u00fck forduljanak bizalommal koll\u00e9g\u00e1inkhoz az al\u00e1bbi el\u00e9rhet\u0151s\u00e9geken:<\/strong><\/p> <p><strong><a class=\"decrypt\" rel=\"njlsp\/mbcpsAvojwfu\/iv\" href=\"javascript:void(0);\">[Kattintson az emailc\u00edmhez]<\/a><\/strong><\/p> <p><strong>+3630\/135-6402<\/strong><\/p> <p>&nbsp;<\/p> <p>&nbsp;<\/p> <p>&nbsp;<\/p> <table> <tbody> <tr> <td width=\"201\">A vizsg\u00e1lt term\u00e9k\/anyag Products \/ materials tested<\/td> <td width=\"201\"> <p>A vizsg\u00e1lt\/m\u00e9rt jellemz\u0151, a vizsg\u00e1lat t\u00edpusa, m\u00e9r\u00e9si tartom\u00e1ny<\/p> <p>Component, parameter or characteristic tested, type of test\/properties measured, Range of measurement<\/td> <td width=\"201\"> <p>A vizsg\u00e1lati\/m\u00e9r\u00e9si m\u00f3dszer azonos\u00edt\u00f3ja:<\/p> <p>Standard specifications\/method<\/td> <\/tr> <tr> <td width=\"201\">\u00c9lelmiszerek, higi\u00e9niai mint\u00e1k<\/td> <td width=\"201\">A mikrobiol\u00f3giai vizsg\u00e1latok \u00e1ltal\u00e1nos ir\u00e1nyelvei.<\/td> <td width=\"201\">MSZ EN ISO 7218:2016<\/td> <\/tr> <tr> <td width=\"201\">\u00c9lelmiszerek, higi\u00e9niai mint\u00e1k<\/td> <td width=\"201\"> <p>Mikroorganizmusok sz\u00e1ma Lemez\u00f6nt\u00e9ses telepsz\u00e1ml\u00e1l\u00e1s<\/p> <p>Telepsz\u00e1m \u226510 \/g<\/td> <td width=\"201\">MSZ EN ISO 4833-1:2014<\/td> <\/tr> <tr> <td width=\"201\">\u00c9lelmiszerek, higi\u00e9niai mint\u00e1k<\/td> <td width=\"201\"> <p>\u00c9leszt\u0151k \u00e9s pen\u00e9szek sz\u00e1ma Telepsz\u00e1ml\u00e1l\u00e1s<\/p> <p>Telepsz\u00e1m \u226510 \/g<\/td> <td width=\"201\">MSZ ISO 21527-1:2013<\/td> <\/tr> <tr> <td width=\"201\">\u00c9lelmiszerek, higi\u00e9niai mint\u00e1k<\/td> <td width=\"201\"> <p>Clostridium perfringens sz\u00e1m<\/p> <p>Telepsz\u00e1ml\u00e1l\u00e1s<\/p> <p>Telepsz\u00e1m \u226510 \/g<\/td> <td width=\"201\">MSZ EN ISO 7937:2005<\/td> <\/tr> <tr> <td width=\"201\">\u00c9lelmiszerek, higi\u00e9niai mint\u00e1k<\/td> <td width=\"201\">Szalmonell\u00e1k kimutat\u00e1sa. Jelenl\u00e9t\/hi\u00e1ny pr\u00f3ba.<\/td> <td width=\"201\">MSZ EN ISO 6579-1:2017 MSZ EN ISO 6579:2017\/A1:2020<\/td> <\/tr> <tr> <td width=\"201\"><\/td> <td width=\"201\"><\/td> <td width=\"201\"><\/td> <\/tr> <tr> <td width=\"201\">\u00c9lelmiszerek, higi\u00e9niai mint\u00e1k<\/td> <td width=\"201\">Koagul\u00e1z pozit\u00edv Staphylococcusok sz\u00e1ma. Telepsz\u00e1ml\u00e1l\u00e1s Telepsz\u00e1m \u2265100\/g<\/td> <td width=\"201\">MSZ EN ISO 6888-1:2021<\/td> <\/tr> <tr> <td width=\"201\">\u00c9lelmiszerek, higi\u00e9niai mint\u00e1k<\/td> <td width=\"201\"> <p>\u03b2-glukuronid\u00e1z pozit\u00edv E. coli sz\u00e1ma.<\/p> <p>Telepsz\u00e1ml\u00e1l\u00e1s Telepsz\u00e1m \u226510 \/g<\/td> <td width=\"201\">MSZ ISO 16649-2:2005<\/td> <\/tr> <tr> <td width=\"201\">\u00c9lelmiszerek, higi\u00e9niai mint\u00e1k<\/td> <td width=\"201\"> <p>\u03b2-glukuronid\u00e1z pozit\u00edv E. coli sz\u00e1ma.<\/p> <p>MPN m\u00f3dszer. MPN \u22650,3 \/g<\/td> <td width=\"201\">MSZ EN ISO 16649-3:2015<\/td> <\/tr> <tr> <td width=\"201\">\u00c9lelmiszerek, higi\u00e9niai mint\u00e1k<\/td> <td width=\"201\"> <p>Enterobakteriumok sz\u00e1ma. Telepsz\u00e1ml\u00e1l\u00e1s.<\/p> <p>Telepsz\u00e1m \u226510 \/g<\/td> <td width=\"201\">MSZ EN ISO:21528-2:2017<\/td> <\/tr> <tr> <td width=\"201\">\u00c9lelmiszerek, higi\u00e9niai mint\u00e1k<\/td> <td width=\"201\">Listeria monocytogenes kimutat\u00e1sa jelenl\u00e9t\/hi\u00e1ny pr\u00f3ba<\/td> <td width=\"201\">MSZ EN ISO 11290-1:2017<\/td> <\/tr> <tr> <td width=\"201\">H\u00fasok \u00e9s h\u00fasalap\u00fa \u00e9lelmiszerek, higi\u00e9niai mint\u00e1k<\/td> <td width=\"201\"> <p>22 \u00e9s 37 \u00b0C-on teny\u00e9szthet\u0151 mikrobasz\u00e1m meghat\u00e1roz\u00e1sa Telepsz\u00e1ml\u00e1l\u00e1s<\/p> <p>Telepsz\u00e1m: \u22651 \/ml<\/td> <td width=\"201\">MSZ EN ISO 6222:2000<\/td> <\/tr> <tr> <td width=\"201\">H\u00fasok \u00e9s h\u00fasalap\u00fa \u00e9lelmiszerek, higi\u00e9niai mint\u00e1k<\/td> <td width=\"201\">Coliformok \u00e9s Escherichia coli sz\u00e1ma membr\u00e1nsz\u0171r\u00e9s Telepsz\u00e1m: \u22651 \/sz\u0171rt ml<\/td> <td width=\"201\">MSZ EN ISO 9308-1:2015 MSZ EN ISO 9308-1:2014\/A1:2017<\/td> <\/tr> <tr> <td width=\"201\">V\u00edz (iv\u00f3v\u00edz, \u00e1sv\u00e1nyv\u00edz, palackozott v\u00edz)<\/td> <td width=\"201\">22 \u00e9s 37 \u00b0C-on teny\u00e9szthet\u0151 mikrobasz\u00e1m meghat\u00e1roz\u00e1sa Telepsz\u00e1ml\u00e1l\u00e1s Telepsz\u00e1m: \u22651 \/ml<\/td> <td width=\"201\">MSZ EN ISO 6222:2000<\/td> <\/tr> <tr> <td width=\"201\">V\u00edz (iv\u00f3v\u00edz, \u00e1sv\u00e1nyv\u00edz, palackozott v\u00edz)<\/td> <td width=\"201\">Coliformok \u00e9s Escherichia coli sz\u00e1ma membr\u00e1nsz\u0171r\u00e9s Telepsz\u00e1m: \u22651 \/sz\u0171rt ml<\/td> <td width=\"201\">MSZ EN ISO 9308-1:2015 MSZ EN ISO 9308-1:2014\/A1:2017<\/td> <\/tr> <tr> <td width=\"201\">V\u00edz (iv\u00f3v\u00edz, \u00e1sv\u00e1nyv\u00edz, palackozott v\u00edz)<\/td> <td width=\"201\">Pseudomonas aeruginosa sz\u00e1ma membr\u00e1nsz\u0171r\u00e9s Telepsz\u00e1m: \u22651 \/ sz\u0171rt ml<\/td> <td width=\"201\">MSZ EN ISO 16266:2008<\/td> <\/tr> <tr> <td width=\"201\">V\u00edz (iv\u00f3v\u00edz, \u00e1sv\u00e1nyv\u00edz, palackozott v\u00edz)<\/td> <td width=\"201\">Enterococcusok sz\u00e1ma membr\u00e1nsz\u0171r\u00e9s Telepsz\u00e1m: \u22651 \/ sz\u0171rt ml<\/td> <td width=\"201\">MSZ EN ISO 7899-2:2000<\/td> <\/tr> <tr> <td width=\"201\">V\u00edz, h\u00fas, tej \u00e9s higi\u00e9niai mint\u00e1k<\/td> <td width=\"201\"> <p>Gyors vizsg\u00e1lat v\u00edz: 22 \u00e9s 37 \u00b0C-on teny\u00e9szthet\u0151 mikrobasz\u00e1m, E. coli-, Coliform-, Enterococcus-, Ps. aeruginosa sz\u00e1m<\/p> <p>h\u00fas: Enterobakt\u00e9rium \u00e9s \u00d6sszmikrobasz\u00e1m<\/p> <p>tej: \u00d6sszmikroba-sz\u00e1m higi\u00e9niai mint\u00e1k: Enterobakt\u00e9rium \u00e9s \u00d6sszmikroba-sz\u00e1m mikrobiol\u00f3giai min\u0151s\u00e9g\u00e9nek ellen\u0151rz\u00e9s\u00e9re.<\/p> <p>M\u0171szeres vizsg\u00e1lat<\/p> <p>Mikroba \u22651\/m\u00e9r\u0151cella<\/td> <td width=\"201\">Saj\u00e1t fejleszt\u00e9s\u0171 m\u00f3dszer: Microtester-1:2010<\/td> <\/tr> <tr> <td width=\"201\">Fel\u00fcletek<\/td> <td width=\"201\">Tamponos mintav\u00e9tel<\/td> <td width=\"201\">MSZ ISO 18593:2018<\/td> <\/tr> <tr> <td width=\"201\">V\u00edz<\/td> <td width=\"201\">Mintav\u00e9tel<\/td> <td width=\"201\">MSZ EN ISO 19458:2007<\/td> <\/tr> <\/tbody> <\/table> <p>&nbsp;<\/p>","protected":false},"excerpt":{"rendered":"<p>\u00c9lelmiszerl\u00e1nc Laborat\u00f3rium Centrum 1078 Budapest, Marek J\u00f3zsef u. 2. &nbsp; Mikrobiol\u00f3giai laborat\u00f3rium tev\u00e9kenys\u00e9gi k\u00f6re: Akkredit\u00e1l\u00e1si szabv\u00e1ny: MSZ EN ISO\/IEC 17025:2018 Akkredit\u00e1l\u00e1si sz\u00e1m: NAH-1-1527\/2025 Az akkredit\u00e1lt st\u00e1tusz kezdet\u00e9nek napja: 2025. december 18. Az akkredit\u00e1lt st\u00e1tusz lej\u00e1rat\u00e1nak napja: 2030. december 18. \u00c1raj\u00e1nlat\u00e9rt k\u00e9rj\u00fck forduljanak bizalommal koll\u00e9g\u00e1inkhoz az al\u00e1bbi el\u00e9rhet\u0151s\u00e9geken: [Kattintson az emailc\u00edmhez] +3630\/135-6402 &nbsp; &nbsp; &nbsp; A<\/p>\n","protected":false},"author":4844,"featured_media":0,"parent":0,"menu_order":0,"comment_status":"closed","ping_status":"closed","template":"","meta":{"_acf_changed":false,"footnotes":""},"categories":[],"tags":[],"class_list":["post-9","page","type-page","status-publish","hentry"],"acf":[],"yoast_head":"<!-- This site is optimized with the Yoast SEO plugin v27.2 - https:\/\/yoast.com\/product\/yoast-seo-wordpress\/ -->\n<title>Laborat\u00f3riumaink - \u00c9lelmiszerl\u00e1nc Laborat\u00f3rium Centrum<\/title>\n<meta name=\"robots\" content=\"index, follow, max-snippet:-1, max-image-preview:large, max-video-preview:-1\" \/>\n<link rel=\"canonical\" href=\"https:\/\/univet.hu\/laborcentrum\/\" \/>\n<meta property=\"og:locale\" content=\"hu_HU\" \/>\n<meta property=\"og:type\" content=\"article\" \/>\n<meta property=\"og:title\" content=\"Laborat\u00f3riumaink - \u00c9lelmiszerl\u00e1nc Laborat\u00f3rium Centrum\" \/>\n<meta property=\"og:description\" content=\"\u00c9lelmiszerl\u00e1nc Laborat\u00f3rium Centrum 1078 Budapest, Marek J\u00f3zsef u. 2. &nbsp; Mikrobiol\u00f3giai laborat\u00f3rium tev\u00e9kenys\u00e9gi k\u00f6re: Akkredit\u00e1l\u00e1si szabv\u00e1ny: MSZ EN ISO\/IEC 17025:2018 Akkredit\u00e1l\u00e1si sz\u00e1m: NAH-1-1527\/2025 Az akkredit\u00e1lt st\u00e1tusz kezdet\u00e9nek napja: 2025. december 18. Az akkredit\u00e1lt st\u00e1tusz lej\u00e1rat\u00e1nak napja: 2030. december 18. \u00c1raj\u00e1nlat\u00e9rt k\u00e9rj\u00fck forduljanak bizalommal koll\u00e9g\u00e1inkhoz az al\u00e1bbi el\u00e9rhet\u0151s\u00e9geken: [Kattintson az emailc\u00edmhez] +3630\/135-6402 &nbsp; &nbsp; &nbsp; A\" \/>\n<meta property=\"og:url\" content=\"https:\/\/univet.hu\/laborcentrum\/\" \/>\n<meta property=\"og:site_name\" content=\"\u00c9lelmiszerl\u00e1nc Laborat\u00f3rium Centrum\" \/>\n<meta property=\"article:modified_time\" content=\"2026-03-23T14:02:20+00:00\" \/>\n<meta name=\"twitter:card\" content=\"summary_large_image\" \/>\n<meta name=\"twitter:label1\" content=\"Becs\u00fclt olvas\u00e1si id\u0151\" \/>\n\t<meta name=\"twitter:data1\" content=\"3 perc\" \/>\n<script type=\"application\/ld+json\" class=\"yoast-schema-graph\">{\"@context\":\"https:\/\/schema.org\",\"@graph\":[{\"@type\":\"WebPage\",\"@id\":\"https:\/\/univet.hu\/laborcentrum\/\",\"url\":\"https:\/\/univet.hu\/laborcentrum\/\",\"name\":\"Laborat\u00f3riumaink - \u00c9lelmiszerl\u00e1nc Laborat\u00f3rium Centrum\",\"isPartOf\":{\"@id\":\"https:\/\/univet.hu\/laborcentrum\/#website\"},\"datePublished\":\"2026-02-12T16:10:51+00:00\",\"dateModified\":\"2026-03-23T14:02:20+00:00\",\"breadcrumb\":{\"@id\":\"https:\/\/univet.hu\/laborcentrum\/#breadcrumb\"},\"inLanguage\":\"hu\",\"potentialAction\":[{\"@type\":\"ReadAction\",\"target\":[\"https:\/\/univet.hu\/laborcentrum\/\"]}]},{\"@type\":\"BreadcrumbList\",\"@id\":\"https:\/\/univet.hu\/laborcentrum\/#breadcrumb\",\"itemListElement\":[{\"@type\":\"ListItem\",\"position\":1,\"name\":\"Kezd\u0151lap\",\"item\":\"https:\/\/univet.hu\/laborcentrum\/\"},{\"@type\":\"ListItem\",\"position\":2,\"name\":\"Laborat\u00f3riumaink\"}]},{\"@type\":\"WebSite\",\"@id\":\"https:\/\/univet.hu\/laborcentrum\/#website\",\"url\":\"https:\/\/univet.hu\/laborcentrum\/\",\"name\":\"\u00c9lelmiszerl\u00e1nc Laborat\u00f3rium Centrum\",\"description\":\"\",\"potentialAction\":[{\"@type\":\"SearchAction\",\"target\":{\"@type\":\"EntryPoint\",\"urlTemplate\":\"https:\/\/univet.hu\/laborcentrum\/?s={search_term_string}\"},\"query-input\":{\"@type\":\"PropertyValueSpecification\",\"valueRequired\":true,\"valueName\":\"search_term_string\"}}],\"inLanguage\":\"hu\"}]}<\/script>\n<!-- \/ Yoast SEO plugin. -->","yoast_head_json":{"title":"Laborat\u00f3riumaink - \u00c9lelmiszerl\u00e1nc Laborat\u00f3rium Centrum","robots":{"index":"index","follow":"follow","max-snippet":"max-snippet:-1","max-image-preview":"max-image-preview:large","max-video-preview":"max-video-preview:-1"},"canonical":"https:\/\/univet.hu\/laborcentrum\/","og_locale":"hu_HU","og_type":"article","og_title":"Laborat\u00f3riumaink - \u00c9lelmiszerl\u00e1nc Laborat\u00f3rium Centrum","og_description":"\u00c9lelmiszerl\u00e1nc Laborat\u00f3rium Centrum 1078 Budapest, Marek J\u00f3zsef u. 2. &nbsp; Mikrobiol\u00f3giai laborat\u00f3rium tev\u00e9kenys\u00e9gi k\u00f6re: Akkredit\u00e1l\u00e1si szabv\u00e1ny: MSZ EN ISO\/IEC 17025:2018 Akkredit\u00e1l\u00e1si sz\u00e1m: NAH-1-1527\/2025 Az akkredit\u00e1lt st\u00e1tusz kezdet\u00e9nek napja: 2025. december 18. Az akkredit\u00e1lt st\u00e1tusz lej\u00e1rat\u00e1nak napja: 2030. december 18. \u00c1raj\u00e1nlat\u00e9rt k\u00e9rj\u00fck forduljanak bizalommal koll\u00e9g\u00e1inkhoz az al\u00e1bbi el\u00e9rhet\u0151s\u00e9geken: [Kattintson az emailc\u00edmhez] +3630\/135-6402 &nbsp; &nbsp; &nbsp; A","og_url":"https:\/\/univet.hu\/laborcentrum\/","og_site_name":"\u00c9lelmiszerl\u00e1nc Laborat\u00f3rium Centrum","article_modified_time":"2026-03-23T14:02:20+00:00","twitter_card":"summary_large_image","twitter_misc":{"Becs\u00fclt olvas\u00e1si id\u0151":"3 perc"},"schema":{"@context":"https:\/\/schema.org","@graph":[{"@type":"WebPage","@id":"https:\/\/univet.hu\/laborcentrum\/","url":"https:\/\/univet.hu\/laborcentrum\/","name":"Laborat\u00f3riumaink - \u00c9lelmiszerl\u00e1nc Laborat\u00f3rium Centrum","isPartOf":{"@id":"https:\/\/univet.hu\/laborcentrum\/#website"},"datePublished":"2026-02-12T16:10:51+00:00","dateModified":"2026-03-23T14:02:20+00:00","breadcrumb":{"@id":"https:\/\/univet.hu\/laborcentrum\/#breadcrumb"},"inLanguage":"hu","potentialAction":[{"@type":"ReadAction","target":["https:\/\/univet.hu\/laborcentrum\/"]}]},{"@type":"BreadcrumbList","@id":"https:\/\/univet.hu\/laborcentrum\/#breadcrumb","itemListElement":[{"@type":"ListItem","position":1,"name":"Kezd\u0151lap","item":"https:\/\/univet.hu\/laborcentrum\/"},{"@type":"ListItem","position":2,"name":"Laborat\u00f3riumaink"}]},{"@type":"WebSite","@id":"https:\/\/univet.hu\/laborcentrum\/#website","url":"https:\/\/univet.hu\/laborcentrum\/","name":"\u00c9lelmiszerl\u00e1nc Laborat\u00f3rium Centrum","description":"","potentialAction":[{"@type":"SearchAction","target":{"@type":"EntryPoint","urlTemplate":"https:\/\/univet.hu\/laborcentrum\/?s={search_term_string}"},"query-input":{"@type":"PropertyValueSpecification","valueRequired":true,"valueName":"search_term_string"}}],"inLanguage":"hu"}]}},"_links":{"self":[{"href":"https:\/\/univet.hu\/laborcentrum\/wp-json\/wp\/v2\/pages\/9","targetHints":{"allow":["GET"]}}],"collection":[{"href":"https:\/\/univet.hu\/laborcentrum\/wp-json\/wp\/v2\/pages"}],"about":[{"href":"https:\/\/univet.hu\/laborcentrum\/wp-json\/wp\/v2\/types\/page"}],"author":[{"embeddable":true,"href":"https:\/\/univet.hu\/laborcentrum\/wp-json\/wp\/v2\/users\/4844"}],"replies":[{"embeddable":true,"href":"https:\/\/univet.hu\/laborcentrum\/wp-json\/wp\/v2\/comments?post=9"}],"version-history":[{"count":5,"href":"https:\/\/univet.hu\/laborcentrum\/wp-json\/wp\/v2\/pages\/9\/revisions"}],"predecessor-version":[{"id":33,"href":"https:\/\/univet.hu\/laborcentrum\/wp-json\/wp\/v2\/pages\/9\/revisions\/33"}],"wp:attachment":[{"href":"https:\/\/univet.hu\/laborcentrum\/wp-json\/wp\/v2\/media?parent=9"}],"wp:term":[{"taxonomy":"category","embeddable":true,"href":"https:\/\/univet.hu\/laborcentrum\/wp-json\/wp\/v2\/categories?post=9"},{"taxonomy":"post_tag","embeddable":true,"href":"https:\/\/univet.hu\/laborcentrum\/wp-json\/wp\/v2\/tags?post=9"}],"curies":[{"name":"wp","href":"https:\/\/api.w.org\/{rel}","templated":true}]}}