{"id":100017,"date":"1970-01-01T01:00:00","date_gmt":"1970-01-01T00:00:00","guid":{"rendered":"https:\/\/univet.hu\/?page_id=100017"},"modified":"2025-10-07T14:45:08","modified_gmt":"2025-10-07T12:45:08","slug":"thesis-topics","status":"publish","type":"page","link":"https:\/\/univet.hu\/novenytani-tanszek\/de\/lehrstuhl-fur-botanik\/thesis-topics\/","title":{"rendered":"Thesis topics"},"content":{"rendered":"<h4><a href=\"https:\/\/univet.hu\/de\/universitaet\/mitarbeiter\/peli-evelin-ramona\/\"><span style=\"color: #0000ff\">Dr. P\u00e9li Evelin Ram\u00f3na\u00a0<\/span><\/a><\/h4> <p><em><strong>E-mail:\u00a0<a class=\"decrypt\" rel=\"Qfmj\/Fwfmjo\/SbnpobAvojwfu\/iv\">[Click to see email]<\/a><\/strong><\/em><\/p> <ul> <li>Seasonal and climatic changes of plant fructan content in pasture stands<\/li> <li>Ecophysiological investigation of tropical desiccation tolerant plant species during rehydration<\/li> <\/ul> <h4><a href=\"https:\/\/univet.hu\/de\/universitaet\/mitarbeiter\/vetter-janos\/\"><span style=\"color: #0000ff\">Dr. Vetter J\u00e1nos<\/span><\/a><\/h4> <p><em><strong>E-mail:\u00a0<a class=\"decrypt\" rel=\"Wfuufs\/KboptAvojwfu\/iv\">[Click to see email]<\/a><\/strong><\/em><\/p> <ul> <li>Protein inhibitors of plant origin<\/li> <li>Simple detection (screening) of active ingredients from plants<\/li> <li>Botanical and veterinary importance of plant cyanogenic glycosides<\/li> <li>Nitrate levels of plants and the zoohygienic consequences<\/li> <\/ul> <p>&nbsp;<\/p> <p><span style=\"color: #0000ff\"><em><strong>Update: 2025.10.07.<\/strong><\/em><\/span><\/p>","protected":false},"excerpt":{"rendered":"<p>Dr. P\u00e9li Evelin Ram\u00f3na\u00a0 E-mail:\u00a0[Click to see email] Seasonal and climatic changes of plant fructan content in pasture stands Ecophysiological investigation of tropical desiccation tolerant plant species during rehydration Dr. Vetter J\u00e1nos E-mail:\u00a0[Click to see email] Protein inhibitors of plant origin Simple detection (screening) of active ingredients from plants Botanical and veterinary importance of plant<\/p>\n","protected":false},"author":4844,"featured_media":0,"parent":3367,"menu_order":5,"comment_status":"closed","ping_status":"closed","template":"","meta":{"_acf_changed":false,"footnotes":""},"categories":[],"tags":[],"class_list":["post-100017","page","type-page","status-publish","hentry"],"acf":[],"yoast_head":"<!-- This site is optimized with the Yoast SEO plugin v27.2 - https:\/\/yoast.com\/product\/yoast-seo-wordpress\/ -->\n<title>Thesis topics - N\u00f6v\u00e9nytani Tansz\u00e9k<\/title>\n<meta name=\"robots\" content=\"index, follow, max-snippet:-1, max-image-preview:large, max-video-preview:-1\" \/>\n<link rel=\"canonical\" href=\"https:\/\/univet.hu\/novenytani-tanszek\/de\/lehrstuhl-fur-botanik\/thesis-topics\/\" \/>\n<meta property=\"og:locale\" content=\"de_DE\" \/>\n<meta property=\"og:type\" content=\"article\" \/>\n<meta property=\"og:title\" content=\"Thesis topics - N\u00f6v\u00e9nytani Tansz\u00e9k\" \/>\n<meta property=\"og:description\" content=\"Dr. P\u00e9li Evelin Ram\u00f3na\u00a0 E-mail:\u00a0[Click to see email] Seasonal and climatic changes of plant fructan content in pasture stands Ecophysiological investigation of tropical desiccation tolerant plant species during rehydration Dr. Vetter J\u00e1nos E-mail:\u00a0[Click to see email] Protein inhibitors of plant origin Simple detection (screening) of active ingredients from plants Botanical and veterinary importance of plant\" \/>\n<meta property=\"og:url\" content=\"https:\/\/univet.hu\/novenytani-tanszek\/de\/lehrstuhl-fur-botanik\/thesis-topics\/\" \/>\n<meta property=\"og:site_name\" content=\"N\u00f6v\u00e9nytani Tansz\u00e9k\" \/>\n<meta property=\"article:modified_time\" content=\"2025-10-07T12:45:08+00:00\" \/>\n<meta name=\"twitter:card\" content=\"summary_large_image\" \/>\n<meta name=\"twitter:label1\" content=\"Gesch\u00e4tzte Lesezeit\" \/>\n\t<meta name=\"twitter:data1\" content=\"1\u00a0Minute\" \/>\n<script type=\"application\/ld+json\" class=\"yoast-schema-graph\">{\"@context\":\"https:\/\/schema.org\",\"@graph\":[{\"@type\":\"WebPage\",\"@id\":\"https:\/\/univet.hu\/novenytani-tanszek\/de\/lehrstuhl-fur-botanik\/thesis-topics\/\",\"url\":\"https:\/\/univet.hu\/novenytani-tanszek\/de\/lehrstuhl-fur-botanik\/thesis-topics\/\",\"name\":\"Thesis topics - N\u00f6v\u00e9nytani Tansz\u00e9k\",\"isPartOf\":{\"@id\":\"https:\/\/univet.hu\/novenytani-tanszek\/en\/#website\"},\"datePublished\":\"1970-01-01T00:00:00+00:00\",\"dateModified\":\"2025-10-07T12:45:08+00:00\",\"breadcrumb\":{\"@id\":\"https:\/\/univet.hu\/novenytani-tanszek\/de\/lehrstuhl-fur-botanik\/thesis-topics\/#breadcrumb\"},\"inLanguage\":\"de\",\"potentialAction\":[{\"@type\":\"ReadAction\",\"target\":[\"https:\/\/univet.hu\/novenytani-tanszek\/de\/lehrstuhl-fur-botanik\/thesis-topics\/\"]}]},{\"@type\":\"BreadcrumbList\",\"@id\":\"https:\/\/univet.hu\/novenytani-tanszek\/de\/lehrstuhl-fur-botanik\/thesis-topics\/#breadcrumb\",\"itemListElement\":[{\"@type\":\"ListItem\",\"position\":1,\"name\":\"Kezd\u0151lap\",\"item\":\"https:\/\/univet.hu\/novenytani-tanszek\/de\/\"},{\"@type\":\"ListItem\",\"position\":2,\"name\":\"Lehrstuhl f\u00fcr Botanik\",\"item\":\"https:\/\/univet.hu\/novenytani-tanszek\/de\/\"},{\"@type\":\"ListItem\",\"position\":3,\"name\":\"Thesis topics\"}]},{\"@type\":\"WebSite\",\"@id\":\"https:\/\/univet.hu\/novenytani-tanszek\/en\/#website\",\"url\":\"https:\/\/univet.hu\/novenytani-tanszek\/en\/\",\"name\":\"N\u00f6v\u00e9nytani Tansz\u00e9k\",\"description\":\"\",\"potentialAction\":[{\"@type\":\"SearchAction\",\"target\":{\"@type\":\"EntryPoint\",\"urlTemplate\":\"https:\/\/univet.hu\/novenytani-tanszek\/en\/?s={search_term_string}\"},\"query-input\":{\"@type\":\"PropertyValueSpecification\",\"valueRequired\":true,\"valueName\":\"search_term_string\"}}],\"inLanguage\":\"de\"}]}<\/script>\n<!-- \/ Yoast SEO plugin. -->","yoast_head_json":{"title":"Thesis topics - N\u00f6v\u00e9nytani Tansz\u00e9k","robots":{"index":"index","follow":"follow","max-snippet":"max-snippet:-1","max-image-preview":"max-image-preview:large","max-video-preview":"max-video-preview:-1"},"canonical":"https:\/\/univet.hu\/novenytani-tanszek\/de\/lehrstuhl-fur-botanik\/thesis-topics\/","og_locale":"de_DE","og_type":"article","og_title":"Thesis topics - N\u00f6v\u00e9nytani Tansz\u00e9k","og_description":"Dr. P\u00e9li Evelin Ram\u00f3na\u00a0 E-mail:\u00a0[Click to see email] Seasonal and climatic changes of plant fructan content in pasture stands Ecophysiological investigation of tropical desiccation tolerant plant species during rehydration Dr. Vetter J\u00e1nos E-mail:\u00a0[Click to see email] Protein inhibitors of plant origin Simple detection (screening) of active ingredients from plants Botanical and veterinary importance of plant","og_url":"https:\/\/univet.hu\/novenytani-tanszek\/de\/lehrstuhl-fur-botanik\/thesis-topics\/","og_site_name":"N\u00f6v\u00e9nytani Tansz\u00e9k","article_modified_time":"2025-10-07T12:45:08+00:00","twitter_card":"summary_large_image","twitter_misc":{"Gesch\u00e4tzte Lesezeit":"1\u00a0Minute"},"schema":{"@context":"https:\/\/schema.org","@graph":[{"@type":"WebPage","@id":"https:\/\/univet.hu\/novenytani-tanszek\/de\/lehrstuhl-fur-botanik\/thesis-topics\/","url":"https:\/\/univet.hu\/novenytani-tanszek\/de\/lehrstuhl-fur-botanik\/thesis-topics\/","name":"Thesis topics - N\u00f6v\u00e9nytani Tansz\u00e9k","isPartOf":{"@id":"https:\/\/univet.hu\/novenytani-tanszek\/en\/#website"},"datePublished":"1970-01-01T00:00:00+00:00","dateModified":"2025-10-07T12:45:08+00:00","breadcrumb":{"@id":"https:\/\/univet.hu\/novenytani-tanszek\/de\/lehrstuhl-fur-botanik\/thesis-topics\/#breadcrumb"},"inLanguage":"de","potentialAction":[{"@type":"ReadAction","target":["https:\/\/univet.hu\/novenytani-tanszek\/de\/lehrstuhl-fur-botanik\/thesis-topics\/"]}]},{"@type":"BreadcrumbList","@id":"https:\/\/univet.hu\/novenytani-tanszek\/de\/lehrstuhl-fur-botanik\/thesis-topics\/#breadcrumb","itemListElement":[{"@type":"ListItem","position":1,"name":"Kezd\u0151lap","item":"https:\/\/univet.hu\/novenytani-tanszek\/de\/"},{"@type":"ListItem","position":2,"name":"Lehrstuhl f\u00fcr Botanik","item":"https:\/\/univet.hu\/novenytani-tanszek\/de\/"},{"@type":"ListItem","position":3,"name":"Thesis topics"}]},{"@type":"WebSite","@id":"https:\/\/univet.hu\/novenytani-tanszek\/en\/#website","url":"https:\/\/univet.hu\/novenytani-tanszek\/en\/","name":"N\u00f6v\u00e9nytani Tansz\u00e9k","description":"","potentialAction":[{"@type":"SearchAction","target":{"@type":"EntryPoint","urlTemplate":"https:\/\/univet.hu\/novenytani-tanszek\/en\/?s={search_term_string}"},"query-input":{"@type":"PropertyValueSpecification","valueRequired":true,"valueName":"search_term_string"}}],"inLanguage":"de"}]}},"_links":{"self":[{"href":"https:\/\/univet.hu\/novenytani-tanszek\/de\/wp-json\/wp\/v2\/pages\/100017","targetHints":{"allow":["GET"]}}],"collection":[{"href":"https:\/\/univet.hu\/novenytani-tanszek\/de\/wp-json\/wp\/v2\/pages"}],"about":[{"href":"https:\/\/univet.hu\/novenytani-tanszek\/de\/wp-json\/wp\/v2\/types\/page"}],"author":[{"embeddable":true,"href":"https:\/\/univet.hu\/novenytani-tanszek\/de\/wp-json\/wp\/v2\/users\/4844"}],"replies":[{"embeddable":true,"href":"https:\/\/univet.hu\/novenytani-tanszek\/de\/wp-json\/wp\/v2\/comments?post=100017"}],"version-history":[{"count":4,"href":"https:\/\/univet.hu\/novenytani-tanszek\/de\/wp-json\/wp\/v2\/pages\/100017\/revisions"}],"predecessor-version":[{"id":177310,"href":"https:\/\/univet.hu\/novenytani-tanszek\/de\/wp-json\/wp\/v2\/pages\/100017\/revisions\/177310"}],"up":[{"embeddable":true,"href":"https:\/\/univet.hu\/novenytani-tanszek\/de\/wp-json\/wp\/v2\/pages\/3367"}],"wp:attachment":[{"href":"https:\/\/univet.hu\/novenytani-tanszek\/de\/wp-json\/wp\/v2\/media?parent=100017"}],"wp:term":[{"taxonomy":"category","embeddable":true,"href":"https:\/\/univet.hu\/novenytani-tanszek\/de\/wp-json\/wp\/v2\/categories?post=100017"},{"taxonomy":"post_tag","embeddable":true,"href":"https:\/\/univet.hu\/novenytani-tanszek\/de\/wp-json\/wp\/v2\/tags?post=100017"}],"curies":[{"name":"wp","href":"https:\/\/api.w.org\/{rel}","templated":true}]}}