{"id":13740,"date":"1970-01-01T01:00:00","date_gmt":"1970-01-01T00:00:00","guid":{"rendered":"http:\/\/univet.hu\/egyetem\/szervezeti-egysegek\/novenytani-tanszek\/fogadoorak\/"},"modified":"2026-03-17T13:03:41","modified_gmt":"2026-03-17T12:03:41","slug":"consultig-hours","status":"publish","type":"page","link":"https:\/\/univet.hu\/novenytani-tanszek\/de\/lehrstuhl-fur-botanik\/consultig-hours\/","title":{"rendered":"Consultig hours"},"content":{"rendered":"<p><span style=\"font-family: 'times new roman', times, serif;font-size: 14pt\"><a href=\"https:\/\/univet.hu\/de\/universitaet\/mitarbeiter\/gerencser-ferencne\/\"><strong><span style=\"color: #0000ff\">Dr. Gerencs\u00e9r Ferencn\u00e9<\/span> <\/strong><\/a>(<strong><a class=\"decrypt\" rel=\"Hfsfodtfsof\/Tfjem\/LbubmjoAvojwfu\/iv\" href=\"javascript:void(0);\">[Click to see email]<\/a>)\u00a0<\/strong><span class=\"Y2IQFc\" lang=\"de\">Montags zwischen 9 und 11 Uhr.<\/span><\/span><br \/> <span style=\"font-size: 14pt;font-family: 'times new roman', times, serif\"><a href=\"https:\/\/univet.hu\/de\/universitaet\/mitarbeiter\/hazi-judit\/\"> <strong><span style=\"color: #0000ff\">Dr. H\u00e1zi Judit<\/span><\/strong><\/a><span class=\"Y2IQFc\" lang=\"de\">\u00a0<\/span><strong>(<a class=\"decrypt\" rel=\"ib{j\/kvejuAvojwfu\/iv\" href=\"javascript:void(0);\">[Click to see email]<\/a>)\u00a0<\/strong><span class=\"Y2IQFc\" lang=\"de\">Mittwoch zwischen 13 und 15 Uhr.<\/span><\/span><br \/> <span style=\"color: #0000ff;font-family: 'times new roman', times, serif;font-size: 14pt\"> <strong><span style=\"color: #0000ff\"><a style=\"color: #0000ff\" href=\"https:\/\/univet.hu\/de\/universitaet\/mitarbeiter\/vetter-janos\/\">Dr. Vetter J\u00e1nos<\/a><\/span> <span style=\"color: #333333\">(<a class=\"decrypt\" rel=\"wfuufs\/kboptAvojwfu\/iv\" href=\"javascript:void(0);\">[Click to see email]<\/a>)<\/span><\/strong><\/span><\/p> <p>&nbsp;<\/p> <p><span style=\"color: #0000ff\"><em><strong>Update: 2026.03.17.<\/strong><\/em><\/span><\/p>","protected":false},"excerpt":{"rendered":"<p>Dr. Gerencs\u00e9r Ferencn\u00e9 ([Click to see email])\u00a0Montags zwischen 9 und 11 Uhr. Dr. H\u00e1zi Judit\u00a0([Click to see email])\u00a0Mittwoch zwischen 13 und 15 Uhr. Dr. Vetter J\u00e1nos ([Click to see email]) &nbsp; Update: 2026.03.17.<\/p>\n","protected":false},"author":3837,"featured_media":0,"parent":3367,"menu_order":0,"comment_status":"closed","ping_status":"closed","template":"","meta":{"_acf_changed":false,"footnotes":""},"categories":[],"tags":[],"class_list":["post-13740","page","type-page","status-publish","hentry"],"acf":[],"yoast_head":"<!-- This site is optimized with the Yoast SEO plugin v27.2 - https:\/\/yoast.com\/product\/yoast-seo-wordpress\/ -->\n<title>Consultig hours - N\u00f6v\u00e9nytani Tansz\u00e9k<\/title>\n<meta name=\"robots\" content=\"index, follow, max-snippet:-1, max-image-preview:large, max-video-preview:-1\" \/>\n<link rel=\"canonical\" href=\"https:\/\/univet.hu\/novenytani-tanszek\/de\/lehrstuhl-fur-botanik\/consultig-hours\/\" \/>\n<meta property=\"og:locale\" content=\"de_DE\" \/>\n<meta property=\"og:type\" content=\"article\" \/>\n<meta property=\"og:title\" content=\"Consultig hours - N\u00f6v\u00e9nytani Tansz\u00e9k\" \/>\n<meta property=\"og:description\" content=\"Dr. Gerencs\u00e9r Ferencn\u00e9 ([Click to see email])\u00a0Montags zwischen 9 und 11 Uhr. Dr. H\u00e1zi Judit\u00a0([Click to see email])\u00a0Mittwoch zwischen 13 und 15 Uhr. Dr. Vetter J\u00e1nos ([Click to see email]) &nbsp; Update: 2026.03.17.\" \/>\n<meta property=\"og:url\" content=\"https:\/\/univet.hu\/novenytani-tanszek\/de\/lehrstuhl-fur-botanik\/consultig-hours\/\" \/>\n<meta property=\"og:site_name\" content=\"N\u00f6v\u00e9nytani Tansz\u00e9k\" \/>\n<meta property=\"article:modified_time\" content=\"2026-03-17T12:03:41+00:00\" \/>\n<meta name=\"twitter:card\" content=\"summary_large_image\" \/>\n<meta name=\"twitter:label1\" content=\"Gesch\u00e4tzte Lesezeit\" \/>\n\t<meta name=\"twitter:data1\" content=\"1\u00a0Minute\" \/>\n<script type=\"application\/ld+json\" class=\"yoast-schema-graph\">{\"@context\":\"https:\/\/schema.org\",\"@graph\":[{\"@type\":\"WebPage\",\"@id\":\"https:\/\/univet.hu\/novenytani-tanszek\/de\/lehrstuhl-fur-botanik\/consultig-hours\/\",\"url\":\"https:\/\/univet.hu\/novenytani-tanszek\/de\/lehrstuhl-fur-botanik\/consultig-hours\/\",\"name\":\"Consultig hours - N\u00f6v\u00e9nytani Tansz\u00e9k\",\"isPartOf\":{\"@id\":\"https:\/\/univet.hu\/novenytani-tanszek\/en\/#website\"},\"datePublished\":\"1970-01-01T00:00:00+00:00\",\"dateModified\":\"2026-03-17T12:03:41+00:00\",\"breadcrumb\":{\"@id\":\"https:\/\/univet.hu\/novenytani-tanszek\/de\/lehrstuhl-fur-botanik\/consultig-hours\/#breadcrumb\"},\"inLanguage\":\"de\",\"potentialAction\":[{\"@type\":\"ReadAction\",\"target\":[\"https:\/\/univet.hu\/novenytani-tanszek\/de\/lehrstuhl-fur-botanik\/consultig-hours\/\"]}]},{\"@type\":\"BreadcrumbList\",\"@id\":\"https:\/\/univet.hu\/novenytani-tanszek\/de\/lehrstuhl-fur-botanik\/consultig-hours\/#breadcrumb\",\"itemListElement\":[{\"@type\":\"ListItem\",\"position\":1,\"name\":\"Kezd\u0151lap\",\"item\":\"https:\/\/univet.hu\/novenytani-tanszek\/de\/\"},{\"@type\":\"ListItem\",\"position\":2,\"name\":\"Lehrstuhl f\u00fcr Botanik\",\"item\":\"https:\/\/univet.hu\/novenytani-tanszek\/de\/\"},{\"@type\":\"ListItem\",\"position\":3,\"name\":\"Consultig hours\"}]},{\"@type\":\"WebSite\",\"@id\":\"https:\/\/univet.hu\/novenytani-tanszek\/en\/#website\",\"url\":\"https:\/\/univet.hu\/novenytani-tanszek\/en\/\",\"name\":\"N\u00f6v\u00e9nytani Tansz\u00e9k\",\"description\":\"\",\"potentialAction\":[{\"@type\":\"SearchAction\",\"target\":{\"@type\":\"EntryPoint\",\"urlTemplate\":\"https:\/\/univet.hu\/novenytani-tanszek\/en\/?s={search_term_string}\"},\"query-input\":{\"@type\":\"PropertyValueSpecification\",\"valueRequired\":true,\"valueName\":\"search_term_string\"}}],\"inLanguage\":\"de\"}]}<\/script>\n<!-- \/ Yoast SEO plugin. -->","yoast_head_json":{"title":"Consultig hours - N\u00f6v\u00e9nytani Tansz\u00e9k","robots":{"index":"index","follow":"follow","max-snippet":"max-snippet:-1","max-image-preview":"max-image-preview:large","max-video-preview":"max-video-preview:-1"},"canonical":"https:\/\/univet.hu\/novenytani-tanszek\/de\/lehrstuhl-fur-botanik\/consultig-hours\/","og_locale":"de_DE","og_type":"article","og_title":"Consultig hours - N\u00f6v\u00e9nytani Tansz\u00e9k","og_description":"Dr. Gerencs\u00e9r Ferencn\u00e9 ([Click to see email])\u00a0Montags zwischen 9 und 11 Uhr. Dr. H\u00e1zi Judit\u00a0([Click to see email])\u00a0Mittwoch zwischen 13 und 15 Uhr. Dr. Vetter J\u00e1nos ([Click to see email]) &nbsp; Update: 2026.03.17.","og_url":"https:\/\/univet.hu\/novenytani-tanszek\/de\/lehrstuhl-fur-botanik\/consultig-hours\/","og_site_name":"N\u00f6v\u00e9nytani Tansz\u00e9k","article_modified_time":"2026-03-17T12:03:41+00:00","twitter_card":"summary_large_image","twitter_misc":{"Gesch\u00e4tzte Lesezeit":"1\u00a0Minute"},"schema":{"@context":"https:\/\/schema.org","@graph":[{"@type":"WebPage","@id":"https:\/\/univet.hu\/novenytani-tanszek\/de\/lehrstuhl-fur-botanik\/consultig-hours\/","url":"https:\/\/univet.hu\/novenytani-tanszek\/de\/lehrstuhl-fur-botanik\/consultig-hours\/","name":"Consultig hours - N\u00f6v\u00e9nytani Tansz\u00e9k","isPartOf":{"@id":"https:\/\/univet.hu\/novenytani-tanszek\/en\/#website"},"datePublished":"1970-01-01T00:00:00+00:00","dateModified":"2026-03-17T12:03:41+00:00","breadcrumb":{"@id":"https:\/\/univet.hu\/novenytani-tanszek\/de\/lehrstuhl-fur-botanik\/consultig-hours\/#breadcrumb"},"inLanguage":"de","potentialAction":[{"@type":"ReadAction","target":["https:\/\/univet.hu\/novenytani-tanszek\/de\/lehrstuhl-fur-botanik\/consultig-hours\/"]}]},{"@type":"BreadcrumbList","@id":"https:\/\/univet.hu\/novenytani-tanszek\/de\/lehrstuhl-fur-botanik\/consultig-hours\/#breadcrumb","itemListElement":[{"@type":"ListItem","position":1,"name":"Kezd\u0151lap","item":"https:\/\/univet.hu\/novenytani-tanszek\/de\/"},{"@type":"ListItem","position":2,"name":"Lehrstuhl f\u00fcr Botanik","item":"https:\/\/univet.hu\/novenytani-tanszek\/de\/"},{"@type":"ListItem","position":3,"name":"Consultig hours"}]},{"@type":"WebSite","@id":"https:\/\/univet.hu\/novenytani-tanszek\/en\/#website","url":"https:\/\/univet.hu\/novenytani-tanszek\/en\/","name":"N\u00f6v\u00e9nytani Tansz\u00e9k","description":"","potentialAction":[{"@type":"SearchAction","target":{"@type":"EntryPoint","urlTemplate":"https:\/\/univet.hu\/novenytani-tanszek\/en\/?s={search_term_string}"},"query-input":{"@type":"PropertyValueSpecification","valueRequired":true,"valueName":"search_term_string"}}],"inLanguage":"de"}]}},"_links":{"self":[{"href":"https:\/\/univet.hu\/novenytani-tanszek\/de\/wp-json\/wp\/v2\/pages\/13740","targetHints":{"allow":["GET"]}}],"collection":[{"href":"https:\/\/univet.hu\/novenytani-tanszek\/de\/wp-json\/wp\/v2\/pages"}],"about":[{"href":"https:\/\/univet.hu\/novenytani-tanszek\/de\/wp-json\/wp\/v2\/types\/page"}],"author":[{"embeddable":true,"href":"https:\/\/univet.hu\/novenytani-tanszek\/de\/wp-json\/wp\/v2\/users\/3837"}],"replies":[{"embeddable":true,"href":"https:\/\/univet.hu\/novenytani-tanszek\/de\/wp-json\/wp\/v2\/comments?post=13740"}],"version-history":[{"count":5,"href":"https:\/\/univet.hu\/novenytani-tanszek\/de\/wp-json\/wp\/v2\/pages\/13740\/revisions"}],"predecessor-version":[{"id":177421,"href":"https:\/\/univet.hu\/novenytani-tanszek\/de\/wp-json\/wp\/v2\/pages\/13740\/revisions\/177421"}],"up":[{"embeddable":true,"href":"https:\/\/univet.hu\/novenytani-tanszek\/de\/wp-json\/wp\/v2\/pages\/3367"}],"wp:attachment":[{"href":"https:\/\/univet.hu\/novenytani-tanszek\/de\/wp-json\/wp\/v2\/media?parent=13740"}],"wp:term":[{"taxonomy":"category","embeddable":true,"href":"https:\/\/univet.hu\/novenytani-tanszek\/de\/wp-json\/wp\/v2\/categories?post=13740"},{"taxonomy":"post_tag","embeddable":true,"href":"https:\/\/univet.hu\/novenytani-tanszek\/de\/wp-json\/wp\/v2\/tags?post=13740"}],"curies":[{"name":"wp","href":"https:\/\/api.w.org\/{rel}","templated":true}]}}