{"id":3367,"date":"2017-07-07T08:41:00","date_gmt":"2017-07-07T06:41:00","guid":{"rendered":"http:\/\/univet.hu\/universitaet\/organisationseinheiten\/lehrstuhl-fur-botanik\/"},"modified":"2025-03-20T06:06:33","modified_gmt":"2025-03-20T05:06:33","slug":"lehrstuhl-fur-botanik","status":"publish","type":"page","link":"https:\/\/univet.hu\/novenytani-tanszek\/de\/","title":{"rendered":"Lehrstuhl f\u00fcr Botanik"},"content":{"rendered":"<h2>Geschichte<\/h2> <p>Die Historie des Lehrstuhls<\/p> <p>Die Botanik wurde seit der Gr\u00fcndung der Universit\u00e4t (1787) als Grundlehrgegenstand absolviert. Erstens haben die Professoren der Chemie die Vorlesungen gehalten, sp\u00e4ter andere Experte waren verantwortlich f\u00fcr die botanische Ausbildung der Studenten (M\u00e1rton Galambos: 1857-1865, 1867-1872; Lajos Thanhoffer: 1873-1874; B\u00e9la Tormay: 1874). Zwischen 1874 und 1895 hat K\u00e1lm\u00e1n Czak\u00f3 (Professor der Pathologie und Pharmakologie) die botanische Ausbildung organisiert und geleistet. Die botanische Heuanalyse wurde zum Beispiel durch seine T\u00e4tigkeit eingef\u00fchrt. Nach seinem Tod haben Gyula Magyary-Kossa (1896-1913) und Zolt\u00e1n Szab\u00f3 (1913-23) die botanischen Vorlesungen und praktischen Stunden absolviert. Beide Professoren haben die Informationen \u00fcber Gift- und Futterpflanzen eine ausserordentliche Bedeutung gegeben. Sp\u00e4ter hat Bertalan Hazslinszky (1931-1944) ein grundlegendes Fachbuch (?Mikroskopische Analyse der<\/p> <p>Lebensmittel und Futtermittel von pflanzlicher Abstammung?) geschrieben und publiziert. Dieses Buch war und ist auch heute ein wertvolles Kompendium.<br \/> Nach dem II. Weltkrieg \u00c1d\u00e1m Boros (Botaniker-Bryologer) (1945-1953) hat die botanischen Vorlesungen und Seminarstunden f\u00fcr die Veterin\u00e4rstudenten durchgef\u00fchrt. Im Jahre 1953 wurde der Lehrstuhl f\u00fcr Botanik als selbst\u00e4ndige Einheit der Universit\u00e4t gegr\u00fcndet. Erster Leiter des Lehrstuhls war Dozent Vidor Modor (1953-1971), er hat haupts\u00e4chlich mit den histologischen Untersuchungen von bestimmten Heil- und Giftpflanzen gearbeitet. Der zweite Leiter des Lehrstuhls war Dozent (sp\u00e4ter Professor) Ede Haraszti (1971-1986). Er hat einige Fragen der Gr\u00fcnlandwirtschaft und die Giftpflanzen (Pflanzenvergiftungen) untersucht. Seine Hauptarbeit: ?Giftpflanzen &#8211; Pflanzenvergiftung? wurde im 1985 publiziert. Zwischen 1986 und 1990 war Professor J\u00f3zsef Bokori (Lehrstuhl der Tiern\u00e4hrung) der Kurator des Lehrstuhls f\u00fcr Botanik. Seit 1990 ist Dozent (sp\u00e4ter Professor) J\u00e1nos Vetter der Leiter von Lehrstuhl. Seit 1990 hat der Lehrstuhl neue Ausbildungsaufgaben bekommen: Teilnahme in der deutschsprachigen (seit 1990), in der englischsprachigen (seit 1992) Ausbildung, Gr\u00fcndung und Absolvierung von neuen walpflichtigen Lehrgegenst\u00e4nden (Allgemeine Mykologie, Heilpflanzen, Gr\u00fcnlandwirtschaft), Teilnahme in Ausbildung von Zoologen (seit 1996) und Biologen (seit 2006).<\/p> <h3>Allgemeine Informationen\u00a0 f\u00fcr unsere Studenten!<\/h3> <ul> <li>In den Lehrstuhl f\u00fcr Botanik (wenn es kein\/e Lehrer\/in gibt, zu wem sie kommen),<\/li> <li>Sie k\u00f6nnen mit dem Dr\u00fccken der Glocke \u201eSecretariat\/Cserhalmi\u201d (kleine rote) hereinkommen.<\/li> <\/ul> <p>Wenn Sie zu irgendeinem\/irgendeiner Lehrer\/in hineingehen m\u00f6chten, Sie haben die Glocke mit dem Name der Lehrperson abzudr\u00fccken.<\/p> <ul> <li>Der Lehrstuhl wartet von 7 Uhr 45\u00a0 auf seine Studenten.<\/li> <li>Die erste Stunde beginnen wir um 8 Uhr 15. Wir m\u00f6chten\u00a0 um Sie bitten, die P\u00fcnktlichkeit anzustreben. Wenn jemand nach 8 Uhr 15 ankommt, er\/sie braucht die Glocke \u201e6. lecture room\u201d zu dr\u00fccken, ins Zimmer hereinzukommen.<\/li> <li>Die Stunden des Lehrstuhls werden im allgemeinen im Zimmer 6 und 7 erteilt , von dem Eingang nach links, bei der Ende des Flures.<\/li> <li>Die Fahrrad k\u00f6nnen nur im Hof (hier befindet sich ein Sammler) abgestellt werden.<\/li> <li>Hunde und andere Haustiere d\u00fcrfen nicht hereingebracht werden. Es ist verboten.<\/li> <li>Notizen, Dokumente k\u00f6nnen nicht im Lehrstuhl kopiert werden.<\/li> <li>Die Fundsachen lassen sich im Sekretariat in Empfang nehmen. Normalerweise werden die Sachen bis 2-3 Monaten gelagert.<\/li> <li>Die Verf\u00fcgbarkeit des Lehrstuhles: <ul> <li>E-mail:\u00a0<a class=\"decrypt\" rel=\"t{bcpof\/wbshb\/cfbubAbpul\/t{jf\/iv\" href=\"javascript:void(0);\">[Click to see email]<\/a><\/li> <\/ul> <\/li> <\/ul> <p><strong>Wir w\u00fcnschen Ihnen ein erfolgreiches Schuljahr!<\/strong><br \/> <strong>Die Mitarbeiter des Lehrstuhls<\/strong><\/p>","protected":false},"excerpt":{"rendered":"<p>Geschichte Die Historie des Lehrstuhls Die Botanik wurde seit der Gr\u00fcndung der Universit\u00e4t (1787) als Grundlehrgegenstand absolviert. Erstens haben die Professoren der Chemie die Vorlesungen gehalten, sp\u00e4ter andere Experte waren verantwortlich f\u00fcr die botanische Ausbildung der Studenten (M\u00e1rton Galambos: 1857-1865, 1867-1872; Lajos Thanhoffer: 1873-1874; B\u00e9la Tormay: 1874). Zwischen 1874 und 1895 hat K\u00e1lm\u00e1n Czak\u00f3 (Professor<\/p>\n","protected":false},"author":3837,"featured_media":0,"parent":0,"menu_order":135,"comment_status":"closed","ping_status":"closed","template":"","meta":{"_acf_changed":false,"footnotes":""},"categories":[16],"tags":[],"class_list":["post-3367","page","type-page","status-publish","hentry","category-abteilungen"],"acf":[],"yoast_head":"<!-- This site is optimized with the Yoast SEO plugin v27.2 - https:\/\/yoast.com\/product\/yoast-seo-wordpress\/ -->\n<title>Lehrstuhl f\u00fcr Botanik - N\u00f6v\u00e9nytani Tansz\u00e9k<\/title>\n<meta name=\"robots\" content=\"index, follow, max-snippet:-1, max-image-preview:large, max-video-preview:-1\" \/>\n<link rel=\"canonical\" href=\"https:\/\/univet.hu\/novenytani-tanszek\/de\/\" \/>\n<meta property=\"og:locale\" content=\"de_DE\" \/>\n<meta property=\"og:type\" content=\"article\" \/>\n<meta property=\"og:title\" content=\"Lehrstuhl f\u00fcr Botanik - N\u00f6v\u00e9nytani Tansz\u00e9k\" \/>\n<meta property=\"og:description\" content=\"Geschichte Die Historie des Lehrstuhls Die Botanik wurde seit der Gr\u00fcndung der Universit\u00e4t (1787) als Grundlehrgegenstand absolviert. Erstens haben die Professoren der Chemie die Vorlesungen gehalten, sp\u00e4ter andere Experte waren verantwortlich f\u00fcr die botanische Ausbildung der Studenten (M\u00e1rton Galambos: 1857-1865, 1867-1872; Lajos Thanhoffer: 1873-1874; B\u00e9la Tormay: 1874). Zwischen 1874 und 1895 hat K\u00e1lm\u00e1n Czak\u00f3 (Professor\" \/>\n<meta property=\"og:url\" content=\"https:\/\/univet.hu\/novenytani-tanszek\/de\/\" \/>\n<meta property=\"og:site_name\" content=\"N\u00f6v\u00e9nytani Tansz\u00e9k\" \/>\n<meta property=\"article:modified_time\" content=\"2025-03-20T05:06:33+00:00\" \/>\n<meta name=\"twitter:card\" content=\"summary_large_image\" \/>\n<meta name=\"twitter:label1\" content=\"Gesch\u00e4tzte Lesezeit\" \/>\n\t<meta name=\"twitter:data1\" content=\"3\u00a0Minuten\" \/>\n<script type=\"application\/ld+json\" class=\"yoast-schema-graph\">{\"@context\":\"https:\/\/schema.org\",\"@graph\":[{\"@type\":\"WebPage\",\"@id\":\"https:\/\/univet.hu\/novenytani-tanszek\/de\/\",\"url\":\"https:\/\/univet.hu\/novenytani-tanszek\/de\/\",\"name\":\"Lehrstuhl f\u00fcr Botanik - N\u00f6v\u00e9nytani Tansz\u00e9k\",\"isPartOf\":{\"@id\":\"https:\/\/univet.hu\/novenytani-tanszek\/en\/#website\"},\"datePublished\":\"2017-07-07T06:41:00+00:00\",\"dateModified\":\"2025-03-20T05:06:33+00:00\",\"breadcrumb\":{\"@id\":\"https:\/\/univet.hu\/novenytani-tanszek\/de\/#breadcrumb\"},\"inLanguage\":\"de\",\"potentialAction\":[{\"@type\":\"ReadAction\",\"target\":[\"https:\/\/univet.hu\/novenytani-tanszek\/de\/\"]}]},{\"@type\":\"BreadcrumbList\",\"@id\":\"https:\/\/univet.hu\/novenytani-tanszek\/de\/#breadcrumb\",\"itemListElement\":[{\"@type\":\"ListItem\",\"position\":1,\"name\":\"Kezd\u0151lap\",\"item\":\"https:\/\/univet.hu\/novenytani-tanszek\/de\/\"},{\"@type\":\"ListItem\",\"position\":2,\"name\":\"Lehrstuhl f\u00fcr Botanik\"}]},{\"@type\":\"WebSite\",\"@id\":\"https:\/\/univet.hu\/novenytani-tanszek\/en\/#website\",\"url\":\"https:\/\/univet.hu\/novenytani-tanszek\/en\/\",\"name\":\"N\u00f6v\u00e9nytani Tansz\u00e9k\",\"description\":\"\",\"potentialAction\":[{\"@type\":\"SearchAction\",\"target\":{\"@type\":\"EntryPoint\",\"urlTemplate\":\"https:\/\/univet.hu\/novenytani-tanszek\/en\/?s={search_term_string}\"},\"query-input\":{\"@type\":\"PropertyValueSpecification\",\"valueRequired\":true,\"valueName\":\"search_term_string\"}}],\"inLanguage\":\"de\"}]}<\/script>\n<!-- \/ Yoast SEO plugin. -->","yoast_head_json":{"title":"Lehrstuhl f\u00fcr Botanik - N\u00f6v\u00e9nytani Tansz\u00e9k","robots":{"index":"index","follow":"follow","max-snippet":"max-snippet:-1","max-image-preview":"max-image-preview:large","max-video-preview":"max-video-preview:-1"},"canonical":"https:\/\/univet.hu\/novenytani-tanszek\/de\/","og_locale":"de_DE","og_type":"article","og_title":"Lehrstuhl f\u00fcr Botanik - N\u00f6v\u00e9nytani Tansz\u00e9k","og_description":"Geschichte Die Historie des Lehrstuhls Die Botanik wurde seit der Gr\u00fcndung der Universit\u00e4t (1787) als Grundlehrgegenstand absolviert. Erstens haben die Professoren der Chemie die Vorlesungen gehalten, sp\u00e4ter andere Experte waren verantwortlich f\u00fcr die botanische Ausbildung der Studenten (M\u00e1rton Galambos: 1857-1865, 1867-1872; Lajos Thanhoffer: 1873-1874; B\u00e9la Tormay: 1874). Zwischen 1874 und 1895 hat K\u00e1lm\u00e1n Czak\u00f3 (Professor","og_url":"https:\/\/univet.hu\/novenytani-tanszek\/de\/","og_site_name":"N\u00f6v\u00e9nytani Tansz\u00e9k","article_modified_time":"2025-03-20T05:06:33+00:00","twitter_card":"summary_large_image","twitter_misc":{"Gesch\u00e4tzte Lesezeit":"3\u00a0Minuten"},"schema":{"@context":"https:\/\/schema.org","@graph":[{"@type":"WebPage","@id":"https:\/\/univet.hu\/novenytani-tanszek\/de\/","url":"https:\/\/univet.hu\/novenytani-tanszek\/de\/","name":"Lehrstuhl f\u00fcr Botanik - N\u00f6v\u00e9nytani Tansz\u00e9k","isPartOf":{"@id":"https:\/\/univet.hu\/novenytani-tanszek\/en\/#website"},"datePublished":"2017-07-07T06:41:00+00:00","dateModified":"2025-03-20T05:06:33+00:00","breadcrumb":{"@id":"https:\/\/univet.hu\/novenytani-tanszek\/de\/#breadcrumb"},"inLanguage":"de","potentialAction":[{"@type":"ReadAction","target":["https:\/\/univet.hu\/novenytani-tanszek\/de\/"]}]},{"@type":"BreadcrumbList","@id":"https:\/\/univet.hu\/novenytani-tanszek\/de\/#breadcrumb","itemListElement":[{"@type":"ListItem","position":1,"name":"Kezd\u0151lap","item":"https:\/\/univet.hu\/novenytani-tanszek\/de\/"},{"@type":"ListItem","position":2,"name":"Lehrstuhl f\u00fcr Botanik"}]},{"@type":"WebSite","@id":"https:\/\/univet.hu\/novenytani-tanszek\/en\/#website","url":"https:\/\/univet.hu\/novenytani-tanszek\/en\/","name":"N\u00f6v\u00e9nytani Tansz\u00e9k","description":"","potentialAction":[{"@type":"SearchAction","target":{"@type":"EntryPoint","urlTemplate":"https:\/\/univet.hu\/novenytani-tanszek\/en\/?s={search_term_string}"},"query-input":{"@type":"PropertyValueSpecification","valueRequired":true,"valueName":"search_term_string"}}],"inLanguage":"de"}]}},"_links":{"self":[{"href":"https:\/\/univet.hu\/novenytani-tanszek\/de\/wp-json\/wp\/v2\/pages\/3367","targetHints":{"allow":["GET"]}}],"collection":[{"href":"https:\/\/univet.hu\/novenytani-tanszek\/de\/wp-json\/wp\/v2\/pages"}],"about":[{"href":"https:\/\/univet.hu\/novenytani-tanszek\/de\/wp-json\/wp\/v2\/types\/page"}],"author":[{"embeddable":true,"href":"https:\/\/univet.hu\/novenytani-tanszek\/de\/wp-json\/wp\/v2\/users\/3837"}],"replies":[{"embeddable":true,"href":"https:\/\/univet.hu\/novenytani-tanszek\/de\/wp-json\/wp\/v2\/comments?post=3367"}],"version-history":[{"count":1,"href":"https:\/\/univet.hu\/novenytani-tanszek\/de\/wp-json\/wp\/v2\/pages\/3367\/revisions"}],"predecessor-version":[{"id":177148,"href":"https:\/\/univet.hu\/novenytani-tanszek\/de\/wp-json\/wp\/v2\/pages\/3367\/revisions\/177148"}],"wp:attachment":[{"href":"https:\/\/univet.hu\/novenytani-tanszek\/de\/wp-json\/wp\/v2\/media?parent=3367"}],"wp:term":[{"taxonomy":"category","embeddable":true,"href":"https:\/\/univet.hu\/novenytani-tanszek\/de\/wp-json\/wp\/v2\/categories?post=3367"},{"taxonomy":"post_tag","embeddable":true,"href":"https:\/\/univet.hu\/novenytani-tanszek\/de\/wp-json\/wp\/v2\/tags?post=3367"}],"curies":[{"name":"wp","href":"https:\/\/api.w.org\/{rel}","templated":true}]}}