{"id":82977,"date":"2023-02-03T09:52:54","date_gmt":"2023-02-03T08:52:54","guid":{"rendered":"https:\/\/univet.hu\/?page_id=82977"},"modified":"2026-02-10T13:05:57","modified_gmt":"2026-02-10T12:05:57","slug":"abteilungspolitik","status":"publish","type":"page","link":"https:\/\/univet.hu\/novenytani-tanszek\/de\/lehrstuhl-fur-botanik\/abteilungspolitik\/","title":{"rendered":"Abteilungspolitik"},"content":{"rendered":"<p style=\"text-align: center\"><span style=\"color: #0000ff\"><strong>Liebe Studentinnen und Studenten!<\/strong><\/span><\/p> <p>&nbsp;<\/p> <p>Die folgenden Informationen haben wir Ihnen zu leichtere Orientierung zusammengestellt.<\/p> <p>&nbsp;<\/p> <ul> <li><strong>M\u00f6chten Sie auf den Lehrstuhl f\u00fcr Botanik hineinkommen <\/strong>(falls Sie keinen konkreten Dozenten oder keine konkrete Dozentin suchen), sollen Sie <strong>die Klingel \u201eTitk\u00e1rs\u00e1g\u201d \u2013 kleiner, roter Dr\u00fccker \u2013<\/strong> <strong>dr\u00fccken. <\/strong>M\u00f6chten Sie zu einer genauen Dozentin oder zu einem Dozenten des Lehrstuhles hineinkommen, sollen Sie den Dr\u00fccker dr\u00fccken, wo der Name der Dozentin oder des Dozenten steht.<\/li> <li>Die Mitarbeiter des Lehrstuhles warten Sie gerne <strong>von<\/strong> <strong>7:45<\/strong> jeden Arbeitstagmorgen.<\/li> <li>Die erste Stunde beginnt um <strong>8:15<\/strong>. Bitte, seien Sie p\u00fcnktlich!<\/li> <li>K\u00e4men Sie gegebenenfalls doch nach 8:15 an, bitte, dr\u00fccken Sie die Klingel der Vorlesungssaal: <strong>\u201eel\u0151ad\u00f3\u201d<\/strong>, um auf der Stunde hineinkommen zu k\u00f6nnen.<\/li> <li>Die Seminarstunden des Lehrstuhles f\u00fcr Botanik sind im Allgemeinen im Saal 6. gehalten, links von dem Eingang, am Ende des langen Flures.<\/li> <li>Fahrr\u00e4der k\u00f6nnen Sie, bitte, in <strong>die Fahrradabstellanlage <\/strong>stellen, die Sie <strong>hinter dem Geb\u00e4ude<\/strong><\/li> <li>Das <strong>Mitbringen von Hunden<\/strong> (bzw. Kleintieren) ist nur gestattet, <strong>wenn diese den Unterricht nicht st\u00f6ren<\/strong>! Die Tiere und ihre Umgebung m\u00fcssen <strong>sauber und geruchsfrei<\/strong> gehalten werden, was in der Verantwortung und Aufgabe des Tierhalters liegt.<\/li> <li>Zu jeden Kurs, die in dem betreffenden Semester lauft, finden Sie Beschreibungen, Anforderungen, Pr\u00fcfungsthemen, Thematik und Stundenplan auf der Seite <strong><u><a href=\"http:\/\/www.univet.hu\">univet.hu<\/a><\/u><\/strong> und auf der Aushangtafel des Lehrstuhles.<\/li> <li>Die Lernmaterialien der Kurse sind \u00fcber die Moodle-Plattform der Universit\u00e4t verf\u00fcgbar.<\/li> <li>Die Erreichbarkeit der Mitarbeiter des Lehrstuhles finden Sie auch auf der Seite der Universit\u00e4t: Die Universit\u00e4t <strong>\u00e0<\/strong><strong> (UNTERMENU) Organisationseinheiten -&gt;<\/strong><strong> Lehrstuhl f\u00fcr Botanik -&gt;<\/strong><strong>\u00a0Mitarbeiter <\/strong><\/li> <li>Der Zugang zum Universit\u00e4tsgel\u00e4nde ist f\u00fcr jedermann frei, <strong>bitte achten Sie daher besonders auf Ihre Wertsachen<\/strong>. Lassen Sie Taschen, Koffer, M\u00e4ntel und Smartphones nicht im Vorraum liegen und lassen Sie sie nicht unbeaufsichtigt.<\/li> <li><strong>Die Fundsachen, <\/strong>die wir im Allgemeinen 2-3 Monate lang aufbewahren,<strong> k\u00f6nnen Sie auf dem Sekretariat \u00fcbernehmen.<\/strong> Hinterher k\u00f6nnen wir daf\u00fcr die Verantwortung nicht \u00fcbernehmen.<\/li> <li><strong>Die Erreichbarkeit des Lehrstuhles: <\/strong>Tel: +36-1-478-4236, E-Mail: <a class=\"decrypt\" rel=\"t{bcpof\/wbshb\/cfbubAvojwfu\/iv\" href=\"javascript:void(0);\">[Click to see email]<\/a><\/li> <\/ul> <p><strong>\u00a0<\/strong><\/p> <p style=\"text-align: center\"><span style=\"color: #0000ff\"><strong>Wir w\u00fcnschen Ihnen erfolgreiches Semester \ud83d\ude42<\/strong><\/span><\/p> <p style=\"text-align: center\"><span style=\"color: #0000ff\"><strong>Die Mitarbeiter des Lehrstuhles f\u00fcr Botanik<\/strong><\/span><\/p> <p>&nbsp;<\/p> <p><em><span style=\"color: #0000ff\">Update: 2026.02.10.<\/span><\/em><\/p>","protected":false},"excerpt":{"rendered":"<p>Liebe Studentinnen und Studenten! &nbsp; Die folgenden Informationen haben wir Ihnen zu leichtere Orientierung zusammengestellt. &nbsp; M\u00f6chten Sie auf den Lehrstuhl f\u00fcr Botanik hineinkommen (falls Sie keinen konkreten Dozenten oder keine konkrete Dozentin suchen), sollen Sie die Klingel \u201eTitk\u00e1rs\u00e1g\u201d \u2013 kleiner, roter Dr\u00fccker \u2013 dr\u00fccken. M\u00f6chten Sie zu einer genauen Dozentin oder zu einem Dozenten<\/p>\n","protected":false},"author":4844,"featured_media":0,"parent":3367,"menu_order":7,"comment_status":"closed","ping_status":"closed","template":"","meta":{"_acf_changed":false,"footnotes":""},"categories":[],"tags":[],"class_list":["post-82977","page","type-page","status-publish","hentry"],"acf":[],"yoast_head":"<!-- This site is optimized with the Yoast SEO plugin v27.2 - https:\/\/yoast.com\/product\/yoast-seo-wordpress\/ -->\n<title>Abteilungspolitik - N\u00f6v\u00e9nytani Tansz\u00e9k<\/title>\n<meta name=\"robots\" content=\"index, follow, max-snippet:-1, max-image-preview:large, max-video-preview:-1\" \/>\n<link rel=\"canonical\" href=\"https:\/\/univet.hu\/novenytani-tanszek\/de\/lehrstuhl-fur-botanik\/abteilungspolitik\/\" \/>\n<meta property=\"og:locale\" content=\"de_DE\" \/>\n<meta property=\"og:type\" content=\"article\" \/>\n<meta property=\"og:title\" content=\"Abteilungspolitik - N\u00f6v\u00e9nytani Tansz\u00e9k\" \/>\n<meta property=\"og:description\" content=\"Liebe Studentinnen und Studenten! &nbsp; Die folgenden Informationen haben wir Ihnen zu leichtere Orientierung zusammengestellt. &nbsp; M\u00f6chten Sie auf den Lehrstuhl f\u00fcr Botanik hineinkommen (falls Sie keinen konkreten Dozenten oder keine konkrete Dozentin suchen), sollen Sie die Klingel \u201eTitk\u00e1rs\u00e1g\u201d \u2013 kleiner, roter Dr\u00fccker \u2013 dr\u00fccken. M\u00f6chten Sie zu einer genauen Dozentin oder zu einem Dozenten\" \/>\n<meta property=\"og:url\" content=\"https:\/\/univet.hu\/novenytani-tanszek\/de\/lehrstuhl-fur-botanik\/abteilungspolitik\/\" \/>\n<meta property=\"og:site_name\" content=\"N\u00f6v\u00e9nytani Tansz\u00e9k\" \/>\n<meta property=\"article:modified_time\" content=\"2026-02-10T12:05:57+00:00\" \/>\n<meta name=\"twitter:card\" content=\"summary_large_image\" \/>\n<meta name=\"twitter:label1\" content=\"Gesch\u00e4tzte Lesezeit\" \/>\n\t<meta name=\"twitter:data1\" content=\"2\u00a0Minuten\" \/>\n<script type=\"application\/ld+json\" class=\"yoast-schema-graph\">{\"@context\":\"https:\/\/schema.org\",\"@graph\":[{\"@type\":\"WebPage\",\"@id\":\"https:\/\/univet.hu\/novenytani-tanszek\/de\/lehrstuhl-fur-botanik\/abteilungspolitik\/\",\"url\":\"https:\/\/univet.hu\/novenytani-tanszek\/de\/lehrstuhl-fur-botanik\/abteilungspolitik\/\",\"name\":\"Abteilungspolitik - N\u00f6v\u00e9nytani Tansz\u00e9k\",\"isPartOf\":{\"@id\":\"https:\/\/univet.hu\/novenytani-tanszek\/en\/#website\"},\"datePublished\":\"2023-02-03T08:52:54+00:00\",\"dateModified\":\"2026-02-10T12:05:57+00:00\",\"breadcrumb\":{\"@id\":\"https:\/\/univet.hu\/novenytani-tanszek\/de\/lehrstuhl-fur-botanik\/abteilungspolitik\/#breadcrumb\"},\"inLanguage\":\"de\",\"potentialAction\":[{\"@type\":\"ReadAction\",\"target\":[\"https:\/\/univet.hu\/novenytani-tanszek\/de\/lehrstuhl-fur-botanik\/abteilungspolitik\/\"]}]},{\"@type\":\"BreadcrumbList\",\"@id\":\"https:\/\/univet.hu\/novenytani-tanszek\/de\/lehrstuhl-fur-botanik\/abteilungspolitik\/#breadcrumb\",\"itemListElement\":[{\"@type\":\"ListItem\",\"position\":1,\"name\":\"Kezd\u0151lap\",\"item\":\"https:\/\/univet.hu\/novenytani-tanszek\/de\/\"},{\"@type\":\"ListItem\",\"position\":2,\"name\":\"Lehrstuhl f\u00fcr Botanik\",\"item\":\"https:\/\/univet.hu\/novenytani-tanszek\/de\/\"},{\"@type\":\"ListItem\",\"position\":3,\"name\":\"Abteilungspolitik\"}]},{\"@type\":\"WebSite\",\"@id\":\"https:\/\/univet.hu\/novenytani-tanszek\/en\/#website\",\"url\":\"https:\/\/univet.hu\/novenytani-tanszek\/en\/\",\"name\":\"N\u00f6v\u00e9nytani Tansz\u00e9k\",\"description\":\"\",\"potentialAction\":[{\"@type\":\"SearchAction\",\"target\":{\"@type\":\"EntryPoint\",\"urlTemplate\":\"https:\/\/univet.hu\/novenytani-tanszek\/en\/?s={search_term_string}\"},\"query-input\":{\"@type\":\"PropertyValueSpecification\",\"valueRequired\":true,\"valueName\":\"search_term_string\"}}],\"inLanguage\":\"de\"}]}<\/script>\n<!-- \/ Yoast SEO plugin. -->","yoast_head_json":{"title":"Abteilungspolitik - N\u00f6v\u00e9nytani Tansz\u00e9k","robots":{"index":"index","follow":"follow","max-snippet":"max-snippet:-1","max-image-preview":"max-image-preview:large","max-video-preview":"max-video-preview:-1"},"canonical":"https:\/\/univet.hu\/novenytani-tanszek\/de\/lehrstuhl-fur-botanik\/abteilungspolitik\/","og_locale":"de_DE","og_type":"article","og_title":"Abteilungspolitik - N\u00f6v\u00e9nytani Tansz\u00e9k","og_description":"Liebe Studentinnen und Studenten! &nbsp; Die folgenden Informationen haben wir Ihnen zu leichtere Orientierung zusammengestellt. &nbsp; M\u00f6chten Sie auf den Lehrstuhl f\u00fcr Botanik hineinkommen (falls Sie keinen konkreten Dozenten oder keine konkrete Dozentin suchen), sollen Sie die Klingel \u201eTitk\u00e1rs\u00e1g\u201d \u2013 kleiner, roter Dr\u00fccker \u2013 dr\u00fccken. M\u00f6chten Sie zu einer genauen Dozentin oder zu einem Dozenten","og_url":"https:\/\/univet.hu\/novenytani-tanszek\/de\/lehrstuhl-fur-botanik\/abteilungspolitik\/","og_site_name":"N\u00f6v\u00e9nytani Tansz\u00e9k","article_modified_time":"2026-02-10T12:05:57+00:00","twitter_card":"summary_large_image","twitter_misc":{"Gesch\u00e4tzte Lesezeit":"2\u00a0Minuten"},"schema":{"@context":"https:\/\/schema.org","@graph":[{"@type":"WebPage","@id":"https:\/\/univet.hu\/novenytani-tanszek\/de\/lehrstuhl-fur-botanik\/abteilungspolitik\/","url":"https:\/\/univet.hu\/novenytani-tanszek\/de\/lehrstuhl-fur-botanik\/abteilungspolitik\/","name":"Abteilungspolitik - N\u00f6v\u00e9nytani Tansz\u00e9k","isPartOf":{"@id":"https:\/\/univet.hu\/novenytani-tanszek\/en\/#website"},"datePublished":"2023-02-03T08:52:54+00:00","dateModified":"2026-02-10T12:05:57+00:00","breadcrumb":{"@id":"https:\/\/univet.hu\/novenytani-tanszek\/de\/lehrstuhl-fur-botanik\/abteilungspolitik\/#breadcrumb"},"inLanguage":"de","potentialAction":[{"@type":"ReadAction","target":["https:\/\/univet.hu\/novenytani-tanszek\/de\/lehrstuhl-fur-botanik\/abteilungspolitik\/"]}]},{"@type":"BreadcrumbList","@id":"https:\/\/univet.hu\/novenytani-tanszek\/de\/lehrstuhl-fur-botanik\/abteilungspolitik\/#breadcrumb","itemListElement":[{"@type":"ListItem","position":1,"name":"Kezd\u0151lap","item":"https:\/\/univet.hu\/novenytani-tanszek\/de\/"},{"@type":"ListItem","position":2,"name":"Lehrstuhl f\u00fcr Botanik","item":"https:\/\/univet.hu\/novenytani-tanszek\/de\/"},{"@type":"ListItem","position":3,"name":"Abteilungspolitik"}]},{"@type":"WebSite","@id":"https:\/\/univet.hu\/novenytani-tanszek\/en\/#website","url":"https:\/\/univet.hu\/novenytani-tanszek\/en\/","name":"N\u00f6v\u00e9nytani Tansz\u00e9k","description":"","potentialAction":[{"@type":"SearchAction","target":{"@type":"EntryPoint","urlTemplate":"https:\/\/univet.hu\/novenytani-tanszek\/en\/?s={search_term_string}"},"query-input":{"@type":"PropertyValueSpecification","valueRequired":true,"valueName":"search_term_string"}}],"inLanguage":"de"}]}},"_links":{"self":[{"href":"https:\/\/univet.hu\/novenytani-tanszek\/de\/wp-json\/wp\/v2\/pages\/82977","targetHints":{"allow":["GET"]}}],"collection":[{"href":"https:\/\/univet.hu\/novenytani-tanszek\/de\/wp-json\/wp\/v2\/pages"}],"about":[{"href":"https:\/\/univet.hu\/novenytani-tanszek\/de\/wp-json\/wp\/v2\/types\/page"}],"author":[{"embeddable":true,"href":"https:\/\/univet.hu\/novenytani-tanszek\/de\/wp-json\/wp\/v2\/users\/4844"}],"replies":[{"embeddable":true,"href":"https:\/\/univet.hu\/novenytani-tanszek\/de\/wp-json\/wp\/v2\/comments?post=82977"}],"version-history":[{"count":5,"href":"https:\/\/univet.hu\/novenytani-tanszek\/de\/wp-json\/wp\/v2\/pages\/82977\/revisions"}],"predecessor-version":[{"id":177403,"href":"https:\/\/univet.hu\/novenytani-tanszek\/de\/wp-json\/wp\/v2\/pages\/82977\/revisions\/177403"}],"up":[{"embeddable":true,"href":"https:\/\/univet.hu\/novenytani-tanszek\/de\/wp-json\/wp\/v2\/pages\/3367"}],"wp:attachment":[{"href":"https:\/\/univet.hu\/novenytani-tanszek\/de\/wp-json\/wp\/v2\/media?parent=82977"}],"wp:term":[{"taxonomy":"category","embeddable":true,"href":"https:\/\/univet.hu\/novenytani-tanszek\/de\/wp-json\/wp\/v2\/categories?post=82977"},{"taxonomy":"post_tag","embeddable":true,"href":"https:\/\/univet.hu\/novenytani-tanszek\/de\/wp-json\/wp\/v2\/tags?post=82977"}],"curies":[{"name":"wp","href":"https:\/\/api.w.org\/{rel}","templated":true}]}}