{"id":100008,"date":"1970-01-01T01:00:00","date_gmt":"1970-01-01T00:00:00","guid":{"rendered":"https:\/\/univet.hu\/?page_id=100008"},"modified":"2025-10-07T14:44:04","modified_gmt":"2025-10-07T12:44:04","slug":"thesis-theme","status":"publish","type":"page","link":"https:\/\/univet.hu\/novenytani-tanszek\/en\/department-of-botany\/thesis-theme\/","title":{"rendered":"Thesis thems"},"content":{"rendered":"<ul style=\"list-style-type: square\"> <li><a href=\"https:\/\/univet.hu\/en\/about\/staff\/peli-evelin-ramona\/\"><span style=\"font-family: 'times new roman', times, serif\"><strong><span style=\"color: #0000ff\">Dr. P\u00e9li Evelin Ram\u00f3na\u00a0<\/span><\/strong><\/span><\/a><\/li> <\/ul> <h6><strong>E-mail:\u00a0<a class=\"decrypt\" rel=\"Qfmj\/Fwfmjo\/SbnpobAvojwfu\/iv\">[Click to see email]<\/a><\/strong><\/h6> <ul> <li>Seasonal and climatic changes of plant fructan content in pasture stands<\/li> <li>Ecophysiological investigation of tropical desiccation tolerant plant species during rehydration<\/li> <li>Phytotherapy in veterinary medicine<\/li> <\/ul> <p>&nbsp;<\/p> <ul style=\"list-style-type: square\"> <li><a href=\"https:\/\/univet.hu\/en\/about\/staff\/kutszegi-gergely-jozsef\/\"><span style=\"color: #0000ff\"><strong><span style=\"font-family: 'times new roman', times, serif\">Supervisor: Gergely KUTSZEGI, PhD<\/span><\/strong><\/span><\/a><\/li> <\/ul> <h6>E-mail:\u00a0<a class=\"decrypt\" rel=\"Lvut{fhj\/Hfshfmz\/Kp{tfgAvojwfu\/iv\" href=\"javascript:void(0);\">[Click to see email]<\/a><\/h6> <ol> <li><span style=\"font-family: georgia, palatino, serif;font-size: 12pt\"><strong> Exploring the environmental requirements and substrate preferences of forest macrofungi in Hungary<\/strong><\/span><\/li> <\/ol> <p><span style=\"font-family: georgia, palatino, serif;font-size: 12pt;color: #008000\">Skills to be acquired<\/span><\/p> <p><span style=\"font-family: georgia, palatino, serif;font-size: 12pt\">&#8211; Apply community ecology research methods (uni- and multivariate statistical models)<\/span><\/p> <p><span style=\"font-family: georgia, palatino, serif;font-size: 12pt\">&#8211; Use R for Windows for statistical computing<\/span><\/p> <p><span style=\"font-family: georgia, palatino, serif;font-size: 12pt\">&#8211; Identification of macrofungal species<\/span><\/p> <p><span style=\"font-family: georgia, palatino, serif;font-size: 12pt\">&#8211; Use light microscopy methods; prepare and process fruiting bodies for examination<\/span><\/p> <p><span style=\"font-family: georgia, palatino, serif;font-size: 12pt\">&#8211; Publish scientific results (presentations, posters, scientific papers), writing grant proposals<\/span><\/p> <p><span style=\"font-family: georgia, palatino, serif;font-size: 12pt;color: #008000\">Who can apply?<\/span><\/p> <p><span style=\"font-family: georgia, palatino, serif;font-size: 12pt\">Biologists, zoologists, and veterinary students<\/span><\/p> <p><span style=\"font-family: georgia, palatino, serif;font-size: 12pt;color: #008000\">Preferred background<\/span><\/p> <p><span style=\"font-family: georgia, palatino, serif;font-size: 12pt\">&#8211; Basic knowledge on mycology, forest ecology<\/span><\/p> <p><span style=\"font-family: georgia, palatino, serif;font-size: 12pt\">&#8211; Good writing skills in English<\/span><\/p> <p><span style=\"font-family: georgia, palatino, serif;font-size: 12pt\">&#8211; Commitment to work<\/span><\/p> <p><span style=\"font-family: georgia, palatino, serif;font-size: 12pt;color: #008000\">Goals<\/span><\/p> <p><span style=\"font-family: georgia, palatino, serif;font-size: 12pt\">Completing and defending a thesis. During education: conference participation. After defence: submitting a manuscript on the topic of thesis to an international scientific journal ranked at least Q3.<\/span><\/p> <p>&nbsp;<\/p> <ol start=\"2\"> <li><span style=\"font-family: georgia, palatino, serif;font-size: 12pt\"><strong> Machine learning applications in mycology and botany. Participation in developing an AI-powered identification assistant software<\/strong><\/span><\/li> <\/ol> <p>&nbsp;<\/p> <p><span style=\"color: #008000;font-family: georgia, palatino, serif\"><strong><span style=\"font-size: 12pt\">or<\/span><\/strong><\/span><\/p> <p>&nbsp;<\/p> <ol start=\"3\"> <li><span style=\"font-family: georgia, palatino, serif;font-size: 12pt\"><strong> Image dataset compilation for a more efficient AI-based recognition of macrofungal fruiting bodies and plant species<\/strong><\/span><\/li> <\/ol> <p><span style=\"font-family: georgia, palatino, serif;font-size: 12pt;color: #008000\">Skills to be acquired<\/span><\/p> <p><span style=\"font-family: georgia, palatino, serif;font-size: 12pt\">&#8211; Knowledge on characters used in macrofungal and plant taxonomy; evaluate their applicability for human and AI-based species identification<\/span><\/p> <p><span style=\"font-family: georgia, palatino, serif;font-size: 12pt\">&#8211; Identification of macrofungal and plant species<\/span><\/p> <p><span style=\"font-family: georgia, palatino, serif;font-size: 12pt\">&#8211; Use light microscopy methods; prepare and process fruiting bodies and plant tissues for examination<\/span><\/p> <p><span style=\"font-family: georgia, palatino, serif;font-size: 12pt\">&#8211; Use digital photography techniques<\/span><\/p> <p><span style=\"font-family: georgia, palatino, serif;font-size: 12pt\">&#8211; Publish scientific results (presentations, posters, scientific papers), writing grant proposals<\/span><\/p> <p><span style=\"font-family: georgia, palatino, serif;font-size: 12pt\">&#8211; (With co-supervision) Gain Python programming skills and knowledge of AI tools for species identification (classification models, Large Language Models, LLMs, etc.)<\/span><\/p> <p><span style=\"font-family: georgia, palatino, serif;font-size: 12pt;color: #008000\">Who can apply?<\/span><\/p> <p><span style=\"font-family: georgia, palatino, serif;font-size: 12pt\">Biologists, zoologists, and veterinary students<\/span><\/p> <p><span style=\"font-family: georgia, palatino, serif;font-size: 12pt;color: #008000\">Preferred background<\/span><\/p> <p><span style=\"font-family: georgia, palatino, serif;font-size: 12pt\">&#8211; Python programming knowledge<\/span><\/p> <p><span style=\"font-family: georgia, palatino, serif;font-size: 12pt\">&#8211; Digital photography techniques<\/span><\/p> <p><span style=\"font-family: georgia, palatino, serif;font-size: 12pt\">&#8211; Good writing skills in English<\/span><\/p> <p><span style=\"font-family: georgia, palatino, serif;font-size: 12pt\">&#8211; Commitment to work<\/span><\/p> <p><span style=\"font-family: georgia, palatino, serif;font-size: 12pt;color: #008000\">Goals<\/span><\/p> <p><span style=\"font-family: georgia, palatino, serif;font-size: 12pt\">Completing and defending a thesis. During education: conference participation. After defence: submitting a manuscript on the topic of thesis to an international scientific journal ranked at least Q2.<\/span><\/p> <p>&nbsp;<\/p> <p>&nbsp;<\/p> <ul style=\"list-style-type: square\"> <li><a href=\"https:\/\/univet.hu\/en\/about\/staff\/vetter-janos\/\"><span style=\"font-family: 'times new roman', times, serif\"><strong><span style=\"color: #0000ff\">Dr. Vetter J\u00e1nos<\/span><\/strong><\/span><\/a><\/li> <\/ul> <h6><strong>E-mail:\u00a0<a class=\"decrypt\" rel=\"Wfuufs\/KboptAvojwfu\/iv\">[Click to see email]<\/a><\/strong><\/h6> <ul> <li>Protein inhibitors of plant origin<\/li> <li>Simple detection (screening) of active ingredients from plants<\/li> <li>Botanical and veterinary importance of plant cyanogenic glycosides<\/li> <li>Nitrate levels of plants and the zoohygienic consequences<\/li> <\/ul> <p>&nbsp;<\/p> <p><span style=\"color: #0000ff;font-family: 'times new roman', times, serif\"><strong>Update: 2025.10.07.<\/strong><\/span><\/p>","protected":false},"excerpt":{"rendered":"<p>Dr. P\u00e9li Evelin Ram\u00f3na\u00a0 E-mail:\u00a0[Click to see email] Seasonal and climatic changes of plant fructan content in pasture stands Ecophysiological investigation of tropical desiccation tolerant plant species during rehydration Phytotherapy in veterinary medicine &nbsp; Supervisor: Gergely KUTSZEGI, PhD E-mail:\u00a0[Click to see email] Exploring the environmental requirements and substrate preferences of forest macrofungi in Hungary Skills<\/p>\n","protected":false},"author":4844,"featured_media":0,"parent":3366,"menu_order":5,"comment_status":"closed","ping_status":"closed","template":"","meta":{"_acf_changed":false,"footnotes":""},"categories":[],"tags":[],"class_list":["post-100008","page","type-page","status-publish","hentry"],"acf":[],"yoast_head":"<!-- This site is optimized with the Yoast SEO plugin v27.2 - https:\/\/yoast.com\/product\/yoast-seo-wordpress\/ -->\n<title>Thesis thems - N\u00f6v\u00e9nytani Tansz\u00e9k<\/title>\n<meta name=\"robots\" content=\"index, follow, max-snippet:-1, max-image-preview:large, max-video-preview:-1\" \/>\n<link rel=\"canonical\" href=\"https:\/\/univet.hu\/novenytani-tanszek\/en\/department-of-botany\/thesis-theme\/\" \/>\n<meta property=\"og:locale\" content=\"en_US\" \/>\n<meta property=\"og:type\" content=\"article\" \/>\n<meta property=\"og:title\" content=\"Thesis thems - N\u00f6v\u00e9nytani Tansz\u00e9k\" \/>\n<meta property=\"og:description\" content=\"Dr. P\u00e9li Evelin Ram\u00f3na\u00a0 E-mail:\u00a0[Click to see email] Seasonal and climatic changes of plant fructan content in pasture stands Ecophysiological investigation of tropical desiccation tolerant plant species during rehydration Phytotherapy in veterinary medicine &nbsp; Supervisor: Gergely KUTSZEGI, PhD E-mail:\u00a0[Click to see email] Exploring the environmental requirements and substrate preferences of forest macrofungi in Hungary Skills\" \/>\n<meta property=\"og:url\" content=\"https:\/\/univet.hu\/novenytani-tanszek\/en\/department-of-botany\/thesis-theme\/\" \/>\n<meta property=\"og:site_name\" content=\"N\u00f6v\u00e9nytani Tansz\u00e9k\" \/>\n<meta property=\"article:modified_time\" content=\"2025-10-07T12:44:04+00:00\" \/>\n<meta name=\"twitter:card\" content=\"summary_large_image\" \/>\n<meta name=\"twitter:label1\" content=\"Est. reading time\" \/>\n\t<meta name=\"twitter:data1\" content=\"2 minutes\" \/>\n<script type=\"application\/ld+json\" class=\"yoast-schema-graph\">{\"@context\":\"https:\/\/schema.org\",\"@graph\":[{\"@type\":\"WebPage\",\"@id\":\"https:\/\/univet.hu\/novenytani-tanszek\/en\/department-of-botany\/thesis-theme\/\",\"url\":\"https:\/\/univet.hu\/novenytani-tanszek\/en\/department-of-botany\/thesis-theme\/\",\"name\":\"Thesis thems - N\u00f6v\u00e9nytani Tansz\u00e9k\",\"isPartOf\":{\"@id\":\"https:\/\/univet.hu\/novenytani-tanszek\/en\/#website\"},\"datePublished\":\"1970-01-01T00:00:00+00:00\",\"dateModified\":\"2025-10-07T12:44:04+00:00\",\"breadcrumb\":{\"@id\":\"https:\/\/univet.hu\/novenytani-tanszek\/en\/department-of-botany\/thesis-theme\/#breadcrumb\"},\"inLanguage\":\"en-US\",\"potentialAction\":[{\"@type\":\"ReadAction\",\"target\":[\"https:\/\/univet.hu\/novenytani-tanszek\/en\/department-of-botany\/thesis-theme\/\"]}]},{\"@type\":\"BreadcrumbList\",\"@id\":\"https:\/\/univet.hu\/novenytani-tanszek\/en\/department-of-botany\/thesis-theme\/#breadcrumb\",\"itemListElement\":[{\"@type\":\"ListItem\",\"position\":1,\"name\":\"Kezd\u0151lap\",\"item\":\"https:\/\/univet.hu\/novenytani-tanszek\/en\/\"},{\"@type\":\"ListItem\",\"position\":2,\"name\":\"Department of Botany\",\"item\":\"https:\/\/univet.hu\/novenytani-tanszek\/en\/\"},{\"@type\":\"ListItem\",\"position\":3,\"name\":\"Thesis thems\"}]},{\"@type\":\"WebSite\",\"@id\":\"https:\/\/univet.hu\/novenytani-tanszek\/en\/#website\",\"url\":\"https:\/\/univet.hu\/novenytani-tanszek\/en\/\",\"name\":\"N\u00f6v\u00e9nytani Tansz\u00e9k\",\"description\":\"\",\"potentialAction\":[{\"@type\":\"SearchAction\",\"target\":{\"@type\":\"EntryPoint\",\"urlTemplate\":\"https:\/\/univet.hu\/novenytani-tanszek\/en\/?s={search_term_string}\"},\"query-input\":{\"@type\":\"PropertyValueSpecification\",\"valueRequired\":true,\"valueName\":\"search_term_string\"}}],\"inLanguage\":\"en-US\"}]}<\/script>\n<!-- \/ Yoast SEO plugin. -->","yoast_head_json":{"title":"Thesis thems - N\u00f6v\u00e9nytani Tansz\u00e9k","robots":{"index":"index","follow":"follow","max-snippet":"max-snippet:-1","max-image-preview":"max-image-preview:large","max-video-preview":"max-video-preview:-1"},"canonical":"https:\/\/univet.hu\/novenytani-tanszek\/en\/department-of-botany\/thesis-theme\/","og_locale":"en_US","og_type":"article","og_title":"Thesis thems - N\u00f6v\u00e9nytani Tansz\u00e9k","og_description":"Dr. P\u00e9li Evelin Ram\u00f3na\u00a0 E-mail:\u00a0[Click to see email] Seasonal and climatic changes of plant fructan content in pasture stands Ecophysiological investigation of tropical desiccation tolerant plant species during rehydration Phytotherapy in veterinary medicine &nbsp; Supervisor: Gergely KUTSZEGI, PhD E-mail:\u00a0[Click to see email] Exploring the environmental requirements and substrate preferences of forest macrofungi in Hungary Skills","og_url":"https:\/\/univet.hu\/novenytani-tanszek\/en\/department-of-botany\/thesis-theme\/","og_site_name":"N\u00f6v\u00e9nytani Tansz\u00e9k","article_modified_time":"2025-10-07T12:44:04+00:00","twitter_card":"summary_large_image","twitter_misc":{"Est. reading time":"2 minutes"},"schema":{"@context":"https:\/\/schema.org","@graph":[{"@type":"WebPage","@id":"https:\/\/univet.hu\/novenytani-tanszek\/en\/department-of-botany\/thesis-theme\/","url":"https:\/\/univet.hu\/novenytani-tanszek\/en\/department-of-botany\/thesis-theme\/","name":"Thesis thems - N\u00f6v\u00e9nytani Tansz\u00e9k","isPartOf":{"@id":"https:\/\/univet.hu\/novenytani-tanszek\/en\/#website"},"datePublished":"1970-01-01T00:00:00+00:00","dateModified":"2025-10-07T12:44:04+00:00","breadcrumb":{"@id":"https:\/\/univet.hu\/novenytani-tanszek\/en\/department-of-botany\/thesis-theme\/#breadcrumb"},"inLanguage":"en-US","potentialAction":[{"@type":"ReadAction","target":["https:\/\/univet.hu\/novenytani-tanszek\/en\/department-of-botany\/thesis-theme\/"]}]},{"@type":"BreadcrumbList","@id":"https:\/\/univet.hu\/novenytani-tanszek\/en\/department-of-botany\/thesis-theme\/#breadcrumb","itemListElement":[{"@type":"ListItem","position":1,"name":"Kezd\u0151lap","item":"https:\/\/univet.hu\/novenytani-tanszek\/en\/"},{"@type":"ListItem","position":2,"name":"Department of Botany","item":"https:\/\/univet.hu\/novenytani-tanszek\/en\/"},{"@type":"ListItem","position":3,"name":"Thesis thems"}]},{"@type":"WebSite","@id":"https:\/\/univet.hu\/novenytani-tanszek\/en\/#website","url":"https:\/\/univet.hu\/novenytani-tanszek\/en\/","name":"N\u00f6v\u00e9nytani Tansz\u00e9k","description":"","potentialAction":[{"@type":"SearchAction","target":{"@type":"EntryPoint","urlTemplate":"https:\/\/univet.hu\/novenytani-tanszek\/en\/?s={search_term_string}"},"query-input":{"@type":"PropertyValueSpecification","valueRequired":true,"valueName":"search_term_string"}}],"inLanguage":"en-US"}]}},"_links":{"self":[{"href":"https:\/\/univet.hu\/novenytani-tanszek\/en\/wp-json\/wp\/v2\/pages\/100008","targetHints":{"allow":["GET"]}}],"collection":[{"href":"https:\/\/univet.hu\/novenytani-tanszek\/en\/wp-json\/wp\/v2\/pages"}],"about":[{"href":"https:\/\/univet.hu\/novenytani-tanszek\/en\/wp-json\/wp\/v2\/types\/page"}],"author":[{"embeddable":true,"href":"https:\/\/univet.hu\/novenytani-tanszek\/en\/wp-json\/wp\/v2\/users\/4844"}],"replies":[{"embeddable":true,"href":"https:\/\/univet.hu\/novenytani-tanszek\/en\/wp-json\/wp\/v2\/comments?post=100008"}],"version-history":[{"count":4,"href":"https:\/\/univet.hu\/novenytani-tanszek\/en\/wp-json\/wp\/v2\/pages\/100008\/revisions"}],"predecessor-version":[{"id":177308,"href":"https:\/\/univet.hu\/novenytani-tanszek\/en\/wp-json\/wp\/v2\/pages\/100008\/revisions\/177308"}],"up":[{"embeddable":true,"href":"https:\/\/univet.hu\/novenytani-tanszek\/en\/wp-json\/wp\/v2\/pages\/3366"}],"wp:attachment":[{"href":"https:\/\/univet.hu\/novenytani-tanszek\/en\/wp-json\/wp\/v2\/media?parent=100008"}],"wp:term":[{"taxonomy":"category","embeddable":true,"href":"https:\/\/univet.hu\/novenytani-tanszek\/en\/wp-json\/wp\/v2\/categories?post=100008"},{"taxonomy":"post_tag","embeddable":true,"href":"https:\/\/univet.hu\/novenytani-tanszek\/en\/wp-json\/wp\/v2\/tags?post=100008"}],"curies":[{"name":"wp","href":"https:\/\/api.w.org\/{rel}","templated":true}]}}