{"id":16133,"date":"1970-01-01T01:00:00","date_gmt":"1970-01-01T00:00:00","guid":{"rendered":"http:\/\/univet.hu\/about\/units\/department-of-botany\/time-table\/"},"modified":"2026-01-20T14:37:33","modified_gmt":"2026-01-20T13:37:33","slug":"time-table","status":"publish","type":"page","link":"https:\/\/univet.hu\/novenytani-tanszek\/en\/department-of-botany\/time-table\/","title":{"rendered":"Time table"},"content":{"rendered":"<h4><span style=\"color: #0000ff\">2025\/2026\/2 semester<\/span><\/h4> <p>Rottenbiller str. 50. 1. floor 6. room<\/p> <p><a href=\"https:\/\/univet.hu\/novenytani-tanszek\/wp-content\/uploads\/sites\/8\/2026\/01\/Tanterembeosztas-_6-terem_-2025_26_2_ANGOL.pdf\">Tanterembeoszt\u00e1s _6 terem_ 2025_26_2_ANGOL<\/a><\/p> <p>Istv\u00e1n str. 2.<\/p> <p><a href=\"https:\/\/univet.hu\/novenytani-tanszek\/wp-content\/uploads\/sites\/8\/2026\/01\/Orarend-Novenytan-ELOADASOK-VORLESUNGEN-\u2013-LECTURES-2025_26_2.pdf\">\u00d3rarend N\u00f6v\u00e9nytan EL\u0150AD\u00c1SOK- VORLESUNGEN \u2013 LECTURES 2025_26_2<\/a><\/p> <p><em><strong><span style=\"color: #0000ff\">Update: 2026.01.20.<\/span><\/strong><\/em><\/p> <p>&nbsp;<\/p>","protected":false},"excerpt":{"rendered":"<p>2025\/2026\/2 semester Rottenbiller str. 50. 1. floor 6. room Tanterembeoszt\u00e1s _6 terem_ 2025_26_2_ANGOL Istv\u00e1n str. 2. \u00d3rarend N\u00f6v\u00e9nytan EL\u0150AD\u00c1SOK- VORLESUNGEN \u2013 LECTURES 2025_26_2 Update: 2026.01.20. &nbsp;<\/p>\n","protected":false},"author":3837,"featured_media":0,"parent":3366,"menu_order":6,"comment_status":"closed","ping_status":"closed","template":"","meta":{"_acf_changed":false,"footnotes":""},"categories":[],"tags":[],"class_list":["post-16133","page","type-page","status-publish","hentry"],"acf":[],"yoast_head":"<!-- This site is optimized with the Yoast SEO plugin v27.2 - https:\/\/yoast.com\/product\/yoast-seo-wordpress\/ -->\n<title>Time table - N\u00f6v\u00e9nytani Tansz\u00e9k<\/title>\n<meta name=\"robots\" content=\"index, follow, max-snippet:-1, max-image-preview:large, max-video-preview:-1\" \/>\n<link rel=\"canonical\" href=\"https:\/\/univet.hu\/novenytani-tanszek\/en\/department-of-botany\/time-table\/\" \/>\n<meta property=\"og:locale\" content=\"en_US\" \/>\n<meta property=\"og:type\" content=\"article\" \/>\n<meta property=\"og:title\" content=\"Time table - N\u00f6v\u00e9nytani Tansz\u00e9k\" \/>\n<meta property=\"og:description\" content=\"2025\/2026\/2 semester Rottenbiller str. 50. 1. floor 6. room Tanterembeoszt\u00e1s _6 terem_ 2025_26_2_ANGOL Istv\u00e1n str. 2. \u00d3rarend N\u00f6v\u00e9nytan EL\u0150AD\u00c1SOK- VORLESUNGEN \u2013 LECTURES 2025_26_2 Update: 2026.01.20. &nbsp;\" \/>\n<meta property=\"og:url\" content=\"https:\/\/univet.hu\/novenytani-tanszek\/en\/department-of-botany\/time-table\/\" \/>\n<meta property=\"og:site_name\" content=\"N\u00f6v\u00e9nytani Tansz\u00e9k\" \/>\n<meta property=\"article:modified_time\" content=\"2026-01-20T13:37:33+00:00\" \/>\n<meta name=\"twitter:card\" content=\"summary_large_image\" \/>\n<meta name=\"twitter:label1\" content=\"Est. reading time\" \/>\n\t<meta name=\"twitter:data1\" content=\"1 minute\" \/>\n<script type=\"application\/ld+json\" class=\"yoast-schema-graph\">{\"@context\":\"https:\/\/schema.org\",\"@graph\":[{\"@type\":\"WebPage\",\"@id\":\"https:\/\/univet.hu\/novenytani-tanszek\/en\/department-of-botany\/time-table\/\",\"url\":\"https:\/\/univet.hu\/novenytani-tanszek\/en\/department-of-botany\/time-table\/\",\"name\":\"Time table - N\u00f6v\u00e9nytani Tansz\u00e9k\",\"isPartOf\":{\"@id\":\"https:\/\/univet.hu\/novenytani-tanszek\/en\/#website\"},\"datePublished\":\"1970-01-01T00:00:00+00:00\",\"dateModified\":\"2026-01-20T13:37:33+00:00\",\"breadcrumb\":{\"@id\":\"https:\/\/univet.hu\/novenytani-tanszek\/en\/department-of-botany\/time-table\/#breadcrumb\"},\"inLanguage\":\"en-US\",\"potentialAction\":[{\"@type\":\"ReadAction\",\"target\":[\"https:\/\/univet.hu\/novenytani-tanszek\/en\/department-of-botany\/time-table\/\"]}]},{\"@type\":\"BreadcrumbList\",\"@id\":\"https:\/\/univet.hu\/novenytani-tanszek\/en\/department-of-botany\/time-table\/#breadcrumb\",\"itemListElement\":[{\"@type\":\"ListItem\",\"position\":1,\"name\":\"Kezd\u0151lap\",\"item\":\"https:\/\/univet.hu\/novenytani-tanszek\/en\/\"},{\"@type\":\"ListItem\",\"position\":2,\"name\":\"Department of Botany\",\"item\":\"https:\/\/univet.hu\/novenytani-tanszek\/en\/\"},{\"@type\":\"ListItem\",\"position\":3,\"name\":\"Time table\"}]},{\"@type\":\"WebSite\",\"@id\":\"https:\/\/univet.hu\/novenytani-tanszek\/en\/#website\",\"url\":\"https:\/\/univet.hu\/novenytani-tanszek\/en\/\",\"name\":\"N\u00f6v\u00e9nytani Tansz\u00e9k\",\"description\":\"\",\"potentialAction\":[{\"@type\":\"SearchAction\",\"target\":{\"@type\":\"EntryPoint\",\"urlTemplate\":\"https:\/\/univet.hu\/novenytani-tanszek\/en\/?s={search_term_string}\"},\"query-input\":{\"@type\":\"PropertyValueSpecification\",\"valueRequired\":true,\"valueName\":\"search_term_string\"}}],\"inLanguage\":\"en-US\"}]}<\/script>\n<!-- \/ Yoast SEO plugin. -->","yoast_head_json":{"title":"Time table - N\u00f6v\u00e9nytani Tansz\u00e9k","robots":{"index":"index","follow":"follow","max-snippet":"max-snippet:-1","max-image-preview":"max-image-preview:large","max-video-preview":"max-video-preview:-1"},"canonical":"https:\/\/univet.hu\/novenytani-tanszek\/en\/department-of-botany\/time-table\/","og_locale":"en_US","og_type":"article","og_title":"Time table - N\u00f6v\u00e9nytani Tansz\u00e9k","og_description":"2025\/2026\/2 semester Rottenbiller str. 50. 1. floor 6. room Tanterembeoszt\u00e1s _6 terem_ 2025_26_2_ANGOL Istv\u00e1n str. 2. \u00d3rarend N\u00f6v\u00e9nytan EL\u0150AD\u00c1SOK- VORLESUNGEN \u2013 LECTURES 2025_26_2 Update: 2026.01.20. &nbsp;","og_url":"https:\/\/univet.hu\/novenytani-tanszek\/en\/department-of-botany\/time-table\/","og_site_name":"N\u00f6v\u00e9nytani Tansz\u00e9k","article_modified_time":"2026-01-20T13:37:33+00:00","twitter_card":"summary_large_image","twitter_misc":{"Est. reading time":"1 minute"},"schema":{"@context":"https:\/\/schema.org","@graph":[{"@type":"WebPage","@id":"https:\/\/univet.hu\/novenytani-tanszek\/en\/department-of-botany\/time-table\/","url":"https:\/\/univet.hu\/novenytani-tanszek\/en\/department-of-botany\/time-table\/","name":"Time table - N\u00f6v\u00e9nytani Tansz\u00e9k","isPartOf":{"@id":"https:\/\/univet.hu\/novenytani-tanszek\/en\/#website"},"datePublished":"1970-01-01T00:00:00+00:00","dateModified":"2026-01-20T13:37:33+00:00","breadcrumb":{"@id":"https:\/\/univet.hu\/novenytani-tanszek\/en\/department-of-botany\/time-table\/#breadcrumb"},"inLanguage":"en-US","potentialAction":[{"@type":"ReadAction","target":["https:\/\/univet.hu\/novenytani-tanszek\/en\/department-of-botany\/time-table\/"]}]},{"@type":"BreadcrumbList","@id":"https:\/\/univet.hu\/novenytani-tanszek\/en\/department-of-botany\/time-table\/#breadcrumb","itemListElement":[{"@type":"ListItem","position":1,"name":"Kezd\u0151lap","item":"https:\/\/univet.hu\/novenytani-tanszek\/en\/"},{"@type":"ListItem","position":2,"name":"Department of Botany","item":"https:\/\/univet.hu\/novenytani-tanszek\/en\/"},{"@type":"ListItem","position":3,"name":"Time table"}]},{"@type":"WebSite","@id":"https:\/\/univet.hu\/novenytani-tanszek\/en\/#website","url":"https:\/\/univet.hu\/novenytani-tanszek\/en\/","name":"N\u00f6v\u00e9nytani Tansz\u00e9k","description":"","potentialAction":[{"@type":"SearchAction","target":{"@type":"EntryPoint","urlTemplate":"https:\/\/univet.hu\/novenytani-tanszek\/en\/?s={search_term_string}"},"query-input":{"@type":"PropertyValueSpecification","valueRequired":true,"valueName":"search_term_string"}}],"inLanguage":"en-US"}]}},"_links":{"self":[{"href":"https:\/\/univet.hu\/novenytani-tanszek\/en\/wp-json\/wp\/v2\/pages\/16133","targetHints":{"allow":["GET"]}}],"collection":[{"href":"https:\/\/univet.hu\/novenytani-tanszek\/en\/wp-json\/wp\/v2\/pages"}],"about":[{"href":"https:\/\/univet.hu\/novenytani-tanszek\/en\/wp-json\/wp\/v2\/types\/page"}],"author":[{"embeddable":true,"href":"https:\/\/univet.hu\/novenytani-tanszek\/en\/wp-json\/wp\/v2\/users\/3837"}],"replies":[{"embeddable":true,"href":"https:\/\/univet.hu\/novenytani-tanszek\/en\/wp-json\/wp\/v2\/comments?post=16133"}],"version-history":[{"count":5,"href":"https:\/\/univet.hu\/novenytani-tanszek\/en\/wp-json\/wp\/v2\/pages\/16133\/revisions"}],"predecessor-version":[{"id":177361,"href":"https:\/\/univet.hu\/novenytani-tanszek\/en\/wp-json\/wp\/v2\/pages\/16133\/revisions\/177361"}],"up":[{"embeddable":true,"href":"https:\/\/univet.hu\/novenytani-tanszek\/en\/wp-json\/wp\/v2\/pages\/3366"}],"wp:attachment":[{"href":"https:\/\/univet.hu\/novenytani-tanszek\/en\/wp-json\/wp\/v2\/media?parent=16133"}],"wp:term":[{"taxonomy":"category","embeddable":true,"href":"https:\/\/univet.hu\/novenytani-tanszek\/en\/wp-json\/wp\/v2\/categories?post=16133"},{"taxonomy":"post_tag","embeddable":true,"href":"https:\/\/univet.hu\/novenytani-tanszek\/en\/wp-json\/wp\/v2\/tags?post=16133"}],"curies":[{"name":"wp","href":"https:\/\/api.w.org\/{rel}","templated":true}]}}