{"id":177238,"date":"2025-09-02T13:03:35","date_gmt":"2025-09-02T11:03:35","guid":{"rendered":"https:\/\/univet.hu\/novenytani-tanszek\/?page_id=177238"},"modified":"2026-03-17T12:59:59","modified_gmt":"2026-03-17T11:59:59","slug":"reception-hours","status":"publish","type":"page","link":"https:\/\/univet.hu\/novenytani-tanszek\/en\/department-of-botany\/reception-hours\/","title":{"rendered":"Reception hours"},"content":{"rendered":"<h4><a href=\"https:\/\/univet.hu\/en\/about\/staff\/hazi-judit\/\"><span style=\"color: #0000ff\">Dr. H\u00e1zi Judit<\/span><\/a><\/h4> <p>Every Wednesday, PM 13.00-15.00<\/p> <p>E-mail: <a class=\"decrypt\" rel=\"ib{j\/kvejuAvojwfu\/iv\" href=\"javascript:void(0);\">[Click to see email]<\/a><\/p> <h4><a href=\"https:\/\/univet.hu\/en\/about\/staff\/peli-evelin-ramona\/\"><span style=\"color: #0000ff\">Dr. P\u00e9li Evelin Ram\u00f3na<\/span><\/a><\/h4> <p>Every Monday, AM 11.00-12.00<\/p> <p>E-mail: <a class=\"decrypt\" rel=\"Qfmj\/Fwfmjo\/SbnpobAvojwfu\/iv\" href=\"javascript:void(0);\">[Click to see email]<\/a><\/p> <h4><a href=\"https:\/\/univet.hu\/en\/about\/staff\/engel-rita\/\"><span style=\"color: #0000ff\">Dr. Engel Rita<\/span><\/a><\/h4> <p>Every Monday, PM 12.30-13.30<\/p> <p>E-mail: <a class=\"decrypt\" rel=\"Fohfm\/SjubAvojwfu\/iv\" href=\"javascript:void(0);\">[Click to see email]<\/a><\/p> <h4><a href=\"https:\/\/univet.hu\/en\/about\/staff\/kutszegi-gergely-jozsef\/\"><span style=\"color: #0000ff\">Dr. Kutszegi Gergely J\u00f3zsef<\/span><\/a><\/h4> <p>Every Wednesday, AM 14.00-15.00<\/p> <p>E-mail: <a class=\"decrypt\" rel=\"Lvut{fhj\/Hfshfmz\/Kp{tfgAvojwfu\/iv\" href=\"javascript:void(0);\">[Click to see email]<\/a><\/p> <h4><a href=\"https:\/\/univet.hu\/en\/about\/staff\/vetter-janos\/\"><span style=\"color: #0000ff\"><strong>Dr. Vetter J\u00e1nos<\/strong><\/span><\/a><\/h4> <p>E-mail: <a class=\"decrypt\" rel=\"wfuufs\/kboptAvojwfu\/iv\" href=\"javascript:void(0);\">[Click to see email]<\/a><\/p> <p>&nbsp;<\/p> <p><span style=\"color: #0000ff\"><em><strong>Update: 2026.03.17.<\/strong><\/em><\/span><\/p>","protected":false},"excerpt":{"rendered":"<p>Dr. H\u00e1zi Judit Every Wednesday, PM 13.00-15.00 E-mail: [Click to see email] Dr. P\u00e9li Evelin Ram\u00f3na Every Monday, AM 11.00-12.00 E-mail: [Click to see email] Dr. Engel Rita Every Monday, PM 12.30-13.30 E-mail: [Click to see email] Dr. Kutszegi Gergely J\u00f3zsef Every Wednesday, AM 14.00-15.00 E-mail: [Click to see email] Dr. Vetter J\u00e1nos E-mail: [Click<\/p>\n","protected":false},"author":68,"featured_media":0,"parent":3366,"menu_order":0,"comment_status":"closed","ping_status":"closed","template":"","meta":{"_acf_changed":false,"footnotes":""},"categories":[],"tags":[],"class_list":["post-177238","page","type-page","status-publish","hentry"],"acf":[],"yoast_head":"<!-- This site is optimized with the Yoast SEO plugin v27.2 - https:\/\/yoast.com\/product\/yoast-seo-wordpress\/ -->\n<title>Reception hours - N\u00f6v\u00e9nytani Tansz\u00e9k<\/title>\n<meta name=\"robots\" content=\"index, follow, max-snippet:-1, max-image-preview:large, max-video-preview:-1\" \/>\n<link rel=\"canonical\" href=\"https:\/\/univet.hu\/novenytani-tanszek\/en\/department-of-botany\/reception-hours\/\" \/>\n<meta property=\"og:locale\" content=\"en_US\" \/>\n<meta property=\"og:type\" content=\"article\" \/>\n<meta property=\"og:title\" content=\"Reception hours - N\u00f6v\u00e9nytani Tansz\u00e9k\" \/>\n<meta property=\"og:description\" content=\"Dr. H\u00e1zi Judit Every Wednesday, PM 13.00-15.00 E-mail: [Click to see email] Dr. P\u00e9li Evelin Ram\u00f3na Every Monday, AM 11.00-12.00 E-mail: [Click to see email] Dr. Engel Rita Every Monday, PM 12.30-13.30 E-mail: [Click to see email] Dr. Kutszegi Gergely J\u00f3zsef Every Wednesday, AM 14.00-15.00 E-mail: [Click to see email] Dr. Vetter J\u00e1nos E-mail: [Click\" \/>\n<meta property=\"og:url\" content=\"https:\/\/univet.hu\/novenytani-tanszek\/en\/department-of-botany\/reception-hours\/\" \/>\n<meta property=\"og:site_name\" content=\"N\u00f6v\u00e9nytani Tansz\u00e9k\" \/>\n<meta property=\"article:modified_time\" content=\"2026-03-17T11:59:59+00:00\" \/>\n<meta name=\"twitter:card\" content=\"summary_large_image\" \/>\n<meta name=\"twitter:label1\" content=\"Est. reading time\" \/>\n\t<meta name=\"twitter:data1\" content=\"1 minute\" \/>\n<script type=\"application\/ld+json\" class=\"yoast-schema-graph\">{\"@context\":\"https:\/\/schema.org\",\"@graph\":[{\"@type\":\"WebPage\",\"@id\":\"https:\/\/univet.hu\/novenytani-tanszek\/en\/department-of-botany\/reception-hours\/\",\"url\":\"https:\/\/univet.hu\/novenytani-tanszek\/en\/department-of-botany\/reception-hours\/\",\"name\":\"Reception hours - N\u00f6v\u00e9nytani Tansz\u00e9k\",\"isPartOf\":{\"@id\":\"https:\/\/univet.hu\/novenytani-tanszek\/en\/#website\"},\"datePublished\":\"2025-09-02T11:03:35+00:00\",\"dateModified\":\"2026-03-17T11:59:59+00:00\",\"breadcrumb\":{\"@id\":\"https:\/\/univet.hu\/novenytani-tanszek\/en\/department-of-botany\/reception-hours\/#breadcrumb\"},\"inLanguage\":\"en-US\",\"potentialAction\":[{\"@type\":\"ReadAction\",\"target\":[\"https:\/\/univet.hu\/novenytani-tanszek\/en\/department-of-botany\/reception-hours\/\"]}]},{\"@type\":\"BreadcrumbList\",\"@id\":\"https:\/\/univet.hu\/novenytani-tanszek\/en\/department-of-botany\/reception-hours\/#breadcrumb\",\"itemListElement\":[{\"@type\":\"ListItem\",\"position\":1,\"name\":\"Kezd\u0151lap\",\"item\":\"https:\/\/univet.hu\/novenytani-tanszek\/en\/\"},{\"@type\":\"ListItem\",\"position\":2,\"name\":\"Department of Botany\",\"item\":\"https:\/\/univet.hu\/novenytani-tanszek\/en\/\"},{\"@type\":\"ListItem\",\"position\":3,\"name\":\"Reception hours\"}]},{\"@type\":\"WebSite\",\"@id\":\"https:\/\/univet.hu\/novenytani-tanszek\/en\/#website\",\"url\":\"https:\/\/univet.hu\/novenytani-tanszek\/en\/\",\"name\":\"N\u00f6v\u00e9nytani Tansz\u00e9k\",\"description\":\"\",\"potentialAction\":[{\"@type\":\"SearchAction\",\"target\":{\"@type\":\"EntryPoint\",\"urlTemplate\":\"https:\/\/univet.hu\/novenytani-tanszek\/en\/?s={search_term_string}\"},\"query-input\":{\"@type\":\"PropertyValueSpecification\",\"valueRequired\":true,\"valueName\":\"search_term_string\"}}],\"inLanguage\":\"en-US\"}]}<\/script>\n<!-- \/ Yoast SEO plugin. -->","yoast_head_json":{"title":"Reception hours - N\u00f6v\u00e9nytani Tansz\u00e9k","robots":{"index":"index","follow":"follow","max-snippet":"max-snippet:-1","max-image-preview":"max-image-preview:large","max-video-preview":"max-video-preview:-1"},"canonical":"https:\/\/univet.hu\/novenytani-tanszek\/en\/department-of-botany\/reception-hours\/","og_locale":"en_US","og_type":"article","og_title":"Reception hours - N\u00f6v\u00e9nytani Tansz\u00e9k","og_description":"Dr. H\u00e1zi Judit Every Wednesday, PM 13.00-15.00 E-mail: [Click to see email] Dr. P\u00e9li Evelin Ram\u00f3na Every Monday, AM 11.00-12.00 E-mail: [Click to see email] Dr. Engel Rita Every Monday, PM 12.30-13.30 E-mail: [Click to see email] Dr. Kutszegi Gergely J\u00f3zsef Every Wednesday, AM 14.00-15.00 E-mail: [Click to see email] Dr. Vetter J\u00e1nos E-mail: [Click","og_url":"https:\/\/univet.hu\/novenytani-tanszek\/en\/department-of-botany\/reception-hours\/","og_site_name":"N\u00f6v\u00e9nytani Tansz\u00e9k","article_modified_time":"2026-03-17T11:59:59+00:00","twitter_card":"summary_large_image","twitter_misc":{"Est. reading time":"1 minute"},"schema":{"@context":"https:\/\/schema.org","@graph":[{"@type":"WebPage","@id":"https:\/\/univet.hu\/novenytani-tanszek\/en\/department-of-botany\/reception-hours\/","url":"https:\/\/univet.hu\/novenytani-tanszek\/en\/department-of-botany\/reception-hours\/","name":"Reception hours - N\u00f6v\u00e9nytani Tansz\u00e9k","isPartOf":{"@id":"https:\/\/univet.hu\/novenytani-tanszek\/en\/#website"},"datePublished":"2025-09-02T11:03:35+00:00","dateModified":"2026-03-17T11:59:59+00:00","breadcrumb":{"@id":"https:\/\/univet.hu\/novenytani-tanszek\/en\/department-of-botany\/reception-hours\/#breadcrumb"},"inLanguage":"en-US","potentialAction":[{"@type":"ReadAction","target":["https:\/\/univet.hu\/novenytani-tanszek\/en\/department-of-botany\/reception-hours\/"]}]},{"@type":"BreadcrumbList","@id":"https:\/\/univet.hu\/novenytani-tanszek\/en\/department-of-botany\/reception-hours\/#breadcrumb","itemListElement":[{"@type":"ListItem","position":1,"name":"Kezd\u0151lap","item":"https:\/\/univet.hu\/novenytani-tanszek\/en\/"},{"@type":"ListItem","position":2,"name":"Department of Botany","item":"https:\/\/univet.hu\/novenytani-tanszek\/en\/"},{"@type":"ListItem","position":3,"name":"Reception hours"}]},{"@type":"WebSite","@id":"https:\/\/univet.hu\/novenytani-tanszek\/en\/#website","url":"https:\/\/univet.hu\/novenytani-tanszek\/en\/","name":"N\u00f6v\u00e9nytani Tansz\u00e9k","description":"","potentialAction":[{"@type":"SearchAction","target":{"@type":"EntryPoint","urlTemplate":"https:\/\/univet.hu\/novenytani-tanszek\/en\/?s={search_term_string}"},"query-input":{"@type":"PropertyValueSpecification","valueRequired":true,"valueName":"search_term_string"}}],"inLanguage":"en-US"}]}},"_links":{"self":[{"href":"https:\/\/univet.hu\/novenytani-tanszek\/en\/wp-json\/wp\/v2\/pages\/177238","targetHints":{"allow":["GET"]}}],"collection":[{"href":"https:\/\/univet.hu\/novenytani-tanszek\/en\/wp-json\/wp\/v2\/pages"}],"about":[{"href":"https:\/\/univet.hu\/novenytani-tanszek\/en\/wp-json\/wp\/v2\/types\/page"}],"author":[{"embeddable":true,"href":"https:\/\/univet.hu\/novenytani-tanszek\/en\/wp-json\/wp\/v2\/users\/68"}],"replies":[{"embeddable":true,"href":"https:\/\/univet.hu\/novenytani-tanszek\/en\/wp-json\/wp\/v2\/comments?post=177238"}],"version-history":[{"count":5,"href":"https:\/\/univet.hu\/novenytani-tanszek\/en\/wp-json\/wp\/v2\/pages\/177238\/revisions"}],"predecessor-version":[{"id":177418,"href":"https:\/\/univet.hu\/novenytani-tanszek\/en\/wp-json\/wp\/v2\/pages\/177238\/revisions\/177418"}],"up":[{"embeddable":true,"href":"https:\/\/univet.hu\/novenytani-tanszek\/en\/wp-json\/wp\/v2\/pages\/3366"}],"wp:attachment":[{"href":"https:\/\/univet.hu\/novenytani-tanszek\/en\/wp-json\/wp\/v2\/media?parent=177238"}],"wp:term":[{"taxonomy":"category","embeddable":true,"href":"https:\/\/univet.hu\/novenytani-tanszek\/en\/wp-json\/wp\/v2\/categories?post=177238"},{"taxonomy":"post_tag","embeddable":true,"href":"https:\/\/univet.hu\/novenytani-tanszek\/en\/wp-json\/wp\/v2\/tags?post=177238"}],"curies":[{"name":"wp","href":"https:\/\/api.w.org\/{rel}","templated":true}]}}