{"id":3366,"date":"2017-07-07T08:41:00","date_gmt":"2017-07-07T06:41:00","guid":{"rendered":"http:\/\/univet.hu\/about\/units\/department-of-botany\/"},"modified":"2025-03-20T06:06:32","modified_gmt":"2025-03-20T05:06:32","slug":"department-of-botany","status":"publish","type":"page","link":"https:\/\/univet.hu\/novenytani-tanszek\/en\/","title":{"rendered":"Department of Botany"},"content":{"rendered":"<h2>History of the Department<\/h2> <p>The botany was &#8211; from the establishment of the university (1787) &#8211; as ground subject absolved. The lectures were presented firstly by the professors of chemistry, later by other persons (M\u00e1rton Galambos \/1857-1865\/, Lajos Thanhoffer \/1873-1874\/, B\u00e9la Thormay \/1874\/). From 1874 till 1895 K\u00e1lm\u00e1n Czak\u00f3 (Professor of Pathology and Pharmacology) organized the botanical education. The botanical hay analysis was introduced &#8211; for example &#8211; according to his proposition. After this death Professor Gyula Magyary-Kossa (1896-1913) and Professor Zolt\u00e1n Szab\u00f3 (1913-1923) have the botanical lectures and seminars absolved. Both Professors have given extreme importance to the information on poisonous and forage plants. Later, dr. Bertalan Hazslinszky (1931-1944) has published one textbook of great importance (?Microscopic analysis of foods and forages of plant origin?). This book was (and is today) a valuable compendium.<\/p> <p>After the World War II was dr. \u00c1d\u00e1m Boros (well-known botanist-bryologist) the head of the botanical education. In 1953 was the Department of Botany official established, first head was the Associate Professor Vidor Modor (1953-1971). Scientific projects were presented on histology of some medicinal and poisonous plants. The second head of the Department was dr. Ede Haraszti (Associate Professor, later Professor: 1971-1986). He studied some questions of grassland (botany and management), as well as of poisonous plants and plant poisonings. He published in 1985 the textbook: ?Poisonous plants and plant poisonings?. From 1986 till 1990 was Professor J\u00f3zsef Bokori (Department of Animal Nutrition) the curator of the Department. Since 1990: dr. J\u00e1nos Vetter (Associate Professor, later Professor) have been the head of Department. New educational aims and works were received during the last 16 years: participations in German and English courses of veterinary education (from 1990 and 1992, respectively), organisation and performance of new facultative courses (Mycology, Grassland, Medicinal Plants, Edible and poisonous mushrooms etc.), participation in the educations of zoologists (from 1996: Plant Morphology, Plant Systematics, Plant Physiology) and biologists (BSc from 2006).<\/p> <p>&nbsp;<\/p> <p>&nbsp;<\/p> <p><span style=\"font-size: 14pt\"><span style=\"font-family: 'times new roman', times, serif\"><em><strong>Updated: 2023.01.31.<\/strong><\/em><\/span><\/span><\/p>","protected":false},"excerpt":{"rendered":"<p>History of the Department The botany was &#8211; from the establishment of the university (1787) &#8211; as ground subject absolved. The lectures were presented firstly by the professors of chemistry, later by other persons (M\u00e1rton Galambos \/1857-1865\/, Lajos Thanhoffer \/1873-1874\/, B\u00e9la Thormay \/1874\/). From 1874 till 1895 K\u00e1lm\u00e1n Czak\u00f3 (Professor of Pathology and Pharmacology) organized<\/p>\n","protected":false},"author":3837,"featured_media":0,"parent":0,"menu_order":135,"comment_status":"closed","ping_status":"closed","template":"","meta":{"_acf_changed":false,"footnotes":""},"categories":[15],"tags":[],"class_list":["post-3366","page","type-page","status-publish","hentry","category-departments"],"acf":[],"yoast_head":"<!-- This site is optimized with the Yoast SEO plugin v27.2 - https:\/\/yoast.com\/product\/yoast-seo-wordpress\/ -->\n<title>Department of Botany - N\u00f6v\u00e9nytani Tansz\u00e9k<\/title>\n<meta name=\"robots\" content=\"index, follow, max-snippet:-1, max-image-preview:large, max-video-preview:-1\" \/>\n<link rel=\"canonical\" href=\"https:\/\/univet.hu\/novenytani-tanszek\/en\/\" \/>\n<meta property=\"og:locale\" content=\"en_US\" \/>\n<meta property=\"og:type\" content=\"article\" \/>\n<meta property=\"og:title\" content=\"Department of Botany - N\u00f6v\u00e9nytani Tansz\u00e9k\" \/>\n<meta property=\"og:description\" content=\"History of the Department The botany was &#8211; from the establishment of the university (1787) &#8211; as ground subject absolved. The lectures were presented firstly by the professors of chemistry, later by other persons (M\u00e1rton Galambos \/1857-1865\/, Lajos Thanhoffer \/1873-1874\/, B\u00e9la Thormay \/1874\/). From 1874 till 1895 K\u00e1lm\u00e1n Czak\u00f3 (Professor of Pathology and Pharmacology) organized\" \/>\n<meta property=\"og:url\" content=\"https:\/\/univet.hu\/novenytani-tanszek\/en\/\" \/>\n<meta property=\"og:site_name\" content=\"N\u00f6v\u00e9nytani Tansz\u00e9k\" \/>\n<meta property=\"article:modified_time\" content=\"2025-03-20T05:06:32+00:00\" \/>\n<meta name=\"twitter:card\" content=\"summary_large_image\" \/>\n<meta name=\"twitter:label1\" content=\"Est. reading time\" \/>\n\t<meta name=\"twitter:data1\" content=\"2 minutes\" \/>\n<script type=\"application\/ld+json\" class=\"yoast-schema-graph\">{\"@context\":\"https:\/\/schema.org\",\"@graph\":[{\"@type\":\"WebPage\",\"@id\":\"https:\/\/univet.hu\/novenytani-tanszek\/en\/\",\"url\":\"https:\/\/univet.hu\/novenytani-tanszek\/en\/\",\"name\":\"Department of Botany - N\u00f6v\u00e9nytani Tansz\u00e9k\",\"isPartOf\":{\"@id\":\"https:\/\/univet.hu\/novenytani-tanszek\/en\/#website\"},\"datePublished\":\"2017-07-07T06:41:00+00:00\",\"dateModified\":\"2025-03-20T05:06:32+00:00\",\"breadcrumb\":{\"@id\":\"https:\/\/univet.hu\/novenytani-tanszek\/en\/#breadcrumb\"},\"inLanguage\":\"en-US\",\"potentialAction\":[{\"@type\":\"ReadAction\",\"target\":[\"https:\/\/univet.hu\/novenytani-tanszek\/en\/\"]}]},{\"@type\":\"BreadcrumbList\",\"@id\":\"https:\/\/univet.hu\/novenytani-tanszek\/en\/#breadcrumb\",\"itemListElement\":[{\"@type\":\"ListItem\",\"position\":1,\"name\":\"Kezd\u0151lap\",\"item\":\"https:\/\/univet.hu\/novenytani-tanszek\/en\/\"},{\"@type\":\"ListItem\",\"position\":2,\"name\":\"Department of Botany\"}]},{\"@type\":\"WebSite\",\"@id\":\"https:\/\/univet.hu\/novenytani-tanszek\/en\/#website\",\"url\":\"https:\/\/univet.hu\/novenytani-tanszek\/en\/\",\"name\":\"N\u00f6v\u00e9nytani Tansz\u00e9k\",\"description\":\"\",\"potentialAction\":[{\"@type\":\"SearchAction\",\"target\":{\"@type\":\"EntryPoint\",\"urlTemplate\":\"https:\/\/univet.hu\/novenytani-tanszek\/en\/?s={search_term_string}\"},\"query-input\":{\"@type\":\"PropertyValueSpecification\",\"valueRequired\":true,\"valueName\":\"search_term_string\"}}],\"inLanguage\":\"en-US\"}]}<\/script>\n<!-- \/ Yoast SEO plugin. -->","yoast_head_json":{"title":"Department of Botany - N\u00f6v\u00e9nytani Tansz\u00e9k","robots":{"index":"index","follow":"follow","max-snippet":"max-snippet:-1","max-image-preview":"max-image-preview:large","max-video-preview":"max-video-preview:-1"},"canonical":"https:\/\/univet.hu\/novenytani-tanszek\/en\/","og_locale":"en_US","og_type":"article","og_title":"Department of Botany - N\u00f6v\u00e9nytani Tansz\u00e9k","og_description":"History of the Department The botany was &#8211; from the establishment of the university (1787) &#8211; as ground subject absolved. The lectures were presented firstly by the professors of chemistry, later by other persons (M\u00e1rton Galambos \/1857-1865\/, Lajos Thanhoffer \/1873-1874\/, B\u00e9la Thormay \/1874\/). From 1874 till 1895 K\u00e1lm\u00e1n Czak\u00f3 (Professor of Pathology and Pharmacology) organized","og_url":"https:\/\/univet.hu\/novenytani-tanszek\/en\/","og_site_name":"N\u00f6v\u00e9nytani Tansz\u00e9k","article_modified_time":"2025-03-20T05:06:32+00:00","twitter_card":"summary_large_image","twitter_misc":{"Est. reading time":"2 minutes"},"schema":{"@context":"https:\/\/schema.org","@graph":[{"@type":"WebPage","@id":"https:\/\/univet.hu\/novenytani-tanszek\/en\/","url":"https:\/\/univet.hu\/novenytani-tanszek\/en\/","name":"Department of Botany - N\u00f6v\u00e9nytani Tansz\u00e9k","isPartOf":{"@id":"https:\/\/univet.hu\/novenytani-tanszek\/en\/#website"},"datePublished":"2017-07-07T06:41:00+00:00","dateModified":"2025-03-20T05:06:32+00:00","breadcrumb":{"@id":"https:\/\/univet.hu\/novenytani-tanszek\/en\/#breadcrumb"},"inLanguage":"en-US","potentialAction":[{"@type":"ReadAction","target":["https:\/\/univet.hu\/novenytani-tanszek\/en\/"]}]},{"@type":"BreadcrumbList","@id":"https:\/\/univet.hu\/novenytani-tanszek\/en\/#breadcrumb","itemListElement":[{"@type":"ListItem","position":1,"name":"Kezd\u0151lap","item":"https:\/\/univet.hu\/novenytani-tanszek\/en\/"},{"@type":"ListItem","position":2,"name":"Department of Botany"}]},{"@type":"WebSite","@id":"https:\/\/univet.hu\/novenytani-tanszek\/en\/#website","url":"https:\/\/univet.hu\/novenytani-tanszek\/en\/","name":"N\u00f6v\u00e9nytani Tansz\u00e9k","description":"","potentialAction":[{"@type":"SearchAction","target":{"@type":"EntryPoint","urlTemplate":"https:\/\/univet.hu\/novenytani-tanszek\/en\/?s={search_term_string}"},"query-input":{"@type":"PropertyValueSpecification","valueRequired":true,"valueName":"search_term_string"}}],"inLanguage":"en-US"}]}},"_links":{"self":[{"href":"https:\/\/univet.hu\/novenytani-tanszek\/en\/wp-json\/wp\/v2\/pages\/3366","targetHints":{"allow":["GET"]}}],"collection":[{"href":"https:\/\/univet.hu\/novenytani-tanszek\/en\/wp-json\/wp\/v2\/pages"}],"about":[{"href":"https:\/\/univet.hu\/novenytani-tanszek\/en\/wp-json\/wp\/v2\/types\/page"}],"author":[{"embeddable":true,"href":"https:\/\/univet.hu\/novenytani-tanszek\/en\/wp-json\/wp\/v2\/users\/3837"}],"replies":[{"embeddable":true,"href":"https:\/\/univet.hu\/novenytani-tanszek\/en\/wp-json\/wp\/v2\/comments?post=3366"}],"version-history":[{"count":1,"href":"https:\/\/univet.hu\/novenytani-tanszek\/en\/wp-json\/wp\/v2\/pages\/3366\/revisions"}],"predecessor-version":[{"id":177147,"href":"https:\/\/univet.hu\/novenytani-tanszek\/en\/wp-json\/wp\/v2\/pages\/3366\/revisions\/177147"}],"wp:attachment":[{"href":"https:\/\/univet.hu\/novenytani-tanszek\/en\/wp-json\/wp\/v2\/media?parent=3366"}],"wp:term":[{"taxonomy":"category","embeddable":true,"href":"https:\/\/univet.hu\/novenytani-tanszek\/en\/wp-json\/wp\/v2\/categories?post=3366"},{"taxonomy":"post_tag","embeddable":true,"href":"https:\/\/univet.hu\/novenytani-tanszek\/en\/wp-json\/wp\/v2\/tags?post=3366"}],"curies":[{"name":"wp","href":"https:\/\/api.w.org\/{rel}","templated":true}]}}