{"id":82797,"date":"2023-01-31T08:45:17","date_gmt":"2023-01-31T07:45:17","guid":{"rendered":"https:\/\/univet.hu\/?page_id=82797"},"modified":"2026-02-10T13:06:13","modified_gmt":"2026-02-10T12:06:13","slug":"82807-2","status":"publish","type":"page","link":"https:\/\/univet.hu\/novenytani-tanszek\/en\/department-of-botany\/82807-2\/","title":{"rendered":"Department policy"},"content":{"rendered":"<p style=\"text-align: center\"><span style=\"color: #0000ff\">Dear Students,<strong>\u00a0<\/strong><\/span><\/p> <p>&nbsp;<\/p> <ul> <li><strong>Arriving to a class, you can enter the Department by ringing the (red) bell labelled \u201eSecretariat\/H\u00e1zi\u201d. <\/strong>If you visit a specific person, you should push the bell of that person.<\/li> <li>The Department opens at <strong>8<\/strong><strong>:00<\/strong> <strong>am<\/strong>.<\/li> <li>Botany Seminars stars from <strong>8:15 am<\/strong>. We\u2019d like to ask you to arrive on time. If you are late and you cannot enter the Department, please ring the <strong>\u201electure room\u201d<\/strong><\/li> <li>Seminars are held in room 6, which is on the left from the Department entrance and at the end of the floor.<\/li> <li>Please park Your <strong>bicycles<\/strong> behind the building where You can find a bicycle parking racks.<\/li> <li><strong>Dogs are only allowed if<\/strong> <strong>they do not disturb classes<\/strong>! Animals and their environment must be <strong>kept clean and odor-free<\/strong>, which is the <strong>responsibility and duty of the owner<\/strong>.<\/li> <li><strong>Detailed information<\/strong> about our courses, requirements, slideshows, topic lists for the oral exam, as well as the weekly schedule for botany Seminars are available on the University website (<strong>https:\/\/univet.hu\/en\/<\/strong>) and on Moodle.<\/li> <li>Teachers\u2019 c<strong>ontacts are <\/strong>available on <strong>https:\/\/univet.hu\/en\/<\/strong> -&gt; <strong>About Us <\/strong>-&gt;<strong>\u00a0Staff<\/strong>.<\/li> <li>Anyone can enter the University building, so please pay special attention to your valuables. Do not leave bags, suitcases, coats, or electronic devices outside the classroom, and never leave them unattended!<\/li> <li><strong>The Lost and Found Box is located at the Secretariat.<\/strong> Lost items are generally stored for a semester.<\/li> <li>Contact to the Department: Tel: 06-1-478-4236; E-mail: <a class=\"decrypt\" rel=\"t{bcpof\/wbshb\/cfbubAvojwfu\/iv\" href=\"javascript:void(0);\">[Click to see email]<\/a><\/li> <\/ul> <p>&nbsp;<\/p> <p style=\"text-align: center\"><span style=\"color: #0000ff\"><strong>We wish you a successful academic year! \ud83d\ude42<\/strong><\/span><\/p> <p style=\"text-align: center\"><span style=\"color: #0000ff\"><strong>Department Stuff<\/strong><\/span><\/p> <p>&nbsp;<\/p> <p><em><span style=\"color: #0000ff\">Update: 2026.01.10.<\/span><\/em><\/p>","protected":false},"excerpt":{"rendered":"<p>Dear Students,\u00a0 &nbsp; Arriving to a class, you can enter the Department by ringing the (red) bell labelled \u201eSecretariat\/H\u00e1zi\u201d. If you visit a specific person, you should push the bell of that person. The Department opens at 8:00 am. Botany Seminars stars from 8:15 am. We\u2019d like to ask you to arrive on time. If<\/p>\n","protected":false},"author":4844,"featured_media":0,"parent":3366,"menu_order":7,"comment_status":"closed","ping_status":"closed","template":"","meta":{"_acf_changed":false,"footnotes":""},"categories":[],"tags":[],"class_list":["post-82797","page","type-page","status-publish","hentry"],"acf":[],"yoast_head":"<!-- This site is optimized with the Yoast SEO plugin v27.2 - https:\/\/yoast.com\/product\/yoast-seo-wordpress\/ -->\n<title>Department policy - N\u00f6v\u00e9nytani Tansz\u00e9k<\/title>\n<meta name=\"robots\" content=\"index, follow, max-snippet:-1, max-image-preview:large, max-video-preview:-1\" \/>\n<link rel=\"canonical\" href=\"https:\/\/univet.hu\/novenytani-tanszek\/en\/department-of-botany\/82807-2\/\" \/>\n<meta property=\"og:locale\" content=\"en_US\" \/>\n<meta property=\"og:type\" content=\"article\" \/>\n<meta property=\"og:title\" content=\"Department policy - N\u00f6v\u00e9nytani Tansz\u00e9k\" \/>\n<meta property=\"og:description\" content=\"Dear Students,\u00a0 &nbsp; Arriving to a class, you can enter the Department by ringing the (red) bell labelled \u201eSecretariat\/H\u00e1zi\u201d. If you visit a specific person, you should push the bell of that person. The Department opens at 8:00 am. Botany Seminars stars from 8:15 am. We\u2019d like to ask you to arrive on time. If\" \/>\n<meta property=\"og:url\" content=\"https:\/\/univet.hu\/novenytani-tanszek\/en\/department-of-botany\/82807-2\/\" \/>\n<meta property=\"og:site_name\" content=\"N\u00f6v\u00e9nytani Tansz\u00e9k\" \/>\n<meta property=\"article:modified_time\" content=\"2026-02-10T12:06:13+00:00\" \/>\n<meta name=\"twitter:card\" content=\"summary_large_image\" \/>\n<meta name=\"twitter:label1\" content=\"Est. reading time\" \/>\n\t<meta name=\"twitter:data1\" content=\"2 minutes\" \/>\n<script type=\"application\/ld+json\" class=\"yoast-schema-graph\">{\"@context\":\"https:\/\/schema.org\",\"@graph\":[{\"@type\":\"WebPage\",\"@id\":\"https:\/\/univet.hu\/novenytani-tanszek\/en\/department-of-botany\/82807-2\/\",\"url\":\"https:\/\/univet.hu\/novenytani-tanszek\/en\/department-of-botany\/82807-2\/\",\"name\":\"Department policy - N\u00f6v\u00e9nytani Tansz\u00e9k\",\"isPartOf\":{\"@id\":\"https:\/\/univet.hu\/novenytani-tanszek\/en\/#website\"},\"datePublished\":\"2023-01-31T07:45:17+00:00\",\"dateModified\":\"2026-02-10T12:06:13+00:00\",\"breadcrumb\":{\"@id\":\"https:\/\/univet.hu\/novenytani-tanszek\/en\/department-of-botany\/82807-2\/#breadcrumb\"},\"inLanguage\":\"en-US\",\"potentialAction\":[{\"@type\":\"ReadAction\",\"target\":[\"https:\/\/univet.hu\/novenytani-tanszek\/en\/department-of-botany\/82807-2\/\"]}]},{\"@type\":\"BreadcrumbList\",\"@id\":\"https:\/\/univet.hu\/novenytani-tanszek\/en\/department-of-botany\/82807-2\/#breadcrumb\",\"itemListElement\":[{\"@type\":\"ListItem\",\"position\":1,\"name\":\"Kezd\u0151lap\",\"item\":\"https:\/\/univet.hu\/novenytani-tanszek\/en\/\"},{\"@type\":\"ListItem\",\"position\":2,\"name\":\"Department of Botany\",\"item\":\"https:\/\/univet.hu\/novenytani-tanszek\/en\/\"},{\"@type\":\"ListItem\",\"position\":3,\"name\":\"Department policy\"}]},{\"@type\":\"WebSite\",\"@id\":\"https:\/\/univet.hu\/novenytani-tanszek\/en\/#website\",\"url\":\"https:\/\/univet.hu\/novenytani-tanszek\/en\/\",\"name\":\"N\u00f6v\u00e9nytani Tansz\u00e9k\",\"description\":\"\",\"potentialAction\":[{\"@type\":\"SearchAction\",\"target\":{\"@type\":\"EntryPoint\",\"urlTemplate\":\"https:\/\/univet.hu\/novenytani-tanszek\/en\/?s={search_term_string}\"},\"query-input\":{\"@type\":\"PropertyValueSpecification\",\"valueRequired\":true,\"valueName\":\"search_term_string\"}}],\"inLanguage\":\"en-US\"}]}<\/script>\n<!-- \/ Yoast SEO plugin. -->","yoast_head_json":{"title":"Department policy - N\u00f6v\u00e9nytani Tansz\u00e9k","robots":{"index":"index","follow":"follow","max-snippet":"max-snippet:-1","max-image-preview":"max-image-preview:large","max-video-preview":"max-video-preview:-1"},"canonical":"https:\/\/univet.hu\/novenytani-tanszek\/en\/department-of-botany\/82807-2\/","og_locale":"en_US","og_type":"article","og_title":"Department policy - N\u00f6v\u00e9nytani Tansz\u00e9k","og_description":"Dear Students,\u00a0 &nbsp; Arriving to a class, you can enter the Department by ringing the (red) bell labelled \u201eSecretariat\/H\u00e1zi\u201d. If you visit a specific person, you should push the bell of that person. The Department opens at 8:00 am. Botany Seminars stars from 8:15 am. We\u2019d like to ask you to arrive on time. If","og_url":"https:\/\/univet.hu\/novenytani-tanszek\/en\/department-of-botany\/82807-2\/","og_site_name":"N\u00f6v\u00e9nytani Tansz\u00e9k","article_modified_time":"2026-02-10T12:06:13+00:00","twitter_card":"summary_large_image","twitter_misc":{"Est. reading time":"2 minutes"},"schema":{"@context":"https:\/\/schema.org","@graph":[{"@type":"WebPage","@id":"https:\/\/univet.hu\/novenytani-tanszek\/en\/department-of-botany\/82807-2\/","url":"https:\/\/univet.hu\/novenytani-tanszek\/en\/department-of-botany\/82807-2\/","name":"Department policy - N\u00f6v\u00e9nytani Tansz\u00e9k","isPartOf":{"@id":"https:\/\/univet.hu\/novenytani-tanszek\/en\/#website"},"datePublished":"2023-01-31T07:45:17+00:00","dateModified":"2026-02-10T12:06:13+00:00","breadcrumb":{"@id":"https:\/\/univet.hu\/novenytani-tanszek\/en\/department-of-botany\/82807-2\/#breadcrumb"},"inLanguage":"en-US","potentialAction":[{"@type":"ReadAction","target":["https:\/\/univet.hu\/novenytani-tanszek\/en\/department-of-botany\/82807-2\/"]}]},{"@type":"BreadcrumbList","@id":"https:\/\/univet.hu\/novenytani-tanszek\/en\/department-of-botany\/82807-2\/#breadcrumb","itemListElement":[{"@type":"ListItem","position":1,"name":"Kezd\u0151lap","item":"https:\/\/univet.hu\/novenytani-tanszek\/en\/"},{"@type":"ListItem","position":2,"name":"Department of Botany","item":"https:\/\/univet.hu\/novenytani-tanszek\/en\/"},{"@type":"ListItem","position":3,"name":"Department policy"}]},{"@type":"WebSite","@id":"https:\/\/univet.hu\/novenytani-tanszek\/en\/#website","url":"https:\/\/univet.hu\/novenytani-tanszek\/en\/","name":"N\u00f6v\u00e9nytani Tansz\u00e9k","description":"","potentialAction":[{"@type":"SearchAction","target":{"@type":"EntryPoint","urlTemplate":"https:\/\/univet.hu\/novenytani-tanszek\/en\/?s={search_term_string}"},"query-input":{"@type":"PropertyValueSpecification","valueRequired":true,"valueName":"search_term_string"}}],"inLanguage":"en-US"}]}},"_links":{"self":[{"href":"https:\/\/univet.hu\/novenytani-tanszek\/en\/wp-json\/wp\/v2\/pages\/82797","targetHints":{"allow":["GET"]}}],"collection":[{"href":"https:\/\/univet.hu\/novenytani-tanszek\/en\/wp-json\/wp\/v2\/pages"}],"about":[{"href":"https:\/\/univet.hu\/novenytani-tanszek\/en\/wp-json\/wp\/v2\/types\/page"}],"author":[{"embeddable":true,"href":"https:\/\/univet.hu\/novenytani-tanszek\/en\/wp-json\/wp\/v2\/users\/4844"}],"replies":[{"embeddable":true,"href":"https:\/\/univet.hu\/novenytani-tanszek\/en\/wp-json\/wp\/v2\/comments?post=82797"}],"version-history":[{"count":5,"href":"https:\/\/univet.hu\/novenytani-tanszek\/en\/wp-json\/wp\/v2\/pages\/82797\/revisions"}],"predecessor-version":[{"id":177404,"href":"https:\/\/univet.hu\/novenytani-tanszek\/en\/wp-json\/wp\/v2\/pages\/82797\/revisions\/177404"}],"up":[{"embeddable":true,"href":"https:\/\/univet.hu\/novenytani-tanszek\/en\/wp-json\/wp\/v2\/pages\/3366"}],"wp:attachment":[{"href":"https:\/\/univet.hu\/novenytani-tanszek\/en\/wp-json\/wp\/v2\/media?parent=82797"}],"wp:term":[{"taxonomy":"category","embeddable":true,"href":"https:\/\/univet.hu\/novenytani-tanszek\/en\/wp-json\/wp\/v2\/categories?post=82797"},{"taxonomy":"post_tag","embeddable":true,"href":"https:\/\/univet.hu\/novenytani-tanszek\/en\/wp-json\/wp\/v2\/tags?post=82797"}],"curies":[{"name":"wp","href":"https:\/\/api.w.org\/{rel}","templated":true}]}}