{"id":99999,"date":"1970-01-01T01:00:00","date_gmt":"1970-01-01T00:00:00","guid":{"rendered":"https:\/\/univet.hu\/?page_id=99999"},"modified":"2025-03-20T06:06:34","modified_gmt":"2025-03-20T05:06:34","slug":"thesis-supervisors-research-areas-phd","status":"publish","type":"page","link":"https:\/\/univet.hu\/novenytani-tanszek\/en\/department-of-botany\/thesis-supervisors-research-areas-phd\/","title":{"rendered":"Thesis Supervisors &amp; Research Areas (PhD)"},"content":{"rendered":"<h4><span style=\"color: #0000ff\">Dr. P\u00e9li Evelin Ram\u00f3na\u00a0<\/span><\/h4> <p><span style=\"color: #000000\"><em><strong>E-mail: <a class=\"decrypt\" rel=\"Qfmj\/Fwfmjo\/SbnpobAvojwfu\/iv\" href=\"javascript:void(0);\">[Click to see email]<\/a><\/strong><\/em><\/span><\/p> <ul> <li><span style=\"color: #000000\"><a style=\"color: #000000\" href=\"https:\/\/univet.hu\/novenytani-tanszek\/wp-content\/uploads\/sites\/8\/2024\/04\/DI-Temabejelento-lap_2024_PE_1.pdf\">Long<\/a><\/span><span style=\"color: #000000\"><a style=\"color: #000000\" href=\"https:\/\/univet.hu\/novenytani-tanszek\/wp-content\/uploads\/sites\/8\/2024\/04\/DI-Temabejelento-lap_2024_PE_1.pdf\"> term desiccation tolerance in tropical desiccation tolerant plants\u00a0<\/a><\/span><\/li> <\/ul> <p style=\"text-align: left\">The phenomenon of desiccation tolerance involves numerous poikilohydric groups such as algae, lichens, mosses, cyanobacteria, fungi, seeds and spores under dormancy and vascular plants. In contrast to this, most of the higher plants are not able to survive desiccation. However, the capability to cope with the harmful effect of the lack of water supply requires the complex integration of many adaptation mechanisms. Vascular plant species belonging to the same desiccation-tolerance strategy group produce different reactions, which reflect the degree of their adaptation ability. The main questions of the proposed project are: reveal of the regeneration ability of desiccation tolerant plant species following to be in long-term (20 years) desiccation state, of the background mechanisms of temporal dynamics referring to photosynthetic and catabolic activities, of the revival ability and investigate the regeneration degree. Investigations will seek identify substances and systems are important in mechanisms take part in maintenance the integrity of membranes and macromolecule structures during desiccation and prevent the oxidative damage during rehydration.<\/p> <p>&nbsp;<\/p> <ul> <li><span style=\"color: #000000\"><a style=\"color: #000000\" href=\"https:\/\/univet.hu\/novenytani-tanszek\/wp-content\/uploads\/sites\/8\/2024\/04\/DI-Temabejelento-lap_2024_PE_2.pdf\">Investigation of the complex (physiological, content) variability of the dominant hay-forming species of the meadow grass\u00a0<\/a><\/span><\/li> <\/ul> <p>The aim of the research to reveal the changes of the dominance relations in the plant communities of the pastures and meadows caused by climate change using plant physiological and traditional plant coenological methods with measuring the intensity change of ecological parameters. Furthermore, in the hay and grazed plant stock, a significant proportion or it would also involve investigations of the chemical (carbohydrate, protein and lipid) composition of plant species with feed value. For the effects of abiotic factors as stressors, plants as stress response can modify the nature and type of carbohydrate like storage formations inside the cells. These alternations can be intensified with the more expression of the environmental stress factors implying global climate change, which can resulting quality changes in hay component forage and cereals. In veterinary aspects, it also can be pointing forward on feeding and disease diagnosis as in avoidance of pasture-associated laminitis, can point out the periodic inhibition of grazing in the future. It can be conductive to select the adequate plant species in case of feeding purposes of artificial pastures.<\/p> <p>&nbsp;<\/p> <p><span style=\"color: #0000ff\"><em><strong>Update: 2024.04.16.<\/strong><\/em><\/span><\/p>","protected":false},"excerpt":{"rendered":"<p>Dr. P\u00e9li Evelin Ram\u00f3na\u00a0 E-mail: [Click to see email] Long term desiccation tolerance in tropical desiccation tolerant plants\u00a0 The phenomenon of desiccation tolerance involves numerous poikilohydric groups such as algae, lichens, mosses, cyanobacteria, fungi, seeds and spores under dormancy and vascular plants. In contrast to this, most of the higher plants are not able to<\/p>\n","protected":false},"author":4844,"featured_media":0,"parent":3366,"menu_order":6,"comment_status":"closed","ping_status":"closed","template":"","meta":{"_acf_changed":false,"footnotes":""},"categories":[],"tags":[],"class_list":["post-99999","page","type-page","status-publish","hentry"],"acf":[],"yoast_head":"<!-- This site is optimized with the Yoast SEO plugin v27.2 - https:\/\/yoast.com\/product\/yoast-seo-wordpress\/ -->\n<title>Thesis Supervisors &amp; Research Areas (PhD) - N\u00f6v\u00e9nytani Tansz\u00e9k<\/title>\n<meta name=\"robots\" content=\"index, follow, max-snippet:-1, max-image-preview:large, max-video-preview:-1\" \/>\n<link rel=\"canonical\" href=\"https:\/\/univet.hu\/novenytani-tanszek\/en\/department-of-botany\/thesis-supervisors-research-areas-phd\/\" \/>\n<meta property=\"og:locale\" content=\"en_US\" \/>\n<meta property=\"og:type\" content=\"article\" \/>\n<meta property=\"og:title\" content=\"Thesis Supervisors &amp; Research Areas (PhD) - N\u00f6v\u00e9nytani Tansz\u00e9k\" \/>\n<meta property=\"og:description\" content=\"Dr. P\u00e9li Evelin Ram\u00f3na\u00a0 E-mail: [Click to see email] Long term desiccation tolerance in tropical desiccation tolerant plants\u00a0 The phenomenon of desiccation tolerance involves numerous poikilohydric groups such as algae, lichens, mosses, cyanobacteria, fungi, seeds and spores under dormancy and vascular plants. In contrast to this, most of the higher plants are not able to\" \/>\n<meta property=\"og:url\" content=\"https:\/\/univet.hu\/novenytani-tanszek\/en\/department-of-botany\/thesis-supervisors-research-areas-phd\/\" \/>\n<meta property=\"og:site_name\" content=\"N\u00f6v\u00e9nytani Tansz\u00e9k\" \/>\n<meta property=\"article:modified_time\" content=\"2025-03-20T05:06:34+00:00\" \/>\n<meta name=\"twitter:card\" content=\"summary_large_image\" \/>\n<meta name=\"twitter:label1\" content=\"Est. reading time\" \/>\n\t<meta name=\"twitter:data1\" content=\"2 minutes\" \/>\n<script type=\"application\/ld+json\" class=\"yoast-schema-graph\">{\"@context\":\"https:\/\/schema.org\",\"@graph\":[{\"@type\":\"WebPage\",\"@id\":\"https:\/\/univet.hu\/novenytani-tanszek\/en\/department-of-botany\/thesis-supervisors-research-areas-phd\/\",\"url\":\"https:\/\/univet.hu\/novenytani-tanszek\/en\/department-of-botany\/thesis-supervisors-research-areas-phd\/\",\"name\":\"Thesis Supervisors &amp; Research Areas (PhD) - N\u00f6v\u00e9nytani Tansz\u00e9k\",\"isPartOf\":{\"@id\":\"https:\/\/univet.hu\/novenytani-tanszek\/en\/#website\"},\"datePublished\":\"1970-01-01T00:00:00+00:00\",\"dateModified\":\"2025-03-20T05:06:34+00:00\",\"breadcrumb\":{\"@id\":\"https:\/\/univet.hu\/novenytani-tanszek\/en\/department-of-botany\/thesis-supervisors-research-areas-phd\/#breadcrumb\"},\"inLanguage\":\"en-US\",\"potentialAction\":[{\"@type\":\"ReadAction\",\"target\":[\"https:\/\/univet.hu\/novenytani-tanszek\/en\/department-of-botany\/thesis-supervisors-research-areas-phd\/\"]}]},{\"@type\":\"BreadcrumbList\",\"@id\":\"https:\/\/univet.hu\/novenytani-tanszek\/en\/department-of-botany\/thesis-supervisors-research-areas-phd\/#breadcrumb\",\"itemListElement\":[{\"@type\":\"ListItem\",\"position\":1,\"name\":\"Kezd\u0151lap\",\"item\":\"https:\/\/univet.hu\/novenytani-tanszek\/en\/\"},{\"@type\":\"ListItem\",\"position\":2,\"name\":\"Department of Botany\",\"item\":\"https:\/\/univet.hu\/novenytani-tanszek\/en\/\"},{\"@type\":\"ListItem\",\"position\":3,\"name\":\"Thesis Supervisors &amp; Research Areas (PhD)\"}]},{\"@type\":\"WebSite\",\"@id\":\"https:\/\/univet.hu\/novenytani-tanszek\/en\/#website\",\"url\":\"https:\/\/univet.hu\/novenytani-tanszek\/en\/\",\"name\":\"N\u00f6v\u00e9nytani Tansz\u00e9k\",\"description\":\"\",\"potentialAction\":[{\"@type\":\"SearchAction\",\"target\":{\"@type\":\"EntryPoint\",\"urlTemplate\":\"https:\/\/univet.hu\/novenytani-tanszek\/en\/?s={search_term_string}\"},\"query-input\":{\"@type\":\"PropertyValueSpecification\",\"valueRequired\":true,\"valueName\":\"search_term_string\"}}],\"inLanguage\":\"en-US\"}]}<\/script>\n<!-- \/ Yoast SEO plugin. -->","yoast_head_json":{"title":"Thesis Supervisors &amp; Research Areas (PhD) - N\u00f6v\u00e9nytani Tansz\u00e9k","robots":{"index":"index","follow":"follow","max-snippet":"max-snippet:-1","max-image-preview":"max-image-preview:large","max-video-preview":"max-video-preview:-1"},"canonical":"https:\/\/univet.hu\/novenytani-tanszek\/en\/department-of-botany\/thesis-supervisors-research-areas-phd\/","og_locale":"en_US","og_type":"article","og_title":"Thesis Supervisors &amp; Research Areas (PhD) - N\u00f6v\u00e9nytani Tansz\u00e9k","og_description":"Dr. P\u00e9li Evelin Ram\u00f3na\u00a0 E-mail: [Click to see email] Long term desiccation tolerance in tropical desiccation tolerant plants\u00a0 The phenomenon of desiccation tolerance involves numerous poikilohydric groups such as algae, lichens, mosses, cyanobacteria, fungi, seeds and spores under dormancy and vascular plants. In contrast to this, most of the higher plants are not able to","og_url":"https:\/\/univet.hu\/novenytani-tanszek\/en\/department-of-botany\/thesis-supervisors-research-areas-phd\/","og_site_name":"N\u00f6v\u00e9nytani Tansz\u00e9k","article_modified_time":"2025-03-20T05:06:34+00:00","twitter_card":"summary_large_image","twitter_misc":{"Est. reading time":"2 minutes"},"schema":{"@context":"https:\/\/schema.org","@graph":[{"@type":"WebPage","@id":"https:\/\/univet.hu\/novenytani-tanszek\/en\/department-of-botany\/thesis-supervisors-research-areas-phd\/","url":"https:\/\/univet.hu\/novenytani-tanszek\/en\/department-of-botany\/thesis-supervisors-research-areas-phd\/","name":"Thesis Supervisors &amp; Research Areas (PhD) - N\u00f6v\u00e9nytani Tansz\u00e9k","isPartOf":{"@id":"https:\/\/univet.hu\/novenytani-tanszek\/en\/#website"},"datePublished":"1970-01-01T00:00:00+00:00","dateModified":"2025-03-20T05:06:34+00:00","breadcrumb":{"@id":"https:\/\/univet.hu\/novenytani-tanszek\/en\/department-of-botany\/thesis-supervisors-research-areas-phd\/#breadcrumb"},"inLanguage":"en-US","potentialAction":[{"@type":"ReadAction","target":["https:\/\/univet.hu\/novenytani-tanszek\/en\/department-of-botany\/thesis-supervisors-research-areas-phd\/"]}]},{"@type":"BreadcrumbList","@id":"https:\/\/univet.hu\/novenytani-tanszek\/en\/department-of-botany\/thesis-supervisors-research-areas-phd\/#breadcrumb","itemListElement":[{"@type":"ListItem","position":1,"name":"Kezd\u0151lap","item":"https:\/\/univet.hu\/novenytani-tanszek\/en\/"},{"@type":"ListItem","position":2,"name":"Department of Botany","item":"https:\/\/univet.hu\/novenytani-tanszek\/en\/"},{"@type":"ListItem","position":3,"name":"Thesis Supervisors &amp; Research Areas (PhD)"}]},{"@type":"WebSite","@id":"https:\/\/univet.hu\/novenytani-tanszek\/en\/#website","url":"https:\/\/univet.hu\/novenytani-tanszek\/en\/","name":"N\u00f6v\u00e9nytani Tansz\u00e9k","description":"","potentialAction":[{"@type":"SearchAction","target":{"@type":"EntryPoint","urlTemplate":"https:\/\/univet.hu\/novenytani-tanszek\/en\/?s={search_term_string}"},"query-input":{"@type":"PropertyValueSpecification","valueRequired":true,"valueName":"search_term_string"}}],"inLanguage":"en-US"}]}},"_links":{"self":[{"href":"https:\/\/univet.hu\/novenytani-tanszek\/en\/wp-json\/wp\/v2\/pages\/99999","targetHints":{"allow":["GET"]}}],"collection":[{"href":"https:\/\/univet.hu\/novenytani-tanszek\/en\/wp-json\/wp\/v2\/pages"}],"about":[{"href":"https:\/\/univet.hu\/novenytani-tanszek\/en\/wp-json\/wp\/v2\/types\/page"}],"author":[{"embeddable":true,"href":"https:\/\/univet.hu\/novenytani-tanszek\/en\/wp-json\/wp\/v2\/users\/4844"}],"replies":[{"embeddable":true,"href":"https:\/\/univet.hu\/novenytani-tanszek\/en\/wp-json\/wp\/v2\/comments?post=99999"}],"version-history":[{"count":1,"href":"https:\/\/univet.hu\/novenytani-tanszek\/en\/wp-json\/wp\/v2\/pages\/99999\/revisions"}],"predecessor-version":[{"id":177189,"href":"https:\/\/univet.hu\/novenytani-tanszek\/en\/wp-json\/wp\/v2\/pages\/99999\/revisions\/177189"}],"up":[{"embeddable":true,"href":"https:\/\/univet.hu\/novenytani-tanszek\/en\/wp-json\/wp\/v2\/pages\/3366"}],"wp:attachment":[{"href":"https:\/\/univet.hu\/novenytani-tanszek\/en\/wp-json\/wp\/v2\/media?parent=99999"}],"wp:term":[{"taxonomy":"category","embeddable":true,"href":"https:\/\/univet.hu\/novenytani-tanszek\/en\/wp-json\/wp\/v2\/categories?post=99999"},{"taxonomy":"post_tag","embeddable":true,"href":"https:\/\/univet.hu\/novenytani-tanszek\/en\/wp-json\/wp\/v2\/tags?post=99999"}],"curies":[{"name":"wp","href":"https:\/\/api.w.org\/{rel}","templated":true}]}}