{"id":103521,"date":"2024-09-18T15:13:05","date_gmt":"2024-09-18T13:13:05","guid":{"rendered":"https:\/\/univet.hu\/?page_id=103521"},"modified":"2025-01-10T20:26:26","modified_gmt":"2025-01-10T19:26:26","slug":"jozsef-hoffner-1794-1841","status":"publish","type":"page","link":"https:\/\/univet.hu\/pantheon\/de\/jozsef-hoffner-1794-1841\/","title":{"rendered":"J\u00f3zsef Hoffner (1794\u20131841)"},"content":{"rendered":"<p>Doktor der Medizin, Tierarzt, Universit\u00e4tsprofessor, korrespondierendes Mitglied der Ungarischen Akademie der Wissenschaften und Leiter der Abteilung f\u00fcr Veterin\u00e4rmedizin und des Veterin\u00e4rinstituts der Medizinischen Fakult\u00e4t der Universit\u00e4t Pest von 1826 bis 1841. Er war derjenige, der sich f\u00fcr die Einf\u00fchrung des ungarischsprachigen Unterrichts und Vorlesungen an der Veterin\u00e4rschule einsetzte und seine Antrittsrede auf Ungarisch hielt, sehr zur \u00dcberraschung seiner Kollegen.<\/p> <p>Hoffner wurde am 25. M\u00e4rz 1794 in Veszpr\u00e9m geboren, wo er auch das Gymnasium abschloss. Von 1810 bis 1814 arbeitete er als Schreiber in der Di\u00f6zese von Gy\u0151r. Er studierte Philosophie an der Universit\u00e4t Pest bis 1816 und Medizin bis 1818. Seine Studien setzte er in Wien fort, wo er 1822 zum Doktor der Medizin promoviert wurde und sp\u00e4ter ein veterin\u00e4rmedizinisches Diplom erwarb. Ab dem 9. Februar 1823 war er Assistent am Veterin\u00e4rinstitut in Wien, wo er bis 1825 \u201eTierchirurgie\u201c und forensische Veterin\u00e4rwissenschaft lehrte. Nach dem Tod von Rom\u00e1n Brunkala wurde Hoffner am 2. Juni 1826 zum Leiter der Abteilung f\u00fcr Veterin\u00e4rmedizin und des Veterin\u00e4rinstituts der Medizinischen Fakult\u00e4t der Universit\u00e4t Pest ernannt. Am 9. M\u00e4rz 1832 wurde er zum korrespondierenden Mitglied der Ungarischen Akademie der Wissenschaften gew\u00e4hlt. Er hielt noch 1840 Vorlesungen an der Universit\u00e4t, doch nach langer Krankheit starb er am 16. Februar 1841 an Tuberkulose. Sein Verm\u00f6gen vermachte er der Ausbildung armer Kinder.<\/p> <p>Als Patriot war Hoffner ein \u00fcberzeugter Vertreter der ungarischen Veterin\u00e4rwissenschaft und k\u00e4mpfte f\u00fcr eine eigenst\u00e4ndige Veterin\u00e4rausbildung. Als Anh\u00e4nger von P\u00e1l Bug\u00e1t setzte er sich nicht nur f\u00fcr den ungarischsprachigen Unterricht ein, sondern arbeitete auch an der Verbreitung ungarischer Fachbegriffe. Er trug zur Erstellung des medizinisch-naturwissenschaftlichen W\u00f6rterbuchs der Ungarischen Akademie der Wissenschaften bei. Hoffner \u00fcbersetzte Werke von Konstantin Balassa, Konr\u00e1d Schwab und Seyfert von Tennecker ins Ungarische und gab den von ihm unterrichteten F\u00e4chern ungarische Namen. Dank seiner Bem\u00fchungen begann sich die veterin\u00e4rmedizinische Hochschulausbildung trotz aller Schwierigkeiten zu entwickeln: Der Lehrplan der Hippiatrie wurde erweitert, die R\u00e4umlichkeiten, die Ausstattung und die Unterst\u00fctzung verbesserten sich.<\/p>","protected":false},"excerpt":{"rendered":"<p>Doktor der Medizin, Tierarzt, Universit\u00e4tsprofessor, korrespondierendes Mitglied der Ungarischen Akademie der Wissenschaften und Leiter der Abteilung f\u00fcr Veterin\u00e4rmedizin und des Veterin\u00e4rinstituts der Medizinischen Fakult\u00e4t der Universit\u00e4t Pest von 1826 bis 1841. Er war derjenige, der sich f\u00fcr die Einf\u00fchrung des ungarischsprachigen Unterrichts und Vorlesungen an der Veterin\u00e4rschule einsetzte und seine Antrittsrede auf Ungarisch hielt, sehr<\/p>\n","protected":false},"author":4844,"featured_media":0,"parent":0,"menu_order":0,"comment_status":"closed","ping_status":"closed","template":"","meta":{"_acf_changed":false,"footnotes":""},"categories":[],"tags":[],"class_list":["post-103521","page","type-page","status-publish","hentry"],"acf":[],"yoast_head":"<!-- This site is optimized with the Yoast SEO plugin v27.2 - https:\/\/yoast.com\/product\/yoast-seo-wordpress\/ -->\n<title>J\u00f3zsef Hoffner (1794\u20131841) - Unsere renommierten Tier\u00e4rzte<\/title>\n<meta name=\"robots\" content=\"index, follow, max-snippet:-1, max-image-preview:large, max-video-preview:-1\" \/>\n<link rel=\"canonical\" href=\"https:\/\/univet.hu\/pantheon\/de\/jozsef-hoffner-1794-1841\/\" \/>\n<meta property=\"og:locale\" content=\"de_DE\" \/>\n<meta property=\"og:type\" content=\"article\" \/>\n<meta property=\"og:title\" content=\"J\u00f3zsef Hoffner (1794\u20131841) - Unsere renommierten Tier\u00e4rzte\" \/>\n<meta property=\"og:description\" content=\"Doktor der Medizin, Tierarzt, Universit\u00e4tsprofessor, korrespondierendes Mitglied der Ungarischen Akademie der Wissenschaften und Leiter der Abteilung f\u00fcr Veterin\u00e4rmedizin und des Veterin\u00e4rinstituts der Medizinischen Fakult\u00e4t der Universit\u00e4t Pest von 1826 bis 1841. Er war derjenige, der sich f\u00fcr die Einf\u00fchrung des ungarischsprachigen Unterrichts und Vorlesungen an der Veterin\u00e4rschule einsetzte und seine Antrittsrede auf Ungarisch hielt, sehr\" \/>\n<meta property=\"og:url\" content=\"https:\/\/univet.hu\/pantheon\/de\/jozsef-hoffner-1794-1841\/\" \/>\n<meta property=\"og:site_name\" content=\"Unsere renommierten Tier\u00e4rzte\" \/>\n<meta property=\"article:modified_time\" content=\"2025-01-10T19:26:26+00:00\" \/>\n<meta name=\"twitter:card\" content=\"summary_large_image\" \/>\n<meta name=\"twitter:label1\" content=\"Gesch\u00e4tzte Lesezeit\" \/>\n\t<meta name=\"twitter:data1\" content=\"2\u00a0Minuten\" \/>\n<script type=\"application\/ld+json\" class=\"yoast-schema-graph\">{\"@context\":\"https:\/\/schema.org\",\"@graph\":[{\"@type\":\"WebPage\",\"@id\":\"https:\/\/univet.hu\/pantheon\/de\/jozsef-hoffner-1794-1841\/\",\"url\":\"https:\/\/univet.hu\/pantheon\/de\/jozsef-hoffner-1794-1841\/\",\"name\":\"J\u00f3zsef Hoffner (1794\u20131841) - Unsere renommierten Tier\u00e4rzte\",\"isPartOf\":{\"@id\":\"https:\/\/univet.hu\/pantheon\/de\/#website\"},\"datePublished\":\"2024-09-18T13:13:05+00:00\",\"dateModified\":\"2025-01-10T19:26:26+00:00\",\"breadcrumb\":{\"@id\":\"https:\/\/univet.hu\/pantheon\/de\/jozsef-hoffner-1794-1841\/#breadcrumb\"},\"inLanguage\":\"de\",\"potentialAction\":[{\"@type\":\"ReadAction\",\"target\":[\"https:\/\/univet.hu\/pantheon\/de\/jozsef-hoffner-1794-1841\/\"]}]},{\"@type\":\"BreadcrumbList\",\"@id\":\"https:\/\/univet.hu\/pantheon\/de\/jozsef-hoffner-1794-1841\/#breadcrumb\",\"itemListElement\":[{\"@type\":\"ListItem\",\"position\":1,\"name\":\"Kezd\u0151lap\",\"item\":\"https:\/\/univet.hu\/pantheon\/de\/\"},{\"@type\":\"ListItem\",\"position\":2,\"name\":\"J\u00f3zsef Hoffner (1794\u20131841)\"}]},{\"@type\":\"WebSite\",\"@id\":\"https:\/\/univet.hu\/pantheon\/de\/#website\",\"url\":\"https:\/\/univet.hu\/pantheon\/de\/\",\"name\":\"Our renowned veterinarians\",\"description\":\"\",\"potentialAction\":[{\"@type\":\"SearchAction\",\"target\":{\"@type\":\"EntryPoint\",\"urlTemplate\":\"https:\/\/univet.hu\/pantheon\/de\/?s={search_term_string}\"},\"query-input\":{\"@type\":\"PropertyValueSpecification\",\"valueRequired\":true,\"valueName\":\"search_term_string\"}}],\"inLanguage\":\"de\"}]}<\/script>\n<!-- \/ Yoast SEO plugin. -->","yoast_head_json":{"title":"J\u00f3zsef Hoffner (1794\u20131841) - Unsere renommierten Tier\u00e4rzte","robots":{"index":"index","follow":"follow","max-snippet":"max-snippet:-1","max-image-preview":"max-image-preview:large","max-video-preview":"max-video-preview:-1"},"canonical":"https:\/\/univet.hu\/pantheon\/de\/jozsef-hoffner-1794-1841\/","og_locale":"de_DE","og_type":"article","og_title":"J\u00f3zsef Hoffner (1794\u20131841) - Unsere renommierten Tier\u00e4rzte","og_description":"Doktor der Medizin, Tierarzt, Universit\u00e4tsprofessor, korrespondierendes Mitglied der Ungarischen Akademie der Wissenschaften und Leiter der Abteilung f\u00fcr Veterin\u00e4rmedizin und des Veterin\u00e4rinstituts der Medizinischen Fakult\u00e4t der Universit\u00e4t Pest von 1826 bis 1841. Er war derjenige, der sich f\u00fcr die Einf\u00fchrung des ungarischsprachigen Unterrichts und Vorlesungen an der Veterin\u00e4rschule einsetzte und seine Antrittsrede auf Ungarisch hielt, sehr","og_url":"https:\/\/univet.hu\/pantheon\/de\/jozsef-hoffner-1794-1841\/","og_site_name":"Unsere renommierten Tier\u00e4rzte","article_modified_time":"2025-01-10T19:26:26+00:00","twitter_card":"summary_large_image","twitter_misc":{"Gesch\u00e4tzte Lesezeit":"2\u00a0Minuten"},"schema":{"@context":"https:\/\/schema.org","@graph":[{"@type":"WebPage","@id":"https:\/\/univet.hu\/pantheon\/de\/jozsef-hoffner-1794-1841\/","url":"https:\/\/univet.hu\/pantheon\/de\/jozsef-hoffner-1794-1841\/","name":"J\u00f3zsef Hoffner (1794\u20131841) - Unsere renommierten Tier\u00e4rzte","isPartOf":{"@id":"https:\/\/univet.hu\/pantheon\/de\/#website"},"datePublished":"2024-09-18T13:13:05+00:00","dateModified":"2025-01-10T19:26:26+00:00","breadcrumb":{"@id":"https:\/\/univet.hu\/pantheon\/de\/jozsef-hoffner-1794-1841\/#breadcrumb"},"inLanguage":"de","potentialAction":[{"@type":"ReadAction","target":["https:\/\/univet.hu\/pantheon\/de\/jozsef-hoffner-1794-1841\/"]}]},{"@type":"BreadcrumbList","@id":"https:\/\/univet.hu\/pantheon\/de\/jozsef-hoffner-1794-1841\/#breadcrumb","itemListElement":[{"@type":"ListItem","position":1,"name":"Kezd\u0151lap","item":"https:\/\/univet.hu\/pantheon\/de\/"},{"@type":"ListItem","position":2,"name":"J\u00f3zsef Hoffner (1794\u20131841)"}]},{"@type":"WebSite","@id":"https:\/\/univet.hu\/pantheon\/de\/#website","url":"https:\/\/univet.hu\/pantheon\/de\/","name":"Our renowned veterinarians","description":"","potentialAction":[{"@type":"SearchAction","target":{"@type":"EntryPoint","urlTemplate":"https:\/\/univet.hu\/pantheon\/de\/?s={search_term_string}"},"query-input":{"@type":"PropertyValueSpecification","valueRequired":true,"valueName":"search_term_string"}}],"inLanguage":"de"}]}},"_links":{"self":[{"href":"https:\/\/univet.hu\/pantheon\/de\/wp-json\/wp\/v2\/pages\/103521","targetHints":{"allow":["GET"]}}],"collection":[{"href":"https:\/\/univet.hu\/pantheon\/de\/wp-json\/wp\/v2\/pages"}],"about":[{"href":"https:\/\/univet.hu\/pantheon\/de\/wp-json\/wp\/v2\/types\/page"}],"author":[{"embeddable":true,"href":"https:\/\/univet.hu\/pantheon\/de\/wp-json\/wp\/v2\/users\/4844"}],"replies":[{"embeddable":true,"href":"https:\/\/univet.hu\/pantheon\/de\/wp-json\/wp\/v2\/comments?post=103521"}],"version-history":[{"count":1,"href":"https:\/\/univet.hu\/pantheon\/de\/wp-json\/wp\/v2\/pages\/103521\/revisions"}],"predecessor-version":[{"id":103528,"href":"https:\/\/univet.hu\/pantheon\/de\/wp-json\/wp\/v2\/pages\/103521\/revisions\/103528"}],"wp:attachment":[{"href":"https:\/\/univet.hu\/pantheon\/de\/wp-json\/wp\/v2\/media?parent=103521"}],"wp:term":[{"taxonomy":"category","embeddable":true,"href":"https:\/\/univet.hu\/pantheon\/de\/wp-json\/wp\/v2\/categories?post=103521"},{"taxonomy":"post_tag","embeddable":true,"href":"https:\/\/univet.hu\/pantheon\/de\/wp-json\/wp\/v2\/tags?post=103521"}],"curies":[{"name":"wp","href":"https:\/\/api.w.org\/{rel}","templated":true}]}}