{"id":103610,"date":"2019-04-01T11:47:00","date_gmt":"2019-04-01T09:47:00","guid":{"rendered":"https:\/\/univet.hu\/pantheon\/?page_id=103610"},"modified":"2025-01-10T20:53:28","modified_gmt":"2025-01-10T19:53:28","slug":"unsere-renommierten-tieraerzte","status":"publish","type":"page","link":"https:\/\/univet.hu\/pantheon\/de\/","title":{"rendered":"Lieber Besucher!"},"content":{"rendered":"<p>Als einzige ungarische Institution f\u00fcr die tier\u00e4rztliche Ausbildung mit international herausragendem Niveau haben wir immer besonderen Wert darauf gelegt, den gro\u00dfen Pers\u00f6nlichkeiten der tier\u00e4rztlichen Ausbildung ein w\u00fcrdiges Ged\u00e4chtnis zu geben. Mit \u00fcber 230 Jahren Geschichte hat unsere Universit\u00e4t eine Reihe anerkannter Lehrkr\u00e4fte und Forscher zur tier\u00e4rztlichen Wissenschaft in Ungarn und weltweit beigetragen.<\/p> <p><a class=\"\u201cnoreplace\u201d\" href=\"https:\/\/univet.hu\/pantheon\/de\/aujeszky-aladar-1869-1933\/\">Aujeszky Alad\u00e1r (1869 \u2013 1933)<\/a><\/p> <p><a class=\"\u201cnoreplace\u201d\" href=\"https:\/\/univet.hu\/pantheon\/de\/azary-akos-1850-1888\/\">Azary \u00c1kos (1850 \u2013 1888)<\/a><\/p> <p><a class=\"\u201cnoreplace\u201d\" href=\"https:\/\/univet.hu\/pantheon\/de\/bugarszky-istvan-1868-1941\/\">Bugarszky Istv\u00e1n (1868 \u2013 1941)<\/a><\/p> <p><a class=\"\u201cnoreplace\u201d\" href=\"https:\/\/univet.hu\/pantheon\/de\/groh-gyula\/\">Gr\u00f3h Gyula (1886 \u2013 1952)<\/a><\/p> <p><a class=\"\u201cnoreplace\u201d\" href=\"https:\/\/univet.hu\/pantheon\/de\/horn-artur\/\">Horn Art\u00far (1911 \u2013 2013)<\/a><\/p> <p><a class=\"\u201cnoreplace\u201d\" href=\"https:\/\/univet.hu\/pantheon\/de\/hutyra-ferenc-1860-1934\/\">Hutyra Ferenc (1860 \u2013 1934)<\/a><\/p> <p><a class=\"\u201cnoreplace\u201d\" href=\"https:\/\/univet.hu\/pantheon\/de\/jarmai-karoly-1887-1941\/\">J\u00e1rmai K\u00e1roly (1887 \u2013 1941)<\/a><\/p> <p><a class=\"\u201cnoreplace\u201d\" href=\"https:\/\/univet.hu\/pantheon\/de\/kotlan-sandor-1887-1967\/\">Kotl\u00e1n S\u00e1ndor (1887 \u2013 1967)<\/a><\/p> <p><a class=\"\u201cnoreplace\u201d\" href=\"https:\/\/univet.hu\/pantheon\/de\/kovacs-ferenc-1921-2015\/\">Kov\u00e1cs Ferenc (1921 \u2013 2015)<\/a><\/p> <p><a class=\"\u201cnoreplace\u201d\" href=\"https:\/\/univet.hu\/pantheon\/de\/kovacs-jeno-1910-1990\/\">Kov\u00e1cs Jen\u0151 (1910 \u2013\u00a01990)<\/a><\/p> <p><a class=\"\u201cnoreplace\u201d\" href=\"https:\/\/univet.hu\/pantheon\/de\/magyary-kossa-gyula-1865-1944\/\">Magyary-Kossa Gyula (1865 \u2013\u00a01944)<\/a><\/p> <p><a class=\"\u201cnoreplace\u201d\" href=\"https:\/\/univet.hu\/pantheon\/de\/manninger-rezso-1890-1970\/\">Manninger Rezs\u0151 (1890 \u2013\u00a01970)<\/a><\/p> <p><a class=\"\u201cnoreplace\u201d\" href=\"https:\/\/univet.hu\/pantheon\/de\/marek-jozsef-1868-1952\/\">Marek J\u00f3zsef (1868 \u2013\u00a01952)<\/a><\/p> <p><a class=\"\u201cnoreplace\u201d\" href=\"https:\/\/univet.hu\/pantheon\/de\/mocsy-janos-1895-1976\/\">M\u00f3csy J\u00e1nos (1895 \u2013 1976)<\/a><\/p> <p><a class=\"\u201cnoreplace\u201d\" href=\"https:\/\/univet.hu\/pantheon\/de\/nadaskay-bela-1848-1933\/\">N\u00e1daskay B\u00e9la (1848\u00a0\u2013 1933)<\/a><\/p> <p><a class=\"\u201cnoreplace\u201d\" href=\"https:\/\/univet.hu\/pantheon\/de\/plosz-bela-1863-1945\/\">Pl\u00f3sz B\u00e9la (1863\u00a0\u2013 1945)<\/a><\/p> <p><a class=\"\u201cnoreplace\u201d\" href=\"https:\/\/univet.hu\/pantheon\/de\/ratz-istvan\/\">R\u00e1tz Istv\u00e1n (1860 \u2013 1917)<\/a><\/p> <p><a class=\"\u201cnoreplace\u201d\" href=\"https:\/\/univet.hu\/pantheon\/de\/salyi-gyula-1903-1982\/\">S\u00e1lyi Gyula (1903 \u2013\u00a01982)<\/a><\/p> <p><a class=\"\u201cnoreplace\u201d\" href=\"https:\/\/univet.hu\/pantheon\/de\/thanhoffer-lajos\/\">Thanhoffer Lajos (1843 \u2013 1909)<\/a><\/p> <p><a class=\"\u201cnoreplace\u201d\" href=\"https:\/\/univet.hu\/pantheon\/de\/tolnay-sandor-1748-1818\/\">Tolnay S\u00e1ndor (1748\u00a0\u2013 1818)<\/a><\/p> <p><a class=\"\u201cnoreplace\u201d\" href=\"https:\/\/univet.hu\/pantheon\/de\/tormay-bela-1839-1906\/\">Tormay B\u00e9la (1839 \u2013 1906)<\/a><\/p> <p><a class=\"\u201cnoreplace\u201d\" href=\"https:\/\/univet.hu\/pantheon\/de\/wellmann-oszkar-1876-1943\/\">Wellmann Oszk\u00e1r (1876 \u2013\u00a01943)<\/a><\/p> <p><a class=\"\u201cnoreplace\u201d\" href=\"https:\/\/univet.hu\/pantheon\/de\/zimmermann-agoston-1875-1963\/\">Zimmermann \u00c1goston (1875 \u2013\u00a01963)<\/a><\/p> <p><a class=\"\u201cnoreplace\u201d\" href=\"https:\/\/univet.hu\/pantheon\/de\/zlamal-vilmos-1803-1886\/\">Zlam\u00e1l Vilmos (1803 \u2013\u00a01886)<\/a><\/p> <p>&nbsp;<\/p> <p>&nbsp;<\/p>","protected":false},"excerpt":{"rendered":"<p>Als einzige ungarische Institution f\u00fcr die tier\u00e4rztliche Ausbildung mit international herausragendem Niveau haben wir immer besonderen Wert darauf gelegt, den gro\u00dfen Pers\u00f6nlichkeiten der tier\u00e4rztlichen Ausbildung ein w\u00fcrdiges Ged\u00e4chtnis zu geben. Mit \u00fcber 230 Jahren Geschichte hat unsere Universit\u00e4t eine Reihe anerkannter Lehrkr\u00e4fte und Forscher zur tier\u00e4rztlichen Wissenschaft in Ungarn und weltweit beigetragen. Aujeszky Alad\u00e1r (1869<\/p>\n","protected":false},"author":4844,"featured_media":0,"parent":0,"menu_order":0,"comment_status":"closed","ping_status":"closed","template":"","meta":{"_acf_changed":false,"footnotes":""},"categories":[],"tags":[],"class_list":["post-103610","page","type-page","status-publish","hentry"],"acf":[],"yoast_head":"<!-- This site is optimized with the Yoast SEO plugin v27.2 - https:\/\/yoast.com\/product\/yoast-seo-wordpress\/ -->\n<title>Lieber Besucher! - Unsere renommierten Tier\u00e4rzte<\/title>\n<meta name=\"robots\" content=\"index, follow, max-snippet:-1, max-image-preview:large, max-video-preview:-1\" \/>\n<link rel=\"canonical\" href=\"https:\/\/univet.hu\/pantheon\/de\/\" \/>\n<meta property=\"og:locale\" content=\"de_DE\" \/>\n<meta property=\"og:type\" content=\"article\" \/>\n<meta property=\"og:title\" content=\"Lieber Besucher! - Unsere renommierten Tier\u00e4rzte\" \/>\n<meta property=\"og:description\" content=\"Als einzige ungarische Institution f\u00fcr die tier\u00e4rztliche Ausbildung mit international herausragendem Niveau haben wir immer besonderen Wert darauf gelegt, den gro\u00dfen Pers\u00f6nlichkeiten der tier\u00e4rztlichen Ausbildung ein w\u00fcrdiges Ged\u00e4chtnis zu geben. Mit \u00fcber 230 Jahren Geschichte hat unsere Universit\u00e4t eine Reihe anerkannter Lehrkr\u00e4fte und Forscher zur tier\u00e4rztlichen Wissenschaft in Ungarn und weltweit beigetragen. Aujeszky Alad\u00e1r (1869\" \/>\n<meta property=\"og:url\" content=\"https:\/\/univet.hu\/pantheon\/de\/\" \/>\n<meta property=\"og:site_name\" content=\"Unsere renommierten Tier\u00e4rzte\" \/>\n<meta property=\"article:modified_time\" content=\"2025-01-10T19:53:28+00:00\" \/>\n<meta name=\"twitter:card\" content=\"summary_large_image\" \/>\n<meta name=\"twitter:label1\" content=\"Gesch\u00e4tzte Lesezeit\" \/>\n\t<meta name=\"twitter:data1\" content=\"1\u00a0Minute\" \/>\n<script type=\"application\/ld+json\" class=\"yoast-schema-graph\">{\"@context\":\"https:\/\/schema.org\",\"@graph\":[{\"@type\":\"WebPage\",\"@id\":\"https:\/\/univet.hu\/pantheon\/de\/\",\"url\":\"https:\/\/univet.hu\/pantheon\/de\/\",\"name\":\"Lieber Besucher! - Unsere renommierten Tier\u00e4rzte\",\"isPartOf\":{\"@id\":\"https:\/\/univet.hu\/pantheon\/de\/#website\"},\"datePublished\":\"2019-04-01T09:47:00+00:00\",\"dateModified\":\"2025-01-10T19:53:28+00:00\",\"breadcrumb\":{\"@id\":\"https:\/\/univet.hu\/pantheon\/de\/#breadcrumb\"},\"inLanguage\":\"de\",\"potentialAction\":[{\"@type\":\"ReadAction\",\"target\":[\"https:\/\/univet.hu\/pantheon\/de\/\"]}]},{\"@type\":\"BreadcrumbList\",\"@id\":\"https:\/\/univet.hu\/pantheon\/de\/#breadcrumb\",\"itemListElement\":[{\"@type\":\"ListItem\",\"position\":1,\"name\":\"Kezd\u0151lap\",\"item\":\"https:\/\/univet.hu\/pantheon\/de\/\"},{\"@type\":\"ListItem\",\"position\":2,\"name\":\"Lieber Besucher!\"}]},{\"@type\":\"WebSite\",\"@id\":\"https:\/\/univet.hu\/pantheon\/de\/#website\",\"url\":\"https:\/\/univet.hu\/pantheon\/de\/\",\"name\":\"Our renowned veterinarians\",\"description\":\"\",\"potentialAction\":[{\"@type\":\"SearchAction\",\"target\":{\"@type\":\"EntryPoint\",\"urlTemplate\":\"https:\/\/univet.hu\/pantheon\/de\/?s={search_term_string}\"},\"query-input\":{\"@type\":\"PropertyValueSpecification\",\"valueRequired\":true,\"valueName\":\"search_term_string\"}}],\"inLanguage\":\"de\"}]}<\/script>\n<!-- \/ Yoast SEO plugin. -->","yoast_head_json":{"title":"Lieber Besucher! - Unsere renommierten Tier\u00e4rzte","robots":{"index":"index","follow":"follow","max-snippet":"max-snippet:-1","max-image-preview":"max-image-preview:large","max-video-preview":"max-video-preview:-1"},"canonical":"https:\/\/univet.hu\/pantheon\/de\/","og_locale":"de_DE","og_type":"article","og_title":"Lieber Besucher! - Unsere renommierten Tier\u00e4rzte","og_description":"Als einzige ungarische Institution f\u00fcr die tier\u00e4rztliche Ausbildung mit international herausragendem Niveau haben wir immer besonderen Wert darauf gelegt, den gro\u00dfen Pers\u00f6nlichkeiten der tier\u00e4rztlichen Ausbildung ein w\u00fcrdiges Ged\u00e4chtnis zu geben. Mit \u00fcber 230 Jahren Geschichte hat unsere Universit\u00e4t eine Reihe anerkannter Lehrkr\u00e4fte und Forscher zur tier\u00e4rztlichen Wissenschaft in Ungarn und weltweit beigetragen. Aujeszky Alad\u00e1r (1869","og_url":"https:\/\/univet.hu\/pantheon\/de\/","og_site_name":"Unsere renommierten Tier\u00e4rzte","article_modified_time":"2025-01-10T19:53:28+00:00","twitter_card":"summary_large_image","twitter_misc":{"Gesch\u00e4tzte Lesezeit":"1\u00a0Minute"},"schema":{"@context":"https:\/\/schema.org","@graph":[{"@type":"WebPage","@id":"https:\/\/univet.hu\/pantheon\/de\/","url":"https:\/\/univet.hu\/pantheon\/de\/","name":"Lieber Besucher! - Unsere renommierten Tier\u00e4rzte","isPartOf":{"@id":"https:\/\/univet.hu\/pantheon\/de\/#website"},"datePublished":"2019-04-01T09:47:00+00:00","dateModified":"2025-01-10T19:53:28+00:00","breadcrumb":{"@id":"https:\/\/univet.hu\/pantheon\/de\/#breadcrumb"},"inLanguage":"de","potentialAction":[{"@type":"ReadAction","target":["https:\/\/univet.hu\/pantheon\/de\/"]}]},{"@type":"BreadcrumbList","@id":"https:\/\/univet.hu\/pantheon\/de\/#breadcrumb","itemListElement":[{"@type":"ListItem","position":1,"name":"Kezd\u0151lap","item":"https:\/\/univet.hu\/pantheon\/de\/"},{"@type":"ListItem","position":2,"name":"Lieber Besucher!"}]},{"@type":"WebSite","@id":"https:\/\/univet.hu\/pantheon\/de\/#website","url":"https:\/\/univet.hu\/pantheon\/de\/","name":"Our renowned veterinarians","description":"","potentialAction":[{"@type":"SearchAction","target":{"@type":"EntryPoint","urlTemplate":"https:\/\/univet.hu\/pantheon\/de\/?s={search_term_string}"},"query-input":{"@type":"PropertyValueSpecification","valueRequired":true,"valueName":"search_term_string"}}],"inLanguage":"de"}]}},"_links":{"self":[{"href":"https:\/\/univet.hu\/pantheon\/de\/wp-json\/wp\/v2\/pages\/103610","targetHints":{"allow":["GET"]}}],"collection":[{"href":"https:\/\/univet.hu\/pantheon\/de\/wp-json\/wp\/v2\/pages"}],"about":[{"href":"https:\/\/univet.hu\/pantheon\/de\/wp-json\/wp\/v2\/types\/page"}],"author":[{"embeddable":true,"href":"https:\/\/univet.hu\/pantheon\/de\/wp-json\/wp\/v2\/users\/4844"}],"replies":[{"embeddable":true,"href":"https:\/\/univet.hu\/pantheon\/de\/wp-json\/wp\/v2\/comments?post=103610"}],"version-history":[{"count":3,"href":"https:\/\/univet.hu\/pantheon\/de\/wp-json\/wp\/v2\/pages\/103610\/revisions"}],"predecessor-version":[{"id":103703,"href":"https:\/\/univet.hu\/pantheon\/de\/wp-json\/wp\/v2\/pages\/103610\/revisions\/103703"}],"wp:attachment":[{"href":"https:\/\/univet.hu\/pantheon\/de\/wp-json\/wp\/v2\/media?parent=103610"}],"wp:term":[{"taxonomy":"category","embeddable":true,"href":"https:\/\/univet.hu\/pantheon\/de\/wp-json\/wp\/v2\/categories?post=103610"},{"taxonomy":"post_tag","embeddable":true,"href":"https:\/\/univet.hu\/pantheon\/de\/wp-json\/wp\/v2\/tags?post=103610"}],"curies":[{"name":"wp","href":"https:\/\/api.w.org\/{rel}","templated":true}]}}