{"id":38264,"date":"2019-04-27T20:28:35","date_gmt":"2019-04-27T18:28:35","guid":{"rendered":"https:\/\/univet.hu\/?page_id=38264"},"modified":"2025-01-10T20:26:30","modified_gmt":"2025-01-10T19:26:30","slug":"ferenc-hutyra-1860-1934","status":"publish","type":"page","link":"https:\/\/univet.hu\/pantheon\/de\/ferenc-hutyra-1860-1934\/","title":{"rendered":"Ferenc Hutyra (1860-1934)"},"content":{"rendered":"<p>Professor f\u00fcr Pathologie, Fleischbeschau, Innere Medizin, Epidemiologie und forensische Veterin\u00e4rmedizin.<\/p> <p>Sein wissenschaftliches Interesse galt in erster Linie Tierseuchen. Zur Bek\u00e4mpfung der Schweinepest entwickelte er das Verfahren der Simultanimpfung. Er forschte auch auf dem Gebiet der Tuberculin- und Mallein-Tests.<\/p> <p>Sein mit J\u00f3zsef Marek zusammen verfasstes Werk \u201eInnere Medizin in der Veterin\u00e4rmedizin\u201c erschien in mehreren Ausgaben in zahlreichen Sprachen und wurde zum ma\u00dfgeblichen Lehrbuch seines Zeitalters.<\/p> <p>Er leitete unsere Einrichtung 34 Jahre lang, unter seiner \u00c4gide mauserte sich unsere Schule zu einer Hochschule mit Universit\u00e4tscharakter. Ordentliches, sp\u00e4ter Ehrenmitglied der Ungarischen Akademie der Wissenschaften.<\/p>","protected":false},"excerpt":{"rendered":"<p>Professor f\u00fcr Pathologie, Fleischbeschau, Innere Medizin, Epidemiologie und forensische Veterin\u00e4rmedizin. Sein wissenschaftliches Interesse galt in erster Linie Tierseuchen. Zur Bek\u00e4mpfung der Schweinepest entwickelte er das Verfahren der Simultanimpfung. Er forschte auch auf dem Gebiet der Tuberculin- und Mallein-Tests. Sein mit J\u00f3zsef Marek zusammen verfasstes Werk \u201eInnere Medizin in der Veterin\u00e4rmedizin\u201c erschien in mehreren Ausgaben in<\/p>\n","protected":false},"author":4844,"featured_media":0,"parent":0,"menu_order":35,"comment_status":"closed","ping_status":"closed","template":"","meta":{"_acf_changed":false,"footnotes":""},"categories":[],"tags":[],"class_list":["post-38264","page","type-page","status-publish","hentry"],"acf":[],"yoast_head":"<!-- This site is optimized with the Yoast SEO plugin v27.2 - https:\/\/yoast.com\/product\/yoast-seo-wordpress\/ -->\n<title>Ferenc Hutyra (1860-1934) - Unsere renommierten Tier\u00e4rzte<\/title>\n<meta name=\"robots\" content=\"index, follow, max-snippet:-1, max-image-preview:large, max-video-preview:-1\" \/>\n<link rel=\"canonical\" href=\"https:\/\/univet.hu\/pantheon\/de\/ferenc-hutyra-1860-1934\/\" \/>\n<meta property=\"og:locale\" content=\"de_DE\" \/>\n<meta property=\"og:type\" content=\"article\" \/>\n<meta property=\"og:title\" content=\"Ferenc Hutyra (1860-1934) - Unsere renommierten Tier\u00e4rzte\" \/>\n<meta property=\"og:description\" content=\"Professor f\u00fcr Pathologie, Fleischbeschau, Innere Medizin, Epidemiologie und forensische Veterin\u00e4rmedizin. Sein wissenschaftliches Interesse galt in erster Linie Tierseuchen. Zur Bek\u00e4mpfung der Schweinepest entwickelte er das Verfahren der Simultanimpfung. Er forschte auch auf dem Gebiet der Tuberculin- und Mallein-Tests. Sein mit J\u00f3zsef Marek zusammen verfasstes Werk \u201eInnere Medizin in der Veterin\u00e4rmedizin\u201c erschien in mehreren Ausgaben in\" \/>\n<meta property=\"og:url\" content=\"https:\/\/univet.hu\/pantheon\/de\/ferenc-hutyra-1860-1934\/\" \/>\n<meta property=\"og:site_name\" content=\"Unsere renommierten Tier\u00e4rzte\" \/>\n<meta property=\"article:modified_time\" content=\"2025-01-10T19:26:30+00:00\" \/>\n<meta name=\"twitter:card\" content=\"summary_large_image\" \/>\n<script type=\"application\/ld+json\" class=\"yoast-schema-graph\">{\"@context\":\"https:\/\/schema.org\",\"@graph\":[{\"@type\":\"WebPage\",\"@id\":\"https:\/\/univet.hu\/pantheon\/de\/ferenc-hutyra-1860-1934\/\",\"url\":\"https:\/\/univet.hu\/pantheon\/de\/ferenc-hutyra-1860-1934\/\",\"name\":\"Ferenc Hutyra (1860-1934) - Unsere renommierten Tier\u00e4rzte\",\"isPartOf\":{\"@id\":\"https:\/\/univet.hu\/pantheon\/de\/#website\"},\"datePublished\":\"2019-04-27T18:28:35+00:00\",\"dateModified\":\"2025-01-10T19:26:30+00:00\",\"breadcrumb\":{\"@id\":\"https:\/\/univet.hu\/pantheon\/de\/ferenc-hutyra-1860-1934\/#breadcrumb\"},\"inLanguage\":\"de\",\"potentialAction\":[{\"@type\":\"ReadAction\",\"target\":[\"https:\/\/univet.hu\/pantheon\/de\/ferenc-hutyra-1860-1934\/\"]}]},{\"@type\":\"BreadcrumbList\",\"@id\":\"https:\/\/univet.hu\/pantheon\/de\/ferenc-hutyra-1860-1934\/#breadcrumb\",\"itemListElement\":[{\"@type\":\"ListItem\",\"position\":1,\"name\":\"Kezd\u0151lap\",\"item\":\"https:\/\/univet.hu\/pantheon\/de\/\"},{\"@type\":\"ListItem\",\"position\":2,\"name\":\"Ferenc Hutyra (1860-1934)\"}]},{\"@type\":\"WebSite\",\"@id\":\"https:\/\/univet.hu\/pantheon\/de\/#website\",\"url\":\"https:\/\/univet.hu\/pantheon\/de\/\",\"name\":\"Our renowned veterinarians\",\"description\":\"\",\"potentialAction\":[{\"@type\":\"SearchAction\",\"target\":{\"@type\":\"EntryPoint\",\"urlTemplate\":\"https:\/\/univet.hu\/pantheon\/de\/?s={search_term_string}\"},\"query-input\":{\"@type\":\"PropertyValueSpecification\",\"valueRequired\":true,\"valueName\":\"search_term_string\"}}],\"inLanguage\":\"de\"}]}<\/script>\n<!-- \/ Yoast SEO plugin. -->","yoast_head_json":{"title":"Ferenc Hutyra (1860-1934) - Unsere renommierten Tier\u00e4rzte","robots":{"index":"index","follow":"follow","max-snippet":"max-snippet:-1","max-image-preview":"max-image-preview:large","max-video-preview":"max-video-preview:-1"},"canonical":"https:\/\/univet.hu\/pantheon\/de\/ferenc-hutyra-1860-1934\/","og_locale":"de_DE","og_type":"article","og_title":"Ferenc Hutyra (1860-1934) - Unsere renommierten Tier\u00e4rzte","og_description":"Professor f\u00fcr Pathologie, Fleischbeschau, Innere Medizin, Epidemiologie und forensische Veterin\u00e4rmedizin. Sein wissenschaftliches Interesse galt in erster Linie Tierseuchen. Zur Bek\u00e4mpfung der Schweinepest entwickelte er das Verfahren der Simultanimpfung. Er forschte auch auf dem Gebiet der Tuberculin- und Mallein-Tests. Sein mit J\u00f3zsef Marek zusammen verfasstes Werk \u201eInnere Medizin in der Veterin\u00e4rmedizin\u201c erschien in mehreren Ausgaben in","og_url":"https:\/\/univet.hu\/pantheon\/de\/ferenc-hutyra-1860-1934\/","og_site_name":"Unsere renommierten Tier\u00e4rzte","article_modified_time":"2025-01-10T19:26:30+00:00","twitter_card":"summary_large_image","schema":{"@context":"https:\/\/schema.org","@graph":[{"@type":"WebPage","@id":"https:\/\/univet.hu\/pantheon\/de\/ferenc-hutyra-1860-1934\/","url":"https:\/\/univet.hu\/pantheon\/de\/ferenc-hutyra-1860-1934\/","name":"Ferenc Hutyra (1860-1934) - Unsere renommierten Tier\u00e4rzte","isPartOf":{"@id":"https:\/\/univet.hu\/pantheon\/de\/#website"},"datePublished":"2019-04-27T18:28:35+00:00","dateModified":"2025-01-10T19:26:30+00:00","breadcrumb":{"@id":"https:\/\/univet.hu\/pantheon\/de\/ferenc-hutyra-1860-1934\/#breadcrumb"},"inLanguage":"de","potentialAction":[{"@type":"ReadAction","target":["https:\/\/univet.hu\/pantheon\/de\/ferenc-hutyra-1860-1934\/"]}]},{"@type":"BreadcrumbList","@id":"https:\/\/univet.hu\/pantheon\/de\/ferenc-hutyra-1860-1934\/#breadcrumb","itemListElement":[{"@type":"ListItem","position":1,"name":"Kezd\u0151lap","item":"https:\/\/univet.hu\/pantheon\/de\/"},{"@type":"ListItem","position":2,"name":"Ferenc Hutyra (1860-1934)"}]},{"@type":"WebSite","@id":"https:\/\/univet.hu\/pantheon\/de\/#website","url":"https:\/\/univet.hu\/pantheon\/de\/","name":"Our renowned veterinarians","description":"","potentialAction":[{"@type":"SearchAction","target":{"@type":"EntryPoint","urlTemplate":"https:\/\/univet.hu\/pantheon\/de\/?s={search_term_string}"},"query-input":{"@type":"PropertyValueSpecification","valueRequired":true,"valueName":"search_term_string"}}],"inLanguage":"de"}]}},"_links":{"self":[{"href":"https:\/\/univet.hu\/pantheon\/de\/wp-json\/wp\/v2\/pages\/38264","targetHints":{"allow":["GET"]}}],"collection":[{"href":"https:\/\/univet.hu\/pantheon\/de\/wp-json\/wp\/v2\/pages"}],"about":[{"href":"https:\/\/univet.hu\/pantheon\/de\/wp-json\/wp\/v2\/types\/page"}],"author":[{"embeddable":true,"href":"https:\/\/univet.hu\/pantheon\/de\/wp-json\/wp\/v2\/users\/4844"}],"replies":[{"embeddable":true,"href":"https:\/\/univet.hu\/pantheon\/de\/wp-json\/wp\/v2\/comments?post=38264"}],"version-history":[{"count":1,"href":"https:\/\/univet.hu\/pantheon\/de\/wp-json\/wp\/v2\/pages\/38264\/revisions"}],"predecessor-version":[{"id":103558,"href":"https:\/\/univet.hu\/pantheon\/de\/wp-json\/wp\/v2\/pages\/38264\/revisions\/103558"}],"wp:attachment":[{"href":"https:\/\/univet.hu\/pantheon\/de\/wp-json\/wp\/v2\/media?parent=38264"}],"wp:term":[{"taxonomy":"category","embeddable":true,"href":"https:\/\/univet.hu\/pantheon\/de\/wp-json\/wp\/v2\/categories?post=38264"},{"taxonomy":"post_tag","embeddable":true,"href":"https:\/\/univet.hu\/pantheon\/de\/wp-json\/wp\/v2\/tags?post=38264"}],"curies":[{"name":"wp","href":"https:\/\/api.w.org\/{rel}","templated":true}]}}