{"id":38280,"date":"2019-04-27T20:37:27","date_gmt":"2019-04-27T18:37:27","guid":{"rendered":"https:\/\/univet.hu\/?page_id=38280"},"modified":"2025-01-10T20:26:32","modified_gmt":"2025-01-10T19:26:32","slug":"jeno-kovacs-1910-1990","status":"publish","type":"page","link":"https:\/\/univet.hu\/pantheon\/de\/jeno-kovacs-1910-1990\/","title":{"rendered":"Jen\u0151 Kov\u00e1cs (1910-1990)"},"content":{"rendered":"<p>Professor f\u00fcr Pharmakologie und Toxikologie.<\/p> <p>Bedeutender Vorreiter der medikament\u00f6sen Behandlung von Erkrankungen in der Massentierzucht, unter anderem der mit Eisenmangel verbundenen An\u00e4mie von Saugferkeln und von K\u00e4lberdurchfall. Er f\u00fchrte neue chemotherapeutische Mittel gegen Infektionen in der veterin\u00e4rmedizinischen Praxis ein.<\/p> <p>Von 1963-1966 war er Rektor unserer Universit\u00e4t.<\/p>","protected":false},"excerpt":{"rendered":"<p>Professor f\u00fcr Pharmakologie und Toxikologie. Bedeutender Vorreiter der medikament\u00f6sen Behandlung von Erkrankungen in der Massentierzucht, unter anderem der mit Eisenmangel verbundenen An\u00e4mie von Saugferkeln und von K\u00e4lberdurchfall. Er f\u00fchrte neue chemotherapeutische Mittel gegen Infektionen in der veterin\u00e4rmedizinischen Praxis ein. Von 1963-1966 war er Rektor unserer Universit\u00e4t.<\/p>\n","protected":false},"author":4844,"featured_media":0,"parent":0,"menu_order":35,"comment_status":"closed","ping_status":"closed","template":"","meta":{"_acf_changed":false,"footnotes":""},"categories":[],"tags":[],"class_list":["post-38280","page","type-page","status-publish","hentry"],"acf":[],"yoast_head":"<!-- This site is optimized with the Yoast SEO plugin v27.2 - https:\/\/yoast.com\/product\/yoast-seo-wordpress\/ -->\n<title>Jen\u0151 Kov\u00e1cs (1910-1990) - Unsere renommierten Tier\u00e4rzte<\/title>\n<meta name=\"robots\" content=\"index, follow, max-snippet:-1, max-image-preview:large, max-video-preview:-1\" \/>\n<link rel=\"canonical\" href=\"https:\/\/univet.hu\/pantheon\/de\/jeno-kovacs-1910-1990\/\" \/>\n<meta property=\"og:locale\" content=\"de_DE\" \/>\n<meta property=\"og:type\" content=\"article\" \/>\n<meta property=\"og:title\" content=\"Jen\u0151 Kov\u00e1cs (1910-1990) - Unsere renommierten Tier\u00e4rzte\" \/>\n<meta property=\"og:description\" content=\"Professor f\u00fcr Pharmakologie und Toxikologie. Bedeutender Vorreiter der medikament\u00f6sen Behandlung von Erkrankungen in der Massentierzucht, unter anderem der mit Eisenmangel verbundenen An\u00e4mie von Saugferkeln und von K\u00e4lberdurchfall. Er f\u00fchrte neue chemotherapeutische Mittel gegen Infektionen in der veterin\u00e4rmedizinischen Praxis ein. Von 1963-1966 war er Rektor unserer Universit\u00e4t.\" \/>\n<meta property=\"og:url\" content=\"https:\/\/univet.hu\/pantheon\/de\/jeno-kovacs-1910-1990\/\" \/>\n<meta property=\"og:site_name\" content=\"Unsere renommierten Tier\u00e4rzte\" \/>\n<meta property=\"article:modified_time\" content=\"2025-01-10T19:26:32+00:00\" \/>\n<meta name=\"twitter:card\" content=\"summary_large_image\" \/>\n<script type=\"application\/ld+json\" class=\"yoast-schema-graph\">{\"@context\":\"https:\/\/schema.org\",\"@graph\":[{\"@type\":\"WebPage\",\"@id\":\"https:\/\/univet.hu\/pantheon\/de\/jeno-kovacs-1910-1990\/\",\"url\":\"https:\/\/univet.hu\/pantheon\/de\/jeno-kovacs-1910-1990\/\",\"name\":\"Jen\u0151 Kov\u00e1cs (1910-1990) - Unsere renommierten Tier\u00e4rzte\",\"isPartOf\":{\"@id\":\"https:\/\/univet.hu\/pantheon\/de\/#website\"},\"datePublished\":\"2019-04-27T18:37:27+00:00\",\"dateModified\":\"2025-01-10T19:26:32+00:00\",\"breadcrumb\":{\"@id\":\"https:\/\/univet.hu\/pantheon\/de\/jeno-kovacs-1910-1990\/#breadcrumb\"},\"inLanguage\":\"de\",\"potentialAction\":[{\"@type\":\"ReadAction\",\"target\":[\"https:\/\/univet.hu\/pantheon\/de\/jeno-kovacs-1910-1990\/\"]}]},{\"@type\":\"BreadcrumbList\",\"@id\":\"https:\/\/univet.hu\/pantheon\/de\/jeno-kovacs-1910-1990\/#breadcrumb\",\"itemListElement\":[{\"@type\":\"ListItem\",\"position\":1,\"name\":\"Kezd\u0151lap\",\"item\":\"https:\/\/univet.hu\/pantheon\/de\/\"},{\"@type\":\"ListItem\",\"position\":2,\"name\":\"Jen\u0151 Kov\u00e1cs (1910-1990)\"}]},{\"@type\":\"WebSite\",\"@id\":\"https:\/\/univet.hu\/pantheon\/de\/#website\",\"url\":\"https:\/\/univet.hu\/pantheon\/de\/\",\"name\":\"Our renowned veterinarians\",\"description\":\"\",\"potentialAction\":[{\"@type\":\"SearchAction\",\"target\":{\"@type\":\"EntryPoint\",\"urlTemplate\":\"https:\/\/univet.hu\/pantheon\/de\/?s={search_term_string}\"},\"query-input\":{\"@type\":\"PropertyValueSpecification\",\"valueRequired\":true,\"valueName\":\"search_term_string\"}}],\"inLanguage\":\"de\"}]}<\/script>\n<!-- \/ Yoast SEO plugin. -->","yoast_head_json":{"title":"Jen\u0151 Kov\u00e1cs (1910-1990) - Unsere renommierten Tier\u00e4rzte","robots":{"index":"index","follow":"follow","max-snippet":"max-snippet:-1","max-image-preview":"max-image-preview:large","max-video-preview":"max-video-preview:-1"},"canonical":"https:\/\/univet.hu\/pantheon\/de\/jeno-kovacs-1910-1990\/","og_locale":"de_DE","og_type":"article","og_title":"Jen\u0151 Kov\u00e1cs (1910-1990) - Unsere renommierten Tier\u00e4rzte","og_description":"Professor f\u00fcr Pharmakologie und Toxikologie. Bedeutender Vorreiter der medikament\u00f6sen Behandlung von Erkrankungen in der Massentierzucht, unter anderem der mit Eisenmangel verbundenen An\u00e4mie von Saugferkeln und von K\u00e4lberdurchfall. Er f\u00fchrte neue chemotherapeutische Mittel gegen Infektionen in der veterin\u00e4rmedizinischen Praxis ein. Von 1963-1966 war er Rektor unserer Universit\u00e4t.","og_url":"https:\/\/univet.hu\/pantheon\/de\/jeno-kovacs-1910-1990\/","og_site_name":"Unsere renommierten Tier\u00e4rzte","article_modified_time":"2025-01-10T19:26:32+00:00","twitter_card":"summary_large_image","schema":{"@context":"https:\/\/schema.org","@graph":[{"@type":"WebPage","@id":"https:\/\/univet.hu\/pantheon\/de\/jeno-kovacs-1910-1990\/","url":"https:\/\/univet.hu\/pantheon\/de\/jeno-kovacs-1910-1990\/","name":"Jen\u0151 Kov\u00e1cs (1910-1990) - Unsere renommierten Tier\u00e4rzte","isPartOf":{"@id":"https:\/\/univet.hu\/pantheon\/de\/#website"},"datePublished":"2019-04-27T18:37:27+00:00","dateModified":"2025-01-10T19:26:32+00:00","breadcrumb":{"@id":"https:\/\/univet.hu\/pantheon\/de\/jeno-kovacs-1910-1990\/#breadcrumb"},"inLanguage":"de","potentialAction":[{"@type":"ReadAction","target":["https:\/\/univet.hu\/pantheon\/de\/jeno-kovacs-1910-1990\/"]}]},{"@type":"BreadcrumbList","@id":"https:\/\/univet.hu\/pantheon\/de\/jeno-kovacs-1910-1990\/#breadcrumb","itemListElement":[{"@type":"ListItem","position":1,"name":"Kezd\u0151lap","item":"https:\/\/univet.hu\/pantheon\/de\/"},{"@type":"ListItem","position":2,"name":"Jen\u0151 Kov\u00e1cs (1910-1990)"}]},{"@type":"WebSite","@id":"https:\/\/univet.hu\/pantheon\/de\/#website","url":"https:\/\/univet.hu\/pantheon\/de\/","name":"Our renowned veterinarians","description":"","potentialAction":[{"@type":"SearchAction","target":{"@type":"EntryPoint","urlTemplate":"https:\/\/univet.hu\/pantheon\/de\/?s={search_term_string}"},"query-input":{"@type":"PropertyValueSpecification","valueRequired":true,"valueName":"search_term_string"}}],"inLanguage":"de"}]}},"_links":{"self":[{"href":"https:\/\/univet.hu\/pantheon\/de\/wp-json\/wp\/v2\/pages\/38280","targetHints":{"allow":["GET"]}}],"collection":[{"href":"https:\/\/univet.hu\/pantheon\/de\/wp-json\/wp\/v2\/pages"}],"about":[{"href":"https:\/\/univet.hu\/pantheon\/de\/wp-json\/wp\/v2\/types\/page"}],"author":[{"embeddable":true,"href":"https:\/\/univet.hu\/pantheon\/de\/wp-json\/wp\/v2\/users\/4844"}],"replies":[{"embeddable":true,"href":"https:\/\/univet.hu\/pantheon\/de\/wp-json\/wp\/v2\/comments?post=38280"}],"version-history":[{"count":1,"href":"https:\/\/univet.hu\/pantheon\/de\/wp-json\/wp\/v2\/pages\/38280\/revisions"}],"predecessor-version":[{"id":103575,"href":"https:\/\/univet.hu\/pantheon\/de\/wp-json\/wp\/v2\/pages\/38280\/revisions\/103575"}],"wp:attachment":[{"href":"https:\/\/univet.hu\/pantheon\/de\/wp-json\/wp\/v2\/media?parent=38280"}],"wp:term":[{"taxonomy":"category","embeddable":true,"href":"https:\/\/univet.hu\/pantheon\/de\/wp-json\/wp\/v2\/categories?post=38280"},{"taxonomy":"post_tag","embeddable":true,"href":"https:\/\/univet.hu\/pantheon\/de\/wp-json\/wp\/v2\/tags?post=38280"}],"curies":[{"name":"wp","href":"https:\/\/api.w.org\/{rel}","templated":true}]}}