{"id":38301,"date":"2019-04-27T20:57:33","date_gmt":"2019-04-27T18:57:33","guid":{"rendered":"https:\/\/univet.hu\/?page_id=38301"},"modified":"2025-01-10T20:26:29","modified_gmt":"2025-01-10T19:26:29","slug":"bela-nadaskay-1848-1933","status":"publish","type":"page","link":"https:\/\/univet.hu\/pantheon\/de\/bela-nadaskay-1848-1933\/","title":{"rendered":"B\u00e9la N\u00e1daskay (1848-1933)"},"content":{"rendered":"<p>Professor der \u201ebeschreibenden und untersuchenden Landschaft-Sektionslehre\u201c, sowie Dozent f\u00fcr Botanik, Naturkunde, Mineralogie, Geburtshilfe und forensische Veterin\u00e4rmedizin.<\/p> <p>Seine kunstvoll angefertigten Pr\u00e4parate bilden die Grundlage des heutigen Anatomischen Museums. Er galt als einer der letzten Polyhistoren, als Anatom war er ein begnadeter Zeichner, au\u00dferdem spielte er Klavier und sang er.<\/p> <p>Er war Begr\u00fcnder und \u00fcber viele Jahre Sekret\u00e4r des Ungarischen Nationalen Tier\u00e4rztevereins, Redakteur der von ihm gegr\u00fcndeten Zeitschrift Veterinarius (Vorg\u00e4nger des heutigen Ungarischen Tier\u00e4rzteblattes), der ersten ungarischen Fachzeitschrift f\u00fcr Veterin\u00e4rmedizin.<\/p>","protected":false},"excerpt":{"rendered":"<p>Professor der \u201ebeschreibenden und untersuchenden Landschaft-Sektionslehre\u201c, sowie Dozent f\u00fcr Botanik, Naturkunde, Mineralogie, Geburtshilfe und forensische Veterin\u00e4rmedizin. Seine kunstvoll angefertigten Pr\u00e4parate bilden die Grundlage des heutigen Anatomischen Museums. Er galt als einer der letzten Polyhistoren, als Anatom war er ein begnadeter Zeichner, au\u00dferdem spielte er Klavier und sang er. Er war Begr\u00fcnder und \u00fcber viele Jahre<\/p>\n","protected":false},"author":4844,"featured_media":0,"parent":0,"menu_order":35,"comment_status":"closed","ping_status":"closed","template":"","meta":{"_acf_changed":false,"footnotes":""},"categories":[],"tags":[],"class_list":["post-38301","page","type-page","status-publish","hentry"],"acf":[],"yoast_head":"<!-- This site is optimized with the Yoast SEO plugin v27.2 - https:\/\/yoast.com\/product\/yoast-seo-wordpress\/ -->\n<title>B\u00e9la N\u00e1daskay (1848-1933) - Unsere renommierten Tier\u00e4rzte<\/title>\n<meta name=\"robots\" content=\"index, follow, max-snippet:-1, max-image-preview:large, max-video-preview:-1\" \/>\n<link rel=\"canonical\" href=\"https:\/\/univet.hu\/pantheon\/de\/bela-nadaskay-1848-1933\/\" \/>\n<meta property=\"og:locale\" content=\"de_DE\" \/>\n<meta property=\"og:type\" content=\"article\" \/>\n<meta property=\"og:title\" content=\"B\u00e9la N\u00e1daskay (1848-1933) - Unsere renommierten Tier\u00e4rzte\" \/>\n<meta property=\"og:description\" content=\"Professor der \u201ebeschreibenden und untersuchenden Landschaft-Sektionslehre\u201c, sowie Dozent f\u00fcr Botanik, Naturkunde, Mineralogie, Geburtshilfe und forensische Veterin\u00e4rmedizin. Seine kunstvoll angefertigten Pr\u00e4parate bilden die Grundlage des heutigen Anatomischen Museums. Er galt als einer der letzten Polyhistoren, als Anatom war er ein begnadeter Zeichner, au\u00dferdem spielte er Klavier und sang er. Er war Begr\u00fcnder und \u00fcber viele Jahre\" \/>\n<meta property=\"og:url\" content=\"https:\/\/univet.hu\/pantheon\/de\/bela-nadaskay-1848-1933\/\" \/>\n<meta property=\"og:site_name\" content=\"Unsere renommierten Tier\u00e4rzte\" \/>\n<meta property=\"article:modified_time\" content=\"2025-01-10T19:26:29+00:00\" \/>\n<meta name=\"twitter:card\" content=\"summary_large_image\" \/>\n<script type=\"application\/ld+json\" class=\"yoast-schema-graph\">{\"@context\":\"https:\/\/schema.org\",\"@graph\":[{\"@type\":\"WebPage\",\"@id\":\"https:\/\/univet.hu\/pantheon\/de\/bela-nadaskay-1848-1933\/\",\"url\":\"https:\/\/univet.hu\/pantheon\/de\/bela-nadaskay-1848-1933\/\",\"name\":\"B\u00e9la N\u00e1daskay (1848-1933) - Unsere renommierten Tier\u00e4rzte\",\"isPartOf\":{\"@id\":\"https:\/\/univet.hu\/pantheon\/de\/#website\"},\"datePublished\":\"2019-04-27T18:57:33+00:00\",\"dateModified\":\"2025-01-10T19:26:29+00:00\",\"breadcrumb\":{\"@id\":\"https:\/\/univet.hu\/pantheon\/de\/bela-nadaskay-1848-1933\/#breadcrumb\"},\"inLanguage\":\"de\",\"potentialAction\":[{\"@type\":\"ReadAction\",\"target\":[\"https:\/\/univet.hu\/pantheon\/de\/bela-nadaskay-1848-1933\/\"]}]},{\"@type\":\"BreadcrumbList\",\"@id\":\"https:\/\/univet.hu\/pantheon\/de\/bela-nadaskay-1848-1933\/#breadcrumb\",\"itemListElement\":[{\"@type\":\"ListItem\",\"position\":1,\"name\":\"Kezd\u0151lap\",\"item\":\"https:\/\/univet.hu\/pantheon\/de\/\"},{\"@type\":\"ListItem\",\"position\":2,\"name\":\"B\u00e9la N\u00e1daskay (1848-1933)\"}]},{\"@type\":\"WebSite\",\"@id\":\"https:\/\/univet.hu\/pantheon\/de\/#website\",\"url\":\"https:\/\/univet.hu\/pantheon\/de\/\",\"name\":\"Our renowned veterinarians\",\"description\":\"\",\"potentialAction\":[{\"@type\":\"SearchAction\",\"target\":{\"@type\":\"EntryPoint\",\"urlTemplate\":\"https:\/\/univet.hu\/pantheon\/de\/?s={search_term_string}\"},\"query-input\":{\"@type\":\"PropertyValueSpecification\",\"valueRequired\":true,\"valueName\":\"search_term_string\"}}],\"inLanguage\":\"de\"}]}<\/script>\n<!-- \/ Yoast SEO plugin. -->","yoast_head_json":{"title":"B\u00e9la N\u00e1daskay (1848-1933) - Unsere renommierten Tier\u00e4rzte","robots":{"index":"index","follow":"follow","max-snippet":"max-snippet:-1","max-image-preview":"max-image-preview:large","max-video-preview":"max-video-preview:-1"},"canonical":"https:\/\/univet.hu\/pantheon\/de\/bela-nadaskay-1848-1933\/","og_locale":"de_DE","og_type":"article","og_title":"B\u00e9la N\u00e1daskay (1848-1933) - Unsere renommierten Tier\u00e4rzte","og_description":"Professor der \u201ebeschreibenden und untersuchenden Landschaft-Sektionslehre\u201c, sowie Dozent f\u00fcr Botanik, Naturkunde, Mineralogie, Geburtshilfe und forensische Veterin\u00e4rmedizin. Seine kunstvoll angefertigten Pr\u00e4parate bilden die Grundlage des heutigen Anatomischen Museums. Er galt als einer der letzten Polyhistoren, als Anatom war er ein begnadeter Zeichner, au\u00dferdem spielte er Klavier und sang er. Er war Begr\u00fcnder und \u00fcber viele Jahre","og_url":"https:\/\/univet.hu\/pantheon\/de\/bela-nadaskay-1848-1933\/","og_site_name":"Unsere renommierten Tier\u00e4rzte","article_modified_time":"2025-01-10T19:26:29+00:00","twitter_card":"summary_large_image","schema":{"@context":"https:\/\/schema.org","@graph":[{"@type":"WebPage","@id":"https:\/\/univet.hu\/pantheon\/de\/bela-nadaskay-1848-1933\/","url":"https:\/\/univet.hu\/pantheon\/de\/bela-nadaskay-1848-1933\/","name":"B\u00e9la N\u00e1daskay (1848-1933) - Unsere renommierten Tier\u00e4rzte","isPartOf":{"@id":"https:\/\/univet.hu\/pantheon\/de\/#website"},"datePublished":"2019-04-27T18:57:33+00:00","dateModified":"2025-01-10T19:26:29+00:00","breadcrumb":{"@id":"https:\/\/univet.hu\/pantheon\/de\/bela-nadaskay-1848-1933\/#breadcrumb"},"inLanguage":"de","potentialAction":[{"@type":"ReadAction","target":["https:\/\/univet.hu\/pantheon\/de\/bela-nadaskay-1848-1933\/"]}]},{"@type":"BreadcrumbList","@id":"https:\/\/univet.hu\/pantheon\/de\/bela-nadaskay-1848-1933\/#breadcrumb","itemListElement":[{"@type":"ListItem","position":1,"name":"Kezd\u0151lap","item":"https:\/\/univet.hu\/pantheon\/de\/"},{"@type":"ListItem","position":2,"name":"B\u00e9la N\u00e1daskay (1848-1933)"}]},{"@type":"WebSite","@id":"https:\/\/univet.hu\/pantheon\/de\/#website","url":"https:\/\/univet.hu\/pantheon\/de\/","name":"Our renowned veterinarians","description":"","potentialAction":[{"@type":"SearchAction","target":{"@type":"EntryPoint","urlTemplate":"https:\/\/univet.hu\/pantheon\/de\/?s={search_term_string}"},"query-input":{"@type":"PropertyValueSpecification","valueRequired":true,"valueName":"search_term_string"}}],"inLanguage":"de"}]}},"_links":{"self":[{"href":"https:\/\/univet.hu\/pantheon\/de\/wp-json\/wp\/v2\/pages\/38301","targetHints":{"allow":["GET"]}}],"collection":[{"href":"https:\/\/univet.hu\/pantheon\/de\/wp-json\/wp\/v2\/pages"}],"about":[{"href":"https:\/\/univet.hu\/pantheon\/de\/wp-json\/wp\/v2\/types\/page"}],"author":[{"embeddable":true,"href":"https:\/\/univet.hu\/pantheon\/de\/wp-json\/wp\/v2\/users\/4844"}],"replies":[{"embeddable":true,"href":"https:\/\/univet.hu\/pantheon\/de\/wp-json\/wp\/v2\/comments?post=38301"}],"version-history":[{"count":1,"href":"https:\/\/univet.hu\/pantheon\/de\/wp-json\/wp\/v2\/pages\/38301\/revisions"}],"predecessor-version":[{"id":103551,"href":"https:\/\/univet.hu\/pantheon\/de\/wp-json\/wp\/v2\/pages\/38301\/revisions\/103551"}],"wp:attachment":[{"href":"https:\/\/univet.hu\/pantheon\/de\/wp-json\/wp\/v2\/media?parent=38301"}],"wp:term":[{"taxonomy":"category","embeddable":true,"href":"https:\/\/univet.hu\/pantheon\/de\/wp-json\/wp\/v2\/categories?post=38301"},{"taxonomy":"post_tag","embeddable":true,"href":"https:\/\/univet.hu\/pantheon\/de\/wp-json\/wp\/v2\/tags?post=38301"}],"curies":[{"name":"wp","href":"https:\/\/api.w.org\/{rel}","templated":true}]}}