{"id":38305,"date":"2019-04-27T20:59:21","date_gmt":"2019-04-27T18:59:21","guid":{"rendered":"https:\/\/univet.hu\/?page_id=38305"},"modified":"2025-01-10T20:26:29","modified_gmt":"2025-01-10T19:26:29","slug":"bela-plosz-1863-1945","status":"publish","type":"page","link":"https:\/\/univet.hu\/pantheon\/de\/bela-plosz-1863-1945\/","title":{"rendered":"B\u00e9la Pl\u00f3sz (1863-1945)"},"content":{"rendered":"<p>Professor f\u00fcr Chirurgie und Geburtshilfe.<\/p> <p>Begr\u00fcnder der modernen veterin\u00e4rmedizinischen Chirurgie, Entwickler zahlreicher neuer chirurgischer Verfahren. Durch Asepsis, Narkose und Bet\u00e4ubung machte er den Weg f\u00fcr Operationen am Thorax und der Abdominalorgane frei. Seine Fachb\u00fccher \u00fcber Chirurgie sind die ersten auf diesem Gebiet in der ungarischen veterin\u00e4rmedizinischen Literatur. Seine T\u00e4tigkeit als Pferdetierarzt verhalf ihm nicht nur in Ungarn zu Ruhm, sein Name wurde auf Gutsh\u00f6fen und in Pferdesportkreisen \u00fcberall in Europa zu einem Begriff.<\/p> <p>Nach seiner Professur spielte er als leitender Direktor der Abteilung f\u00fcr Pferdezucht im Agrarministerium eine bedeutende Rolle beim Aufschwung der Pferdezucht in Ungarn.<\/p>","protected":false},"excerpt":{"rendered":"<p>Professor f\u00fcr Chirurgie und Geburtshilfe. Begr\u00fcnder der modernen veterin\u00e4rmedizinischen Chirurgie, Entwickler zahlreicher neuer chirurgischer Verfahren. Durch Asepsis, Narkose und Bet\u00e4ubung machte er den Weg f\u00fcr Operationen am Thorax und der Abdominalorgane frei. Seine Fachb\u00fccher \u00fcber Chirurgie sind die ersten auf diesem Gebiet in der ungarischen veterin\u00e4rmedizinischen Literatur. Seine T\u00e4tigkeit als Pferdetierarzt verhalf ihm nicht nur<\/p>\n","protected":false},"author":4844,"featured_media":0,"parent":0,"menu_order":35,"comment_status":"closed","ping_status":"closed","template":"","meta":{"_acf_changed":false,"footnotes":""},"categories":[],"tags":[],"class_list":["post-38305","page","type-page","status-publish","hentry"],"acf":[],"yoast_head":"<!-- This site is optimized with the Yoast SEO plugin v27.2 - https:\/\/yoast.com\/product\/yoast-seo-wordpress\/ -->\n<title>B\u00e9la Pl\u00f3sz (1863-1945) - Unsere renommierten Tier\u00e4rzte<\/title>\n<meta name=\"robots\" content=\"index, follow, max-snippet:-1, max-image-preview:large, max-video-preview:-1\" \/>\n<link rel=\"canonical\" href=\"https:\/\/univet.hu\/pantheon\/de\/bela-plosz-1863-1945\/\" \/>\n<meta property=\"og:locale\" content=\"de_DE\" \/>\n<meta property=\"og:type\" content=\"article\" \/>\n<meta property=\"og:title\" content=\"B\u00e9la Pl\u00f3sz (1863-1945) - Unsere renommierten Tier\u00e4rzte\" \/>\n<meta property=\"og:description\" content=\"Professor f\u00fcr Chirurgie und Geburtshilfe. Begr\u00fcnder der modernen veterin\u00e4rmedizinischen Chirurgie, Entwickler zahlreicher neuer chirurgischer Verfahren. Durch Asepsis, Narkose und Bet\u00e4ubung machte er den Weg f\u00fcr Operationen am Thorax und der Abdominalorgane frei. Seine Fachb\u00fccher \u00fcber Chirurgie sind die ersten auf diesem Gebiet in der ungarischen veterin\u00e4rmedizinischen Literatur. Seine T\u00e4tigkeit als Pferdetierarzt verhalf ihm nicht nur\" \/>\n<meta property=\"og:url\" content=\"https:\/\/univet.hu\/pantheon\/de\/bela-plosz-1863-1945\/\" \/>\n<meta property=\"og:site_name\" content=\"Unsere renommierten Tier\u00e4rzte\" \/>\n<meta property=\"article:modified_time\" content=\"2025-01-10T19:26:29+00:00\" \/>\n<meta name=\"twitter:card\" content=\"summary_large_image\" \/>\n<meta name=\"twitter:label1\" content=\"Gesch\u00e4tzte Lesezeit\" \/>\n\t<meta name=\"twitter:data1\" content=\"1\u00a0Minute\" \/>\n<script type=\"application\/ld+json\" class=\"yoast-schema-graph\">{\"@context\":\"https:\/\/schema.org\",\"@graph\":[{\"@type\":\"WebPage\",\"@id\":\"https:\/\/univet.hu\/pantheon\/de\/bela-plosz-1863-1945\/\",\"url\":\"https:\/\/univet.hu\/pantheon\/de\/bela-plosz-1863-1945\/\",\"name\":\"B\u00e9la Pl\u00f3sz (1863-1945) - Unsere renommierten Tier\u00e4rzte\",\"isPartOf\":{\"@id\":\"https:\/\/univet.hu\/pantheon\/de\/#website\"},\"datePublished\":\"2019-04-27T18:59:21+00:00\",\"dateModified\":\"2025-01-10T19:26:29+00:00\",\"breadcrumb\":{\"@id\":\"https:\/\/univet.hu\/pantheon\/de\/bela-plosz-1863-1945\/#breadcrumb\"},\"inLanguage\":\"de\",\"potentialAction\":[{\"@type\":\"ReadAction\",\"target\":[\"https:\/\/univet.hu\/pantheon\/de\/bela-plosz-1863-1945\/\"]}]},{\"@type\":\"BreadcrumbList\",\"@id\":\"https:\/\/univet.hu\/pantheon\/de\/bela-plosz-1863-1945\/#breadcrumb\",\"itemListElement\":[{\"@type\":\"ListItem\",\"position\":1,\"name\":\"Kezd\u0151lap\",\"item\":\"https:\/\/univet.hu\/pantheon\/de\/\"},{\"@type\":\"ListItem\",\"position\":2,\"name\":\"B\u00e9la Pl\u00f3sz (1863-1945)\"}]},{\"@type\":\"WebSite\",\"@id\":\"https:\/\/univet.hu\/pantheon\/de\/#website\",\"url\":\"https:\/\/univet.hu\/pantheon\/de\/\",\"name\":\"Our renowned veterinarians\",\"description\":\"\",\"potentialAction\":[{\"@type\":\"SearchAction\",\"target\":{\"@type\":\"EntryPoint\",\"urlTemplate\":\"https:\/\/univet.hu\/pantheon\/de\/?s={search_term_string}\"},\"query-input\":{\"@type\":\"PropertyValueSpecification\",\"valueRequired\":true,\"valueName\":\"search_term_string\"}}],\"inLanguage\":\"de\"}]}<\/script>\n<!-- \/ Yoast SEO plugin. -->","yoast_head_json":{"title":"B\u00e9la Pl\u00f3sz (1863-1945) - Unsere renommierten Tier\u00e4rzte","robots":{"index":"index","follow":"follow","max-snippet":"max-snippet:-1","max-image-preview":"max-image-preview:large","max-video-preview":"max-video-preview:-1"},"canonical":"https:\/\/univet.hu\/pantheon\/de\/bela-plosz-1863-1945\/","og_locale":"de_DE","og_type":"article","og_title":"B\u00e9la Pl\u00f3sz (1863-1945) - Unsere renommierten Tier\u00e4rzte","og_description":"Professor f\u00fcr Chirurgie und Geburtshilfe. Begr\u00fcnder der modernen veterin\u00e4rmedizinischen Chirurgie, Entwickler zahlreicher neuer chirurgischer Verfahren. Durch Asepsis, Narkose und Bet\u00e4ubung machte er den Weg f\u00fcr Operationen am Thorax und der Abdominalorgane frei. Seine Fachb\u00fccher \u00fcber Chirurgie sind die ersten auf diesem Gebiet in der ungarischen veterin\u00e4rmedizinischen Literatur. Seine T\u00e4tigkeit als Pferdetierarzt verhalf ihm nicht nur","og_url":"https:\/\/univet.hu\/pantheon\/de\/bela-plosz-1863-1945\/","og_site_name":"Unsere renommierten Tier\u00e4rzte","article_modified_time":"2025-01-10T19:26:29+00:00","twitter_card":"summary_large_image","twitter_misc":{"Gesch\u00e4tzte Lesezeit":"1\u00a0Minute"},"schema":{"@context":"https:\/\/schema.org","@graph":[{"@type":"WebPage","@id":"https:\/\/univet.hu\/pantheon\/de\/bela-plosz-1863-1945\/","url":"https:\/\/univet.hu\/pantheon\/de\/bela-plosz-1863-1945\/","name":"B\u00e9la Pl\u00f3sz (1863-1945) - Unsere renommierten Tier\u00e4rzte","isPartOf":{"@id":"https:\/\/univet.hu\/pantheon\/de\/#website"},"datePublished":"2019-04-27T18:59:21+00:00","dateModified":"2025-01-10T19:26:29+00:00","breadcrumb":{"@id":"https:\/\/univet.hu\/pantheon\/de\/bela-plosz-1863-1945\/#breadcrumb"},"inLanguage":"de","potentialAction":[{"@type":"ReadAction","target":["https:\/\/univet.hu\/pantheon\/de\/bela-plosz-1863-1945\/"]}]},{"@type":"BreadcrumbList","@id":"https:\/\/univet.hu\/pantheon\/de\/bela-plosz-1863-1945\/#breadcrumb","itemListElement":[{"@type":"ListItem","position":1,"name":"Kezd\u0151lap","item":"https:\/\/univet.hu\/pantheon\/de\/"},{"@type":"ListItem","position":2,"name":"B\u00e9la Pl\u00f3sz (1863-1945)"}]},{"@type":"WebSite","@id":"https:\/\/univet.hu\/pantheon\/de\/#website","url":"https:\/\/univet.hu\/pantheon\/de\/","name":"Our renowned veterinarians","description":"","potentialAction":[{"@type":"SearchAction","target":{"@type":"EntryPoint","urlTemplate":"https:\/\/univet.hu\/pantheon\/de\/?s={search_term_string}"},"query-input":{"@type":"PropertyValueSpecification","valueRequired":true,"valueName":"search_term_string"}}],"inLanguage":"de"}]}},"_links":{"self":[{"href":"https:\/\/univet.hu\/pantheon\/de\/wp-json\/wp\/v2\/pages\/38305","targetHints":{"allow":["GET"]}}],"collection":[{"href":"https:\/\/univet.hu\/pantheon\/de\/wp-json\/wp\/v2\/pages"}],"about":[{"href":"https:\/\/univet.hu\/pantheon\/de\/wp-json\/wp\/v2\/types\/page"}],"author":[{"embeddable":true,"href":"https:\/\/univet.hu\/pantheon\/de\/wp-json\/wp\/v2\/users\/4844"}],"replies":[{"embeddable":true,"href":"https:\/\/univet.hu\/pantheon\/de\/wp-json\/wp\/v2\/comments?post=38305"}],"version-history":[{"count":1,"href":"https:\/\/univet.hu\/pantheon\/de\/wp-json\/wp\/v2\/pages\/38305\/revisions"}],"predecessor-version":[{"id":103553,"href":"https:\/\/univet.hu\/pantheon\/de\/wp-json\/wp\/v2\/pages\/38305\/revisions\/103553"}],"wp:attachment":[{"href":"https:\/\/univet.hu\/pantheon\/de\/wp-json\/wp\/v2\/media?parent=38305"}],"wp:term":[{"taxonomy":"category","embeddable":true,"href":"https:\/\/univet.hu\/pantheon\/de\/wp-json\/wp\/v2\/categories?post=38305"},{"taxonomy":"post_tag","embeddable":true,"href":"https:\/\/univet.hu\/pantheon\/de\/wp-json\/wp\/v2\/tags?post=38305"}],"curies":[{"name":"wp","href":"https:\/\/api.w.org\/{rel}","templated":true}]}}