{"id":38319,"date":"2019-04-27T21:09:09","date_gmt":"2019-04-27T19:09:09","guid":{"rendered":"https:\/\/univet.hu\/?page_id=38319"},"modified":"2025-01-10T20:26:29","modified_gmt":"2025-01-10T19:26:29","slug":"bela-tormay-1839-1906","status":"publish","type":"page","link":"https:\/\/univet.hu\/pantheon\/de\/bela-tormay-1839-1906\/","title":{"rendered":"B\u00e9la Tormay (1839-1906)"},"content":{"rendered":"<p>Professor f\u00fcr Tierzucht.<\/p> <p>Er gilt als bedeutender Vorreiter der modernen Tierzucht in Ungarn. Er lie\u00df einen nationalen Viehkataster anlegen, organisierte Zuchtviehausstellungen und f\u00fchrte die Stammbucheintragung ein. Er gilt als der gr\u00f6\u00dfte Erneuerer der Agrarfachausbildung in Ungarn und ist Autor von zahlreichen Lehrb\u00fcchern und wissenschaftlichen Werken.<\/p> <p>An unserer Universit\u00e4t war er Direktor, sp\u00e4ter Staatssekret\u00e4r der Abteilung f\u00fcr Tierzucht im Ministerium f\u00fcr Landwirtschaft, Industrie und Handel. Er war korrespondierendes Mitglied der Ungarischen Akademie der Wissenschaften.<\/p>","protected":false},"excerpt":{"rendered":"<p>Professor f\u00fcr Tierzucht. Er gilt als bedeutender Vorreiter der modernen Tierzucht in Ungarn. Er lie\u00df einen nationalen Viehkataster anlegen, organisierte Zuchtviehausstellungen und f\u00fchrte die Stammbucheintragung ein. Er gilt als der gr\u00f6\u00dfte Erneuerer der Agrarfachausbildung in Ungarn und ist Autor von zahlreichen Lehrb\u00fcchern und wissenschaftlichen Werken. An unserer Universit\u00e4t war er Direktor, sp\u00e4ter Staatssekret\u00e4r der Abteilung<\/p>\n","protected":false},"author":4844,"featured_media":0,"parent":0,"menu_order":35,"comment_status":"closed","ping_status":"closed","template":"","meta":{"_acf_changed":false,"footnotes":""},"categories":[],"tags":[],"class_list":["post-38319","page","type-page","status-publish","hentry"],"acf":[],"yoast_head":"<!-- This site is optimized with the Yoast SEO plugin v27.2 - https:\/\/yoast.com\/product\/yoast-seo-wordpress\/ -->\n<title>B\u00e9la Tormay (1839-1906) - Unsere renommierten Tier\u00e4rzte<\/title>\n<meta name=\"robots\" content=\"index, follow, max-snippet:-1, max-image-preview:large, max-video-preview:-1\" \/>\n<link rel=\"canonical\" href=\"https:\/\/univet.hu\/pantheon\/de\/bela-tormay-1839-1906\/\" \/>\n<meta property=\"og:locale\" content=\"de_DE\" \/>\n<meta property=\"og:type\" content=\"article\" \/>\n<meta property=\"og:title\" content=\"B\u00e9la Tormay (1839-1906) - Unsere renommierten Tier\u00e4rzte\" \/>\n<meta property=\"og:description\" content=\"Professor f\u00fcr Tierzucht. Er gilt als bedeutender Vorreiter der modernen Tierzucht in Ungarn. Er lie\u00df einen nationalen Viehkataster anlegen, organisierte Zuchtviehausstellungen und f\u00fchrte die Stammbucheintragung ein. Er gilt als der gr\u00f6\u00dfte Erneuerer der Agrarfachausbildung in Ungarn und ist Autor von zahlreichen Lehrb\u00fcchern und wissenschaftlichen Werken. An unserer Universit\u00e4t war er Direktor, sp\u00e4ter Staatssekret\u00e4r der Abteilung\" \/>\n<meta property=\"og:url\" content=\"https:\/\/univet.hu\/pantheon\/de\/bela-tormay-1839-1906\/\" \/>\n<meta property=\"og:site_name\" content=\"Unsere renommierten Tier\u00e4rzte\" \/>\n<meta property=\"article:modified_time\" content=\"2025-01-10T19:26:29+00:00\" \/>\n<meta name=\"twitter:card\" content=\"summary_large_image\" \/>\n<script type=\"application\/ld+json\" class=\"yoast-schema-graph\">{\"@context\":\"https:\/\/schema.org\",\"@graph\":[{\"@type\":\"WebPage\",\"@id\":\"https:\/\/univet.hu\/pantheon\/de\/bela-tormay-1839-1906\/\",\"url\":\"https:\/\/univet.hu\/pantheon\/de\/bela-tormay-1839-1906\/\",\"name\":\"B\u00e9la Tormay (1839-1906) - Unsere renommierten Tier\u00e4rzte\",\"isPartOf\":{\"@id\":\"https:\/\/univet.hu\/pantheon\/de\/#website\"},\"datePublished\":\"2019-04-27T19:09:09+00:00\",\"dateModified\":\"2025-01-10T19:26:29+00:00\",\"breadcrumb\":{\"@id\":\"https:\/\/univet.hu\/pantheon\/de\/bela-tormay-1839-1906\/#breadcrumb\"},\"inLanguage\":\"de\",\"potentialAction\":[{\"@type\":\"ReadAction\",\"target\":[\"https:\/\/univet.hu\/pantheon\/de\/bela-tormay-1839-1906\/\"]}]},{\"@type\":\"BreadcrumbList\",\"@id\":\"https:\/\/univet.hu\/pantheon\/de\/bela-tormay-1839-1906\/#breadcrumb\",\"itemListElement\":[{\"@type\":\"ListItem\",\"position\":1,\"name\":\"Kezd\u0151lap\",\"item\":\"https:\/\/univet.hu\/pantheon\/de\/\"},{\"@type\":\"ListItem\",\"position\":2,\"name\":\"B\u00e9la Tormay (1839-1906)\"}]},{\"@type\":\"WebSite\",\"@id\":\"https:\/\/univet.hu\/pantheon\/de\/#website\",\"url\":\"https:\/\/univet.hu\/pantheon\/de\/\",\"name\":\"Our renowned veterinarians\",\"description\":\"\",\"potentialAction\":[{\"@type\":\"SearchAction\",\"target\":{\"@type\":\"EntryPoint\",\"urlTemplate\":\"https:\/\/univet.hu\/pantheon\/de\/?s={search_term_string}\"},\"query-input\":{\"@type\":\"PropertyValueSpecification\",\"valueRequired\":true,\"valueName\":\"search_term_string\"}}],\"inLanguage\":\"de\"}]}<\/script>\n<!-- \/ Yoast SEO plugin. -->","yoast_head_json":{"title":"B\u00e9la Tormay (1839-1906) - Unsere renommierten Tier\u00e4rzte","robots":{"index":"index","follow":"follow","max-snippet":"max-snippet:-1","max-image-preview":"max-image-preview:large","max-video-preview":"max-video-preview:-1"},"canonical":"https:\/\/univet.hu\/pantheon\/de\/bela-tormay-1839-1906\/","og_locale":"de_DE","og_type":"article","og_title":"B\u00e9la Tormay (1839-1906) - Unsere renommierten Tier\u00e4rzte","og_description":"Professor f\u00fcr Tierzucht. Er gilt als bedeutender Vorreiter der modernen Tierzucht in Ungarn. Er lie\u00df einen nationalen Viehkataster anlegen, organisierte Zuchtviehausstellungen und f\u00fchrte die Stammbucheintragung ein. Er gilt als der gr\u00f6\u00dfte Erneuerer der Agrarfachausbildung in Ungarn und ist Autor von zahlreichen Lehrb\u00fcchern und wissenschaftlichen Werken. An unserer Universit\u00e4t war er Direktor, sp\u00e4ter Staatssekret\u00e4r der Abteilung","og_url":"https:\/\/univet.hu\/pantheon\/de\/bela-tormay-1839-1906\/","og_site_name":"Unsere renommierten Tier\u00e4rzte","article_modified_time":"2025-01-10T19:26:29+00:00","twitter_card":"summary_large_image","schema":{"@context":"https:\/\/schema.org","@graph":[{"@type":"WebPage","@id":"https:\/\/univet.hu\/pantheon\/de\/bela-tormay-1839-1906\/","url":"https:\/\/univet.hu\/pantheon\/de\/bela-tormay-1839-1906\/","name":"B\u00e9la Tormay (1839-1906) - Unsere renommierten Tier\u00e4rzte","isPartOf":{"@id":"https:\/\/univet.hu\/pantheon\/de\/#website"},"datePublished":"2019-04-27T19:09:09+00:00","dateModified":"2025-01-10T19:26:29+00:00","breadcrumb":{"@id":"https:\/\/univet.hu\/pantheon\/de\/bela-tormay-1839-1906\/#breadcrumb"},"inLanguage":"de","potentialAction":[{"@type":"ReadAction","target":["https:\/\/univet.hu\/pantheon\/de\/bela-tormay-1839-1906\/"]}]},{"@type":"BreadcrumbList","@id":"https:\/\/univet.hu\/pantheon\/de\/bela-tormay-1839-1906\/#breadcrumb","itemListElement":[{"@type":"ListItem","position":1,"name":"Kezd\u0151lap","item":"https:\/\/univet.hu\/pantheon\/de\/"},{"@type":"ListItem","position":2,"name":"B\u00e9la Tormay (1839-1906)"}]},{"@type":"WebSite","@id":"https:\/\/univet.hu\/pantheon\/de\/#website","url":"https:\/\/univet.hu\/pantheon\/de\/","name":"Our renowned veterinarians","description":"","potentialAction":[{"@type":"SearchAction","target":{"@type":"EntryPoint","urlTemplate":"https:\/\/univet.hu\/pantheon\/de\/?s={search_term_string}"},"query-input":{"@type":"PropertyValueSpecification","valueRequired":true,"valueName":"search_term_string"}}],"inLanguage":"de"}]}},"_links":{"self":[{"href":"https:\/\/univet.hu\/pantheon\/de\/wp-json\/wp\/v2\/pages\/38319","targetHints":{"allow":["GET"]}}],"collection":[{"href":"https:\/\/univet.hu\/pantheon\/de\/wp-json\/wp\/v2\/pages"}],"about":[{"href":"https:\/\/univet.hu\/pantheon\/de\/wp-json\/wp\/v2\/types\/page"}],"author":[{"embeddable":true,"href":"https:\/\/univet.hu\/pantheon\/de\/wp-json\/wp\/v2\/users\/4844"}],"replies":[{"embeddable":true,"href":"https:\/\/univet.hu\/pantheon\/de\/wp-json\/wp\/v2\/comments?post=38319"}],"version-history":[{"count":1,"href":"https:\/\/univet.hu\/pantheon\/de\/wp-json\/wp\/v2\/pages\/38319\/revisions"}],"predecessor-version":[{"id":103555,"href":"https:\/\/univet.hu\/pantheon\/de\/wp-json\/wp\/v2\/pages\/38319\/revisions\/103555"}],"wp:attachment":[{"href":"https:\/\/univet.hu\/pantheon\/de\/wp-json\/wp\/v2\/media?parent=38319"}],"wp:term":[{"taxonomy":"category","embeddable":true,"href":"https:\/\/univet.hu\/pantheon\/de\/wp-json\/wp\/v2\/categories?post=38319"},{"taxonomy":"post_tag","embeddable":true,"href":"https:\/\/univet.hu\/pantheon\/de\/wp-json\/wp\/v2\/tags?post=38319"}],"curies":[{"name":"wp","href":"https:\/\/api.w.org\/{rel}","templated":true}]}}