{"id":38323,"date":"2019-04-27T21:10:42","date_gmt":"2019-04-27T19:10:42","guid":{"rendered":"https:\/\/univet.hu\/?page_id=38323"},"modified":"2025-01-10T20:26:33","modified_gmt":"2025-01-10T19:26:33","slug":"oszkar-wellmann-1876-1943","status":"publish","type":"page","link":"https:\/\/univet.hu\/pantheon\/de\/oszkar-wellmann-1876-1943\/","title":{"rendered":"Oszk\u00e1r Wellmann (1876-1943)"},"content":{"rendered":"<p>Professor f\u00fcr Tierzucht.<\/p> <p>Nach der Erfassung von blutsverwandtschaftlichen Beziehungen befasste er sich mit biochemischen Untersuchungen. Die mit J\u00f3zsef Marek und L\u00e1szl\u00f3 Urb\u00e1nyi gemeinsam durchgef\u00fchrten Rachitis-Untersuchungen verhalfen ihnen zu internationalem Ruhm. Er f\u00fchrte das allgemeine Stammbuchsystem f\u00fcr Rinder ein.<\/p> <p>Er nahm in mehreren Zyklen an der Leitung unserer Universit\u00e4t teil, und zwar als Prorektor sowie sp\u00e4ter als Rektor. Er war ordentliches Mitglied der Ungarischen Akademie der Wissenschaften.<\/p>","protected":false},"excerpt":{"rendered":"<p>Professor f\u00fcr Tierzucht. Nach der Erfassung von blutsverwandtschaftlichen Beziehungen befasste er sich mit biochemischen Untersuchungen. Die mit J\u00f3zsef Marek und L\u00e1szl\u00f3 Urb\u00e1nyi gemeinsam durchgef\u00fchrten Rachitis-Untersuchungen verhalfen ihnen zu internationalem Ruhm. Er f\u00fchrte das allgemeine Stammbuchsystem f\u00fcr Rinder ein. Er nahm in mehreren Zyklen an der Leitung unserer Universit\u00e4t teil, und zwar als Prorektor sowie sp\u00e4ter<\/p>\n","protected":false},"author":4844,"featured_media":0,"parent":0,"menu_order":35,"comment_status":"closed","ping_status":"closed","template":"","meta":{"_acf_changed":false,"footnotes":""},"categories":[],"tags":[],"class_list":["post-38323","page","type-page","status-publish","hentry"],"acf":[],"yoast_head":"<!-- This site is optimized with the Yoast SEO plugin v27.2 - https:\/\/yoast.com\/product\/yoast-seo-wordpress\/ -->\n<title>Oszk\u00e1r Wellmann (1876-1943) - Unsere renommierten Tier\u00e4rzte<\/title>\n<meta name=\"robots\" content=\"index, follow, max-snippet:-1, max-image-preview:large, max-video-preview:-1\" \/>\n<link rel=\"canonical\" href=\"https:\/\/univet.hu\/pantheon\/de\/oszkar-wellmann-1876-1943\/\" \/>\n<meta property=\"og:locale\" content=\"de_DE\" \/>\n<meta property=\"og:type\" content=\"article\" \/>\n<meta property=\"og:title\" content=\"Oszk\u00e1r Wellmann (1876-1943) - Unsere renommierten Tier\u00e4rzte\" \/>\n<meta property=\"og:description\" content=\"Professor f\u00fcr Tierzucht. Nach der Erfassung von blutsverwandtschaftlichen Beziehungen befasste er sich mit biochemischen Untersuchungen. Die mit J\u00f3zsef Marek und L\u00e1szl\u00f3 Urb\u00e1nyi gemeinsam durchgef\u00fchrten Rachitis-Untersuchungen verhalfen ihnen zu internationalem Ruhm. Er f\u00fchrte das allgemeine Stammbuchsystem f\u00fcr Rinder ein. Er nahm in mehreren Zyklen an der Leitung unserer Universit\u00e4t teil, und zwar als Prorektor sowie sp\u00e4ter\" \/>\n<meta property=\"og:url\" content=\"https:\/\/univet.hu\/pantheon\/de\/oszkar-wellmann-1876-1943\/\" \/>\n<meta property=\"og:site_name\" content=\"Unsere renommierten Tier\u00e4rzte\" \/>\n<meta property=\"article:modified_time\" content=\"2025-01-10T19:26:33+00:00\" \/>\n<meta name=\"twitter:card\" content=\"summary_large_image\" \/>\n<script type=\"application\/ld+json\" class=\"yoast-schema-graph\">{\"@context\":\"https:\/\/schema.org\",\"@graph\":[{\"@type\":\"WebPage\",\"@id\":\"https:\/\/univet.hu\/pantheon\/de\/oszkar-wellmann-1876-1943\/\",\"url\":\"https:\/\/univet.hu\/pantheon\/de\/oszkar-wellmann-1876-1943\/\",\"name\":\"Oszk\u00e1r Wellmann (1876-1943) - Unsere renommierten Tier\u00e4rzte\",\"isPartOf\":{\"@id\":\"https:\/\/univet.hu\/pantheon\/de\/#website\"},\"datePublished\":\"2019-04-27T19:10:42+00:00\",\"dateModified\":\"2025-01-10T19:26:33+00:00\",\"breadcrumb\":{\"@id\":\"https:\/\/univet.hu\/pantheon\/de\/oszkar-wellmann-1876-1943\/#breadcrumb\"},\"inLanguage\":\"de\",\"potentialAction\":[{\"@type\":\"ReadAction\",\"target\":[\"https:\/\/univet.hu\/pantheon\/de\/oszkar-wellmann-1876-1943\/\"]}]},{\"@type\":\"BreadcrumbList\",\"@id\":\"https:\/\/univet.hu\/pantheon\/de\/oszkar-wellmann-1876-1943\/#breadcrumb\",\"itemListElement\":[{\"@type\":\"ListItem\",\"position\":1,\"name\":\"Kezd\u0151lap\",\"item\":\"https:\/\/univet.hu\/pantheon\/de\/\"},{\"@type\":\"ListItem\",\"position\":2,\"name\":\"Oszk\u00e1r Wellmann (1876-1943)\"}]},{\"@type\":\"WebSite\",\"@id\":\"https:\/\/univet.hu\/pantheon\/de\/#website\",\"url\":\"https:\/\/univet.hu\/pantheon\/de\/\",\"name\":\"Our renowned veterinarians\",\"description\":\"\",\"potentialAction\":[{\"@type\":\"SearchAction\",\"target\":{\"@type\":\"EntryPoint\",\"urlTemplate\":\"https:\/\/univet.hu\/pantheon\/de\/?s={search_term_string}\"},\"query-input\":{\"@type\":\"PropertyValueSpecification\",\"valueRequired\":true,\"valueName\":\"search_term_string\"}}],\"inLanguage\":\"de\"}]}<\/script>\n<!-- \/ Yoast SEO plugin. -->","yoast_head_json":{"title":"Oszk\u00e1r Wellmann (1876-1943) - Unsere renommierten Tier\u00e4rzte","robots":{"index":"index","follow":"follow","max-snippet":"max-snippet:-1","max-image-preview":"max-image-preview:large","max-video-preview":"max-video-preview:-1"},"canonical":"https:\/\/univet.hu\/pantheon\/de\/oszkar-wellmann-1876-1943\/","og_locale":"de_DE","og_type":"article","og_title":"Oszk\u00e1r Wellmann (1876-1943) - Unsere renommierten Tier\u00e4rzte","og_description":"Professor f\u00fcr Tierzucht. Nach der Erfassung von blutsverwandtschaftlichen Beziehungen befasste er sich mit biochemischen Untersuchungen. Die mit J\u00f3zsef Marek und L\u00e1szl\u00f3 Urb\u00e1nyi gemeinsam durchgef\u00fchrten Rachitis-Untersuchungen verhalfen ihnen zu internationalem Ruhm. Er f\u00fchrte das allgemeine Stammbuchsystem f\u00fcr Rinder ein. Er nahm in mehreren Zyklen an der Leitung unserer Universit\u00e4t teil, und zwar als Prorektor sowie sp\u00e4ter","og_url":"https:\/\/univet.hu\/pantheon\/de\/oszkar-wellmann-1876-1943\/","og_site_name":"Unsere renommierten Tier\u00e4rzte","article_modified_time":"2025-01-10T19:26:33+00:00","twitter_card":"summary_large_image","schema":{"@context":"https:\/\/schema.org","@graph":[{"@type":"WebPage","@id":"https:\/\/univet.hu\/pantheon\/de\/oszkar-wellmann-1876-1943\/","url":"https:\/\/univet.hu\/pantheon\/de\/oszkar-wellmann-1876-1943\/","name":"Oszk\u00e1r Wellmann (1876-1943) - Unsere renommierten Tier\u00e4rzte","isPartOf":{"@id":"https:\/\/univet.hu\/pantheon\/de\/#website"},"datePublished":"2019-04-27T19:10:42+00:00","dateModified":"2025-01-10T19:26:33+00:00","breadcrumb":{"@id":"https:\/\/univet.hu\/pantheon\/de\/oszkar-wellmann-1876-1943\/#breadcrumb"},"inLanguage":"de","potentialAction":[{"@type":"ReadAction","target":["https:\/\/univet.hu\/pantheon\/de\/oszkar-wellmann-1876-1943\/"]}]},{"@type":"BreadcrumbList","@id":"https:\/\/univet.hu\/pantheon\/de\/oszkar-wellmann-1876-1943\/#breadcrumb","itemListElement":[{"@type":"ListItem","position":1,"name":"Kezd\u0151lap","item":"https:\/\/univet.hu\/pantheon\/de\/"},{"@type":"ListItem","position":2,"name":"Oszk\u00e1r Wellmann (1876-1943)"}]},{"@type":"WebSite","@id":"https:\/\/univet.hu\/pantheon\/de\/#website","url":"https:\/\/univet.hu\/pantheon\/de\/","name":"Our renowned veterinarians","description":"","potentialAction":[{"@type":"SearchAction","target":{"@type":"EntryPoint","urlTemplate":"https:\/\/univet.hu\/pantheon\/de\/?s={search_term_string}"},"query-input":{"@type":"PropertyValueSpecification","valueRequired":true,"valueName":"search_term_string"}}],"inLanguage":"de"}]}},"_links":{"self":[{"href":"https:\/\/univet.hu\/pantheon\/de\/wp-json\/wp\/v2\/pages\/38323","targetHints":{"allow":["GET"]}}],"collection":[{"href":"https:\/\/univet.hu\/pantheon\/de\/wp-json\/wp\/v2\/pages"}],"about":[{"href":"https:\/\/univet.hu\/pantheon\/de\/wp-json\/wp\/v2\/types\/page"}],"author":[{"embeddable":true,"href":"https:\/\/univet.hu\/pantheon\/de\/wp-json\/wp\/v2\/users\/4844"}],"replies":[{"embeddable":true,"href":"https:\/\/univet.hu\/pantheon\/de\/wp-json\/wp\/v2\/comments?post=38323"}],"version-history":[{"count":1,"href":"https:\/\/univet.hu\/pantheon\/de\/wp-json\/wp\/v2\/pages\/38323\/revisions"}],"predecessor-version":[{"id":103589,"href":"https:\/\/univet.hu\/pantheon\/de\/wp-json\/wp\/v2\/pages\/38323\/revisions\/103589"}],"wp:attachment":[{"href":"https:\/\/univet.hu\/pantheon\/de\/wp-json\/wp\/v2\/media?parent=38323"}],"wp:term":[{"taxonomy":"category","embeddable":true,"href":"https:\/\/univet.hu\/pantheon\/de\/wp-json\/wp\/v2\/categories?post=38323"},{"taxonomy":"post_tag","embeddable":true,"href":"https:\/\/univet.hu\/pantheon\/de\/wp-json\/wp\/v2\/tags?post=38323"}],"curies":[{"name":"wp","href":"https:\/\/api.w.org\/{rel}","templated":true}]}}