{"id":38327,"date":"2019-04-27T21:12:38","date_gmt":"2019-04-27T19:12:38","guid":{"rendered":"https:\/\/univet.hu\/?page_id=38327"},"modified":"2025-01-10T20:26:28","modified_gmt":"2025-01-10T19:26:28","slug":"agoston-zimmermann-1875-1963","status":"publish","type":"page","link":"https:\/\/univet.hu\/pantheon\/de\/agoston-zimmermann-1875-1963\/","title":{"rendered":"\u00c1goston Zimmermann (1875-1963)"},"content":{"rendered":"<p>Professor f\u00fcr Anatomie und Entwicklungsbiologie.<\/p> <p>Seine wissenschaftliche T\u00e4tigkeit erstreckt sich auf die Bereiche der beschreibenden, vergleichenden und funktionalen Anatomie und Entwicklungsbiologie sowie auf nahezu alle Gebiete der Histologie. Er ist der Verfasser hunderter international anerkannter B\u00fccher und Publikationen.<\/p> <p>An unserer Universit\u00e4t hatte als Prorektor, Rektor, Dekan, sp\u00e4ter als Rektor der Technischen Universit\u00e4t verschiedene leitende \u00c4mter inne. Er war ordentliches Mitglied, sp\u00e4ter Ehrenmitglied der Ungarischen Akademie der Wissenschaften.<\/p>","protected":false},"excerpt":{"rendered":"<p>Professor f\u00fcr Anatomie und Entwicklungsbiologie. Seine wissenschaftliche T\u00e4tigkeit erstreckt sich auf die Bereiche der beschreibenden, vergleichenden und funktionalen Anatomie und Entwicklungsbiologie sowie auf nahezu alle Gebiete der Histologie. Er ist der Verfasser hunderter international anerkannter B\u00fccher und Publikationen. An unserer Universit\u00e4t hatte als Prorektor, Rektor, Dekan, sp\u00e4ter als Rektor der Technischen Universit\u00e4t verschiedene leitende \u00c4mter<\/p>\n","protected":false},"author":4844,"featured_media":0,"parent":0,"menu_order":35,"comment_status":"closed","ping_status":"closed","template":"","meta":{"_acf_changed":false,"footnotes":""},"categories":[],"tags":[],"class_list":["post-38327","page","type-page","status-publish","hentry"],"acf":[],"yoast_head":"<!-- This site is optimized with the Yoast SEO plugin v27.2 - https:\/\/yoast.com\/product\/yoast-seo-wordpress\/ -->\n<title>\u00c1goston Zimmermann (1875-1963) - Unsere renommierten Tier\u00e4rzte<\/title>\n<meta name=\"robots\" content=\"index, follow, max-snippet:-1, max-image-preview:large, max-video-preview:-1\" \/>\n<link rel=\"canonical\" href=\"https:\/\/univet.hu\/pantheon\/de\/agoston-zimmermann-1875-1963\/\" \/>\n<meta property=\"og:locale\" content=\"de_DE\" \/>\n<meta property=\"og:type\" content=\"article\" \/>\n<meta property=\"og:title\" content=\"\u00c1goston Zimmermann (1875-1963) - Unsere renommierten Tier\u00e4rzte\" \/>\n<meta property=\"og:description\" content=\"Professor f\u00fcr Anatomie und Entwicklungsbiologie. Seine wissenschaftliche T\u00e4tigkeit erstreckt sich auf die Bereiche der beschreibenden, vergleichenden und funktionalen Anatomie und Entwicklungsbiologie sowie auf nahezu alle Gebiete der Histologie. Er ist der Verfasser hunderter international anerkannter B\u00fccher und Publikationen. An unserer Universit\u00e4t hatte als Prorektor, Rektor, Dekan, sp\u00e4ter als Rektor der Technischen Universit\u00e4t verschiedene leitende \u00c4mter\" \/>\n<meta property=\"og:url\" content=\"https:\/\/univet.hu\/pantheon\/de\/agoston-zimmermann-1875-1963\/\" \/>\n<meta property=\"og:site_name\" content=\"Unsere renommierten Tier\u00e4rzte\" \/>\n<meta property=\"article:modified_time\" content=\"2025-01-10T19:26:28+00:00\" \/>\n<meta name=\"twitter:card\" content=\"summary_large_image\" \/>\n<script type=\"application\/ld+json\" class=\"yoast-schema-graph\">{\"@context\":\"https:\/\/schema.org\",\"@graph\":[{\"@type\":\"WebPage\",\"@id\":\"https:\/\/univet.hu\/pantheon\/de\/agoston-zimmermann-1875-1963\/\",\"url\":\"https:\/\/univet.hu\/pantheon\/de\/agoston-zimmermann-1875-1963\/\",\"name\":\"\u00c1goston Zimmermann (1875-1963) - Unsere renommierten Tier\u00e4rzte\",\"isPartOf\":{\"@id\":\"https:\/\/univet.hu\/pantheon\/de\/#website\"},\"datePublished\":\"2019-04-27T19:12:38+00:00\",\"dateModified\":\"2025-01-10T19:26:28+00:00\",\"breadcrumb\":{\"@id\":\"https:\/\/univet.hu\/pantheon\/de\/agoston-zimmermann-1875-1963\/#breadcrumb\"},\"inLanguage\":\"de\",\"potentialAction\":[{\"@type\":\"ReadAction\",\"target\":[\"https:\/\/univet.hu\/pantheon\/de\/agoston-zimmermann-1875-1963\/\"]}]},{\"@type\":\"BreadcrumbList\",\"@id\":\"https:\/\/univet.hu\/pantheon\/de\/agoston-zimmermann-1875-1963\/#breadcrumb\",\"itemListElement\":[{\"@type\":\"ListItem\",\"position\":1,\"name\":\"Kezd\u0151lap\",\"item\":\"https:\/\/univet.hu\/pantheon\/de\/\"},{\"@type\":\"ListItem\",\"position\":2,\"name\":\"\u00c1goston Zimmermann (1875-1963)\"}]},{\"@type\":\"WebSite\",\"@id\":\"https:\/\/univet.hu\/pantheon\/de\/#website\",\"url\":\"https:\/\/univet.hu\/pantheon\/de\/\",\"name\":\"Our renowned veterinarians\",\"description\":\"\",\"potentialAction\":[{\"@type\":\"SearchAction\",\"target\":{\"@type\":\"EntryPoint\",\"urlTemplate\":\"https:\/\/univet.hu\/pantheon\/de\/?s={search_term_string}\"},\"query-input\":{\"@type\":\"PropertyValueSpecification\",\"valueRequired\":true,\"valueName\":\"search_term_string\"}}],\"inLanguage\":\"de\"}]}<\/script>\n<!-- \/ Yoast SEO plugin. -->","yoast_head_json":{"title":"\u00c1goston Zimmermann (1875-1963) - Unsere renommierten Tier\u00e4rzte","robots":{"index":"index","follow":"follow","max-snippet":"max-snippet:-1","max-image-preview":"max-image-preview:large","max-video-preview":"max-video-preview:-1"},"canonical":"https:\/\/univet.hu\/pantheon\/de\/agoston-zimmermann-1875-1963\/","og_locale":"de_DE","og_type":"article","og_title":"\u00c1goston Zimmermann (1875-1963) - Unsere renommierten Tier\u00e4rzte","og_description":"Professor f\u00fcr Anatomie und Entwicklungsbiologie. Seine wissenschaftliche T\u00e4tigkeit erstreckt sich auf die Bereiche der beschreibenden, vergleichenden und funktionalen Anatomie und Entwicklungsbiologie sowie auf nahezu alle Gebiete der Histologie. Er ist der Verfasser hunderter international anerkannter B\u00fccher und Publikationen. An unserer Universit\u00e4t hatte als Prorektor, Rektor, Dekan, sp\u00e4ter als Rektor der Technischen Universit\u00e4t verschiedene leitende \u00c4mter","og_url":"https:\/\/univet.hu\/pantheon\/de\/agoston-zimmermann-1875-1963\/","og_site_name":"Unsere renommierten Tier\u00e4rzte","article_modified_time":"2025-01-10T19:26:28+00:00","twitter_card":"summary_large_image","schema":{"@context":"https:\/\/schema.org","@graph":[{"@type":"WebPage","@id":"https:\/\/univet.hu\/pantheon\/de\/agoston-zimmermann-1875-1963\/","url":"https:\/\/univet.hu\/pantheon\/de\/agoston-zimmermann-1875-1963\/","name":"\u00c1goston Zimmermann (1875-1963) - Unsere renommierten Tier\u00e4rzte","isPartOf":{"@id":"https:\/\/univet.hu\/pantheon\/de\/#website"},"datePublished":"2019-04-27T19:12:38+00:00","dateModified":"2025-01-10T19:26:28+00:00","breadcrumb":{"@id":"https:\/\/univet.hu\/pantheon\/de\/agoston-zimmermann-1875-1963\/#breadcrumb"},"inLanguage":"de","potentialAction":[{"@type":"ReadAction","target":["https:\/\/univet.hu\/pantheon\/de\/agoston-zimmermann-1875-1963\/"]}]},{"@type":"BreadcrumbList","@id":"https:\/\/univet.hu\/pantheon\/de\/agoston-zimmermann-1875-1963\/#breadcrumb","itemListElement":[{"@type":"ListItem","position":1,"name":"Kezd\u0151lap","item":"https:\/\/univet.hu\/pantheon\/de\/"},{"@type":"ListItem","position":2,"name":"\u00c1goston Zimmermann (1875-1963)"}]},{"@type":"WebSite","@id":"https:\/\/univet.hu\/pantheon\/de\/#website","url":"https:\/\/univet.hu\/pantheon\/de\/","name":"Our renowned veterinarians","description":"","potentialAction":[{"@type":"SearchAction","target":{"@type":"EntryPoint","urlTemplate":"https:\/\/univet.hu\/pantheon\/de\/?s={search_term_string}"},"query-input":{"@type":"PropertyValueSpecification","valueRequired":true,"valueName":"search_term_string"}}],"inLanguage":"de"}]}},"_links":{"self":[{"href":"https:\/\/univet.hu\/pantheon\/de\/wp-json\/wp\/v2\/pages\/38327","targetHints":{"allow":["GET"]}}],"collection":[{"href":"https:\/\/univet.hu\/pantheon\/de\/wp-json\/wp\/v2\/pages"}],"about":[{"href":"https:\/\/univet.hu\/pantheon\/de\/wp-json\/wp\/v2\/types\/page"}],"author":[{"embeddable":true,"href":"https:\/\/univet.hu\/pantheon\/de\/wp-json\/wp\/v2\/users\/4844"}],"replies":[{"embeddable":true,"href":"https:\/\/univet.hu\/pantheon\/de\/wp-json\/wp\/v2\/comments?post=38327"}],"version-history":[{"count":1,"href":"https:\/\/univet.hu\/pantheon\/de\/wp-json\/wp\/v2\/pages\/38327\/revisions"}],"predecessor-version":[{"id":103542,"href":"https:\/\/univet.hu\/pantheon\/de\/wp-json\/wp\/v2\/pages\/38327\/revisions\/103542"}],"wp:attachment":[{"href":"https:\/\/univet.hu\/pantheon\/de\/wp-json\/wp\/v2\/media?parent=38327"}],"wp:term":[{"taxonomy":"category","embeddable":true,"href":"https:\/\/univet.hu\/pantheon\/de\/wp-json\/wp\/v2\/categories?post=38327"},{"taxonomy":"post_tag","embeddable":true,"href":"https:\/\/univet.hu\/pantheon\/de\/wp-json\/wp\/v2\/tags?post=38327"}],"curies":[{"name":"wp","href":"https:\/\/api.w.org\/{rel}","templated":true}]}}