{"id":69008,"date":"2021-10-20T09:00:54","date_gmt":"2021-10-20T07:00:54","guid":{"rendered":"https:\/\/univet.hu\/?page_id=69008"},"modified":"2025-01-10T20:26:27","modified_gmt":"2025-01-10T19:26:27","slug":"marton-galambos-1820-1872","status":"publish","type":"page","link":"https:\/\/univet.hu\/pantheon\/de\/marton-galambos-1820-1872\/","title":{"rendered":"M\u00e1rton Galambos (1820 \u2013 1872)"},"content":{"rendered":"<p>Dr. M\u00e1rton Galambos, Tierarzt, Meister der Chirurgie und der Geburtshilfe, Doktor der Philosophie und der Medizin, Lehrer von neun Studienf\u00e4chern. Er stellte als Erster auf der Welt die \u00dcbertragung der Rinderpest auf Schafe fest. Sein Engagement und seine Heimatliebe machen ihn zum Vorbild f\u00fcr folgende Generationen.<\/p>","protected":false},"excerpt":{"rendered":"<p>Dr. M\u00e1rton Galambos, Tierarzt, Meister der Chirurgie und der Geburtshilfe, Doktor der Philosophie und der Medizin, Lehrer von neun Studienf\u00e4chern. Er stellte als Erster auf der Welt die \u00dcbertragung der Rinderpest auf Schafe fest. Sein Engagement und seine Heimatliebe machen ihn zum Vorbild f\u00fcr folgende Generationen.<\/p>\n","protected":false},"author":4844,"featured_media":0,"parent":0,"menu_order":0,"comment_status":"closed","ping_status":"closed","template":"","meta":{"_acf_changed":false,"footnotes":""},"categories":[],"tags":[],"class_list":["post-69008","page","type-page","status-publish","hentry"],"acf":[],"yoast_head":"<!-- This site is optimized with the Yoast SEO plugin v27.2 - https:\/\/yoast.com\/product\/yoast-seo-wordpress\/ -->\n<title>M\u00e1rton Galambos (1820 \u2013 1872) - Unsere renommierten Tier\u00e4rzte<\/title>\n<meta name=\"robots\" content=\"index, follow, max-snippet:-1, max-image-preview:large, max-video-preview:-1\" \/>\n<link rel=\"canonical\" href=\"https:\/\/univet.hu\/pantheon\/de\/marton-galambos-1820-1872\/\" \/>\n<meta property=\"og:locale\" content=\"de_DE\" \/>\n<meta property=\"og:type\" content=\"article\" \/>\n<meta property=\"og:title\" content=\"M\u00e1rton Galambos (1820 \u2013 1872) - Unsere renommierten Tier\u00e4rzte\" \/>\n<meta property=\"og:description\" content=\"Dr. M\u00e1rton Galambos, Tierarzt, Meister der Chirurgie und der Geburtshilfe, Doktor der Philosophie und der Medizin, Lehrer von neun Studienf\u00e4chern. Er stellte als Erster auf der Welt die \u00dcbertragung der Rinderpest auf Schafe fest. Sein Engagement und seine Heimatliebe machen ihn zum Vorbild f\u00fcr folgende Generationen.\" \/>\n<meta property=\"og:url\" content=\"https:\/\/univet.hu\/pantheon\/de\/marton-galambos-1820-1872\/\" \/>\n<meta property=\"og:site_name\" content=\"Unsere renommierten Tier\u00e4rzte\" \/>\n<meta property=\"article:modified_time\" content=\"2025-01-10T19:26:27+00:00\" \/>\n<meta name=\"twitter:card\" content=\"summary_large_image\" \/>\n<script type=\"application\/ld+json\" class=\"yoast-schema-graph\">{\"@context\":\"https:\/\/schema.org\",\"@graph\":[{\"@type\":\"WebPage\",\"@id\":\"https:\/\/univet.hu\/pantheon\/de\/marton-galambos-1820-1872\/\",\"url\":\"https:\/\/univet.hu\/pantheon\/de\/marton-galambos-1820-1872\/\",\"name\":\"M\u00e1rton Galambos (1820 \u2013 1872) - Unsere renommierten Tier\u00e4rzte\",\"isPartOf\":{\"@id\":\"https:\/\/univet.hu\/pantheon\/de\/#website\"},\"datePublished\":\"2021-10-20T07:00:54+00:00\",\"dateModified\":\"2025-01-10T19:26:27+00:00\",\"breadcrumb\":{\"@id\":\"https:\/\/univet.hu\/pantheon\/de\/marton-galambos-1820-1872\/#breadcrumb\"},\"inLanguage\":\"de\",\"potentialAction\":[{\"@type\":\"ReadAction\",\"target\":[\"https:\/\/univet.hu\/pantheon\/de\/marton-galambos-1820-1872\/\"]}]},{\"@type\":\"BreadcrumbList\",\"@id\":\"https:\/\/univet.hu\/pantheon\/de\/marton-galambos-1820-1872\/#breadcrumb\",\"itemListElement\":[{\"@type\":\"ListItem\",\"position\":1,\"name\":\"Kezd\u0151lap\",\"item\":\"https:\/\/univet.hu\/pantheon\/de\/\"},{\"@type\":\"ListItem\",\"position\":2,\"name\":\"M\u00e1rton Galambos (1820 \u2013 1872)\"}]},{\"@type\":\"WebSite\",\"@id\":\"https:\/\/univet.hu\/pantheon\/de\/#website\",\"url\":\"https:\/\/univet.hu\/pantheon\/de\/\",\"name\":\"Our renowned veterinarians\",\"description\":\"\",\"potentialAction\":[{\"@type\":\"SearchAction\",\"target\":{\"@type\":\"EntryPoint\",\"urlTemplate\":\"https:\/\/univet.hu\/pantheon\/de\/?s={search_term_string}\"},\"query-input\":{\"@type\":\"PropertyValueSpecification\",\"valueRequired\":true,\"valueName\":\"search_term_string\"}}],\"inLanguage\":\"de\"}]}<\/script>\n<!-- \/ Yoast SEO plugin. -->","yoast_head_json":{"title":"M\u00e1rton Galambos (1820 \u2013 1872) - Unsere renommierten Tier\u00e4rzte","robots":{"index":"index","follow":"follow","max-snippet":"max-snippet:-1","max-image-preview":"max-image-preview:large","max-video-preview":"max-video-preview:-1"},"canonical":"https:\/\/univet.hu\/pantheon\/de\/marton-galambos-1820-1872\/","og_locale":"de_DE","og_type":"article","og_title":"M\u00e1rton Galambos (1820 \u2013 1872) - Unsere renommierten Tier\u00e4rzte","og_description":"Dr. M\u00e1rton Galambos, Tierarzt, Meister der Chirurgie und der Geburtshilfe, Doktor der Philosophie und der Medizin, Lehrer von neun Studienf\u00e4chern. Er stellte als Erster auf der Welt die \u00dcbertragung der Rinderpest auf Schafe fest. Sein Engagement und seine Heimatliebe machen ihn zum Vorbild f\u00fcr folgende Generationen.","og_url":"https:\/\/univet.hu\/pantheon\/de\/marton-galambos-1820-1872\/","og_site_name":"Unsere renommierten Tier\u00e4rzte","article_modified_time":"2025-01-10T19:26:27+00:00","twitter_card":"summary_large_image","schema":{"@context":"https:\/\/schema.org","@graph":[{"@type":"WebPage","@id":"https:\/\/univet.hu\/pantheon\/de\/marton-galambos-1820-1872\/","url":"https:\/\/univet.hu\/pantheon\/de\/marton-galambos-1820-1872\/","name":"M\u00e1rton Galambos (1820 \u2013 1872) - Unsere renommierten Tier\u00e4rzte","isPartOf":{"@id":"https:\/\/univet.hu\/pantheon\/de\/#website"},"datePublished":"2021-10-20T07:00:54+00:00","dateModified":"2025-01-10T19:26:27+00:00","breadcrumb":{"@id":"https:\/\/univet.hu\/pantheon\/de\/marton-galambos-1820-1872\/#breadcrumb"},"inLanguage":"de","potentialAction":[{"@type":"ReadAction","target":["https:\/\/univet.hu\/pantheon\/de\/marton-galambos-1820-1872\/"]}]},{"@type":"BreadcrumbList","@id":"https:\/\/univet.hu\/pantheon\/de\/marton-galambos-1820-1872\/#breadcrumb","itemListElement":[{"@type":"ListItem","position":1,"name":"Kezd\u0151lap","item":"https:\/\/univet.hu\/pantheon\/de\/"},{"@type":"ListItem","position":2,"name":"M\u00e1rton Galambos (1820 \u2013 1872)"}]},{"@type":"WebSite","@id":"https:\/\/univet.hu\/pantheon\/de\/#website","url":"https:\/\/univet.hu\/pantheon\/de\/","name":"Our renowned veterinarians","description":"","potentialAction":[{"@type":"SearchAction","target":{"@type":"EntryPoint","urlTemplate":"https:\/\/univet.hu\/pantheon\/de\/?s={search_term_string}"},"query-input":{"@type":"PropertyValueSpecification","valueRequired":true,"valueName":"search_term_string"}}],"inLanguage":"de"}]}},"_links":{"self":[{"href":"https:\/\/univet.hu\/pantheon\/de\/wp-json\/wp\/v2\/pages\/69008","targetHints":{"allow":["GET"]}}],"collection":[{"href":"https:\/\/univet.hu\/pantheon\/de\/wp-json\/wp\/v2\/pages"}],"about":[{"href":"https:\/\/univet.hu\/pantheon\/de\/wp-json\/wp\/v2\/types\/page"}],"author":[{"embeddable":true,"href":"https:\/\/univet.hu\/pantheon\/de\/wp-json\/wp\/v2\/users\/4844"}],"replies":[{"embeddable":true,"href":"https:\/\/univet.hu\/pantheon\/de\/wp-json\/wp\/v2\/comments?post=69008"}],"version-history":[{"count":1,"href":"https:\/\/univet.hu\/pantheon\/de\/wp-json\/wp\/v2\/pages\/69008\/revisions"}],"predecessor-version":[{"id":103531,"href":"https:\/\/univet.hu\/pantheon\/de\/wp-json\/wp\/v2\/pages\/69008\/revisions\/103531"}],"wp:attachment":[{"href":"https:\/\/univet.hu\/pantheon\/de\/wp-json\/wp\/v2\/media?parent=69008"}],"wp:term":[{"taxonomy":"category","embeddable":true,"href":"https:\/\/univet.hu\/pantheon\/de\/wp-json\/wp\/v2\/categories?post=69008"},{"taxonomy":"post_tag","embeddable":true,"href":"https:\/\/univet.hu\/pantheon\/de\/wp-json\/wp\/v2\/tags?post=69008"}],"curies":[{"name":"wp","href":"https:\/\/api.w.org\/{rel}","templated":true}]}}