{"id":84547,"date":"2023-03-16T09:21:39","date_gmt":"2023-03-16T08:21:39","guid":{"rendered":"https:\/\/univet.hu\/?page_id=84547"},"modified":"2025-01-10T20:26:26","modified_gmt":"2025-01-10T19:26:26","slug":"gyula-komar-1904-1968","status":"publish","type":"page","link":"https:\/\/univet.hu\/pantheon\/de\/gyula-komar-1904-1968\/","title":{"rendered":"Gyula K\u00f3m\u00e1r (1904 \u2013 1968)"},"content":{"rendered":"<p>Leiter des Lehrstuhls f\u00fcr Chirurgie und Augenheilkunde an der Veterin\u00e4rmedizinischen Hochschule zwischen 1948 und 1957, der auf dem Gebiet der Tierchirurgie und<br \/> -augenheilkunde sowohl als Lehrer als auch als Arzt und Forscher Hervorragendes geleistet hat, Autor von mehreren Lehrb\u00fcchern \u00fcber Tierchirurgie und -augenheilkunde.<\/p> <p>Nach der Revolution von 1956 wurde er seines Lehrstuhls enthoben, war aber auch danach mit ungebrochenem Elan weiter als Tierarzt t\u00e4tig.<\/p>","protected":false},"excerpt":{"rendered":"<p>Leiter des Lehrstuhls f\u00fcr Chirurgie und Augenheilkunde an der Veterin\u00e4rmedizinischen Hochschule zwischen 1948 und 1957, der auf dem Gebiet der Tierchirurgie und -augenheilkunde sowohl als Lehrer als auch als Arzt und Forscher Hervorragendes geleistet hat, Autor von mehreren Lehrb\u00fcchern \u00fcber Tierchirurgie und -augenheilkunde. Nach der Revolution von 1956 wurde er seines Lehrstuhls enthoben, war aber<\/p>\n","protected":false},"author":4844,"featured_media":0,"parent":0,"menu_order":0,"comment_status":"closed","ping_status":"closed","template":"","meta":{"_acf_changed":false,"footnotes":""},"categories":[],"tags":[],"class_list":["post-84547","page","type-page","status-publish","hentry"],"acf":[],"yoast_head":"<!-- This site is optimized with the Yoast SEO plugin v27.2 - https:\/\/yoast.com\/product\/yoast-seo-wordpress\/ -->\n<title>Gyula K\u00f3m\u00e1r (1904 \u2013 1968) - Unsere renommierten Tier\u00e4rzte<\/title>\n<meta name=\"robots\" content=\"index, follow, max-snippet:-1, max-image-preview:large, max-video-preview:-1\" \/>\n<link rel=\"canonical\" href=\"https:\/\/univet.hu\/pantheon\/de\/gyula-komar-1904-1968\/\" \/>\n<meta property=\"og:locale\" content=\"de_DE\" \/>\n<meta property=\"og:type\" content=\"article\" \/>\n<meta property=\"og:title\" content=\"Gyula K\u00f3m\u00e1r (1904 \u2013 1968) - Unsere renommierten Tier\u00e4rzte\" \/>\n<meta property=\"og:description\" content=\"Leiter des Lehrstuhls f\u00fcr Chirurgie und Augenheilkunde an der Veterin\u00e4rmedizinischen Hochschule zwischen 1948 und 1957, der auf dem Gebiet der Tierchirurgie und -augenheilkunde sowohl als Lehrer als auch als Arzt und Forscher Hervorragendes geleistet hat, Autor von mehreren Lehrb\u00fcchern \u00fcber Tierchirurgie und -augenheilkunde. Nach der Revolution von 1956 wurde er seines Lehrstuhls enthoben, war aber\" \/>\n<meta property=\"og:url\" content=\"https:\/\/univet.hu\/pantheon\/de\/gyula-komar-1904-1968\/\" \/>\n<meta property=\"og:site_name\" content=\"Unsere renommierten Tier\u00e4rzte\" \/>\n<meta property=\"article:modified_time\" content=\"2025-01-10T19:26:26+00:00\" \/>\n<meta name=\"twitter:card\" content=\"summary_large_image\" \/>\n<script type=\"application\/ld+json\" class=\"yoast-schema-graph\">{\"@context\":\"https:\/\/schema.org\",\"@graph\":[{\"@type\":\"WebPage\",\"@id\":\"https:\/\/univet.hu\/pantheon\/de\/gyula-komar-1904-1968\/\",\"url\":\"https:\/\/univet.hu\/pantheon\/de\/gyula-komar-1904-1968\/\",\"name\":\"Gyula K\u00f3m\u00e1r (1904 \u2013 1968) - Unsere renommierten Tier\u00e4rzte\",\"isPartOf\":{\"@id\":\"https:\/\/univet.hu\/pantheon\/de\/#website\"},\"datePublished\":\"2023-03-16T08:21:39+00:00\",\"dateModified\":\"2025-01-10T19:26:26+00:00\",\"breadcrumb\":{\"@id\":\"https:\/\/univet.hu\/pantheon\/de\/gyula-komar-1904-1968\/#breadcrumb\"},\"inLanguage\":\"de\",\"potentialAction\":[{\"@type\":\"ReadAction\",\"target\":[\"https:\/\/univet.hu\/pantheon\/de\/gyula-komar-1904-1968\/\"]}]},{\"@type\":\"BreadcrumbList\",\"@id\":\"https:\/\/univet.hu\/pantheon\/de\/gyula-komar-1904-1968\/#breadcrumb\",\"itemListElement\":[{\"@type\":\"ListItem\",\"position\":1,\"name\":\"Kezd\u0151lap\",\"item\":\"https:\/\/univet.hu\/pantheon\/de\/\"},{\"@type\":\"ListItem\",\"position\":2,\"name\":\"Gyula K\u00f3m\u00e1r (1904 \u2013 1968)\"}]},{\"@type\":\"WebSite\",\"@id\":\"https:\/\/univet.hu\/pantheon\/de\/#website\",\"url\":\"https:\/\/univet.hu\/pantheon\/de\/\",\"name\":\"Our renowned veterinarians\",\"description\":\"\",\"potentialAction\":[{\"@type\":\"SearchAction\",\"target\":{\"@type\":\"EntryPoint\",\"urlTemplate\":\"https:\/\/univet.hu\/pantheon\/de\/?s={search_term_string}\"},\"query-input\":{\"@type\":\"PropertyValueSpecification\",\"valueRequired\":true,\"valueName\":\"search_term_string\"}}],\"inLanguage\":\"de\"}]}<\/script>\n<!-- \/ Yoast SEO plugin. -->","yoast_head_json":{"title":"Gyula K\u00f3m\u00e1r (1904 \u2013 1968) - Unsere renommierten Tier\u00e4rzte","robots":{"index":"index","follow":"follow","max-snippet":"max-snippet:-1","max-image-preview":"max-image-preview:large","max-video-preview":"max-video-preview:-1"},"canonical":"https:\/\/univet.hu\/pantheon\/de\/gyula-komar-1904-1968\/","og_locale":"de_DE","og_type":"article","og_title":"Gyula K\u00f3m\u00e1r (1904 \u2013 1968) - Unsere renommierten Tier\u00e4rzte","og_description":"Leiter des Lehrstuhls f\u00fcr Chirurgie und Augenheilkunde an der Veterin\u00e4rmedizinischen Hochschule zwischen 1948 und 1957, der auf dem Gebiet der Tierchirurgie und -augenheilkunde sowohl als Lehrer als auch als Arzt und Forscher Hervorragendes geleistet hat, Autor von mehreren Lehrb\u00fcchern \u00fcber Tierchirurgie und -augenheilkunde. Nach der Revolution von 1956 wurde er seines Lehrstuhls enthoben, war aber","og_url":"https:\/\/univet.hu\/pantheon\/de\/gyula-komar-1904-1968\/","og_site_name":"Unsere renommierten Tier\u00e4rzte","article_modified_time":"2025-01-10T19:26:26+00:00","twitter_card":"summary_large_image","schema":{"@context":"https:\/\/schema.org","@graph":[{"@type":"WebPage","@id":"https:\/\/univet.hu\/pantheon\/de\/gyula-komar-1904-1968\/","url":"https:\/\/univet.hu\/pantheon\/de\/gyula-komar-1904-1968\/","name":"Gyula K\u00f3m\u00e1r (1904 \u2013 1968) - Unsere renommierten Tier\u00e4rzte","isPartOf":{"@id":"https:\/\/univet.hu\/pantheon\/de\/#website"},"datePublished":"2023-03-16T08:21:39+00:00","dateModified":"2025-01-10T19:26:26+00:00","breadcrumb":{"@id":"https:\/\/univet.hu\/pantheon\/de\/gyula-komar-1904-1968\/#breadcrumb"},"inLanguage":"de","potentialAction":[{"@type":"ReadAction","target":["https:\/\/univet.hu\/pantheon\/de\/gyula-komar-1904-1968\/"]}]},{"@type":"BreadcrumbList","@id":"https:\/\/univet.hu\/pantheon\/de\/gyula-komar-1904-1968\/#breadcrumb","itemListElement":[{"@type":"ListItem","position":1,"name":"Kezd\u0151lap","item":"https:\/\/univet.hu\/pantheon\/de\/"},{"@type":"ListItem","position":2,"name":"Gyula K\u00f3m\u00e1r (1904 \u2013 1968)"}]},{"@type":"WebSite","@id":"https:\/\/univet.hu\/pantheon\/de\/#website","url":"https:\/\/univet.hu\/pantheon\/de\/","name":"Our renowned veterinarians","description":"","potentialAction":[{"@type":"SearchAction","target":{"@type":"EntryPoint","urlTemplate":"https:\/\/univet.hu\/pantheon\/de\/?s={search_term_string}"},"query-input":{"@type":"PropertyValueSpecification","valueRequired":true,"valueName":"search_term_string"}}],"inLanguage":"de"}]}},"_links":{"self":[{"href":"https:\/\/univet.hu\/pantheon\/de\/wp-json\/wp\/v2\/pages\/84547","targetHints":{"allow":["GET"]}}],"collection":[{"href":"https:\/\/univet.hu\/pantheon\/de\/wp-json\/wp\/v2\/pages"}],"about":[{"href":"https:\/\/univet.hu\/pantheon\/de\/wp-json\/wp\/v2\/types\/page"}],"author":[{"embeddable":true,"href":"https:\/\/univet.hu\/pantheon\/de\/wp-json\/wp\/v2\/users\/4844"}],"replies":[{"embeddable":true,"href":"https:\/\/univet.hu\/pantheon\/de\/wp-json\/wp\/v2\/comments?post=84547"}],"version-history":[{"count":1,"href":"https:\/\/univet.hu\/pantheon\/de\/wp-json\/wp\/v2\/pages\/84547\/revisions"}],"predecessor-version":[{"id":103525,"href":"https:\/\/univet.hu\/pantheon\/de\/wp-json\/wp\/v2\/pages\/84547\/revisions\/103525"}],"wp:attachment":[{"href":"https:\/\/univet.hu\/pantheon\/de\/wp-json\/wp\/v2\/media?parent=84547"}],"wp:term":[{"taxonomy":"category","embeddable":true,"href":"https:\/\/univet.hu\/pantheon\/de\/wp-json\/wp\/v2\/categories?post=84547"},{"taxonomy":"post_tag","embeddable":true,"href":"https:\/\/univet.hu\/pantheon\/de\/wp-json\/wp\/v2\/tags?post=84547"}],"curies":[{"name":"wp","href":"https:\/\/api.w.org\/{rel}","templated":true}]}}