{"id":38321,"date":"2019-04-27T21:09:57","date_gmt":"2019-04-27T19:09:57","guid":{"rendered":"https:\/\/univet.hu\/?page_id=38321"},"modified":"2025-01-10T20:26:33","modified_gmt":"2025-01-10T19:26:33","slug":"oszkar-wellmann-1876-1943-2","status":"publish","type":"page","link":"https:\/\/univet.hu\/pantheon\/en\/oszkar-wellmann-1876-1943-2\/","title":{"rendered":"Oszk\u00e1r Wellmann (1876-1943)"},"content":{"rendered":"<p>Professor of Animal Husbandry.<\/p> <p>After mapping blood relation connections he was studying biochemical examinations. He gained international fame for the rachitis examinations he performed together with J\u00f3zsef Marek and L\u00e1szl\u00f3 Urb\u00e1nyi. He developed an overall, general cattle breed registry system.<\/p> <p>As prorector and appointed rector for several cycles he also participated in the management of the University of Veterinary Medicine Budapest. He was a Member of the Hungarian Academy of Sciences.<\/p>","protected":false},"excerpt":{"rendered":"<p>Professor of Animal Husbandry. After mapping blood relation connections he was studying biochemical examinations. He gained international fame for the rachitis examinations he performed together with J\u00f3zsef Marek and L\u00e1szl\u00f3 Urb\u00e1nyi. He developed an overall, general cattle breed registry system. As prorector and appointed rector for several cycles he also participated in the management of<\/p>\n","protected":false},"author":4844,"featured_media":0,"parent":0,"menu_order":35,"comment_status":"closed","ping_status":"closed","template":"","meta":{"_acf_changed":false,"footnotes":""},"categories":[],"tags":[],"class_list":["post-38321","page","type-page","status-publish","hentry"],"acf":[],"yoast_head":"<!-- This site is optimized with the Yoast SEO plugin v27.2 - https:\/\/yoast.com\/product\/yoast-seo-wordpress\/ -->\n<title>Oszk\u00e1r Wellmann (1876-1943) - Our renowned veterinarians<\/title>\n<meta name=\"robots\" content=\"index, follow, max-snippet:-1, max-image-preview:large, max-video-preview:-1\" \/>\n<link rel=\"canonical\" href=\"https:\/\/univet.hu\/pantheon\/en\/oszkar-wellmann-1876-1943-2\/\" \/>\n<meta property=\"og:locale\" content=\"en_US\" \/>\n<meta property=\"og:type\" content=\"article\" \/>\n<meta property=\"og:title\" content=\"Oszk\u00e1r Wellmann (1876-1943) - Our renowned veterinarians\" \/>\n<meta property=\"og:description\" content=\"Professor of Animal Husbandry. After mapping blood relation connections he was studying biochemical examinations. He gained international fame for the rachitis examinations he performed together with J\u00f3zsef Marek and L\u00e1szl\u00f3 Urb\u00e1nyi. He developed an overall, general cattle breed registry system. As prorector and appointed rector for several cycles he also participated in the management of\" \/>\n<meta property=\"og:url\" content=\"https:\/\/univet.hu\/pantheon\/en\/oszkar-wellmann-1876-1943-2\/\" \/>\n<meta property=\"og:site_name\" content=\"Our renowned veterinarians\" \/>\n<meta property=\"article:modified_time\" content=\"2025-01-10T19:26:33+00:00\" \/>\n<meta name=\"twitter:card\" content=\"summary_large_image\" \/>\n<script type=\"application\/ld+json\" class=\"yoast-schema-graph\">{\"@context\":\"https:\/\/schema.org\",\"@graph\":[{\"@type\":\"WebPage\",\"@id\":\"https:\/\/univet.hu\/pantheon\/en\/oszkar-wellmann-1876-1943-2\/\",\"url\":\"https:\/\/univet.hu\/pantheon\/en\/oszkar-wellmann-1876-1943-2\/\",\"name\":\"Oszk\u00e1r Wellmann (1876-1943) - Our renowned veterinarians\",\"isPartOf\":{\"@id\":\"https:\/\/univet.hu\/pantheon\/de\/#website\"},\"datePublished\":\"2019-04-27T19:09:57+00:00\",\"dateModified\":\"2025-01-10T19:26:33+00:00\",\"breadcrumb\":{\"@id\":\"https:\/\/univet.hu\/pantheon\/en\/oszkar-wellmann-1876-1943-2\/#breadcrumb\"},\"inLanguage\":\"en-US\",\"potentialAction\":[{\"@type\":\"ReadAction\",\"target\":[\"https:\/\/univet.hu\/pantheon\/en\/oszkar-wellmann-1876-1943-2\/\"]}]},{\"@type\":\"BreadcrumbList\",\"@id\":\"https:\/\/univet.hu\/pantheon\/en\/oszkar-wellmann-1876-1943-2\/#breadcrumb\",\"itemListElement\":[{\"@type\":\"ListItem\",\"position\":1,\"name\":\"Kezd\u0151lap\",\"item\":\"https:\/\/univet.hu\/pantheon\/en\/\"},{\"@type\":\"ListItem\",\"position\":2,\"name\":\"Oszk\u00e1r Wellmann (1876-1943)\"}]},{\"@type\":\"WebSite\",\"@id\":\"https:\/\/univet.hu\/pantheon\/de\/#website\",\"url\":\"https:\/\/univet.hu\/pantheon\/de\/\",\"name\":\"Our renowned veterinarians\",\"description\":\"\",\"potentialAction\":[{\"@type\":\"SearchAction\",\"target\":{\"@type\":\"EntryPoint\",\"urlTemplate\":\"https:\/\/univet.hu\/pantheon\/de\/?s={search_term_string}\"},\"query-input\":{\"@type\":\"PropertyValueSpecification\",\"valueRequired\":true,\"valueName\":\"search_term_string\"}}],\"inLanguage\":\"en-US\"}]}<\/script>\n<!-- \/ Yoast SEO plugin. -->","yoast_head_json":{"title":"Oszk\u00e1r Wellmann (1876-1943) - Our renowned veterinarians","robots":{"index":"index","follow":"follow","max-snippet":"max-snippet:-1","max-image-preview":"max-image-preview:large","max-video-preview":"max-video-preview:-1"},"canonical":"https:\/\/univet.hu\/pantheon\/en\/oszkar-wellmann-1876-1943-2\/","og_locale":"en_US","og_type":"article","og_title":"Oszk\u00e1r Wellmann (1876-1943) - Our renowned veterinarians","og_description":"Professor of Animal Husbandry. After mapping blood relation connections he was studying biochemical examinations. He gained international fame for the rachitis examinations he performed together with J\u00f3zsef Marek and L\u00e1szl\u00f3 Urb\u00e1nyi. He developed an overall, general cattle breed registry system. As prorector and appointed rector for several cycles he also participated in the management of","og_url":"https:\/\/univet.hu\/pantheon\/en\/oszkar-wellmann-1876-1943-2\/","og_site_name":"Our renowned veterinarians","article_modified_time":"2025-01-10T19:26:33+00:00","twitter_card":"summary_large_image","schema":{"@context":"https:\/\/schema.org","@graph":[{"@type":"WebPage","@id":"https:\/\/univet.hu\/pantheon\/en\/oszkar-wellmann-1876-1943-2\/","url":"https:\/\/univet.hu\/pantheon\/en\/oszkar-wellmann-1876-1943-2\/","name":"Oszk\u00e1r Wellmann (1876-1943) - Our renowned veterinarians","isPartOf":{"@id":"https:\/\/univet.hu\/pantheon\/de\/#website"},"datePublished":"2019-04-27T19:09:57+00:00","dateModified":"2025-01-10T19:26:33+00:00","breadcrumb":{"@id":"https:\/\/univet.hu\/pantheon\/en\/oszkar-wellmann-1876-1943-2\/#breadcrumb"},"inLanguage":"en-US","potentialAction":[{"@type":"ReadAction","target":["https:\/\/univet.hu\/pantheon\/en\/oszkar-wellmann-1876-1943-2\/"]}]},{"@type":"BreadcrumbList","@id":"https:\/\/univet.hu\/pantheon\/en\/oszkar-wellmann-1876-1943-2\/#breadcrumb","itemListElement":[{"@type":"ListItem","position":1,"name":"Kezd\u0151lap","item":"https:\/\/univet.hu\/pantheon\/en\/"},{"@type":"ListItem","position":2,"name":"Oszk\u00e1r Wellmann (1876-1943)"}]},{"@type":"WebSite","@id":"https:\/\/univet.hu\/pantheon\/de\/#website","url":"https:\/\/univet.hu\/pantheon\/de\/","name":"Our renowned veterinarians","description":"","potentialAction":[{"@type":"SearchAction","target":{"@type":"EntryPoint","urlTemplate":"https:\/\/univet.hu\/pantheon\/de\/?s={search_term_string}"},"query-input":{"@type":"PropertyValueSpecification","valueRequired":true,"valueName":"search_term_string"}}],"inLanguage":"en-US"}]}},"_links":{"self":[{"href":"https:\/\/univet.hu\/pantheon\/en\/wp-json\/wp\/v2\/pages\/38321","targetHints":{"allow":["GET"]}}],"collection":[{"href":"https:\/\/univet.hu\/pantheon\/en\/wp-json\/wp\/v2\/pages"}],"about":[{"href":"https:\/\/univet.hu\/pantheon\/en\/wp-json\/wp\/v2\/types\/page"}],"author":[{"embeddable":true,"href":"https:\/\/univet.hu\/pantheon\/en\/wp-json\/wp\/v2\/users\/4844"}],"replies":[{"embeddable":true,"href":"https:\/\/univet.hu\/pantheon\/en\/wp-json\/wp\/v2\/comments?post=38321"}],"version-history":[{"count":1,"href":"https:\/\/univet.hu\/pantheon\/en\/wp-json\/wp\/v2\/pages\/38321\/revisions"}],"predecessor-version":[{"id":103588,"href":"https:\/\/univet.hu\/pantheon\/en\/wp-json\/wp\/v2\/pages\/38321\/revisions\/103588"}],"wp:attachment":[{"href":"https:\/\/univet.hu\/pantheon\/en\/wp-json\/wp\/v2\/media?parent=38321"}],"wp:term":[{"taxonomy":"category","embeddable":true,"href":"https:\/\/univet.hu\/pantheon\/en\/wp-json\/wp\/v2\/categories?post=38321"},{"taxonomy":"post_tag","embeddable":true,"href":"https:\/\/univet.hu\/pantheon\/en\/wp-json\/wp\/v2\/tags?post=38321"}],"curies":[{"name":"wp","href":"https:\/\/api.w.org\/{rel}","templated":true}]}}