{"id":55837,"date":"2020-06-04T10:34:56","date_gmt":"2020-06-04T08:34:56","guid":{"rendered":"https:\/\/univet.hu\/?page_id=55837"},"modified":"2025-01-10T20:26:27","modified_gmt":"2025-01-10T19:26:27","slug":"dr-tamas-szent-ivanyi-1920-1991-2","status":"publish","type":"page","link":"https:\/\/univet.hu\/pantheon\/en\/dr-tamas-szent-ivanyi-1920-1991-2\/","title":{"rendered":"Dr Tam\u00e1s Szent-Iv\u00e1nyi (1920 &#8211; 1991)"},"content":{"rendered":"<p><strong><a href=\"https:\/\/univet.hu\/pantheon\/wp-content\/uploads\/sites\/3\/2020\/02\/szentivanyi.jpg\"><img loading=\"lazy\" decoding=\"async\" class=\"alignleft size-thumbnail wp-image-49700\" src=\"https:\/\/univet.hu\/pantheon\/wp-content\/uploads\/sites\/3\/2020\/02\/szentivanyi-300x320.jpg\" alt=\"\" width=\"300\" height=\"320\" \/><\/a>Dr Tam\u00e1s<\/strong> <strong>Szent-Iv\u00e1nyi <\/strong>was born in Szentiv\u00e1nlaborfalva, H\u00e1romsz\u00e9k County on 2 November, 1920 and passed away in Budapest in 1991. Having graduated from Kolozsv\u00e1r\u2019s Agricultural Academy, he attained his veterinarian degree at our university in 1946. After graduation, he worked at the University\u2019s Animal Husbandry Department, at Dr L\u00e1szl\u00f3 Benedek\u2019s Institute for Serum Production and Phylaxia State Institute for Vaccine Production. Invited by Professor Rezs\u0151 Manninger, he joined the Department of Infectious Diseases in 1950, where he worked as an associate professor, senior research fellow and a full professor until his retirement in 1985. He was the head of the department from 1976 to 1985. The Hungarian Academy of Sciences admitted him as a corresponding member in 1973 and a full member in 1979. Working as the deputy head of the animal health department of the UN\u2019s Food and Agriculture Organization, he was a special advisor on infectious diseases. His extensive international experience was greatly utilized in education later on. His research covered a wide array of bacterial and viral diseases.<\/p> <p>The Hungarian veterinary community cherishes the memory of Dr Tam\u00e1s Szent-Iv\u00e1nyi. His former students remember him as the outstanding, well-prepared and demanding professor, his fellow practising veterinarians recall the helpful diagnostics expert and the regular presenter of regional further education seminars, the younger generations note the creative textbook author while his colleagues remember the accurate researcher, the straightforward co-worker and head of department. His well-structured lectures were characterized by his deep professional knowledge and personal experience as well as his insight into human sciences, literature, history, geography, ethnography and music. Dr Tam\u00e1s Szent-Iv\u00e1nyi was a role model for his human values as well. Enduring the trials and tribulations of historic times, he overcame all difficulties by a constant expansion of his knowledge, lifelong learning and intensive work. He demonstrated that the only life worth living is through honest respect for universal human values. Despite his outstanding knowledge and wide recognition both in Hungary and abroad, he always remained humble and approachable.<\/p>","protected":false},"excerpt":{"rendered":"<p>Dr Tam\u00e1s Szent-Iv\u00e1nyi was born in Szentiv\u00e1nlaborfalva, H\u00e1romsz\u00e9k County on 2 November, 1920 and passed away in Budapest in 1991. Having graduated from Kolozsv\u00e1r\u2019s Agricultural Academy, he attained his veterinarian degree at our university in 1946. After graduation, he worked at the University\u2019s Animal Husbandry Department, at Dr L\u00e1szl\u00f3 Benedek\u2019s Institute for Serum Production and<\/p>\n","protected":false},"author":4844,"featured_media":0,"parent":0,"menu_order":7,"comment_status":"closed","ping_status":"closed","template":"","meta":{"_acf_changed":false,"footnotes":""},"categories":[],"tags":[],"class_list":["post-55837","page","type-page","status-publish","hentry"],"acf":[],"yoast_head":"<!-- This site is optimized with the Yoast SEO plugin v27.2 - https:\/\/yoast.com\/product\/yoast-seo-wordpress\/ -->\n<title>Dr Tam\u00e1s Szent-Iv\u00e1nyi (1920 - 1991) - Our renowned veterinarians<\/title>\n<meta name=\"robots\" content=\"index, follow, max-snippet:-1, max-image-preview:large, max-video-preview:-1\" \/>\n<link rel=\"canonical\" href=\"https:\/\/univet.hu\/pantheon\/en\/dr-tamas-szent-ivanyi-1920-1991-2\/\" \/>\n<meta property=\"og:locale\" content=\"en_US\" \/>\n<meta property=\"og:type\" content=\"article\" \/>\n<meta property=\"og:title\" content=\"Dr Tam\u00e1s Szent-Iv\u00e1nyi (1920 - 1991) - Our renowned veterinarians\" \/>\n<meta property=\"og:description\" content=\"Dr Tam\u00e1s Szent-Iv\u00e1nyi was born in Szentiv\u00e1nlaborfalva, H\u00e1romsz\u00e9k County on 2 November, 1920 and passed away in Budapest in 1991. Having graduated from Kolozsv\u00e1r\u2019s Agricultural Academy, he attained his veterinarian degree at our university in 1946. After graduation, he worked at the University\u2019s Animal Husbandry Department, at Dr L\u00e1szl\u00f3 Benedek\u2019s Institute for Serum Production and\" \/>\n<meta property=\"og:url\" content=\"https:\/\/univet.hu\/pantheon\/en\/dr-tamas-szent-ivanyi-1920-1991-2\/\" \/>\n<meta property=\"og:site_name\" content=\"Our renowned veterinarians\" \/>\n<meta property=\"article:modified_time\" content=\"2025-01-10T19:26:27+00:00\" \/>\n<meta property=\"og:image\" content=\"https:\/\/univet.hu\/pantheon\/wp-content\/uploads\/sites\/3\/2020\/02\/szentivanyi-300x320.jpg\" \/>\n<meta name=\"twitter:card\" content=\"summary_large_image\" \/>\n<meta name=\"twitter:label1\" content=\"Est. reading time\" \/>\n\t<meta name=\"twitter:data1\" content=\"2 minutes\" \/>\n<script type=\"application\/ld+json\" class=\"yoast-schema-graph\">{\"@context\":\"https:\/\/schema.org\",\"@graph\":[{\"@type\":\"WebPage\",\"@id\":\"https:\/\/univet.hu\/pantheon\/en\/dr-tamas-szent-ivanyi-1920-1991-2\/\",\"url\":\"https:\/\/univet.hu\/pantheon\/en\/dr-tamas-szent-ivanyi-1920-1991-2\/\",\"name\":\"Dr Tam\u00e1s Szent-Iv\u00e1nyi (1920 - 1991) - Our renowned veterinarians\",\"isPartOf\":{\"@id\":\"https:\/\/univet.hu\/pantheon\/de\/#website\"},\"primaryImageOfPage\":{\"@id\":\"https:\/\/univet.hu\/pantheon\/en\/dr-tamas-szent-ivanyi-1920-1991-2\/#primaryimage\"},\"image\":{\"@id\":\"https:\/\/univet.hu\/pantheon\/en\/dr-tamas-szent-ivanyi-1920-1991-2\/#primaryimage\"},\"thumbnailUrl\":\"https:\/\/univet.hu\/pantheon\/wp-content\/uploads\/sites\/3\/2020\/02\/szentivanyi-300x320.jpg\",\"datePublished\":\"2020-06-04T08:34:56+00:00\",\"dateModified\":\"2025-01-10T19:26:27+00:00\",\"breadcrumb\":{\"@id\":\"https:\/\/univet.hu\/pantheon\/en\/dr-tamas-szent-ivanyi-1920-1991-2\/#breadcrumb\"},\"inLanguage\":\"en-US\",\"potentialAction\":[{\"@type\":\"ReadAction\",\"target\":[\"https:\/\/univet.hu\/pantheon\/en\/dr-tamas-szent-ivanyi-1920-1991-2\/\"]}]},{\"@type\":\"ImageObject\",\"inLanguage\":\"en-US\",\"@id\":\"https:\/\/univet.hu\/pantheon\/en\/dr-tamas-szent-ivanyi-1920-1991-2\/#primaryimage\",\"url\":\"https:\/\/univet.hu\/pantheon\/wp-content\/uploads\/sites\/3\/2020\/02\/szentivanyi-300x320.jpg\",\"contentUrl\":\"https:\/\/univet.hu\/pantheon\/wp-content\/uploads\/sites\/3\/2020\/02\/szentivanyi-300x320.jpg\"},{\"@type\":\"BreadcrumbList\",\"@id\":\"https:\/\/univet.hu\/pantheon\/en\/dr-tamas-szent-ivanyi-1920-1991-2\/#breadcrumb\",\"itemListElement\":[{\"@type\":\"ListItem\",\"position\":1,\"name\":\"Kezd\u0151lap\",\"item\":\"https:\/\/univet.hu\/pantheon\/en\/\"},{\"@type\":\"ListItem\",\"position\":2,\"name\":\"Dr Tam\u00e1s Szent-Iv\u00e1nyi (1920 &#8211; 1991)\"}]},{\"@type\":\"WebSite\",\"@id\":\"https:\/\/univet.hu\/pantheon\/de\/#website\",\"url\":\"https:\/\/univet.hu\/pantheon\/de\/\",\"name\":\"Our renowned veterinarians\",\"description\":\"\",\"potentialAction\":[{\"@type\":\"SearchAction\",\"target\":{\"@type\":\"EntryPoint\",\"urlTemplate\":\"https:\/\/univet.hu\/pantheon\/de\/?s={search_term_string}\"},\"query-input\":{\"@type\":\"PropertyValueSpecification\",\"valueRequired\":true,\"valueName\":\"search_term_string\"}}],\"inLanguage\":\"en-US\"}]}<\/script>\n<!-- \/ Yoast SEO plugin. -->","yoast_head_json":{"title":"Dr Tam\u00e1s Szent-Iv\u00e1nyi (1920 - 1991) - Our renowned veterinarians","robots":{"index":"index","follow":"follow","max-snippet":"max-snippet:-1","max-image-preview":"max-image-preview:large","max-video-preview":"max-video-preview:-1"},"canonical":"https:\/\/univet.hu\/pantheon\/en\/dr-tamas-szent-ivanyi-1920-1991-2\/","og_locale":"en_US","og_type":"article","og_title":"Dr Tam\u00e1s Szent-Iv\u00e1nyi (1920 - 1991) - Our renowned veterinarians","og_description":"Dr Tam\u00e1s Szent-Iv\u00e1nyi was born in Szentiv\u00e1nlaborfalva, H\u00e1romsz\u00e9k County on 2 November, 1920 and passed away in Budapest in 1991. Having graduated from Kolozsv\u00e1r\u2019s Agricultural Academy, he attained his veterinarian degree at our university in 1946. After graduation, he worked at the University\u2019s Animal Husbandry Department, at Dr L\u00e1szl\u00f3 Benedek\u2019s Institute for Serum Production and","og_url":"https:\/\/univet.hu\/pantheon\/en\/dr-tamas-szent-ivanyi-1920-1991-2\/","og_site_name":"Our renowned veterinarians","article_modified_time":"2025-01-10T19:26:27+00:00","og_image":[{"url":"https:\/\/univet.hu\/pantheon\/wp-content\/uploads\/sites\/3\/2020\/02\/szentivanyi-300x320.jpg","type":"","width":"","height":""}],"twitter_card":"summary_large_image","twitter_misc":{"Est. reading time":"2 minutes"},"schema":{"@context":"https:\/\/schema.org","@graph":[{"@type":"WebPage","@id":"https:\/\/univet.hu\/pantheon\/en\/dr-tamas-szent-ivanyi-1920-1991-2\/","url":"https:\/\/univet.hu\/pantheon\/en\/dr-tamas-szent-ivanyi-1920-1991-2\/","name":"Dr Tam\u00e1s Szent-Iv\u00e1nyi (1920 - 1991) - Our renowned veterinarians","isPartOf":{"@id":"https:\/\/univet.hu\/pantheon\/de\/#website"},"primaryImageOfPage":{"@id":"https:\/\/univet.hu\/pantheon\/en\/dr-tamas-szent-ivanyi-1920-1991-2\/#primaryimage"},"image":{"@id":"https:\/\/univet.hu\/pantheon\/en\/dr-tamas-szent-ivanyi-1920-1991-2\/#primaryimage"},"thumbnailUrl":"https:\/\/univet.hu\/pantheon\/wp-content\/uploads\/sites\/3\/2020\/02\/szentivanyi-300x320.jpg","datePublished":"2020-06-04T08:34:56+00:00","dateModified":"2025-01-10T19:26:27+00:00","breadcrumb":{"@id":"https:\/\/univet.hu\/pantheon\/en\/dr-tamas-szent-ivanyi-1920-1991-2\/#breadcrumb"},"inLanguage":"en-US","potentialAction":[{"@type":"ReadAction","target":["https:\/\/univet.hu\/pantheon\/en\/dr-tamas-szent-ivanyi-1920-1991-2\/"]}]},{"@type":"ImageObject","inLanguage":"en-US","@id":"https:\/\/univet.hu\/pantheon\/en\/dr-tamas-szent-ivanyi-1920-1991-2\/#primaryimage","url":"https:\/\/univet.hu\/pantheon\/wp-content\/uploads\/sites\/3\/2020\/02\/szentivanyi-300x320.jpg","contentUrl":"https:\/\/univet.hu\/pantheon\/wp-content\/uploads\/sites\/3\/2020\/02\/szentivanyi-300x320.jpg"},{"@type":"BreadcrumbList","@id":"https:\/\/univet.hu\/pantheon\/en\/dr-tamas-szent-ivanyi-1920-1991-2\/#breadcrumb","itemListElement":[{"@type":"ListItem","position":1,"name":"Kezd\u0151lap","item":"https:\/\/univet.hu\/pantheon\/en\/"},{"@type":"ListItem","position":2,"name":"Dr Tam\u00e1s Szent-Iv\u00e1nyi (1920 &#8211; 1991)"}]},{"@type":"WebSite","@id":"https:\/\/univet.hu\/pantheon\/de\/#website","url":"https:\/\/univet.hu\/pantheon\/de\/","name":"Our renowned veterinarians","description":"","potentialAction":[{"@type":"SearchAction","target":{"@type":"EntryPoint","urlTemplate":"https:\/\/univet.hu\/pantheon\/de\/?s={search_term_string}"},"query-input":{"@type":"PropertyValueSpecification","valueRequired":true,"valueName":"search_term_string"}}],"inLanguage":"en-US"}]}},"_links":{"self":[{"href":"https:\/\/univet.hu\/pantheon\/en\/wp-json\/wp\/v2\/pages\/55837","targetHints":{"allow":["GET"]}}],"collection":[{"href":"https:\/\/univet.hu\/pantheon\/en\/wp-json\/wp\/v2\/pages"}],"about":[{"href":"https:\/\/univet.hu\/pantheon\/en\/wp-json\/wp\/v2\/types\/page"}],"author":[{"embeddable":true,"href":"https:\/\/univet.hu\/pantheon\/en\/wp-json\/wp\/v2\/users\/4844"}],"replies":[{"embeddable":true,"href":"https:\/\/univet.hu\/pantheon\/en\/wp-json\/wp\/v2\/comments?post=55837"}],"version-history":[{"count":1,"href":"https:\/\/univet.hu\/pantheon\/en\/wp-json\/wp\/v2\/pages\/55837\/revisions"}],"predecessor-version":[{"id":103537,"href":"https:\/\/univet.hu\/pantheon\/en\/wp-json\/wp\/v2\/pages\/55837\/revisions\/103537"}],"wp:attachment":[{"href":"https:\/\/univet.hu\/pantheon\/en\/wp-json\/wp\/v2\/media?parent=55837"}],"wp:term":[{"taxonomy":"category","embeddable":true,"href":"https:\/\/univet.hu\/pantheon\/en\/wp-json\/wp\/v2\/categories?post=55837"},{"taxonomy":"post_tag","embeddable":true,"href":"https:\/\/univet.hu\/pantheon\/en\/wp-json\/wp\/v2\/tags?post=55837"}],"curies":[{"name":"wp","href":"https:\/\/api.w.org\/{rel}","templated":true}]}}