{"id":37290,"date":"2019-04-01T12:02:34","date_gmt":"2019-04-01T10:02:34","guid":{"rendered":"https:\/\/univet.hu\/?page_id=37290"},"modified":"2025-01-10T20:26:29","modified_gmt":"2025-01-10T19:26:29","slug":"azary-akos-1850-1888","status":"publish","type":"page","link":"https:\/\/univet.hu\/pantheon\/azary-akos-1850-1888\/","title":{"rendered":"Azary \u00c1kos (1850 \u2013 1888)"},"content":{"rendered":"<p>A belgy\u00f3gy\u00e1szat, a j\u00e1rv\u00e1nytan, valamint az \u00e1llatorvosi rend\u00e9szet \u00e9s a h\u00fasszemle tan\u00e1ra.<\/p> <p>Els\u0151k\u00e9nt alkalmazta a modern belgy\u00f3gy\u00e1szati vizsg\u00e1l\u00f3 m\u00f3dszereket, a szarub\u00f3l k\u00e9sz\u00fclt plesszim\u00e9ter vagy az \u00f6nmag\u00e1t r\u00f6gz\u00edt\u0151 l\u00e9gcs\u0151tubus ma is az \u0150 nev\u00e9t viselik.<\/p> <p>Lelkes h\u00edve a bakteriol\u00f3gi\u00e1nak, kitart\u00f3an k\u00fczd\u00f6tt a l\u00e9pfene \u00e9s a sert\u00e9sorb\u00e1nc elleni v\u00e9d\u0151olt\u00e1sok hazai meghonos\u00edt\u00e1s\u00e1\u00e9rt.<\/p>","protected":false},"excerpt":{"rendered":"<p>A belgy\u00f3gy\u00e1szat, a j\u00e1rv\u00e1nytan, valamint az \u00e1llatorvosi rend\u00e9szet \u00e9s a h\u00fasszemle tan\u00e1ra. Els\u0151k\u00e9nt alkalmazta a modern belgy\u00f3gy\u00e1szati vizsg\u00e1l\u00f3 m\u00f3dszereket, a szarub\u00f3l k\u00e9sz\u00fclt plesszim\u00e9ter vagy az \u00f6nmag\u00e1t r\u00f6gz\u00edt\u0151 l\u00e9gcs\u0151tubus ma is az \u0150 nev\u00e9t viselik. Lelkes h\u00edve a bakteriol\u00f3gi\u00e1nak, kitart\u00f3an k\u00fczd\u00f6tt a l\u00e9pfene \u00e9s a sert\u00e9sorb\u00e1nc elleni v\u00e9d\u0151olt\u00e1sok hazai meghonos\u00edt\u00e1s\u00e1\u00e9rt.<\/p>\n","protected":false},"author":4844,"featured_media":0,"parent":0,"menu_order":35,"comment_status":"closed","ping_status":"closed","template":"","meta":{"_acf_changed":false,"footnotes":""},"categories":[],"tags":[],"class_list":["post-37290","page","type-page","status-publish","hentry"],"acf":[],"yoast_head":"<!-- This site is optimized with the Yoast SEO plugin v27.2 - https:\/\/yoast.com\/product\/yoast-seo-wordpress\/ -->\n<title>Azary \u00c1kos (1850 \u2013 1888) - Neves \u00e1llatorvosaink<\/title>\n<meta name=\"robots\" content=\"index, follow, max-snippet:-1, max-image-preview:large, max-video-preview:-1\" \/>\n<link rel=\"canonical\" href=\"https:\/\/univet.hu\/pantheon\/azary-akos-1850-1888\/\" \/>\n<meta property=\"og:locale\" content=\"hu_HU\" \/>\n<meta property=\"og:type\" content=\"article\" \/>\n<meta property=\"og:title\" content=\"Azary \u00c1kos (1850 \u2013 1888) - Neves \u00e1llatorvosaink\" \/>\n<meta property=\"og:description\" content=\"A belgy\u00f3gy\u00e1szat, a j\u00e1rv\u00e1nytan, valamint az \u00e1llatorvosi rend\u00e9szet \u00e9s a h\u00fasszemle tan\u00e1ra. Els\u0151k\u00e9nt alkalmazta a modern belgy\u00f3gy\u00e1szati vizsg\u00e1l\u00f3 m\u00f3dszereket, a szarub\u00f3l k\u00e9sz\u00fclt plesszim\u00e9ter vagy az \u00f6nmag\u00e1t r\u00f6gz\u00edt\u0151 l\u00e9gcs\u0151tubus ma is az \u0150 nev\u00e9t viselik. Lelkes h\u00edve a bakteriol\u00f3gi\u00e1nak, kitart\u00f3an k\u00fczd\u00f6tt a l\u00e9pfene \u00e9s a sert\u00e9sorb\u00e1nc elleni v\u00e9d\u0151olt\u00e1sok hazai meghonos\u00edt\u00e1s\u00e1\u00e9rt.\" \/>\n<meta property=\"og:url\" content=\"https:\/\/univet.hu\/pantheon\/azary-akos-1850-1888\/\" \/>\n<meta property=\"og:site_name\" content=\"Neves \u00e1llatorvosaink\" \/>\n<meta property=\"article:modified_time\" content=\"2025-01-10T19:26:29+00:00\" \/>\n<meta name=\"twitter:card\" content=\"summary_large_image\" \/>\n<script type=\"application\/ld+json\" class=\"yoast-schema-graph\">{\"@context\":\"https:\/\/schema.org\",\"@graph\":[{\"@type\":\"WebPage\",\"@id\":\"https:\/\/univet.hu\/pantheon\/azary-akos-1850-1888\/\",\"url\":\"https:\/\/univet.hu\/pantheon\/azary-akos-1850-1888\/\",\"name\":\"Azary \u00c1kos (1850 \u2013 1888) - Neves \u00e1llatorvosaink\",\"isPartOf\":{\"@id\":\"https:\/\/univet.hu\/pantheon\/de\/#website\"},\"datePublished\":\"2019-04-01T10:02:34+00:00\",\"dateModified\":\"2025-01-10T19:26:29+00:00\",\"breadcrumb\":{\"@id\":\"https:\/\/univet.hu\/pantheon\/azary-akos-1850-1888\/#breadcrumb\"},\"inLanguage\":\"hu\",\"potentialAction\":[{\"@type\":\"ReadAction\",\"target\":[\"https:\/\/univet.hu\/pantheon\/azary-akos-1850-1888\/\"]}]},{\"@type\":\"BreadcrumbList\",\"@id\":\"https:\/\/univet.hu\/pantheon\/azary-akos-1850-1888\/#breadcrumb\",\"itemListElement\":[{\"@type\":\"ListItem\",\"position\":1,\"name\":\"Kezd\u0151lap\",\"item\":\"https:\/\/univet.hu\/pantheon\/\"},{\"@type\":\"ListItem\",\"position\":2,\"name\":\"Azary \u00c1kos (1850 \u2013 1888)\"}]},{\"@type\":\"WebSite\",\"@id\":\"https:\/\/univet.hu\/pantheon\/de\/#website\",\"url\":\"https:\/\/univet.hu\/pantheon\/de\/\",\"name\":\"Our renowned veterinarians\",\"description\":\"\",\"potentialAction\":[{\"@type\":\"SearchAction\",\"target\":{\"@type\":\"EntryPoint\",\"urlTemplate\":\"https:\/\/univet.hu\/pantheon\/de\/?s={search_term_string}\"},\"query-input\":{\"@type\":\"PropertyValueSpecification\",\"valueRequired\":true,\"valueName\":\"search_term_string\"}}],\"inLanguage\":\"hu\"}]}<\/script>\n<!-- \/ Yoast SEO plugin. -->","yoast_head_json":{"title":"Azary \u00c1kos (1850 \u2013 1888) - Neves \u00e1llatorvosaink","robots":{"index":"index","follow":"follow","max-snippet":"max-snippet:-1","max-image-preview":"max-image-preview:large","max-video-preview":"max-video-preview:-1"},"canonical":"https:\/\/univet.hu\/pantheon\/azary-akos-1850-1888\/","og_locale":"hu_HU","og_type":"article","og_title":"Azary \u00c1kos (1850 \u2013 1888) - Neves \u00e1llatorvosaink","og_description":"A belgy\u00f3gy\u00e1szat, a j\u00e1rv\u00e1nytan, valamint az \u00e1llatorvosi rend\u00e9szet \u00e9s a h\u00fasszemle tan\u00e1ra. Els\u0151k\u00e9nt alkalmazta a modern belgy\u00f3gy\u00e1szati vizsg\u00e1l\u00f3 m\u00f3dszereket, a szarub\u00f3l k\u00e9sz\u00fclt plesszim\u00e9ter vagy az \u00f6nmag\u00e1t r\u00f6gz\u00edt\u0151 l\u00e9gcs\u0151tubus ma is az \u0150 nev\u00e9t viselik. Lelkes h\u00edve a bakteriol\u00f3gi\u00e1nak, kitart\u00f3an k\u00fczd\u00f6tt a l\u00e9pfene \u00e9s a sert\u00e9sorb\u00e1nc elleni v\u00e9d\u0151olt\u00e1sok hazai meghonos\u00edt\u00e1s\u00e1\u00e9rt.","og_url":"https:\/\/univet.hu\/pantheon\/azary-akos-1850-1888\/","og_site_name":"Neves \u00e1llatorvosaink","article_modified_time":"2025-01-10T19:26:29+00:00","twitter_card":"summary_large_image","schema":{"@context":"https:\/\/schema.org","@graph":[{"@type":"WebPage","@id":"https:\/\/univet.hu\/pantheon\/azary-akos-1850-1888\/","url":"https:\/\/univet.hu\/pantheon\/azary-akos-1850-1888\/","name":"Azary \u00c1kos (1850 \u2013 1888) - Neves \u00e1llatorvosaink","isPartOf":{"@id":"https:\/\/univet.hu\/pantheon\/de\/#website"},"datePublished":"2019-04-01T10:02:34+00:00","dateModified":"2025-01-10T19:26:29+00:00","breadcrumb":{"@id":"https:\/\/univet.hu\/pantheon\/azary-akos-1850-1888\/#breadcrumb"},"inLanguage":"hu","potentialAction":[{"@type":"ReadAction","target":["https:\/\/univet.hu\/pantheon\/azary-akos-1850-1888\/"]}]},{"@type":"BreadcrumbList","@id":"https:\/\/univet.hu\/pantheon\/azary-akos-1850-1888\/#breadcrumb","itemListElement":[{"@type":"ListItem","position":1,"name":"Kezd\u0151lap","item":"https:\/\/univet.hu\/pantheon\/"},{"@type":"ListItem","position":2,"name":"Azary \u00c1kos (1850 \u2013 1888)"}]},{"@type":"WebSite","@id":"https:\/\/univet.hu\/pantheon\/de\/#website","url":"https:\/\/univet.hu\/pantheon\/de\/","name":"Our renowned veterinarians","description":"","potentialAction":[{"@type":"SearchAction","target":{"@type":"EntryPoint","urlTemplate":"https:\/\/univet.hu\/pantheon\/de\/?s={search_term_string}"},"query-input":{"@type":"PropertyValueSpecification","valueRequired":true,"valueName":"search_term_string"}}],"inLanguage":"hu"}]}},"_links":{"self":[{"href":"https:\/\/univet.hu\/pantheon\/wp-json\/wp\/v2\/pages\/37290","targetHints":{"allow":["GET"]}}],"collection":[{"href":"https:\/\/univet.hu\/pantheon\/wp-json\/wp\/v2\/pages"}],"about":[{"href":"https:\/\/univet.hu\/pantheon\/wp-json\/wp\/v2\/types\/page"}],"author":[{"embeddable":true,"href":"https:\/\/univet.hu\/pantheon\/wp-json\/wp\/v2\/users\/4844"}],"replies":[{"embeddable":true,"href":"https:\/\/univet.hu\/pantheon\/wp-json\/wp\/v2\/comments?post=37290"}],"version-history":[{"count":1,"href":"https:\/\/univet.hu\/pantheon\/wp-json\/wp\/v2\/pages\/37290\/revisions"}],"predecessor-version":[{"id":103549,"href":"https:\/\/univet.hu\/pantheon\/wp-json\/wp\/v2\/pages\/37290\/revisions\/103549"}],"wp:attachment":[{"href":"https:\/\/univet.hu\/pantheon\/wp-json\/wp\/v2\/media?parent=37290"}],"wp:term":[{"taxonomy":"category","embeddable":true,"href":"https:\/\/univet.hu\/pantheon\/wp-json\/wp\/v2\/categories?post=37290"},{"taxonomy":"post_tag","embeddable":true,"href":"https:\/\/univet.hu\/pantheon\/wp-json\/wp\/v2\/tags?post=37290"}],"curies":[{"name":"wp","href":"https:\/\/api.w.org\/{rel}","templated":true}]}}