{"id":37300,"date":"2019-04-01T12:12:08","date_gmt":"2019-04-01T10:12:08","guid":{"rendered":"https:\/\/univet.hu\/?page_id=37300"},"modified":"2025-01-10T20:26:32","modified_gmt":"2025-01-10T19:26:32","slug":"kovacs-ferenc-1921-2015","status":"publish","type":"page","link":"https:\/\/univet.hu\/pantheon\/kovacs-ferenc-1921-2015\/","title":{"rendered":"Kov\u00e1cs Ferenc (1921 &#8211; 2015)"},"content":{"rendered":"<p>Az \u00e1llathigi\u00e9nia megteremt\u0151je \u00e9s tan\u00e1ra.<\/p> <p>\u00datt\u00f6r\u0151 szerepet j\u00e1tszott a nagy\u00fczemi \u00e1llatteny\u00e9szt\u00e9s t\u00e9rh\u00f3d\u00edt\u00e1s\u00e1val egy\u00fctt jelentkez\u0151 betegs\u00e9gek elleni k\u00fczdelemben, valamint a tart\u00e1si \u00e9s takarm\u00e1nyoz\u00e1si hib\u00e1kb\u00f3l ered\u0151 k\u00f3rform\u00e1k felt\u00e1r\u00e1s\u00e1ban.<\/p> <p>T\u00f6bb cikluson kereszt\u00fcl az \u00c1llatorvostudom\u00e1nyi Egyetem rektora, a szak\u00e1llatorvos-k\u00e9pz\u00e9s megalap\u00edt\u00f3ja. A Magyar Tudom\u00e1nyos Akad\u00e9mia rendes tagja, az Agr\u00e1rtudom\u00e1nyi Oszt\u00e1ly eln\u00f6ke.<\/p>","protected":false},"excerpt":{"rendered":"<p>Az \u00e1llathigi\u00e9nia megteremt\u0151je \u00e9s tan\u00e1ra. \u00datt\u00f6r\u0151 szerepet j\u00e1tszott a nagy\u00fczemi \u00e1llatteny\u00e9szt\u00e9s t\u00e9rh\u00f3d\u00edt\u00e1s\u00e1val egy\u00fctt jelentkez\u0151 betegs\u00e9gek elleni k\u00fczdelemben, valamint a tart\u00e1si \u00e9s takarm\u00e1nyoz\u00e1si hib\u00e1kb\u00f3l ered\u0151 k\u00f3rform\u00e1k felt\u00e1r\u00e1s\u00e1ban. T\u00f6bb cikluson kereszt\u00fcl az \u00c1llatorvostudom\u00e1nyi Egyetem rektora, a szak\u00e1llatorvos-k\u00e9pz\u00e9s megalap\u00edt\u00f3ja. A Magyar Tudom\u00e1nyos Akad\u00e9mia rendes tagja, az Agr\u00e1rtudom\u00e1nyi Oszt\u00e1ly eln\u00f6ke.<\/p>\n","protected":false},"author":4844,"featured_media":0,"parent":0,"menu_order":35,"comment_status":"closed","ping_status":"closed","template":"","meta":{"_acf_changed":false,"footnotes":""},"categories":[],"tags":[],"class_list":["post-37300","page","type-page","status-publish","hentry"],"acf":[],"yoast_head":"<!-- This site is optimized with the Yoast SEO plugin v27.2 - https:\/\/yoast.com\/product\/yoast-seo-wordpress\/ -->\n<title>Kov\u00e1cs Ferenc (1921 - 2015) - Neves \u00e1llatorvosaink<\/title>\n<meta name=\"robots\" content=\"index, follow, max-snippet:-1, max-image-preview:large, max-video-preview:-1\" \/>\n<link rel=\"canonical\" href=\"https:\/\/univet.hu\/pantheon\/kovacs-ferenc-1921-2015\/\" \/>\n<meta property=\"og:locale\" content=\"hu_HU\" \/>\n<meta property=\"og:type\" content=\"article\" \/>\n<meta property=\"og:title\" content=\"Kov\u00e1cs Ferenc (1921 - 2015) - Neves \u00e1llatorvosaink\" \/>\n<meta property=\"og:description\" content=\"Az \u00e1llathigi\u00e9nia megteremt\u0151je \u00e9s tan\u00e1ra. \u00datt\u00f6r\u0151 szerepet j\u00e1tszott a nagy\u00fczemi \u00e1llatteny\u00e9szt\u00e9s t\u00e9rh\u00f3d\u00edt\u00e1s\u00e1val egy\u00fctt jelentkez\u0151 betegs\u00e9gek elleni k\u00fczdelemben, valamint a tart\u00e1si \u00e9s takarm\u00e1nyoz\u00e1si hib\u00e1kb\u00f3l ered\u0151 k\u00f3rform\u00e1k felt\u00e1r\u00e1s\u00e1ban. T\u00f6bb cikluson kereszt\u00fcl az \u00c1llatorvostudom\u00e1nyi Egyetem rektora, a szak\u00e1llatorvos-k\u00e9pz\u00e9s megalap\u00edt\u00f3ja. A Magyar Tudom\u00e1nyos Akad\u00e9mia rendes tagja, az Agr\u00e1rtudom\u00e1nyi Oszt\u00e1ly eln\u00f6ke.\" \/>\n<meta property=\"og:url\" content=\"https:\/\/univet.hu\/pantheon\/kovacs-ferenc-1921-2015\/\" \/>\n<meta property=\"og:site_name\" content=\"Neves \u00e1llatorvosaink\" \/>\n<meta property=\"article:modified_time\" content=\"2025-01-10T19:26:32+00:00\" \/>\n<meta name=\"twitter:card\" content=\"summary_large_image\" \/>\n<script type=\"application\/ld+json\" class=\"yoast-schema-graph\">{\"@context\":\"https:\/\/schema.org\",\"@graph\":[{\"@type\":\"WebPage\",\"@id\":\"https:\/\/univet.hu\/pantheon\/kovacs-ferenc-1921-2015\/\",\"url\":\"https:\/\/univet.hu\/pantheon\/kovacs-ferenc-1921-2015\/\",\"name\":\"Kov\u00e1cs Ferenc (1921 - 2015) - Neves \u00e1llatorvosaink\",\"isPartOf\":{\"@id\":\"https:\/\/univet.hu\/pantheon\/de\/#website\"},\"datePublished\":\"2019-04-01T10:12:08+00:00\",\"dateModified\":\"2025-01-10T19:26:32+00:00\",\"breadcrumb\":{\"@id\":\"https:\/\/univet.hu\/pantheon\/kovacs-ferenc-1921-2015\/#breadcrumb\"},\"inLanguage\":\"hu\",\"potentialAction\":[{\"@type\":\"ReadAction\",\"target\":[\"https:\/\/univet.hu\/pantheon\/kovacs-ferenc-1921-2015\/\"]}]},{\"@type\":\"BreadcrumbList\",\"@id\":\"https:\/\/univet.hu\/pantheon\/kovacs-ferenc-1921-2015\/#breadcrumb\",\"itemListElement\":[{\"@type\":\"ListItem\",\"position\":1,\"name\":\"Kezd\u0151lap\",\"item\":\"https:\/\/univet.hu\/pantheon\/\"},{\"@type\":\"ListItem\",\"position\":2,\"name\":\"Kov\u00e1cs Ferenc (1921 &#8211; 2015)\"}]},{\"@type\":\"WebSite\",\"@id\":\"https:\/\/univet.hu\/pantheon\/de\/#website\",\"url\":\"https:\/\/univet.hu\/pantheon\/de\/\",\"name\":\"Our renowned veterinarians\",\"description\":\"\",\"potentialAction\":[{\"@type\":\"SearchAction\",\"target\":{\"@type\":\"EntryPoint\",\"urlTemplate\":\"https:\/\/univet.hu\/pantheon\/de\/?s={search_term_string}\"},\"query-input\":{\"@type\":\"PropertyValueSpecification\",\"valueRequired\":true,\"valueName\":\"search_term_string\"}}],\"inLanguage\":\"hu\"}]}<\/script>\n<!-- \/ Yoast SEO plugin. -->","yoast_head_json":{"title":"Kov\u00e1cs Ferenc (1921 - 2015) - Neves \u00e1llatorvosaink","robots":{"index":"index","follow":"follow","max-snippet":"max-snippet:-1","max-image-preview":"max-image-preview:large","max-video-preview":"max-video-preview:-1"},"canonical":"https:\/\/univet.hu\/pantheon\/kovacs-ferenc-1921-2015\/","og_locale":"hu_HU","og_type":"article","og_title":"Kov\u00e1cs Ferenc (1921 - 2015) - Neves \u00e1llatorvosaink","og_description":"Az \u00e1llathigi\u00e9nia megteremt\u0151je \u00e9s tan\u00e1ra. \u00datt\u00f6r\u0151 szerepet j\u00e1tszott a nagy\u00fczemi \u00e1llatteny\u00e9szt\u00e9s t\u00e9rh\u00f3d\u00edt\u00e1s\u00e1val egy\u00fctt jelentkez\u0151 betegs\u00e9gek elleni k\u00fczdelemben, valamint a tart\u00e1si \u00e9s takarm\u00e1nyoz\u00e1si hib\u00e1kb\u00f3l ered\u0151 k\u00f3rform\u00e1k felt\u00e1r\u00e1s\u00e1ban. T\u00f6bb cikluson kereszt\u00fcl az \u00c1llatorvostudom\u00e1nyi Egyetem rektora, a szak\u00e1llatorvos-k\u00e9pz\u00e9s megalap\u00edt\u00f3ja. A Magyar Tudom\u00e1nyos Akad\u00e9mia rendes tagja, az Agr\u00e1rtudom\u00e1nyi Oszt\u00e1ly eln\u00f6ke.","og_url":"https:\/\/univet.hu\/pantheon\/kovacs-ferenc-1921-2015\/","og_site_name":"Neves \u00e1llatorvosaink","article_modified_time":"2025-01-10T19:26:32+00:00","twitter_card":"summary_large_image","schema":{"@context":"https:\/\/schema.org","@graph":[{"@type":"WebPage","@id":"https:\/\/univet.hu\/pantheon\/kovacs-ferenc-1921-2015\/","url":"https:\/\/univet.hu\/pantheon\/kovacs-ferenc-1921-2015\/","name":"Kov\u00e1cs Ferenc (1921 - 2015) - Neves \u00e1llatorvosaink","isPartOf":{"@id":"https:\/\/univet.hu\/pantheon\/de\/#website"},"datePublished":"2019-04-01T10:12:08+00:00","dateModified":"2025-01-10T19:26:32+00:00","breadcrumb":{"@id":"https:\/\/univet.hu\/pantheon\/kovacs-ferenc-1921-2015\/#breadcrumb"},"inLanguage":"hu","potentialAction":[{"@type":"ReadAction","target":["https:\/\/univet.hu\/pantheon\/kovacs-ferenc-1921-2015\/"]}]},{"@type":"BreadcrumbList","@id":"https:\/\/univet.hu\/pantheon\/kovacs-ferenc-1921-2015\/#breadcrumb","itemListElement":[{"@type":"ListItem","position":1,"name":"Kezd\u0151lap","item":"https:\/\/univet.hu\/pantheon\/"},{"@type":"ListItem","position":2,"name":"Kov\u00e1cs Ferenc (1921 &#8211; 2015)"}]},{"@type":"WebSite","@id":"https:\/\/univet.hu\/pantheon\/de\/#website","url":"https:\/\/univet.hu\/pantheon\/de\/","name":"Our renowned veterinarians","description":"","potentialAction":[{"@type":"SearchAction","target":{"@type":"EntryPoint","urlTemplate":"https:\/\/univet.hu\/pantheon\/de\/?s={search_term_string}"},"query-input":{"@type":"PropertyValueSpecification","valueRequired":true,"valueName":"search_term_string"}}],"inLanguage":"hu"}]}},"_links":{"self":[{"href":"https:\/\/univet.hu\/pantheon\/wp-json\/wp\/v2\/pages\/37300","targetHints":{"allow":["GET"]}}],"collection":[{"href":"https:\/\/univet.hu\/pantheon\/wp-json\/wp\/v2\/pages"}],"about":[{"href":"https:\/\/univet.hu\/pantheon\/wp-json\/wp\/v2\/types\/page"}],"author":[{"embeddable":true,"href":"https:\/\/univet.hu\/pantheon\/wp-json\/wp\/v2\/users\/4844"}],"replies":[{"embeddable":true,"href":"https:\/\/univet.hu\/pantheon\/wp-json\/wp\/v2\/comments?post=37300"}],"version-history":[{"count":1,"href":"https:\/\/univet.hu\/pantheon\/wp-json\/wp\/v2\/pages\/37300\/revisions"}],"predecessor-version":[{"id":103581,"href":"https:\/\/univet.hu\/pantheon\/wp-json\/wp\/v2\/pages\/37300\/revisions\/103581"}],"wp:attachment":[{"href":"https:\/\/univet.hu\/pantheon\/wp-json\/wp\/v2\/media?parent=37300"}],"wp:term":[{"taxonomy":"category","embeddable":true,"href":"https:\/\/univet.hu\/pantheon\/wp-json\/wp\/v2\/categories?post=37300"},{"taxonomy":"post_tag","embeddable":true,"href":"https:\/\/univet.hu\/pantheon\/wp-json\/wp\/v2\/tags?post=37300"}],"curies":[{"name":"wp","href":"https:\/\/api.w.org\/{rel}","templated":true}]}}