{"id":37322,"date":"2019-04-01T13:40:04","date_gmt":"2019-04-01T11:40:04","guid":{"rendered":"https:\/\/univet.hu\/?page_id=37322"},"modified":"2025-01-10T20:26:35","modified_gmt":"2025-01-10T19:26:35","slug":"zimmermann-agoston-1875-1963","status":"publish","type":"page","link":"https:\/\/univet.hu\/pantheon\/zimmermann-agoston-1875-1963\/","title":{"rendered":"Zimmermann \u00c1goston (1875-1963)"},"content":{"rendered":"<p>Az anat\u00f3mia \u00e9s fejl\u0151d\u00e9stan tan\u00e1ra.<\/p> <p>Tudom\u00e1nyos tev\u00e9kenys\u00e9ge a le\u00edr\u00f3-, az \u00f6sszehasonl\u00edt\u00f3-, a funkcion\u00e1lis anat\u00f3mia, \u00e9s a fejl\u0151d\u00e9stan, valamint a sz\u00f6vettan szinte minden ter\u00fclet\u00e9re kiterjedt. Nemzetk\u00f6zileg is elismert k\u00f6nyveinek, publik\u00e1ci\u00f3inak sz\u00e1ma t\u00f6bb sz\u00e1zra tehet\u0151.<\/p> <p>K\u00fcl\u00f6nb\u00f6z\u0151 beoszt\u00e1sokban \u2013 prorektor, rektor, d\u00e9k\u00e1n, majd m\u0171egyetemi rektor \u2013 vett r\u00e9szt int\u00e9zm\u00e9ny\u00fcnk ir\u00e1ny\u00edt\u00e1s\u00e1ban. A Magyar Tudom\u00e1nyos Akad\u00e9mia rendes, majd tiszteletbeli tagja.<\/p>","protected":false},"excerpt":{"rendered":"<p>Az anat\u00f3mia \u00e9s fejl\u0151d\u00e9stan tan\u00e1ra. Tudom\u00e1nyos tev\u00e9kenys\u00e9ge a le\u00edr\u00f3-, az \u00f6sszehasonl\u00edt\u00f3-, a funkcion\u00e1lis anat\u00f3mia, \u00e9s a fejl\u0151d\u00e9stan, valamint a sz\u00f6vettan szinte minden ter\u00fclet\u00e9re kiterjedt. Nemzetk\u00f6zileg is elismert k\u00f6nyveinek, publik\u00e1ci\u00f3inak sz\u00e1ma t\u00f6bb sz\u00e1zra tehet\u0151. K\u00fcl\u00f6nb\u00f6z\u0151 beoszt\u00e1sokban \u2013 prorektor, rektor, d\u00e9k\u00e1n, majd m\u0171egyetemi rektor \u2013 vett r\u00e9szt int\u00e9zm\u00e9ny\u00fcnk ir\u00e1ny\u00edt\u00e1s\u00e1ban. A Magyar Tudom\u00e1nyos Akad\u00e9mia rendes, majd tiszteletbeli tagja.<\/p>\n","protected":false},"author":4844,"featured_media":0,"parent":0,"menu_order":35,"comment_status":"closed","ping_status":"closed","template":"","meta":{"_acf_changed":false,"footnotes":""},"categories":[],"tags":[],"class_list":["post-37322","page","type-page","status-publish","hentry"],"acf":[],"yoast_head":"<!-- This site is optimized with the Yoast SEO plugin v27.2 - https:\/\/yoast.com\/product\/yoast-seo-wordpress\/ -->\n<title>Zimmermann \u00c1goston (1875-1963) - Neves \u00e1llatorvosaink<\/title>\n<meta name=\"robots\" content=\"index, follow, max-snippet:-1, max-image-preview:large, max-video-preview:-1\" \/>\n<link rel=\"canonical\" href=\"https:\/\/univet.hu\/pantheon\/zimmermann-agoston-1875-1963\/\" \/>\n<meta property=\"og:locale\" content=\"hu_HU\" \/>\n<meta property=\"og:type\" content=\"article\" \/>\n<meta property=\"og:title\" content=\"Zimmermann \u00c1goston (1875-1963) - Neves \u00e1llatorvosaink\" \/>\n<meta property=\"og:description\" content=\"Az anat\u00f3mia \u00e9s fejl\u0151d\u00e9stan tan\u00e1ra. Tudom\u00e1nyos tev\u00e9kenys\u00e9ge a le\u00edr\u00f3-, az \u00f6sszehasonl\u00edt\u00f3-, a funkcion\u00e1lis anat\u00f3mia, \u00e9s a fejl\u0151d\u00e9stan, valamint a sz\u00f6vettan szinte minden ter\u00fclet\u00e9re kiterjedt. Nemzetk\u00f6zileg is elismert k\u00f6nyveinek, publik\u00e1ci\u00f3inak sz\u00e1ma t\u00f6bb sz\u00e1zra tehet\u0151. K\u00fcl\u00f6nb\u00f6z\u0151 beoszt\u00e1sokban \u2013 prorektor, rektor, d\u00e9k\u00e1n, majd m\u0171egyetemi rektor \u2013 vett r\u00e9szt int\u00e9zm\u00e9ny\u00fcnk ir\u00e1ny\u00edt\u00e1s\u00e1ban. A Magyar Tudom\u00e1nyos Akad\u00e9mia rendes, majd tiszteletbeli tagja.\" \/>\n<meta property=\"og:url\" content=\"https:\/\/univet.hu\/pantheon\/zimmermann-agoston-1875-1963\/\" \/>\n<meta property=\"og:site_name\" content=\"Neves \u00e1llatorvosaink\" \/>\n<meta property=\"article:modified_time\" content=\"2025-01-10T19:26:35+00:00\" \/>\n<meta name=\"twitter:card\" content=\"summary_large_image\" \/>\n<script type=\"application\/ld+json\" class=\"yoast-schema-graph\">{\"@context\":\"https:\/\/schema.org\",\"@graph\":[{\"@type\":\"WebPage\",\"@id\":\"https:\/\/univet.hu\/pantheon\/zimmermann-agoston-1875-1963\/\",\"url\":\"https:\/\/univet.hu\/pantheon\/zimmermann-agoston-1875-1963\/\",\"name\":\"Zimmermann \u00c1goston (1875-1963) - Neves \u00e1llatorvosaink\",\"isPartOf\":{\"@id\":\"https:\/\/univet.hu\/pantheon\/de\/#website\"},\"datePublished\":\"2019-04-01T11:40:04+00:00\",\"dateModified\":\"2025-01-10T19:26:35+00:00\",\"breadcrumb\":{\"@id\":\"https:\/\/univet.hu\/pantheon\/zimmermann-agoston-1875-1963\/#breadcrumb\"},\"inLanguage\":\"hu\",\"potentialAction\":[{\"@type\":\"ReadAction\",\"target\":[\"https:\/\/univet.hu\/pantheon\/zimmermann-agoston-1875-1963\/\"]}]},{\"@type\":\"BreadcrumbList\",\"@id\":\"https:\/\/univet.hu\/pantheon\/zimmermann-agoston-1875-1963\/#breadcrumb\",\"itemListElement\":[{\"@type\":\"ListItem\",\"position\":1,\"name\":\"Kezd\u0151lap\",\"item\":\"https:\/\/univet.hu\/pantheon\/\"},{\"@type\":\"ListItem\",\"position\":2,\"name\":\"Zimmermann \u00c1goston (1875-1963)\"}]},{\"@type\":\"WebSite\",\"@id\":\"https:\/\/univet.hu\/pantheon\/de\/#website\",\"url\":\"https:\/\/univet.hu\/pantheon\/de\/\",\"name\":\"Our renowned veterinarians\",\"description\":\"\",\"potentialAction\":[{\"@type\":\"SearchAction\",\"target\":{\"@type\":\"EntryPoint\",\"urlTemplate\":\"https:\/\/univet.hu\/pantheon\/de\/?s={search_term_string}\"},\"query-input\":{\"@type\":\"PropertyValueSpecification\",\"valueRequired\":true,\"valueName\":\"search_term_string\"}}],\"inLanguage\":\"hu\"}]}<\/script>\n<!-- \/ Yoast SEO plugin. -->","yoast_head_json":{"title":"Zimmermann \u00c1goston (1875-1963) - Neves \u00e1llatorvosaink","robots":{"index":"index","follow":"follow","max-snippet":"max-snippet:-1","max-image-preview":"max-image-preview:large","max-video-preview":"max-video-preview:-1"},"canonical":"https:\/\/univet.hu\/pantheon\/zimmermann-agoston-1875-1963\/","og_locale":"hu_HU","og_type":"article","og_title":"Zimmermann \u00c1goston (1875-1963) - Neves \u00e1llatorvosaink","og_description":"Az anat\u00f3mia \u00e9s fejl\u0151d\u00e9stan tan\u00e1ra. Tudom\u00e1nyos tev\u00e9kenys\u00e9ge a le\u00edr\u00f3-, az \u00f6sszehasonl\u00edt\u00f3-, a funkcion\u00e1lis anat\u00f3mia, \u00e9s a fejl\u0151d\u00e9stan, valamint a sz\u00f6vettan szinte minden ter\u00fclet\u00e9re kiterjedt. Nemzetk\u00f6zileg is elismert k\u00f6nyveinek, publik\u00e1ci\u00f3inak sz\u00e1ma t\u00f6bb sz\u00e1zra tehet\u0151. K\u00fcl\u00f6nb\u00f6z\u0151 beoszt\u00e1sokban \u2013 prorektor, rektor, d\u00e9k\u00e1n, majd m\u0171egyetemi rektor \u2013 vett r\u00e9szt int\u00e9zm\u00e9ny\u00fcnk ir\u00e1ny\u00edt\u00e1s\u00e1ban. A Magyar Tudom\u00e1nyos Akad\u00e9mia rendes, majd tiszteletbeli tagja.","og_url":"https:\/\/univet.hu\/pantheon\/zimmermann-agoston-1875-1963\/","og_site_name":"Neves \u00e1llatorvosaink","article_modified_time":"2025-01-10T19:26:35+00:00","twitter_card":"summary_large_image","schema":{"@context":"https:\/\/schema.org","@graph":[{"@type":"WebPage","@id":"https:\/\/univet.hu\/pantheon\/zimmermann-agoston-1875-1963\/","url":"https:\/\/univet.hu\/pantheon\/zimmermann-agoston-1875-1963\/","name":"Zimmermann \u00c1goston (1875-1963) - Neves \u00e1llatorvosaink","isPartOf":{"@id":"https:\/\/univet.hu\/pantheon\/de\/#website"},"datePublished":"2019-04-01T11:40:04+00:00","dateModified":"2025-01-10T19:26:35+00:00","breadcrumb":{"@id":"https:\/\/univet.hu\/pantheon\/zimmermann-agoston-1875-1963\/#breadcrumb"},"inLanguage":"hu","potentialAction":[{"@type":"ReadAction","target":["https:\/\/univet.hu\/pantheon\/zimmermann-agoston-1875-1963\/"]}]},{"@type":"BreadcrumbList","@id":"https:\/\/univet.hu\/pantheon\/zimmermann-agoston-1875-1963\/#breadcrumb","itemListElement":[{"@type":"ListItem","position":1,"name":"Kezd\u0151lap","item":"https:\/\/univet.hu\/pantheon\/"},{"@type":"ListItem","position":2,"name":"Zimmermann \u00c1goston (1875-1963)"}]},{"@type":"WebSite","@id":"https:\/\/univet.hu\/pantheon\/de\/#website","url":"https:\/\/univet.hu\/pantheon\/de\/","name":"Our renowned veterinarians","description":"","potentialAction":[{"@type":"SearchAction","target":{"@type":"EntryPoint","urlTemplate":"https:\/\/univet.hu\/pantheon\/de\/?s={search_term_string}"},"query-input":{"@type":"PropertyValueSpecification","valueRequired":true,"valueName":"search_term_string"}}],"inLanguage":"hu"}]}},"_links":{"self":[{"href":"https:\/\/univet.hu\/pantheon\/wp-json\/wp\/v2\/pages\/37322","targetHints":{"allow":["GET"]}}],"collection":[{"href":"https:\/\/univet.hu\/pantheon\/wp-json\/wp\/v2\/pages"}],"about":[{"href":"https:\/\/univet.hu\/pantheon\/wp-json\/wp\/v2\/types\/page"}],"author":[{"embeddable":true,"href":"https:\/\/univet.hu\/pantheon\/wp-json\/wp\/v2\/users\/4844"}],"replies":[{"embeddable":true,"href":"https:\/\/univet.hu\/pantheon\/wp-json\/wp\/v2\/comments?post=37322"}],"version-history":[{"count":1,"href":"https:\/\/univet.hu\/pantheon\/wp-json\/wp\/v2\/pages\/37322\/revisions"}],"predecessor-version":[{"id":103605,"href":"https:\/\/univet.hu\/pantheon\/wp-json\/wp\/v2\/pages\/37322\/revisions\/103605"}],"wp:attachment":[{"href":"https:\/\/univet.hu\/pantheon\/wp-json\/wp\/v2\/media?parent=37322"}],"wp:term":[{"taxonomy":"category","embeddable":true,"href":"https:\/\/univet.hu\/pantheon\/wp-json\/wp\/v2\/categories?post=37322"},{"taxonomy":"post_tag","embeddable":true,"href":"https:\/\/univet.hu\/pantheon\/wp-json\/wp\/v2\/tags?post=37322"}],"curies":[{"name":"wp","href":"https:\/\/api.w.org\/{rel}","templated":true}]}}