{"id":37328,"date":"2019-04-01T13:42:13","date_gmt":"2019-04-01T11:42:13","guid":{"rendered":"https:\/\/univet.hu\/?page_id=37328"},"modified":"2025-01-10T20:26:29","modified_gmt":"2025-01-10T19:26:29","slug":"bugarszky-istvan-1868-1941","status":"publish","type":"page","link":"https:\/\/univet.hu\/pantheon\/bugarszky-istvan-1868-1941\/","title":{"rendered":"Bugarszky Istv\u00e1n (1868-1941)"},"content":{"rendered":"<p>K\u00e9mikus, a vegytan tan\u00e1ra.<\/p> <p>A fizikai k\u00e9mia magyarorsz\u00e1gi \u00fatt\u00f6r\u0151je volt, munk\u00e1ss\u00e1g\u00e1nak legnagyobb r\u00e9sze is ennek a tudom\u00e1ny\u00e1gnak a k\u00f6r\u00e9be tartozott. Felfedezte az els\u0151 olyan galv\u00e1nelemet, amelyben az \u00e1ramtermel\u0151 folyamat endoterm. Foglalkozott a k\u00e9miai reakci\u00f3k sebess\u00e9g\u00e9vel, a k\u00e9miai egyens\u00falyi \u00e1llapotokkal, a reakci\u00f3kinetika ter\u00fclet\u00e9n v\u00e9gzett kutat\u00e1sai nemzetk\u00f6zi elismerts\u00e9get eredm\u00e9nyeztek sz\u00e1m\u00e1ra. Liebermann Le\u00f3val k\u00f6z\u00f6sen meg\u00e1llap\u00edtotta a feh\u00e9rj\u00e9k amfoter jelleg\u00e9t.<\/p> <p>A Magyar Tudom\u00e1nyos Akad\u00e9mia levelez\u0151 tagj\u00e1v\u00e1 v\u00e1lasztotta.<\/p>","protected":false},"excerpt":{"rendered":"<p>K\u00e9mikus, a vegytan tan\u00e1ra. A fizikai k\u00e9mia magyarorsz\u00e1gi \u00fatt\u00f6r\u0151je volt, munk\u00e1ss\u00e1g\u00e1nak legnagyobb r\u00e9sze is ennek a tudom\u00e1ny\u00e1gnak a k\u00f6r\u00e9be tartozott. Felfedezte az els\u0151 olyan galv\u00e1nelemet, amelyben az \u00e1ramtermel\u0151 folyamat endoterm. Foglalkozott a k\u00e9miai reakci\u00f3k sebess\u00e9g\u00e9vel, a k\u00e9miai egyens\u00falyi \u00e1llapotokkal, a reakci\u00f3kinetika ter\u00fclet\u00e9n v\u00e9gzett kutat\u00e1sai nemzetk\u00f6zi elismerts\u00e9get eredm\u00e9nyeztek sz\u00e1m\u00e1ra. Liebermann Le\u00f3val k\u00f6z\u00f6sen meg\u00e1llap\u00edtotta a feh\u00e9rj\u00e9k amfoter<\/p>\n","protected":false},"author":4844,"featured_media":0,"parent":0,"menu_order":35,"comment_status":"closed","ping_status":"closed","template":"","meta":{"_acf_changed":false,"footnotes":""},"categories":[],"tags":[],"class_list":["post-37328","page","type-page","status-publish","hentry"],"acf":[],"yoast_head":"<!-- This site is optimized with the Yoast SEO plugin v27.2 - https:\/\/yoast.com\/product\/yoast-seo-wordpress\/ -->\n<title>Bugarszky Istv\u00e1n (1868-1941) - Neves \u00e1llatorvosaink<\/title>\n<meta name=\"robots\" content=\"index, follow, max-snippet:-1, max-image-preview:large, max-video-preview:-1\" \/>\n<link rel=\"canonical\" href=\"https:\/\/univet.hu\/pantheon\/bugarszky-istvan-1868-1941\/\" \/>\n<meta property=\"og:locale\" content=\"hu_HU\" \/>\n<meta property=\"og:type\" content=\"article\" \/>\n<meta property=\"og:title\" content=\"Bugarszky Istv\u00e1n (1868-1941) - Neves \u00e1llatorvosaink\" \/>\n<meta property=\"og:description\" content=\"K\u00e9mikus, a vegytan tan\u00e1ra. A fizikai k\u00e9mia magyarorsz\u00e1gi \u00fatt\u00f6r\u0151je volt, munk\u00e1ss\u00e1g\u00e1nak legnagyobb r\u00e9sze is ennek a tudom\u00e1ny\u00e1gnak a k\u00f6r\u00e9be tartozott. Felfedezte az els\u0151 olyan galv\u00e1nelemet, amelyben az \u00e1ramtermel\u0151 folyamat endoterm. Foglalkozott a k\u00e9miai reakci\u00f3k sebess\u00e9g\u00e9vel, a k\u00e9miai egyens\u00falyi \u00e1llapotokkal, a reakci\u00f3kinetika ter\u00fclet\u00e9n v\u00e9gzett kutat\u00e1sai nemzetk\u00f6zi elismerts\u00e9get eredm\u00e9nyeztek sz\u00e1m\u00e1ra. Liebermann Le\u00f3val k\u00f6z\u00f6sen meg\u00e1llap\u00edtotta a feh\u00e9rj\u00e9k amfoter\" \/>\n<meta property=\"og:url\" content=\"https:\/\/univet.hu\/pantheon\/bugarszky-istvan-1868-1941\/\" \/>\n<meta property=\"og:site_name\" content=\"Neves \u00e1llatorvosaink\" \/>\n<meta property=\"article:modified_time\" content=\"2025-01-10T19:26:29+00:00\" \/>\n<meta name=\"twitter:card\" content=\"summary_large_image\" \/>\n<meta name=\"twitter:label1\" content=\"Becs\u00fclt olvas\u00e1si id\u0151\" \/>\n\t<meta name=\"twitter:data1\" content=\"1 perc\" \/>\n<script type=\"application\/ld+json\" class=\"yoast-schema-graph\">{\"@context\":\"https:\/\/schema.org\",\"@graph\":[{\"@type\":\"WebPage\",\"@id\":\"https:\/\/univet.hu\/pantheon\/bugarszky-istvan-1868-1941\/\",\"url\":\"https:\/\/univet.hu\/pantheon\/bugarszky-istvan-1868-1941\/\",\"name\":\"Bugarszky Istv\u00e1n (1868-1941) - Neves \u00e1llatorvosaink\",\"isPartOf\":{\"@id\":\"https:\/\/univet.hu\/pantheon\/de\/#website\"},\"datePublished\":\"2019-04-01T11:42:13+00:00\",\"dateModified\":\"2025-01-10T19:26:29+00:00\",\"breadcrumb\":{\"@id\":\"https:\/\/univet.hu\/pantheon\/bugarszky-istvan-1868-1941\/#breadcrumb\"},\"inLanguage\":\"hu\",\"potentialAction\":[{\"@type\":\"ReadAction\",\"target\":[\"https:\/\/univet.hu\/pantheon\/bugarszky-istvan-1868-1941\/\"]}]},{\"@type\":\"BreadcrumbList\",\"@id\":\"https:\/\/univet.hu\/pantheon\/bugarszky-istvan-1868-1941\/#breadcrumb\",\"itemListElement\":[{\"@type\":\"ListItem\",\"position\":1,\"name\":\"Kezd\u0151lap\",\"item\":\"https:\/\/univet.hu\/pantheon\/\"},{\"@type\":\"ListItem\",\"position\":2,\"name\":\"Bugarszky Istv\u00e1n (1868-1941)\"}]},{\"@type\":\"WebSite\",\"@id\":\"https:\/\/univet.hu\/pantheon\/de\/#website\",\"url\":\"https:\/\/univet.hu\/pantheon\/de\/\",\"name\":\"Our renowned veterinarians\",\"description\":\"\",\"potentialAction\":[{\"@type\":\"SearchAction\",\"target\":{\"@type\":\"EntryPoint\",\"urlTemplate\":\"https:\/\/univet.hu\/pantheon\/de\/?s={search_term_string}\"},\"query-input\":{\"@type\":\"PropertyValueSpecification\",\"valueRequired\":true,\"valueName\":\"search_term_string\"}}],\"inLanguage\":\"hu\"}]}<\/script>\n<!-- \/ Yoast SEO plugin. -->","yoast_head_json":{"title":"Bugarszky Istv\u00e1n (1868-1941) - Neves \u00e1llatorvosaink","robots":{"index":"index","follow":"follow","max-snippet":"max-snippet:-1","max-image-preview":"max-image-preview:large","max-video-preview":"max-video-preview:-1"},"canonical":"https:\/\/univet.hu\/pantheon\/bugarszky-istvan-1868-1941\/","og_locale":"hu_HU","og_type":"article","og_title":"Bugarszky Istv\u00e1n (1868-1941) - Neves \u00e1llatorvosaink","og_description":"K\u00e9mikus, a vegytan tan\u00e1ra. A fizikai k\u00e9mia magyarorsz\u00e1gi \u00fatt\u00f6r\u0151je volt, munk\u00e1ss\u00e1g\u00e1nak legnagyobb r\u00e9sze is ennek a tudom\u00e1ny\u00e1gnak a k\u00f6r\u00e9be tartozott. Felfedezte az els\u0151 olyan galv\u00e1nelemet, amelyben az \u00e1ramtermel\u0151 folyamat endoterm. Foglalkozott a k\u00e9miai reakci\u00f3k sebess\u00e9g\u00e9vel, a k\u00e9miai egyens\u00falyi \u00e1llapotokkal, a reakci\u00f3kinetika ter\u00fclet\u00e9n v\u00e9gzett kutat\u00e1sai nemzetk\u00f6zi elismerts\u00e9get eredm\u00e9nyeztek sz\u00e1m\u00e1ra. Liebermann Le\u00f3val k\u00f6z\u00f6sen meg\u00e1llap\u00edtotta a feh\u00e9rj\u00e9k amfoter","og_url":"https:\/\/univet.hu\/pantheon\/bugarszky-istvan-1868-1941\/","og_site_name":"Neves \u00e1llatorvosaink","article_modified_time":"2025-01-10T19:26:29+00:00","twitter_card":"summary_large_image","twitter_misc":{"Becs\u00fclt olvas\u00e1si id\u0151":"1 perc"},"schema":{"@context":"https:\/\/schema.org","@graph":[{"@type":"WebPage","@id":"https:\/\/univet.hu\/pantheon\/bugarszky-istvan-1868-1941\/","url":"https:\/\/univet.hu\/pantheon\/bugarszky-istvan-1868-1941\/","name":"Bugarszky Istv\u00e1n (1868-1941) - Neves \u00e1llatorvosaink","isPartOf":{"@id":"https:\/\/univet.hu\/pantheon\/de\/#website"},"datePublished":"2019-04-01T11:42:13+00:00","dateModified":"2025-01-10T19:26:29+00:00","breadcrumb":{"@id":"https:\/\/univet.hu\/pantheon\/bugarszky-istvan-1868-1941\/#breadcrumb"},"inLanguage":"hu","potentialAction":[{"@type":"ReadAction","target":["https:\/\/univet.hu\/pantheon\/bugarszky-istvan-1868-1941\/"]}]},{"@type":"BreadcrumbList","@id":"https:\/\/univet.hu\/pantheon\/bugarszky-istvan-1868-1941\/#breadcrumb","itemListElement":[{"@type":"ListItem","position":1,"name":"Kezd\u0151lap","item":"https:\/\/univet.hu\/pantheon\/"},{"@type":"ListItem","position":2,"name":"Bugarszky Istv\u00e1n (1868-1941)"}]},{"@type":"WebSite","@id":"https:\/\/univet.hu\/pantheon\/de\/#website","url":"https:\/\/univet.hu\/pantheon\/de\/","name":"Our renowned veterinarians","description":"","potentialAction":[{"@type":"SearchAction","target":{"@type":"EntryPoint","urlTemplate":"https:\/\/univet.hu\/pantheon\/de\/?s={search_term_string}"},"query-input":{"@type":"PropertyValueSpecification","valueRequired":true,"valueName":"search_term_string"}}],"inLanguage":"hu"}]}},"_links":{"self":[{"href":"https:\/\/univet.hu\/pantheon\/wp-json\/wp\/v2\/pages\/37328","targetHints":{"allow":["GET"]}}],"collection":[{"href":"https:\/\/univet.hu\/pantheon\/wp-json\/wp\/v2\/pages"}],"about":[{"href":"https:\/\/univet.hu\/pantheon\/wp-json\/wp\/v2\/types\/page"}],"author":[{"embeddable":true,"href":"https:\/\/univet.hu\/pantheon\/wp-json\/wp\/v2\/users\/4844"}],"replies":[{"embeddable":true,"href":"https:\/\/univet.hu\/pantheon\/wp-json\/wp\/v2\/comments?post=37328"}],"version-history":[{"count":1,"href":"https:\/\/univet.hu\/pantheon\/wp-json\/wp\/v2\/pages\/37328\/revisions"}],"predecessor-version":[{"id":103556,"href":"https:\/\/univet.hu\/pantheon\/wp-json\/wp\/v2\/pages\/37328\/revisions\/103556"}],"wp:attachment":[{"href":"https:\/\/univet.hu\/pantheon\/wp-json\/wp\/v2\/media?parent=37328"}],"wp:term":[{"taxonomy":"category","embeddable":true,"href":"https:\/\/univet.hu\/pantheon\/wp-json\/wp\/v2\/categories?post=37328"},{"taxonomy":"post_tag","embeddable":true,"href":"https:\/\/univet.hu\/pantheon\/wp-json\/wp\/v2\/tags?post=37328"}],"curies":[{"name":"wp","href":"https:\/\/api.w.org\/{rel}","templated":true}]}}