{"id":37330,"date":"2019-04-01T13:42:45","date_gmt":"2019-04-01T11:42:45","guid":{"rendered":"https:\/\/univet.hu\/?page_id=37330"},"modified":"2025-01-10T20:26:30","modified_gmt":"2025-01-10T19:26:30","slug":"groh-gyula","status":"publish","type":"page","link":"https:\/\/univet.hu\/pantheon\/groh-gyula\/","title":{"rendered":"Gr\u00f3h Gyula (1886 &#8211; 1952)"},"content":{"rendered":"<p>K\u00e9mikus, a vegytan tan\u00e1ra.<\/p> <p>F\u0151 kutat\u00e1si ter\u00fclete a fizikai k\u00e9mia, azon bel\u00fcl a reakci\u00f3kinetika \u00e9s a radiok\u00e9mia volt. A k\u00e9s\u0151bbi Nobel-d\u00edjas Hevesy Gy\u00f6rggyel el\u0151sz\u00f6r alkalmazt\u00e1k a radioakt\u00edv nyomjelz\u00e9s m\u00f3dszer\u00e9t a szil\u00e1rd \u00e9s olvasztott \u00f3lom \u00f6ndiff\u00fazi\u00f3s sebess\u00e9g\u00e9nek m\u00e9r\u00e9s\u00e9re. Els\u0151k\u00e9nt foglalkozott haz\u00e1nkban a molekul\u00e1k k\u00e9miai szerkezet\u00e9nek meghat\u00e1roz\u00e1s\u00e1ra alkalmas Raman-spektroszk\u00f3pi\u00e1val. Biok\u00e9miai kutat\u00e1sai is nemzetk\u00f6zi ismerts\u00e9get biztos\u00edtottak sz\u00e1m\u00e1ra.<\/p> <p>Levelez\u0151, majd rendes tagja volt a Magyar Tudom\u00e1nyos Akad\u00e9mi\u00e1nak. R\u00f6vid ideig a Magyar Term\u00e9szettudom\u00e1nyi T\u00e1rsulat eln\u00f6ki tiszt\u00e9t is bet\u00f6lt\u00f6tte.<\/p>","protected":false},"excerpt":{"rendered":"<p>K\u00e9mikus, a vegytan tan\u00e1ra. F\u0151 kutat\u00e1si ter\u00fclete a fizikai k\u00e9mia, azon bel\u00fcl a reakci\u00f3kinetika \u00e9s a radiok\u00e9mia volt. A k\u00e9s\u0151bbi Nobel-d\u00edjas Hevesy Gy\u00f6rggyel el\u0151sz\u00f6r alkalmazt\u00e1k a radioakt\u00edv nyomjelz\u00e9s m\u00f3dszer\u00e9t a szil\u00e1rd \u00e9s olvasztott \u00f3lom \u00f6ndiff\u00fazi\u00f3s sebess\u00e9g\u00e9nek m\u00e9r\u00e9s\u00e9re. Els\u0151k\u00e9nt foglalkozott haz\u00e1nkban a molekul\u00e1k k\u00e9miai szerkezet\u00e9nek meghat\u00e1roz\u00e1s\u00e1ra alkalmas Raman-spektroszk\u00f3pi\u00e1val. Biok\u00e9miai kutat\u00e1sai is nemzetk\u00f6zi ismerts\u00e9get biztos\u00edtottak sz\u00e1m\u00e1ra. Levelez\u0151,<\/p>\n","protected":false},"author":4844,"featured_media":0,"parent":0,"menu_order":35,"comment_status":"closed","ping_status":"closed","template":"","meta":{"_acf_changed":false,"footnotes":""},"categories":[],"tags":[],"class_list":["post-37330","page","type-page","status-publish","hentry"],"acf":[],"yoast_head":"<!-- This site is optimized with the Yoast SEO plugin v27.2 - https:\/\/yoast.com\/product\/yoast-seo-wordpress\/ -->\n<title>Gr\u00f3h Gyula (1886 - 1952) - Neves \u00e1llatorvosaink<\/title>\n<meta name=\"robots\" content=\"index, follow, max-snippet:-1, max-image-preview:large, max-video-preview:-1\" \/>\n<link rel=\"canonical\" href=\"https:\/\/univet.hu\/pantheon\/groh-gyula\/\" \/>\n<meta property=\"og:locale\" content=\"hu_HU\" \/>\n<meta property=\"og:type\" content=\"article\" \/>\n<meta property=\"og:title\" content=\"Gr\u00f3h Gyula (1886 - 1952) - Neves \u00e1llatorvosaink\" \/>\n<meta property=\"og:description\" content=\"K\u00e9mikus, a vegytan tan\u00e1ra. F\u0151 kutat\u00e1si ter\u00fclete a fizikai k\u00e9mia, azon bel\u00fcl a reakci\u00f3kinetika \u00e9s a radiok\u00e9mia volt. A k\u00e9s\u0151bbi Nobel-d\u00edjas Hevesy Gy\u00f6rggyel el\u0151sz\u00f6r alkalmazt\u00e1k a radioakt\u00edv nyomjelz\u00e9s m\u00f3dszer\u00e9t a szil\u00e1rd \u00e9s olvasztott \u00f3lom \u00f6ndiff\u00fazi\u00f3s sebess\u00e9g\u00e9nek m\u00e9r\u00e9s\u00e9re. Els\u0151k\u00e9nt foglalkozott haz\u00e1nkban a molekul\u00e1k k\u00e9miai szerkezet\u00e9nek meghat\u00e1roz\u00e1s\u00e1ra alkalmas Raman-spektroszk\u00f3pi\u00e1val. Biok\u00e9miai kutat\u00e1sai is nemzetk\u00f6zi ismerts\u00e9get biztos\u00edtottak sz\u00e1m\u00e1ra. Levelez\u0151,\" \/>\n<meta property=\"og:url\" content=\"https:\/\/univet.hu\/pantheon\/groh-gyula\/\" \/>\n<meta property=\"og:site_name\" content=\"Neves \u00e1llatorvosaink\" \/>\n<meta property=\"article:modified_time\" content=\"2025-01-10T19:26:30+00:00\" \/>\n<meta name=\"twitter:card\" content=\"summary_large_image\" \/>\n<meta name=\"twitter:label1\" content=\"Becs\u00fclt olvas\u00e1si id\u0151\" \/>\n\t<meta name=\"twitter:data1\" content=\"1 perc\" \/>\n<script type=\"application\/ld+json\" class=\"yoast-schema-graph\">{\"@context\":\"https:\/\/schema.org\",\"@graph\":[{\"@type\":\"WebPage\",\"@id\":\"https:\/\/univet.hu\/pantheon\/groh-gyula\/\",\"url\":\"https:\/\/univet.hu\/pantheon\/groh-gyula\/\",\"name\":\"Gr\u00f3h Gyula (1886 - 1952) - Neves \u00e1llatorvosaink\",\"isPartOf\":{\"@id\":\"https:\/\/univet.hu\/pantheon\/de\/#website\"},\"datePublished\":\"2019-04-01T11:42:45+00:00\",\"dateModified\":\"2025-01-10T19:26:30+00:00\",\"breadcrumb\":{\"@id\":\"https:\/\/univet.hu\/pantheon\/groh-gyula\/#breadcrumb\"},\"inLanguage\":\"hu\",\"potentialAction\":[{\"@type\":\"ReadAction\",\"target\":[\"https:\/\/univet.hu\/pantheon\/groh-gyula\/\"]}]},{\"@type\":\"BreadcrumbList\",\"@id\":\"https:\/\/univet.hu\/pantheon\/groh-gyula\/#breadcrumb\",\"itemListElement\":[{\"@type\":\"ListItem\",\"position\":1,\"name\":\"Kezd\u0151lap\",\"item\":\"https:\/\/univet.hu\/pantheon\/\"},{\"@type\":\"ListItem\",\"position\":2,\"name\":\"Gr\u00f3h Gyula (1886 &#8211; 1952)\"}]},{\"@type\":\"WebSite\",\"@id\":\"https:\/\/univet.hu\/pantheon\/de\/#website\",\"url\":\"https:\/\/univet.hu\/pantheon\/de\/\",\"name\":\"Our renowned veterinarians\",\"description\":\"\",\"potentialAction\":[{\"@type\":\"SearchAction\",\"target\":{\"@type\":\"EntryPoint\",\"urlTemplate\":\"https:\/\/univet.hu\/pantheon\/de\/?s={search_term_string}\"},\"query-input\":{\"@type\":\"PropertyValueSpecification\",\"valueRequired\":true,\"valueName\":\"search_term_string\"}}],\"inLanguage\":\"hu\"}]}<\/script>\n<!-- \/ Yoast SEO plugin. -->","yoast_head_json":{"title":"Gr\u00f3h Gyula (1886 - 1952) - Neves \u00e1llatorvosaink","robots":{"index":"index","follow":"follow","max-snippet":"max-snippet:-1","max-image-preview":"max-image-preview:large","max-video-preview":"max-video-preview:-1"},"canonical":"https:\/\/univet.hu\/pantheon\/groh-gyula\/","og_locale":"hu_HU","og_type":"article","og_title":"Gr\u00f3h Gyula (1886 - 1952) - Neves \u00e1llatorvosaink","og_description":"K\u00e9mikus, a vegytan tan\u00e1ra. F\u0151 kutat\u00e1si ter\u00fclete a fizikai k\u00e9mia, azon bel\u00fcl a reakci\u00f3kinetika \u00e9s a radiok\u00e9mia volt. A k\u00e9s\u0151bbi Nobel-d\u00edjas Hevesy Gy\u00f6rggyel el\u0151sz\u00f6r alkalmazt\u00e1k a radioakt\u00edv nyomjelz\u00e9s m\u00f3dszer\u00e9t a szil\u00e1rd \u00e9s olvasztott \u00f3lom \u00f6ndiff\u00fazi\u00f3s sebess\u00e9g\u00e9nek m\u00e9r\u00e9s\u00e9re. Els\u0151k\u00e9nt foglalkozott haz\u00e1nkban a molekul\u00e1k k\u00e9miai szerkezet\u00e9nek meghat\u00e1roz\u00e1s\u00e1ra alkalmas Raman-spektroszk\u00f3pi\u00e1val. Biok\u00e9miai kutat\u00e1sai is nemzetk\u00f6zi ismerts\u00e9get biztos\u00edtottak sz\u00e1m\u00e1ra. Levelez\u0151,","og_url":"https:\/\/univet.hu\/pantheon\/groh-gyula\/","og_site_name":"Neves \u00e1llatorvosaink","article_modified_time":"2025-01-10T19:26:30+00:00","twitter_card":"summary_large_image","twitter_misc":{"Becs\u00fclt olvas\u00e1si id\u0151":"1 perc"},"schema":{"@context":"https:\/\/schema.org","@graph":[{"@type":"WebPage","@id":"https:\/\/univet.hu\/pantheon\/groh-gyula\/","url":"https:\/\/univet.hu\/pantheon\/groh-gyula\/","name":"Gr\u00f3h Gyula (1886 - 1952) - Neves \u00e1llatorvosaink","isPartOf":{"@id":"https:\/\/univet.hu\/pantheon\/de\/#website"},"datePublished":"2019-04-01T11:42:45+00:00","dateModified":"2025-01-10T19:26:30+00:00","breadcrumb":{"@id":"https:\/\/univet.hu\/pantheon\/groh-gyula\/#breadcrumb"},"inLanguage":"hu","potentialAction":[{"@type":"ReadAction","target":["https:\/\/univet.hu\/pantheon\/groh-gyula\/"]}]},{"@type":"BreadcrumbList","@id":"https:\/\/univet.hu\/pantheon\/groh-gyula\/#breadcrumb","itemListElement":[{"@type":"ListItem","position":1,"name":"Kezd\u0151lap","item":"https:\/\/univet.hu\/pantheon\/"},{"@type":"ListItem","position":2,"name":"Gr\u00f3h Gyula (1886 &#8211; 1952)"}]},{"@type":"WebSite","@id":"https:\/\/univet.hu\/pantheon\/de\/#website","url":"https:\/\/univet.hu\/pantheon\/de\/","name":"Our renowned veterinarians","description":"","potentialAction":[{"@type":"SearchAction","target":{"@type":"EntryPoint","urlTemplate":"https:\/\/univet.hu\/pantheon\/de\/?s={search_term_string}"},"query-input":{"@type":"PropertyValueSpecification","valueRequired":true,"valueName":"search_term_string"}}],"inLanguage":"hu"}]}},"_links":{"self":[{"href":"https:\/\/univet.hu\/pantheon\/wp-json\/wp\/v2\/pages\/37330","targetHints":{"allow":["GET"]}}],"collection":[{"href":"https:\/\/univet.hu\/pantheon\/wp-json\/wp\/v2\/pages"}],"about":[{"href":"https:\/\/univet.hu\/pantheon\/wp-json\/wp\/v2\/types\/page"}],"author":[{"embeddable":true,"href":"https:\/\/univet.hu\/pantheon\/wp-json\/wp\/v2\/users\/4844"}],"replies":[{"embeddable":true,"href":"https:\/\/univet.hu\/pantheon\/wp-json\/wp\/v2\/comments?post=37330"}],"version-history":[{"count":1,"href":"https:\/\/univet.hu\/pantheon\/wp-json\/wp\/v2\/pages\/37330\/revisions"}],"predecessor-version":[{"id":103561,"href":"https:\/\/univet.hu\/pantheon\/wp-json\/wp\/v2\/pages\/37330\/revisions\/103561"}],"wp:attachment":[{"href":"https:\/\/univet.hu\/pantheon\/wp-json\/wp\/v2\/media?parent=37330"}],"wp:term":[{"taxonomy":"category","embeddable":true,"href":"https:\/\/univet.hu\/pantheon\/wp-json\/wp\/v2\/categories?post=37330"},{"taxonomy":"post_tag","embeddable":true,"href":"https:\/\/univet.hu\/pantheon\/wp-json\/wp\/v2\/tags?post=37330"}],"curies":[{"name":"wp","href":"https:\/\/api.w.org\/{rel}","templated":true}]}}