{"id":37333,"date":"2019-04-01T13:43:25","date_gmt":"2019-04-01T11:43:25","guid":{"rendered":"https:\/\/univet.hu\/?page_id=37333"},"modified":"2025-01-10T20:26:31","modified_gmt":"2025-01-10T19:26:31","slug":"horn-artur","status":"publish","type":"page","link":"https:\/\/univet.hu\/pantheon\/horn-artur\/","title":{"rendered":"Horn Art\u00far (1911 &#8211; 2013)"},"content":{"rendered":"<p>Okleveles mez\u0151gazda, az \u00e1llatteny\u00e9szt\u00e9stan tan\u00e1ra.<\/p> <p>Tudom\u00e1nyos tev\u00e9kenys\u00e9ge igen sz\u00e9les k\u00f6r\u0171 volt. Fel\u00f6lelte az alkalmazott \u00e1llatgenetika \u00e9s \u2013nemes\u00edt\u00e9s, a baromfi-, a sert\u00e9s- \u00e9s a szarvasmarhateny\u00e9szt\u00e9s k\u00fcl\u00f6nb\u00f6z\u0151 ter\u00fcleteit. Felt\u00e1rta a heter\u00f3zishat\u00e1s egyes elm\u00e9leti \u00f6sszef\u00fcgg\u00e9seit. Munkat\u00e1rsaival egy\u00fctt \u0151 hozta l\u00e9tre a tejel\u0151 magyar barna, a tejel\u0151 magyar tarka \u00e9s a hungarofr\u00edz fajt\u00e1kat. K\u00eds\u00e9rletet tett az \u00e1llatnemes\u00edt\u00e9st nemzetk\u00f6zi g\u00e9nb\u00e1zisra alapoz\u00f3 popul\u00e1ci\u00f3genetika eur\u00f3pai elterjeszt\u00e9s\u00e9re.<\/p> <p>Levelez\u0151, majd rendes tagja volt a Magyar Tudom\u00e1nyos Akad\u00e9mi\u00e1nak.<\/p>","protected":false},"excerpt":{"rendered":"<p>Okleveles mez\u0151gazda, az \u00e1llatteny\u00e9szt\u00e9stan tan\u00e1ra. Tudom\u00e1nyos tev\u00e9kenys\u00e9ge igen sz\u00e9les k\u00f6r\u0171 volt. Fel\u00f6lelte az alkalmazott \u00e1llatgenetika \u00e9s \u2013nemes\u00edt\u00e9s, a baromfi-, a sert\u00e9s- \u00e9s a szarvasmarhateny\u00e9szt\u00e9s k\u00fcl\u00f6nb\u00f6z\u0151 ter\u00fcleteit. Felt\u00e1rta a heter\u00f3zishat\u00e1s egyes elm\u00e9leti \u00f6sszef\u00fcgg\u00e9seit. Munkat\u00e1rsaival egy\u00fctt \u0151 hozta l\u00e9tre a tejel\u0151 magyar barna, a tejel\u0151 magyar tarka \u00e9s a hungarofr\u00edz fajt\u00e1kat. K\u00eds\u00e9rletet tett az \u00e1llatnemes\u00edt\u00e9st nemzetk\u00f6zi g\u00e9nb\u00e1zisra<\/p>\n","protected":false},"author":4844,"featured_media":0,"parent":0,"menu_order":35,"comment_status":"closed","ping_status":"closed","template":"","meta":{"_acf_changed":false,"footnotes":""},"categories":[],"tags":[],"class_list":["post-37333","page","type-page","status-publish","hentry"],"acf":[],"yoast_head":"<!-- This site is optimized with the Yoast SEO plugin v27.2 - https:\/\/yoast.com\/product\/yoast-seo-wordpress\/ -->\n<title>Horn Art\u00far (1911 - 2013) - Neves \u00e1llatorvosaink<\/title>\n<meta name=\"robots\" content=\"index, follow, max-snippet:-1, max-image-preview:large, max-video-preview:-1\" \/>\n<link rel=\"canonical\" href=\"https:\/\/univet.hu\/pantheon\/horn-artur\/\" \/>\n<meta property=\"og:locale\" content=\"hu_HU\" \/>\n<meta property=\"og:type\" content=\"article\" \/>\n<meta property=\"og:title\" content=\"Horn Art\u00far (1911 - 2013) - Neves \u00e1llatorvosaink\" \/>\n<meta property=\"og:description\" content=\"Okleveles mez\u0151gazda, az \u00e1llatteny\u00e9szt\u00e9stan tan\u00e1ra. Tudom\u00e1nyos tev\u00e9kenys\u00e9ge igen sz\u00e9les k\u00f6r\u0171 volt. Fel\u00f6lelte az alkalmazott \u00e1llatgenetika \u00e9s \u2013nemes\u00edt\u00e9s, a baromfi-, a sert\u00e9s- \u00e9s a szarvasmarhateny\u00e9szt\u00e9s k\u00fcl\u00f6nb\u00f6z\u0151 ter\u00fcleteit. Felt\u00e1rta a heter\u00f3zishat\u00e1s egyes elm\u00e9leti \u00f6sszef\u00fcgg\u00e9seit. Munkat\u00e1rsaival egy\u00fctt \u0151 hozta l\u00e9tre a tejel\u0151 magyar barna, a tejel\u0151 magyar tarka \u00e9s a hungarofr\u00edz fajt\u00e1kat. K\u00eds\u00e9rletet tett az \u00e1llatnemes\u00edt\u00e9st nemzetk\u00f6zi g\u00e9nb\u00e1zisra\" \/>\n<meta property=\"og:url\" content=\"https:\/\/univet.hu\/pantheon\/horn-artur\/\" \/>\n<meta property=\"og:site_name\" content=\"Neves \u00e1llatorvosaink\" \/>\n<meta property=\"article:modified_time\" content=\"2025-01-10T19:26:31+00:00\" \/>\n<meta name=\"twitter:card\" content=\"summary_large_image\" \/>\n<meta name=\"twitter:label1\" content=\"Becs\u00fclt olvas\u00e1si id\u0151\" \/>\n\t<meta name=\"twitter:data1\" content=\"1 perc\" \/>\n<script type=\"application\/ld+json\" class=\"yoast-schema-graph\">{\"@context\":\"https:\/\/schema.org\",\"@graph\":[{\"@type\":\"WebPage\",\"@id\":\"https:\/\/univet.hu\/pantheon\/horn-artur\/\",\"url\":\"https:\/\/univet.hu\/pantheon\/horn-artur\/\",\"name\":\"Horn Art\u00far (1911 - 2013) - Neves \u00e1llatorvosaink\",\"isPartOf\":{\"@id\":\"https:\/\/univet.hu\/pantheon\/de\/#website\"},\"datePublished\":\"2019-04-01T11:43:25+00:00\",\"dateModified\":\"2025-01-10T19:26:31+00:00\",\"breadcrumb\":{\"@id\":\"https:\/\/univet.hu\/pantheon\/horn-artur\/#breadcrumb\"},\"inLanguage\":\"hu\",\"potentialAction\":[{\"@type\":\"ReadAction\",\"target\":[\"https:\/\/univet.hu\/pantheon\/horn-artur\/\"]}]},{\"@type\":\"BreadcrumbList\",\"@id\":\"https:\/\/univet.hu\/pantheon\/horn-artur\/#breadcrumb\",\"itemListElement\":[{\"@type\":\"ListItem\",\"position\":1,\"name\":\"Kezd\u0151lap\",\"item\":\"https:\/\/univet.hu\/pantheon\/\"},{\"@type\":\"ListItem\",\"position\":2,\"name\":\"Horn Art\u00far (1911 &#8211; 2013)\"}]},{\"@type\":\"WebSite\",\"@id\":\"https:\/\/univet.hu\/pantheon\/de\/#website\",\"url\":\"https:\/\/univet.hu\/pantheon\/de\/\",\"name\":\"Our renowned veterinarians\",\"description\":\"\",\"potentialAction\":[{\"@type\":\"SearchAction\",\"target\":{\"@type\":\"EntryPoint\",\"urlTemplate\":\"https:\/\/univet.hu\/pantheon\/de\/?s={search_term_string}\"},\"query-input\":{\"@type\":\"PropertyValueSpecification\",\"valueRequired\":true,\"valueName\":\"search_term_string\"}}],\"inLanguage\":\"hu\"}]}<\/script>\n<!-- \/ Yoast SEO plugin. -->","yoast_head_json":{"title":"Horn Art\u00far (1911 - 2013) - Neves \u00e1llatorvosaink","robots":{"index":"index","follow":"follow","max-snippet":"max-snippet:-1","max-image-preview":"max-image-preview:large","max-video-preview":"max-video-preview:-1"},"canonical":"https:\/\/univet.hu\/pantheon\/horn-artur\/","og_locale":"hu_HU","og_type":"article","og_title":"Horn Art\u00far (1911 - 2013) - Neves \u00e1llatorvosaink","og_description":"Okleveles mez\u0151gazda, az \u00e1llatteny\u00e9szt\u00e9stan tan\u00e1ra. Tudom\u00e1nyos tev\u00e9kenys\u00e9ge igen sz\u00e9les k\u00f6r\u0171 volt. Fel\u00f6lelte az alkalmazott \u00e1llatgenetika \u00e9s \u2013nemes\u00edt\u00e9s, a baromfi-, a sert\u00e9s- \u00e9s a szarvasmarhateny\u00e9szt\u00e9s k\u00fcl\u00f6nb\u00f6z\u0151 ter\u00fcleteit. Felt\u00e1rta a heter\u00f3zishat\u00e1s egyes elm\u00e9leti \u00f6sszef\u00fcgg\u00e9seit. Munkat\u00e1rsaival egy\u00fctt \u0151 hozta l\u00e9tre a tejel\u0151 magyar barna, a tejel\u0151 magyar tarka \u00e9s a hungarofr\u00edz fajt\u00e1kat. K\u00eds\u00e9rletet tett az \u00e1llatnemes\u00edt\u00e9st nemzetk\u00f6zi g\u00e9nb\u00e1zisra","og_url":"https:\/\/univet.hu\/pantheon\/horn-artur\/","og_site_name":"Neves \u00e1llatorvosaink","article_modified_time":"2025-01-10T19:26:31+00:00","twitter_card":"summary_large_image","twitter_misc":{"Becs\u00fclt olvas\u00e1si id\u0151":"1 perc"},"schema":{"@context":"https:\/\/schema.org","@graph":[{"@type":"WebPage","@id":"https:\/\/univet.hu\/pantheon\/horn-artur\/","url":"https:\/\/univet.hu\/pantheon\/horn-artur\/","name":"Horn Art\u00far (1911 - 2013) - Neves \u00e1llatorvosaink","isPartOf":{"@id":"https:\/\/univet.hu\/pantheon\/de\/#website"},"datePublished":"2019-04-01T11:43:25+00:00","dateModified":"2025-01-10T19:26:31+00:00","breadcrumb":{"@id":"https:\/\/univet.hu\/pantheon\/horn-artur\/#breadcrumb"},"inLanguage":"hu","potentialAction":[{"@type":"ReadAction","target":["https:\/\/univet.hu\/pantheon\/horn-artur\/"]}]},{"@type":"BreadcrumbList","@id":"https:\/\/univet.hu\/pantheon\/horn-artur\/#breadcrumb","itemListElement":[{"@type":"ListItem","position":1,"name":"Kezd\u0151lap","item":"https:\/\/univet.hu\/pantheon\/"},{"@type":"ListItem","position":2,"name":"Horn Art\u00far (1911 &#8211; 2013)"}]},{"@type":"WebSite","@id":"https:\/\/univet.hu\/pantheon\/de\/#website","url":"https:\/\/univet.hu\/pantheon\/de\/","name":"Our renowned veterinarians","description":"","potentialAction":[{"@type":"SearchAction","target":{"@type":"EntryPoint","urlTemplate":"https:\/\/univet.hu\/pantheon\/de\/?s={search_term_string}"},"query-input":{"@type":"PropertyValueSpecification","valueRequired":true,"valueName":"search_term_string"}}],"inLanguage":"hu"}]}},"_links":{"self":[{"href":"https:\/\/univet.hu\/pantheon\/wp-json\/wp\/v2\/pages\/37333","targetHints":{"allow":["GET"]}}],"collection":[{"href":"https:\/\/univet.hu\/pantheon\/wp-json\/wp\/v2\/pages"}],"about":[{"href":"https:\/\/univet.hu\/pantheon\/wp-json\/wp\/v2\/types\/page"}],"author":[{"embeddable":true,"href":"https:\/\/univet.hu\/pantheon\/wp-json\/wp\/v2\/users\/4844"}],"replies":[{"embeddable":true,"href":"https:\/\/univet.hu\/pantheon\/wp-json\/wp\/v2\/comments?post=37333"}],"version-history":[{"count":1,"href":"https:\/\/univet.hu\/pantheon\/wp-json\/wp\/v2\/pages\/37333\/revisions"}],"predecessor-version":[{"id":103567,"href":"https:\/\/univet.hu\/pantheon\/wp-json\/wp\/v2\/pages\/37333\/revisions\/103567"}],"wp:attachment":[{"href":"https:\/\/univet.hu\/pantheon\/wp-json\/wp\/v2\/media?parent=37333"}],"wp:term":[{"taxonomy":"category","embeddable":true,"href":"https:\/\/univet.hu\/pantheon\/wp-json\/wp\/v2\/categories?post=37333"},{"taxonomy":"post_tag","embeddable":true,"href":"https:\/\/univet.hu\/pantheon\/wp-json\/wp\/v2\/tags?post=37333"}],"curies":[{"name":"wp","href":"https:\/\/api.w.org\/{rel}","templated":true}]}}