{"id":37339,"date":"2019-04-01T13:44:48","date_gmt":"2019-04-01T11:44:48","guid":{"rendered":"https:\/\/univet.hu\/?page_id=37339"},"modified":"2025-01-10T20:26:34","modified_gmt":"2025-01-10T19:26:34","slug":"thanhoffer-lajos","status":"publish","type":"page","link":"https:\/\/univet.hu\/pantheon\/thanhoffer-lajos\/","title":{"rendered":"Thanhoffer Lajos (1843 &#8211; 1909)"},"content":{"rendered":"<p>Orvos, az \u00e9lettan, sz\u00f6vettan, term\u00e9szettan \u00e9s k\u00e9mia tan\u00e1ra.<\/p> <p>Tudom\u00e1nyos m\u0171k\u00f6d\u00e9se els\u0151sorban a sz\u00f6vettant \u00e9rintette. Szakter\u00fclete az \u00f6sszehasonl\u00edt\u00f3 sz\u00f6vettan, a neurohisztol\u00f3gia \u00e9s a hisztotechnika volt. Szem\u00e9ly\u00e9ben a mikrooper\u00e1ci\u00f3s m\u00f3dszerek hazai meghonos\u00edt\u00f3j\u00e1t tisztelj\u00fck. Hisztotechnikai szakk\u00f6nyvei, amelyek a mikroszk\u00f3pr\u00f3l \u00e9s a sz\u00f6vettani technik\u00e1r\u00f3l sz\u00f3ltak, \u00fatt\u00f6r\u0151 jelleg\u0171ek voltak Magyarorsz\u00e1gon.<\/p> <p>\u00c9veken \u00e1t volt a M. kir. \u00c1llatorvosi Tanint\u00e9zet igazgat\u00f3helyettese. A Magyar Tudom\u00e1nyos Akad\u00e9mia levelez\u0151 tagj\u00e1v\u00e1 v\u00e1lasztotta.<\/p>","protected":false},"excerpt":{"rendered":"<p>Orvos, az \u00e9lettan, sz\u00f6vettan, term\u00e9szettan \u00e9s k\u00e9mia tan\u00e1ra. Tudom\u00e1nyos m\u0171k\u00f6d\u00e9se els\u0151sorban a sz\u00f6vettant \u00e9rintette. Szakter\u00fclete az \u00f6sszehasonl\u00edt\u00f3 sz\u00f6vettan, a neurohisztol\u00f3gia \u00e9s a hisztotechnika volt. Szem\u00e9ly\u00e9ben a mikrooper\u00e1ci\u00f3s m\u00f3dszerek hazai meghonos\u00edt\u00f3j\u00e1t tisztelj\u00fck. Hisztotechnikai szakk\u00f6nyvei, amelyek a mikroszk\u00f3pr\u00f3l \u00e9s a sz\u00f6vettani technik\u00e1r\u00f3l sz\u00f3ltak, \u00fatt\u00f6r\u0151 jelleg\u0171ek voltak Magyarorsz\u00e1gon. \u00c9veken \u00e1t volt a M. kir. \u00c1llatorvosi Tanint\u00e9zet igazgat\u00f3helyettese. A<\/p>\n","protected":false},"author":4844,"featured_media":0,"parent":0,"menu_order":35,"comment_status":"closed","ping_status":"closed","template":"","meta":{"_acf_changed":false,"footnotes":""},"categories":[],"tags":[],"class_list":["post-37339","page","type-page","status-publish","hentry"],"acf":[],"yoast_head":"<!-- This site is optimized with the Yoast SEO plugin v27.2 - https:\/\/yoast.com\/product\/yoast-seo-wordpress\/ -->\n<title>Thanhoffer Lajos (1843 - 1909) - Neves \u00e1llatorvosaink<\/title>\n<meta name=\"robots\" content=\"index, follow, max-snippet:-1, max-image-preview:large, max-video-preview:-1\" \/>\n<link rel=\"canonical\" href=\"https:\/\/univet.hu\/pantheon\/thanhoffer-lajos\/\" \/>\n<meta property=\"og:locale\" content=\"hu_HU\" \/>\n<meta property=\"og:type\" content=\"article\" \/>\n<meta property=\"og:title\" content=\"Thanhoffer Lajos (1843 - 1909) - Neves \u00e1llatorvosaink\" \/>\n<meta property=\"og:description\" content=\"Orvos, az \u00e9lettan, sz\u00f6vettan, term\u00e9szettan \u00e9s k\u00e9mia tan\u00e1ra. Tudom\u00e1nyos m\u0171k\u00f6d\u00e9se els\u0151sorban a sz\u00f6vettant \u00e9rintette. Szakter\u00fclete az \u00f6sszehasonl\u00edt\u00f3 sz\u00f6vettan, a neurohisztol\u00f3gia \u00e9s a hisztotechnika volt. Szem\u00e9ly\u00e9ben a mikrooper\u00e1ci\u00f3s m\u00f3dszerek hazai meghonos\u00edt\u00f3j\u00e1t tisztelj\u00fck. Hisztotechnikai szakk\u00f6nyvei, amelyek a mikroszk\u00f3pr\u00f3l \u00e9s a sz\u00f6vettani technik\u00e1r\u00f3l sz\u00f3ltak, \u00fatt\u00f6r\u0151 jelleg\u0171ek voltak Magyarorsz\u00e1gon. \u00c9veken \u00e1t volt a M. kir. \u00c1llatorvosi Tanint\u00e9zet igazgat\u00f3helyettese. A\" \/>\n<meta property=\"og:url\" content=\"https:\/\/univet.hu\/pantheon\/thanhoffer-lajos\/\" \/>\n<meta property=\"og:site_name\" content=\"Neves \u00e1llatorvosaink\" \/>\n<meta property=\"article:modified_time\" content=\"2025-01-10T19:26:34+00:00\" \/>\n<meta name=\"twitter:card\" content=\"summary_large_image\" \/>\n<meta name=\"twitter:label1\" content=\"Becs\u00fclt olvas\u00e1si id\u0151\" \/>\n\t<meta name=\"twitter:data1\" content=\"1 perc\" \/>\n<script type=\"application\/ld+json\" class=\"yoast-schema-graph\">{\"@context\":\"https:\/\/schema.org\",\"@graph\":[{\"@type\":\"WebPage\",\"@id\":\"https:\/\/univet.hu\/pantheon\/thanhoffer-lajos\/\",\"url\":\"https:\/\/univet.hu\/pantheon\/thanhoffer-lajos\/\",\"name\":\"Thanhoffer Lajos (1843 - 1909) - Neves \u00e1llatorvosaink\",\"isPartOf\":{\"@id\":\"https:\/\/univet.hu\/pantheon\/de\/#website\"},\"datePublished\":\"2019-04-01T11:44:48+00:00\",\"dateModified\":\"2025-01-10T19:26:34+00:00\",\"breadcrumb\":{\"@id\":\"https:\/\/univet.hu\/pantheon\/thanhoffer-lajos\/#breadcrumb\"},\"inLanguage\":\"hu\",\"potentialAction\":[{\"@type\":\"ReadAction\",\"target\":[\"https:\/\/univet.hu\/pantheon\/thanhoffer-lajos\/\"]}]},{\"@type\":\"BreadcrumbList\",\"@id\":\"https:\/\/univet.hu\/pantheon\/thanhoffer-lajos\/#breadcrumb\",\"itemListElement\":[{\"@type\":\"ListItem\",\"position\":1,\"name\":\"Kezd\u0151lap\",\"item\":\"https:\/\/univet.hu\/pantheon\/\"},{\"@type\":\"ListItem\",\"position\":2,\"name\":\"Thanhoffer Lajos (1843 &#8211; 1909)\"}]},{\"@type\":\"WebSite\",\"@id\":\"https:\/\/univet.hu\/pantheon\/de\/#website\",\"url\":\"https:\/\/univet.hu\/pantheon\/de\/\",\"name\":\"Our renowned veterinarians\",\"description\":\"\",\"potentialAction\":[{\"@type\":\"SearchAction\",\"target\":{\"@type\":\"EntryPoint\",\"urlTemplate\":\"https:\/\/univet.hu\/pantheon\/de\/?s={search_term_string}\"},\"query-input\":{\"@type\":\"PropertyValueSpecification\",\"valueRequired\":true,\"valueName\":\"search_term_string\"}}],\"inLanguage\":\"hu\"}]}<\/script>\n<!-- \/ Yoast SEO plugin. -->","yoast_head_json":{"title":"Thanhoffer Lajos (1843 - 1909) - Neves \u00e1llatorvosaink","robots":{"index":"index","follow":"follow","max-snippet":"max-snippet:-1","max-image-preview":"max-image-preview:large","max-video-preview":"max-video-preview:-1"},"canonical":"https:\/\/univet.hu\/pantheon\/thanhoffer-lajos\/","og_locale":"hu_HU","og_type":"article","og_title":"Thanhoffer Lajos (1843 - 1909) - Neves \u00e1llatorvosaink","og_description":"Orvos, az \u00e9lettan, sz\u00f6vettan, term\u00e9szettan \u00e9s k\u00e9mia tan\u00e1ra. Tudom\u00e1nyos m\u0171k\u00f6d\u00e9se els\u0151sorban a sz\u00f6vettant \u00e9rintette. Szakter\u00fclete az \u00f6sszehasonl\u00edt\u00f3 sz\u00f6vettan, a neurohisztol\u00f3gia \u00e9s a hisztotechnika volt. Szem\u00e9ly\u00e9ben a mikrooper\u00e1ci\u00f3s m\u00f3dszerek hazai meghonos\u00edt\u00f3j\u00e1t tisztelj\u00fck. Hisztotechnikai szakk\u00f6nyvei, amelyek a mikroszk\u00f3pr\u00f3l \u00e9s a sz\u00f6vettani technik\u00e1r\u00f3l sz\u00f3ltak, \u00fatt\u00f6r\u0151 jelleg\u0171ek voltak Magyarorsz\u00e1gon. \u00c9veken \u00e1t volt a M. kir. \u00c1llatorvosi Tanint\u00e9zet igazgat\u00f3helyettese. A","og_url":"https:\/\/univet.hu\/pantheon\/thanhoffer-lajos\/","og_site_name":"Neves \u00e1llatorvosaink","article_modified_time":"2025-01-10T19:26:34+00:00","twitter_card":"summary_large_image","twitter_misc":{"Becs\u00fclt olvas\u00e1si id\u0151":"1 perc"},"schema":{"@context":"https:\/\/schema.org","@graph":[{"@type":"WebPage","@id":"https:\/\/univet.hu\/pantheon\/thanhoffer-lajos\/","url":"https:\/\/univet.hu\/pantheon\/thanhoffer-lajos\/","name":"Thanhoffer Lajos (1843 - 1909) - Neves \u00e1llatorvosaink","isPartOf":{"@id":"https:\/\/univet.hu\/pantheon\/de\/#website"},"datePublished":"2019-04-01T11:44:48+00:00","dateModified":"2025-01-10T19:26:34+00:00","breadcrumb":{"@id":"https:\/\/univet.hu\/pantheon\/thanhoffer-lajos\/#breadcrumb"},"inLanguage":"hu","potentialAction":[{"@type":"ReadAction","target":["https:\/\/univet.hu\/pantheon\/thanhoffer-lajos\/"]}]},{"@type":"BreadcrumbList","@id":"https:\/\/univet.hu\/pantheon\/thanhoffer-lajos\/#breadcrumb","itemListElement":[{"@type":"ListItem","position":1,"name":"Kezd\u0151lap","item":"https:\/\/univet.hu\/pantheon\/"},{"@type":"ListItem","position":2,"name":"Thanhoffer Lajos (1843 &#8211; 1909)"}]},{"@type":"WebSite","@id":"https:\/\/univet.hu\/pantheon\/de\/#website","url":"https:\/\/univet.hu\/pantheon\/de\/","name":"Our renowned veterinarians","description":"","potentialAction":[{"@type":"SearchAction","target":{"@type":"EntryPoint","urlTemplate":"https:\/\/univet.hu\/pantheon\/de\/?s={search_term_string}"},"query-input":{"@type":"PropertyValueSpecification","valueRequired":true,"valueName":"search_term_string"}}],"inLanguage":"hu"}]}},"_links":{"self":[{"href":"https:\/\/univet.hu\/pantheon\/wp-json\/wp\/v2\/pages\/37339","targetHints":{"allow":["GET"]}}],"collection":[{"href":"https:\/\/univet.hu\/pantheon\/wp-json\/wp\/v2\/pages"}],"about":[{"href":"https:\/\/univet.hu\/pantheon\/wp-json\/wp\/v2\/types\/page"}],"author":[{"embeddable":true,"href":"https:\/\/univet.hu\/pantheon\/wp-json\/wp\/v2\/users\/4844"}],"replies":[{"embeddable":true,"href":"https:\/\/univet.hu\/pantheon\/wp-json\/wp\/v2\/comments?post=37339"}],"version-history":[{"count":1,"href":"https:\/\/univet.hu\/pantheon\/wp-json\/wp\/v2\/pages\/37339\/revisions"}],"predecessor-version":[{"id":103599,"href":"https:\/\/univet.hu\/pantheon\/wp-json\/wp\/v2\/pages\/37339\/revisions\/103599"}],"wp:attachment":[{"href":"https:\/\/univet.hu\/pantheon\/wp-json\/wp\/v2\/media?parent=37339"}],"wp:term":[{"taxonomy":"category","embeddable":true,"href":"https:\/\/univet.hu\/pantheon\/wp-json\/wp\/v2\/categories?post=37339"},{"taxonomy":"post_tag","embeddable":true,"href":"https:\/\/univet.hu\/pantheon\/wp-json\/wp\/v2\/tags?post=37339"}],"curies":[{"name":"wp","href":"https:\/\/api.w.org\/{rel}","templated":true}]}}