{"id":55275,"date":"2020-06-04T10:24:32","date_gmt":"2020-06-04T08:24:32","guid":{"rendered":"https:\/\/univet.hu\/?page_id=55275"},"modified":"2025-01-10T20:26:28","modified_gmt":"2025-01-10T19:26:28","slug":"dr-bartha-adorjan-1923-1996","status":"publish","type":"page","link":"https:\/\/univet.hu\/pantheon\/dr-bartha-adorjan-1923-1996\/","title":{"rendered":"Dr. Bartha Adorj\u00e1n (1923 &#8211; 1996)"},"content":{"rendered":"<p>Dr. Bartha Adorj\u00e1n az egyik leginvenci\u00f3zusabb \u00e1llatorvos-kutat\u00f3nk volt. Nev\u00e9t az \u00e1ltala k\u00e9sz\u00edtett \u00e9s r\u00f3la elnevezett v\u00edrust\u00f6rzsb\u0151l k\u00e9sz\u00fclt Aujeszky-betegs\u00e9g elleni vakcina tette ismertt\u00e9 vil\u00e1gszerte. Haz\u00e1nk legeredm\u00e9nyesebb gyakorlati virol\u00f3gusa volt. 1957-ben \u0151 vezette be a sejtteny\u00e9szt\u00e9st az \u00e1llatorvosi virol\u00f3gi\u00e1ba. Virol\u00f3giai \u00e9s szerol\u00f3giai m\u00f3dszereivel \u00faj v\u00edrust\u00f6rzseket fedezett fel, betegs\u00e9geket azonos\u00edtott \u00e9s vakcin\u00e1kat fejlesztett ki.<\/p> <p>Kor\u00e1t megel\u0151z\u0151 kutat\u00f3 volt, az \u00e9vtizedekkel k\u00e9s\u0151bb megjelen\u0151 DNS-technol\u00f3gia szinte minden kor\u00e1bbi megfigyel\u00e9s\u00e9t igazolta. Munk\u00e1j\u00e1t a hat\u00e9konys\u00e1g jellemezte. M\u00e1r 1961-ben besz\u00e1molt a K\/61-jel\u0171, Aujeszky-betegs\u00e9g elleni \u00e9l\u0151 vakcinat\u00f6rzs el\u0151\u00e1ll\u00edt\u00e1s\u00e1r\u00f3l. A hatvanas \u00e9vekben a vil\u00e1gon els\u0151k\u00e9nt izol\u00e1lt borjakban t\u00fcd\u0151- \u00e9s b\u00e9lgyullad\u00e1sban jelentkez\u0151 k\u00f3rk\u00e9pb\u0151l addig ismeretlen adenov\u00edrus szerot\u00edpusokat, ami ellen kombin\u00e1lt inaktiv\u00e1lt olt\u00f3anyagot k\u00e9sz\u00edtett. T\u00f6bb fert\u0151z\u0151 betegs\u00e9g ellen (a szarvasmarha IBR, a ty\u00fakok adenov\u00edrus okozta toj\u00e1sh\u00e9j-k\u00e9pz\u0151d\u00e9si zavara, az EDS, a kuty\u00e1k parvov\u00edrusos fert\u0151z\u00e9se) fejlesztett ki vakcin\u00e1kat. Irigyl\u00e9sre m\u00e9lt\u00f3 k\u00f6nnyeds\u00e9ggel tette meg felfedez\u00e9seit, \u00e9rte el sikereit.<\/p> <p><a href=\"https:\/\/univet.hu\/wp-content\/uploads\/2020\/02\/barthaadorjan-1.jpg\"><img loading=\"lazy\" decoding=\"async\" class=\"alignleft size-thumbnail wp-image-49726\" src=\"https:\/\/univet.hu\/wp-content\/uploads\/2020\/02\/barthaadorjan-1-320x320.jpg\" alt=\"\" width=\"320\" height=\"320\" \/><\/a>Bartha Adorj\u00e1n 1923. december 15-\u00e9n sz\u00fcletett a ny\u00edrs\u00e9gi Porcsalm\u00e1n. \u00c9desapja k\u00e1ntortan\u00edt\u00f3 volt. K\u00f6z\u00e9piskol\u00e1j\u00e1t a debreceni Reform\u00e1tus \u00e9s a nagyv\u00e1radi Szt. L\u00e1szl\u00f3 Gimn\u00e1ziumban v\u00e9gezte. 1949-ben oklevelet, 1950-ben pedig doktor\u00e1tust szerzett az Agr\u00e1rtudom\u00e1nyi Egyetem \u00c1llatorvostudom\u00e1nyi Kar\u00e1n. Ezt k\u00f6vet\u0151en a J\u00e1rv\u00e1nytani Int\u00e9zetben tan\u00e1rseg\u00e9dk\u00e9nt dolgozott, majd 1951-56 k\u00f6z\u00f6tt a Honv\u00e9d \u00c1llateg\u00e9szs\u00e9g\u00fcgyi Int\u00e9zetben szolg\u00e1lt. 1960-ban v\u00e9dte meg kandid\u00e1tusi \u00e9rtekez\u00e9s\u00e9t. Iskolateremt\u0151 volt. Az egyetemen mikrobiol\u00f3gi\u00e1t \u00e9s j\u00e1rv\u00e1nytant oktatott, k\u00f6zben foglalkozott di\u00e1kk\u00f6r\u00f6s\u00f6kkel, aspir\u00e1nsokkal, k\u00f6nyvr\u00e9szleteket \u00e9s egyetemi jegyzeteket \u00edrt, t\u00f6bb mint 100 tov\u00e1bbk\u00e9pz\u0151 \u00e9s egy\u00e9b el\u0151ad\u00e1st tartott. 1975-ben \u00e1tment az MTA \u00c1llateg\u00e9szs\u00e9g\u00fcgyi Kutat\u00f3int\u00e9zet\u00e9be, ahol 1981-ben v\u00e9dte meg a nagydoktori t\u00e9ziseit. 1991-94 k\u00f6z\u00f6tt igazgat\u00f3, 1993-t\u00f3l az MTA levelez\u0151 tagja volt. Munk\u00e1ss\u00e1g\u00e1t Sz\u00e9chenyi-d\u00edjjal ismert\u00e9k el. 1996-ban, 73 \u00e9ves kor\u00e1ban hunyt el Budapesten.<\/p>","protected":false},"excerpt":{"rendered":"<p>Dr. Bartha Adorj\u00e1n az egyik leginvenci\u00f3zusabb \u00e1llatorvos-kutat\u00f3nk volt. Nev\u00e9t az \u00e1ltala k\u00e9sz\u00edtett \u00e9s r\u00f3la elnevezett v\u00edrust\u00f6rzsb\u0151l k\u00e9sz\u00fclt Aujeszky-betegs\u00e9g elleni vakcina tette ismertt\u00e9 vil\u00e1gszerte. Haz\u00e1nk legeredm\u00e9nyesebb gyakorlati virol\u00f3gusa volt. 1957-ben \u0151 vezette be a sejtteny\u00e9szt\u00e9st az \u00e1llatorvosi virol\u00f3gi\u00e1ba. Virol\u00f3giai \u00e9s szerol\u00f3giai m\u00f3dszereivel \u00faj v\u00edrust\u00f6rzseket fedezett fel, betegs\u00e9geket azonos\u00edtott \u00e9s vakcin\u00e1kat fejlesztett ki. Kor\u00e1t megel\u0151z\u0151 kutat\u00f3 volt,<\/p>\n","protected":false},"author":4844,"featured_media":0,"parent":0,"menu_order":7,"comment_status":"closed","ping_status":"closed","template":"","meta":{"_acf_changed":false,"footnotes":""},"categories":[],"tags":[],"class_list":["post-55275","page","type-page","status-publish","hentry"],"acf":[],"yoast_head":"<!-- This site is optimized with the Yoast SEO plugin v27.2 - https:\/\/yoast.com\/product\/yoast-seo-wordpress\/ -->\n<title>Dr. Bartha Adorj\u00e1n (1923 - 1996) - Neves \u00e1llatorvosaink<\/title>\n<meta name=\"robots\" content=\"index, follow, max-snippet:-1, max-image-preview:large, max-video-preview:-1\" \/>\n<link rel=\"canonical\" href=\"https:\/\/univet.hu\/pantheon\/dr-bartha-adorjan-1923-1996\/\" \/>\n<meta property=\"og:locale\" content=\"hu_HU\" \/>\n<meta property=\"og:type\" content=\"article\" \/>\n<meta property=\"og:title\" content=\"Dr. Bartha Adorj\u00e1n (1923 - 1996) - Neves \u00e1llatorvosaink\" \/>\n<meta property=\"og:description\" content=\"Dr. Bartha Adorj\u00e1n az egyik leginvenci\u00f3zusabb \u00e1llatorvos-kutat\u00f3nk volt. Nev\u00e9t az \u00e1ltala k\u00e9sz\u00edtett \u00e9s r\u00f3la elnevezett v\u00edrust\u00f6rzsb\u0151l k\u00e9sz\u00fclt Aujeszky-betegs\u00e9g elleni vakcina tette ismertt\u00e9 vil\u00e1gszerte. Haz\u00e1nk legeredm\u00e9nyesebb gyakorlati virol\u00f3gusa volt. 1957-ben \u0151 vezette be a sejtteny\u00e9szt\u00e9st az \u00e1llatorvosi virol\u00f3gi\u00e1ba. Virol\u00f3giai \u00e9s szerol\u00f3giai m\u00f3dszereivel \u00faj v\u00edrust\u00f6rzseket fedezett fel, betegs\u00e9geket azonos\u00edtott \u00e9s vakcin\u00e1kat fejlesztett ki. Kor\u00e1t megel\u0151z\u0151 kutat\u00f3 volt,\" \/>\n<meta property=\"og:url\" content=\"https:\/\/univet.hu\/pantheon\/dr-bartha-adorjan-1923-1996\/\" \/>\n<meta property=\"og:site_name\" content=\"Neves \u00e1llatorvosaink\" \/>\n<meta property=\"article:modified_time\" content=\"2025-01-10T19:26:28+00:00\" \/>\n<meta property=\"og:image\" content=\"https:\/\/univet.hu\/wp-content\/uploads\/2020\/02\/barthaadorjan-1-320x320.jpg\" \/>\n<meta name=\"twitter:card\" content=\"summary_large_image\" \/>\n<meta name=\"twitter:label1\" content=\"Becs\u00fclt olvas\u00e1si id\u0151\" \/>\n\t<meta name=\"twitter:data1\" content=\"2 perc\" \/>\n<script type=\"application\/ld+json\" class=\"yoast-schema-graph\">{\"@context\":\"https:\/\/schema.org\",\"@graph\":[{\"@type\":\"WebPage\",\"@id\":\"https:\/\/univet.hu\/pantheon\/dr-bartha-adorjan-1923-1996\/\",\"url\":\"https:\/\/univet.hu\/pantheon\/dr-bartha-adorjan-1923-1996\/\",\"name\":\"Dr. Bartha Adorj\u00e1n (1923 - 1996) - Neves \u00e1llatorvosaink\",\"isPartOf\":{\"@id\":\"https:\/\/univet.hu\/pantheon\/de\/#website\"},\"primaryImageOfPage\":{\"@id\":\"https:\/\/univet.hu\/pantheon\/dr-bartha-adorjan-1923-1996\/#primaryimage\"},\"image\":{\"@id\":\"https:\/\/univet.hu\/pantheon\/dr-bartha-adorjan-1923-1996\/#primaryimage\"},\"thumbnailUrl\":\"https:\/\/univet.hu\/wp-content\/uploads\/2020\/02\/barthaadorjan-1-320x320.jpg\",\"datePublished\":\"2020-06-04T08:24:32+00:00\",\"dateModified\":\"2025-01-10T19:26:28+00:00\",\"breadcrumb\":{\"@id\":\"https:\/\/univet.hu\/pantheon\/dr-bartha-adorjan-1923-1996\/#breadcrumb\"},\"inLanguage\":\"hu\",\"potentialAction\":[{\"@type\":\"ReadAction\",\"target\":[\"https:\/\/univet.hu\/pantheon\/dr-bartha-adorjan-1923-1996\/\"]}]},{\"@type\":\"ImageObject\",\"inLanguage\":\"hu\",\"@id\":\"https:\/\/univet.hu\/pantheon\/dr-bartha-adorjan-1923-1996\/#primaryimage\",\"url\":\"https:\/\/univet.hu\/wp-content\/uploads\/2020\/02\/barthaadorjan-1-320x320.jpg\",\"contentUrl\":\"https:\/\/univet.hu\/wp-content\/uploads\/2020\/02\/barthaadorjan-1-320x320.jpg\"},{\"@type\":\"BreadcrumbList\",\"@id\":\"https:\/\/univet.hu\/pantheon\/dr-bartha-adorjan-1923-1996\/#breadcrumb\",\"itemListElement\":[{\"@type\":\"ListItem\",\"position\":1,\"name\":\"Kezd\u0151lap\",\"item\":\"https:\/\/univet.hu\/pantheon\/\"},{\"@type\":\"ListItem\",\"position\":2,\"name\":\"Dr. Bartha Adorj\u00e1n (1923 &#8211; 1996)\"}]},{\"@type\":\"WebSite\",\"@id\":\"https:\/\/univet.hu\/pantheon\/de\/#website\",\"url\":\"https:\/\/univet.hu\/pantheon\/de\/\",\"name\":\"Our renowned veterinarians\",\"description\":\"\",\"potentialAction\":[{\"@type\":\"SearchAction\",\"target\":{\"@type\":\"EntryPoint\",\"urlTemplate\":\"https:\/\/univet.hu\/pantheon\/de\/?s={search_term_string}\"},\"query-input\":{\"@type\":\"PropertyValueSpecification\",\"valueRequired\":true,\"valueName\":\"search_term_string\"}}],\"inLanguage\":\"hu\"}]}<\/script>\n<!-- \/ Yoast SEO plugin. -->","yoast_head_json":{"title":"Dr. Bartha Adorj\u00e1n (1923 - 1996) - Neves \u00e1llatorvosaink","robots":{"index":"index","follow":"follow","max-snippet":"max-snippet:-1","max-image-preview":"max-image-preview:large","max-video-preview":"max-video-preview:-1"},"canonical":"https:\/\/univet.hu\/pantheon\/dr-bartha-adorjan-1923-1996\/","og_locale":"hu_HU","og_type":"article","og_title":"Dr. Bartha Adorj\u00e1n (1923 - 1996) - Neves \u00e1llatorvosaink","og_description":"Dr. Bartha Adorj\u00e1n az egyik leginvenci\u00f3zusabb \u00e1llatorvos-kutat\u00f3nk volt. Nev\u00e9t az \u00e1ltala k\u00e9sz\u00edtett \u00e9s r\u00f3la elnevezett v\u00edrust\u00f6rzsb\u0151l k\u00e9sz\u00fclt Aujeszky-betegs\u00e9g elleni vakcina tette ismertt\u00e9 vil\u00e1gszerte. Haz\u00e1nk legeredm\u00e9nyesebb gyakorlati virol\u00f3gusa volt. 1957-ben \u0151 vezette be a sejtteny\u00e9szt\u00e9st az \u00e1llatorvosi virol\u00f3gi\u00e1ba. Virol\u00f3giai \u00e9s szerol\u00f3giai m\u00f3dszereivel \u00faj v\u00edrust\u00f6rzseket fedezett fel, betegs\u00e9geket azonos\u00edtott \u00e9s vakcin\u00e1kat fejlesztett ki. Kor\u00e1t megel\u0151z\u0151 kutat\u00f3 volt,","og_url":"https:\/\/univet.hu\/pantheon\/dr-bartha-adorjan-1923-1996\/","og_site_name":"Neves \u00e1llatorvosaink","article_modified_time":"2025-01-10T19:26:28+00:00","og_image":[{"url":"https:\/\/univet.hu\/wp-content\/uploads\/2020\/02\/barthaadorjan-1-320x320.jpg","type":"","width":"","height":""}],"twitter_card":"summary_large_image","twitter_misc":{"Becs\u00fclt olvas\u00e1si id\u0151":"2 perc"},"schema":{"@context":"https:\/\/schema.org","@graph":[{"@type":"WebPage","@id":"https:\/\/univet.hu\/pantheon\/dr-bartha-adorjan-1923-1996\/","url":"https:\/\/univet.hu\/pantheon\/dr-bartha-adorjan-1923-1996\/","name":"Dr. Bartha Adorj\u00e1n (1923 - 1996) - Neves \u00e1llatorvosaink","isPartOf":{"@id":"https:\/\/univet.hu\/pantheon\/de\/#website"},"primaryImageOfPage":{"@id":"https:\/\/univet.hu\/pantheon\/dr-bartha-adorjan-1923-1996\/#primaryimage"},"image":{"@id":"https:\/\/univet.hu\/pantheon\/dr-bartha-adorjan-1923-1996\/#primaryimage"},"thumbnailUrl":"https:\/\/univet.hu\/wp-content\/uploads\/2020\/02\/barthaadorjan-1-320x320.jpg","datePublished":"2020-06-04T08:24:32+00:00","dateModified":"2025-01-10T19:26:28+00:00","breadcrumb":{"@id":"https:\/\/univet.hu\/pantheon\/dr-bartha-adorjan-1923-1996\/#breadcrumb"},"inLanguage":"hu","potentialAction":[{"@type":"ReadAction","target":["https:\/\/univet.hu\/pantheon\/dr-bartha-adorjan-1923-1996\/"]}]},{"@type":"ImageObject","inLanguage":"hu","@id":"https:\/\/univet.hu\/pantheon\/dr-bartha-adorjan-1923-1996\/#primaryimage","url":"https:\/\/univet.hu\/wp-content\/uploads\/2020\/02\/barthaadorjan-1-320x320.jpg","contentUrl":"https:\/\/univet.hu\/wp-content\/uploads\/2020\/02\/barthaadorjan-1-320x320.jpg"},{"@type":"BreadcrumbList","@id":"https:\/\/univet.hu\/pantheon\/dr-bartha-adorjan-1923-1996\/#breadcrumb","itemListElement":[{"@type":"ListItem","position":1,"name":"Kezd\u0151lap","item":"https:\/\/univet.hu\/pantheon\/"},{"@type":"ListItem","position":2,"name":"Dr. Bartha Adorj\u00e1n (1923 &#8211; 1996)"}]},{"@type":"WebSite","@id":"https:\/\/univet.hu\/pantheon\/de\/#website","url":"https:\/\/univet.hu\/pantheon\/de\/","name":"Our renowned veterinarians","description":"","potentialAction":[{"@type":"SearchAction","target":{"@type":"EntryPoint","urlTemplate":"https:\/\/univet.hu\/pantheon\/de\/?s={search_term_string}"},"query-input":{"@type":"PropertyValueSpecification","valueRequired":true,"valueName":"search_term_string"}}],"inLanguage":"hu"}]}},"_links":{"self":[{"href":"https:\/\/univet.hu\/pantheon\/wp-json\/wp\/v2\/pages\/55275","targetHints":{"allow":["GET"]}}],"collection":[{"href":"https:\/\/univet.hu\/pantheon\/wp-json\/wp\/v2\/pages"}],"about":[{"href":"https:\/\/univet.hu\/pantheon\/wp-json\/wp\/v2\/types\/page"}],"author":[{"embeddable":true,"href":"https:\/\/univet.hu\/pantheon\/wp-json\/wp\/v2\/users\/4844"}],"replies":[{"embeddable":true,"href":"https:\/\/univet.hu\/pantheon\/wp-json\/wp\/v2\/comments?post=55275"}],"version-history":[{"count":1,"href":"https:\/\/univet.hu\/pantheon\/wp-json\/wp\/v2\/pages\/55275\/revisions"}],"predecessor-version":[{"id":103539,"href":"https:\/\/univet.hu\/pantheon\/wp-json\/wp\/v2\/pages\/55275\/revisions\/103539"}],"wp:attachment":[{"href":"https:\/\/univet.hu\/pantheon\/wp-json\/wp\/v2\/media?parent=55275"}],"wp:term":[{"taxonomy":"category","embeddable":true,"href":"https:\/\/univet.hu\/pantheon\/wp-json\/wp\/v2\/categories?post=55275"},{"taxonomy":"post_tag","embeddable":true,"href":"https:\/\/univet.hu\/pantheon\/wp-json\/wp\/v2\/tags?post=55275"}],"curies":[{"name":"wp","href":"https:\/\/api.w.org\/{rel}","templated":true}]}}