{"id":55277,"date":"2020-06-04T10:34:56","date_gmt":"2020-06-04T08:34:56","guid":{"rendered":"https:\/\/univet.hu\/?page_id=55277"},"modified":"2025-01-10T21:17:04","modified_gmt":"2025-01-10T20:17:04","slug":"dr-szent-ivanyi-tamas-1920-1991","status":"publish","type":"page","link":"https:\/\/univet.hu\/pantheon\/dr-szent-ivanyi-tamas-1920-1991\/","title":{"rendered":"Dr. Szent-Iv\u00e1nyi Tam\u00e1s (1920 &#8211; 1991)"},"content":{"rendered":"<p><a href=\"https:\/\/univet.hu\/pantheon\/wp-content\/uploads\/sites\/3\/2020\/02\/szentivanyi.jpg\"><img loading=\"lazy\" decoding=\"async\" class=\"alignleft wp-image-49700 size-thumbnail\" src=\"https:\/\/univet.hu\/pantheon\/wp-content\/uploads\/sites\/3\/2020\/02\/szentivanyi-150x150.jpg\" alt=\"\" width=\"150\" height=\"150\" \/><\/a>Dr. Szent-Iv\u00e1nyi Tam\u00e1s 1920. november 2-\u00e1n sz\u00fcletett a H\u00e1romsz\u00e9k megyei Szentiv\u00e1nlaborfalv\u00e1n \u00e9s 1991-ben hunyt el Budapesten. Miut\u00e1n Kolozsv\u00e1rott a Gazdas\u00e1gi Akad\u00e9mi\u00e1t elv\u00e9gezte, 1946-ban szerzett \u00e1llatorvosi diplom\u00e1t egyetem\u00fcnk\u00f6n. V\u00e9gz\u00e9s ut\u00e1n az egyetem \u00c1llatteny\u00e9szt\u00e9si Tansz\u00e9k\u00e9n, majd a Benedek-f\u00e9le Sz\u00e9rumtermel\u0151 Int\u00e9zetben \u00e9s a Phylaxia \u00c1llami Olt\u00f3anyag-termel\u0151 Int\u00e9zetben dolgozott. Manninger Rezs\u0151 professzor h\u00edv\u00e1s\u00e1ra 1950-ben ker\u00fclt a J\u00e1rv\u00e1nytani Tansz\u00e9kre, ahol egyetemi adjunktusk\u00e9nt, tudom\u00e1nyos f\u0151munkat\u00e1rsk\u00e9nt, majd 1985-ban t\u00f6rt\u00e9nt nyugd\u00edjba menetel\u00e9ig egyetemi tan\u00e1rk\u00e9nt dolgozott, \u00e9s 1976-t\u00f3l 1985-ig a tansz\u00e9k vezet\u0151je volt. A Magyar Tudom\u00e1nyos Akad\u00e9mia 1973-ban levelez\u0151, 1979-ben pedig rendes tagj\u00e1v\u00e1 v\u00e1lasztotta. 1970 \u00e9s 1975 k\u00f6z\u00f6tt az ENSZ Mez\u0151gazdas\u00e1gi \u00e9s \u00c9lelmez\u00e9s-eg\u00e9szs\u00e9g\u00fcgyi Szervezet\u00e9ben az \u00e1llateg\u00e9szs\u00e9g\u00fcgyi oszt\u00e1ly helyettes vezet\u0151jek\u00e9nt a fert\u0151z\u0151 betegs\u00e9gek szakreferense volt, sz\u00e9lesk\u00f6r\u0171 nemzetk\u00f6zi tapasztalatait k\u00e9s\u0151bb az oktat\u00e1sban nagyon j\u00f3l tudta hasznos\u00edtani. Kutat\u00f3munk\u00e1ja a bakt\u00e9riumok \u00e9s a v\u00edrusok okozta betegs\u00e9gek sz\u00e9les k\u00f6r\u00e9re kiterjedt.<\/p> <p>Dr. Szent-Iv\u00e1nyi Tam\u00e1sr\u00f3l sokf\u00e9le eml\u00e9ket \u0151riz a hazai \u00e1llatorvosi kar. Egykori hallgat\u00f3i a kiv\u00e1l\u00f3, j\u00f3l felk\u00e9sz\u00fclt, ig\u00e9nyes el\u0151ad\u00f3ra, a gyakorl\u00f3 koll\u00e9g\u00e1k a seg\u00edt\u0151k\u00e9sz diagnosztikai szakemberre, a megyei tov\u00e1bbk\u00e9pz\u00e9sek rendszeres el\u0151ad\u00f3j\u00e1ra, az ifjabb koroszt\u00e1lyok a j\u00f3 toll\u00fa szakk\u00f6nyvszerz\u0151re, a munkat\u00e1rsai pedig a prec\u00edz kutat\u00f3ra, az egyenes koll\u00e9g\u00e1ra \u00e9s tansz\u00e9kvezet\u0151re eml\u00e9keznek. J\u00f3l fel\u00e9p\u00edtett, rendezett szerkezet\u0171 el\u0151ad\u00e1sait, nemcsak alapos, m\u00e9ly szakmai ismeretei, szem\u00e9lyes tapasztalatai jellemezt\u00e9k, hanem hum\u00e1n m\u0171velts\u00e9ge, irodalmi, t\u00f6rt\u00e9nelmi, f\u00f6ldrajzi, n\u00e9prajzi \u00e9s zenei j\u00e1rtass\u00e1ga is. Dr. Szent-Iv\u00e1nyi Tam\u00e1s emberi tulajdons\u00e1gai alapj\u00e1n is p\u00e9ldak\u00e9p volt. A t\u00f6rt\u00e9nelem \u00e1ltal r\u00e1m\u00e9rt megpr\u00f3b\u00e1ltat\u00e1sokat ismereteinek folyamatos b\u0151v\u00edt\u00e9s\u00e9vel, m\u0171vel\u0151d\u00e9ssel, valamint intenz\u00edv munkav\u00e9gz\u00e9ssel viselte, mutatva, hogy csak az \u00f6r\u00f6k emberi \u00e9rt\u00e9kekre figyelve, egyenesen \u00e9s tisztess\u00e9gesen \u00e9rdemes \u00e9lni \u00e9s dolgozni. Kiemelked\u0151 tud\u00e1sa, sz\u00e9les hazai \u00e9s nemzetk\u00f6zi elismerts\u00e9ge ellen\u00e9re megmaradt szer\u00e9ny egy\u00e9nis\u00e9ge \u00e9s k\u00f6zvetlens\u00e9ge.<\/p>","protected":false},"excerpt":{"rendered":"<p>Dr. Szent-Iv\u00e1nyi Tam\u00e1s 1920. november 2-\u00e1n sz\u00fcletett a H\u00e1romsz\u00e9k megyei Szentiv\u00e1nlaborfalv\u00e1n \u00e9s 1991-ben hunyt el Budapesten. Miut\u00e1n Kolozsv\u00e1rott a Gazdas\u00e1gi Akad\u00e9mi\u00e1t elv\u00e9gezte, 1946-ban szerzett \u00e1llatorvosi diplom\u00e1t egyetem\u00fcnk\u00f6n. V\u00e9gz\u00e9s ut\u00e1n az egyetem \u00c1llatteny\u00e9szt\u00e9si Tansz\u00e9k\u00e9n, majd a Benedek-f\u00e9le Sz\u00e9rumtermel\u0151 Int\u00e9zetben \u00e9s a Phylaxia \u00c1llami Olt\u00f3anyag-termel\u0151 Int\u00e9zetben dolgozott. Manninger Rezs\u0151 professzor h\u00edv\u00e1s\u00e1ra 1950-ben ker\u00fclt a J\u00e1rv\u00e1nytani Tansz\u00e9kre, ahol<\/p>\n","protected":false},"author":4844,"featured_media":0,"parent":0,"menu_order":7,"comment_status":"closed","ping_status":"closed","template":"","meta":{"_acf_changed":false,"footnotes":""},"categories":[],"tags":[],"class_list":["post-55277","page","type-page","status-publish","hentry"],"acf":[],"yoast_head":"<!-- This site is optimized with the Yoast SEO plugin v27.2 - https:\/\/yoast.com\/product\/yoast-seo-wordpress\/ -->\n<title>Dr. Szent-Iv\u00e1nyi Tam\u00e1s (1920 - 1991) - Neves \u00e1llatorvosaink<\/title>\n<meta name=\"robots\" content=\"index, follow, max-snippet:-1, max-image-preview:large, max-video-preview:-1\" \/>\n<link rel=\"canonical\" href=\"https:\/\/univet.hu\/pantheon\/dr-szent-ivanyi-tamas-1920-1991\/\" \/>\n<meta property=\"og:locale\" content=\"hu_HU\" \/>\n<meta property=\"og:type\" content=\"article\" \/>\n<meta property=\"og:title\" content=\"Dr. Szent-Iv\u00e1nyi Tam\u00e1s (1920 - 1991) - Neves \u00e1llatorvosaink\" \/>\n<meta property=\"og:description\" content=\"Dr. Szent-Iv\u00e1nyi Tam\u00e1s 1920. november 2-\u00e1n sz\u00fcletett a H\u00e1romsz\u00e9k megyei Szentiv\u00e1nlaborfalv\u00e1n \u00e9s 1991-ben hunyt el Budapesten. Miut\u00e1n Kolozsv\u00e1rott a Gazdas\u00e1gi Akad\u00e9mi\u00e1t elv\u00e9gezte, 1946-ban szerzett \u00e1llatorvosi diplom\u00e1t egyetem\u00fcnk\u00f6n. V\u00e9gz\u00e9s ut\u00e1n az egyetem \u00c1llatteny\u00e9szt\u00e9si Tansz\u00e9k\u00e9n, majd a Benedek-f\u00e9le Sz\u00e9rumtermel\u0151 Int\u00e9zetben \u00e9s a Phylaxia \u00c1llami Olt\u00f3anyag-termel\u0151 Int\u00e9zetben dolgozott. Manninger Rezs\u0151 professzor h\u00edv\u00e1s\u00e1ra 1950-ben ker\u00fclt a J\u00e1rv\u00e1nytani Tansz\u00e9kre, ahol\" \/>\n<meta property=\"og:url\" content=\"https:\/\/univet.hu\/pantheon\/dr-szent-ivanyi-tamas-1920-1991\/\" \/>\n<meta property=\"og:site_name\" content=\"Neves \u00e1llatorvosaink\" \/>\n<meta property=\"article:modified_time\" content=\"2025-01-10T20:17:04+00:00\" \/>\n<meta property=\"og:image\" content=\"https:\/\/univet.hu\/pantheon\/wp-content\/uploads\/sites\/3\/2020\/02\/szentivanyi-150x150.jpg\" \/>\n<meta name=\"twitter:card\" content=\"summary_large_image\" \/>\n<meta name=\"twitter:label1\" content=\"Becs\u00fclt olvas\u00e1si id\u0151\" \/>\n\t<meta name=\"twitter:data1\" content=\"2 perc\" \/>\n<script type=\"application\/ld+json\" class=\"yoast-schema-graph\">{\"@context\":\"https:\/\/schema.org\",\"@graph\":[{\"@type\":\"WebPage\",\"@id\":\"https:\/\/univet.hu\/pantheon\/dr-szent-ivanyi-tamas-1920-1991\/\",\"url\":\"https:\/\/univet.hu\/pantheon\/dr-szent-ivanyi-tamas-1920-1991\/\",\"name\":\"Dr. Szent-Iv\u00e1nyi Tam\u00e1s (1920 - 1991) - Neves \u00e1llatorvosaink\",\"isPartOf\":{\"@id\":\"https:\/\/univet.hu\/pantheon\/de\/#website\"},\"primaryImageOfPage\":{\"@id\":\"https:\/\/univet.hu\/pantheon\/dr-szent-ivanyi-tamas-1920-1991\/#primaryimage\"},\"image\":{\"@id\":\"https:\/\/univet.hu\/pantheon\/dr-szent-ivanyi-tamas-1920-1991\/#primaryimage\"},\"thumbnailUrl\":\"https:\/\/univet.hu\/pantheon\/wp-content\/uploads\/sites\/3\/2020\/02\/szentivanyi-150x150.jpg\",\"datePublished\":\"2020-06-04T08:34:56+00:00\",\"dateModified\":\"2025-01-10T20:17:04+00:00\",\"breadcrumb\":{\"@id\":\"https:\/\/univet.hu\/pantheon\/dr-szent-ivanyi-tamas-1920-1991\/#breadcrumb\"},\"inLanguage\":\"hu\",\"potentialAction\":[{\"@type\":\"ReadAction\",\"target\":[\"https:\/\/univet.hu\/pantheon\/dr-szent-ivanyi-tamas-1920-1991\/\"]}]},{\"@type\":\"ImageObject\",\"inLanguage\":\"hu\",\"@id\":\"https:\/\/univet.hu\/pantheon\/dr-szent-ivanyi-tamas-1920-1991\/#primaryimage\",\"url\":\"https:\/\/univet.hu\/pantheon\/wp-content\/uploads\/sites\/3\/2020\/02\/szentivanyi.jpg\",\"contentUrl\":\"https:\/\/univet.hu\/pantheon\/wp-content\/uploads\/sites\/3\/2020\/02\/szentivanyi.jpg\",\"width\":300,\"height\":387},{\"@type\":\"BreadcrumbList\",\"@id\":\"https:\/\/univet.hu\/pantheon\/dr-szent-ivanyi-tamas-1920-1991\/#breadcrumb\",\"itemListElement\":[{\"@type\":\"ListItem\",\"position\":1,\"name\":\"Kezd\u0151lap\",\"item\":\"https:\/\/univet.hu\/pantheon\/\"},{\"@type\":\"ListItem\",\"position\":2,\"name\":\"Dr. Szent-Iv\u00e1nyi Tam\u00e1s (1920 &#8211; 1991)\"}]},{\"@type\":\"WebSite\",\"@id\":\"https:\/\/univet.hu\/pantheon\/de\/#website\",\"url\":\"https:\/\/univet.hu\/pantheon\/de\/\",\"name\":\"Our renowned veterinarians\",\"description\":\"\",\"potentialAction\":[{\"@type\":\"SearchAction\",\"target\":{\"@type\":\"EntryPoint\",\"urlTemplate\":\"https:\/\/univet.hu\/pantheon\/de\/?s={search_term_string}\"},\"query-input\":{\"@type\":\"PropertyValueSpecification\",\"valueRequired\":true,\"valueName\":\"search_term_string\"}}],\"inLanguage\":\"hu\"}]}<\/script>\n<!-- \/ Yoast SEO plugin. -->","yoast_head_json":{"title":"Dr. Szent-Iv\u00e1nyi Tam\u00e1s (1920 - 1991) - Neves \u00e1llatorvosaink","robots":{"index":"index","follow":"follow","max-snippet":"max-snippet:-1","max-image-preview":"max-image-preview:large","max-video-preview":"max-video-preview:-1"},"canonical":"https:\/\/univet.hu\/pantheon\/dr-szent-ivanyi-tamas-1920-1991\/","og_locale":"hu_HU","og_type":"article","og_title":"Dr. Szent-Iv\u00e1nyi Tam\u00e1s (1920 - 1991) - Neves \u00e1llatorvosaink","og_description":"Dr. Szent-Iv\u00e1nyi Tam\u00e1s 1920. november 2-\u00e1n sz\u00fcletett a H\u00e1romsz\u00e9k megyei Szentiv\u00e1nlaborfalv\u00e1n \u00e9s 1991-ben hunyt el Budapesten. Miut\u00e1n Kolozsv\u00e1rott a Gazdas\u00e1gi Akad\u00e9mi\u00e1t elv\u00e9gezte, 1946-ban szerzett \u00e1llatorvosi diplom\u00e1t egyetem\u00fcnk\u00f6n. V\u00e9gz\u00e9s ut\u00e1n az egyetem \u00c1llatteny\u00e9szt\u00e9si Tansz\u00e9k\u00e9n, majd a Benedek-f\u00e9le Sz\u00e9rumtermel\u0151 Int\u00e9zetben \u00e9s a Phylaxia \u00c1llami Olt\u00f3anyag-termel\u0151 Int\u00e9zetben dolgozott. Manninger Rezs\u0151 professzor h\u00edv\u00e1s\u00e1ra 1950-ben ker\u00fclt a J\u00e1rv\u00e1nytani Tansz\u00e9kre, ahol","og_url":"https:\/\/univet.hu\/pantheon\/dr-szent-ivanyi-tamas-1920-1991\/","og_site_name":"Neves \u00e1llatorvosaink","article_modified_time":"2025-01-10T20:17:04+00:00","og_image":[{"url":"https:\/\/univet.hu\/pantheon\/wp-content\/uploads\/sites\/3\/2020\/02\/szentivanyi-150x150.jpg","type":"","width":"","height":""}],"twitter_card":"summary_large_image","twitter_misc":{"Becs\u00fclt olvas\u00e1si id\u0151":"2 perc"},"schema":{"@context":"https:\/\/schema.org","@graph":[{"@type":"WebPage","@id":"https:\/\/univet.hu\/pantheon\/dr-szent-ivanyi-tamas-1920-1991\/","url":"https:\/\/univet.hu\/pantheon\/dr-szent-ivanyi-tamas-1920-1991\/","name":"Dr. Szent-Iv\u00e1nyi Tam\u00e1s (1920 - 1991) - Neves \u00e1llatorvosaink","isPartOf":{"@id":"https:\/\/univet.hu\/pantheon\/de\/#website"},"primaryImageOfPage":{"@id":"https:\/\/univet.hu\/pantheon\/dr-szent-ivanyi-tamas-1920-1991\/#primaryimage"},"image":{"@id":"https:\/\/univet.hu\/pantheon\/dr-szent-ivanyi-tamas-1920-1991\/#primaryimage"},"thumbnailUrl":"https:\/\/univet.hu\/pantheon\/wp-content\/uploads\/sites\/3\/2020\/02\/szentivanyi-150x150.jpg","datePublished":"2020-06-04T08:34:56+00:00","dateModified":"2025-01-10T20:17:04+00:00","breadcrumb":{"@id":"https:\/\/univet.hu\/pantheon\/dr-szent-ivanyi-tamas-1920-1991\/#breadcrumb"},"inLanguage":"hu","potentialAction":[{"@type":"ReadAction","target":["https:\/\/univet.hu\/pantheon\/dr-szent-ivanyi-tamas-1920-1991\/"]}]},{"@type":"ImageObject","inLanguage":"hu","@id":"https:\/\/univet.hu\/pantheon\/dr-szent-ivanyi-tamas-1920-1991\/#primaryimage","url":"https:\/\/univet.hu\/pantheon\/wp-content\/uploads\/sites\/3\/2020\/02\/szentivanyi.jpg","contentUrl":"https:\/\/univet.hu\/pantheon\/wp-content\/uploads\/sites\/3\/2020\/02\/szentivanyi.jpg","width":300,"height":387},{"@type":"BreadcrumbList","@id":"https:\/\/univet.hu\/pantheon\/dr-szent-ivanyi-tamas-1920-1991\/#breadcrumb","itemListElement":[{"@type":"ListItem","position":1,"name":"Kezd\u0151lap","item":"https:\/\/univet.hu\/pantheon\/"},{"@type":"ListItem","position":2,"name":"Dr. Szent-Iv\u00e1nyi Tam\u00e1s (1920 &#8211; 1991)"}]},{"@type":"WebSite","@id":"https:\/\/univet.hu\/pantheon\/de\/#website","url":"https:\/\/univet.hu\/pantheon\/de\/","name":"Our renowned veterinarians","description":"","potentialAction":[{"@type":"SearchAction","target":{"@type":"EntryPoint","urlTemplate":"https:\/\/univet.hu\/pantheon\/de\/?s={search_term_string}"},"query-input":{"@type":"PropertyValueSpecification","valueRequired":true,"valueName":"search_term_string"}}],"inLanguage":"hu"}]}},"_links":{"self":[{"href":"https:\/\/univet.hu\/pantheon\/wp-json\/wp\/v2\/pages\/55277","targetHints":{"allow":["GET"]}}],"collection":[{"href":"https:\/\/univet.hu\/pantheon\/wp-json\/wp\/v2\/pages"}],"about":[{"href":"https:\/\/univet.hu\/pantheon\/wp-json\/wp\/v2\/types\/page"}],"author":[{"embeddable":true,"href":"https:\/\/univet.hu\/pantheon\/wp-json\/wp\/v2\/users\/4844"}],"replies":[{"embeddable":true,"href":"https:\/\/univet.hu\/pantheon\/wp-json\/wp\/v2\/comments?post=55277"}],"version-history":[{"count":2,"href":"https:\/\/univet.hu\/pantheon\/wp-json\/wp\/v2\/pages\/55277\/revisions"}],"predecessor-version":[{"id":103704,"href":"https:\/\/univet.hu\/pantheon\/wp-json\/wp\/v2\/pages\/55277\/revisions\/103704"}],"wp:attachment":[{"href":"https:\/\/univet.hu\/pantheon\/wp-json\/wp\/v2\/media?parent=55277"}],"wp:term":[{"taxonomy":"category","embeddable":true,"href":"https:\/\/univet.hu\/pantheon\/wp-json\/wp\/v2\/categories?post=55277"},{"taxonomy":"post_tag","embeddable":true,"href":"https:\/\/univet.hu\/pantheon\/wp-json\/wp\/v2\/tags?post=55277"}],"curies":[{"name":"wp","href":"https:\/\/api.w.org\/{rel}","templated":true}]}}