{"id":69004,"date":"2021-10-20T08:55:56","date_gmt":"2021-10-20T06:55:56","guid":{"rendered":"https:\/\/univet.hu\/?page_id=69004"},"modified":"2025-01-10T20:26:26","modified_gmt":"2025-01-10T19:26:26","slug":"galambos-marton-1820-1872","status":"publish","type":"page","link":"https:\/\/univet.hu\/pantheon\/galambos-marton-1820-1872\/","title":{"rendered":"Galambos M\u00e1rton (1820 \u2013 1872)"},"content":{"rendered":"<p>Dr. Galambos M\u00e1rton, \u00e1llatorvos, seb\u00e9sz-, sz\u00fcl\u00e9szmester, b\u00f6lcs\u00e9sz- \u00e9s orvosdoktor, kilenc tant\u00e1rgy oktat\u00f3ja. A vil\u00e1gon els\u0151k\u00e9nt \u00e9szlelte a keleti marhav\u00e9sz \u00e1tterjed\u00e9s\u00e9t juhokra. Elhivatotts\u00e1ga, hazaszeretete p\u00e9lda\u00e9rt\u00e9k\u0171 az \u0151t k\u00f6vet\u0151 gener\u00e1ci\u00f3k sz\u00e1m\u00e1ra.<\/p>","protected":false},"excerpt":{"rendered":"<p>Dr. Galambos M\u00e1rton, \u00e1llatorvos, seb\u00e9sz-, sz\u00fcl\u00e9szmester, b\u00f6lcs\u00e9sz- \u00e9s orvosdoktor, kilenc tant\u00e1rgy oktat\u00f3ja. A vil\u00e1gon els\u0151k\u00e9nt \u00e9szlelte a keleti marhav\u00e9sz \u00e1tterjed\u00e9s\u00e9t juhokra. Elhivatotts\u00e1ga, hazaszeretete p\u00e9lda\u00e9rt\u00e9k\u0171 az \u0151t k\u00f6vet\u0151 gener\u00e1ci\u00f3k sz\u00e1m\u00e1ra.<\/p>\n","protected":false},"author":4844,"featured_media":0,"parent":0,"menu_order":0,"comment_status":"closed","ping_status":"closed","template":"","meta":{"_acf_changed":false,"footnotes":""},"categories":[],"tags":[],"class_list":["post-69004","page","type-page","status-publish","hentry"],"acf":[],"yoast_head":"<!-- This site is optimized with the Yoast SEO plugin v27.2 - https:\/\/yoast.com\/product\/yoast-seo-wordpress\/ -->\n<title>Galambos M\u00e1rton (1820 \u2013 1872) - Neves \u00e1llatorvosaink<\/title>\n<meta name=\"robots\" content=\"index, follow, max-snippet:-1, max-image-preview:large, max-video-preview:-1\" \/>\n<link rel=\"canonical\" href=\"https:\/\/univet.hu\/pantheon\/galambos-marton-1820-1872\/\" \/>\n<meta property=\"og:locale\" content=\"hu_HU\" \/>\n<meta property=\"og:type\" content=\"article\" \/>\n<meta property=\"og:title\" content=\"Galambos M\u00e1rton (1820 \u2013 1872) - Neves \u00e1llatorvosaink\" \/>\n<meta property=\"og:description\" content=\"Dr. Galambos M\u00e1rton, \u00e1llatorvos, seb\u00e9sz-, sz\u00fcl\u00e9szmester, b\u00f6lcs\u00e9sz- \u00e9s orvosdoktor, kilenc tant\u00e1rgy oktat\u00f3ja. A vil\u00e1gon els\u0151k\u00e9nt \u00e9szlelte a keleti marhav\u00e9sz \u00e1tterjed\u00e9s\u00e9t juhokra. Elhivatotts\u00e1ga, hazaszeretete p\u00e9lda\u00e9rt\u00e9k\u0171 az \u0151t k\u00f6vet\u0151 gener\u00e1ci\u00f3k sz\u00e1m\u00e1ra.\" \/>\n<meta property=\"og:url\" content=\"https:\/\/univet.hu\/pantheon\/galambos-marton-1820-1872\/\" \/>\n<meta property=\"og:site_name\" content=\"Neves \u00e1llatorvosaink\" \/>\n<meta property=\"article:modified_time\" content=\"2025-01-10T19:26:26+00:00\" \/>\n<meta name=\"twitter:card\" content=\"summary_large_image\" \/>\n<script type=\"application\/ld+json\" class=\"yoast-schema-graph\">{\"@context\":\"https:\/\/schema.org\",\"@graph\":[{\"@type\":\"WebPage\",\"@id\":\"https:\/\/univet.hu\/pantheon\/galambos-marton-1820-1872\/\",\"url\":\"https:\/\/univet.hu\/pantheon\/galambos-marton-1820-1872\/\",\"name\":\"Galambos M\u00e1rton (1820 \u2013 1872) - Neves \u00e1llatorvosaink\",\"isPartOf\":{\"@id\":\"https:\/\/univet.hu\/pantheon\/de\/#website\"},\"datePublished\":\"2021-10-20T06:55:56+00:00\",\"dateModified\":\"2025-01-10T19:26:26+00:00\",\"breadcrumb\":{\"@id\":\"https:\/\/univet.hu\/pantheon\/galambos-marton-1820-1872\/#breadcrumb\"},\"inLanguage\":\"hu\",\"potentialAction\":[{\"@type\":\"ReadAction\",\"target\":[\"https:\/\/univet.hu\/pantheon\/galambos-marton-1820-1872\/\"]}]},{\"@type\":\"BreadcrumbList\",\"@id\":\"https:\/\/univet.hu\/pantheon\/galambos-marton-1820-1872\/#breadcrumb\",\"itemListElement\":[{\"@type\":\"ListItem\",\"position\":1,\"name\":\"Kezd\u0151lap\",\"item\":\"https:\/\/univet.hu\/pantheon\/\"},{\"@type\":\"ListItem\",\"position\":2,\"name\":\"Galambos M\u00e1rton (1820 \u2013 1872)\"}]},{\"@type\":\"WebSite\",\"@id\":\"https:\/\/univet.hu\/pantheon\/de\/#website\",\"url\":\"https:\/\/univet.hu\/pantheon\/de\/\",\"name\":\"Our renowned veterinarians\",\"description\":\"\",\"potentialAction\":[{\"@type\":\"SearchAction\",\"target\":{\"@type\":\"EntryPoint\",\"urlTemplate\":\"https:\/\/univet.hu\/pantheon\/de\/?s={search_term_string}\"},\"query-input\":{\"@type\":\"PropertyValueSpecification\",\"valueRequired\":true,\"valueName\":\"search_term_string\"}}],\"inLanguage\":\"hu\"}]}<\/script>\n<!-- \/ Yoast SEO plugin. -->","yoast_head_json":{"title":"Galambos M\u00e1rton (1820 \u2013 1872) - Neves \u00e1llatorvosaink","robots":{"index":"index","follow":"follow","max-snippet":"max-snippet:-1","max-image-preview":"max-image-preview:large","max-video-preview":"max-video-preview:-1"},"canonical":"https:\/\/univet.hu\/pantheon\/galambos-marton-1820-1872\/","og_locale":"hu_HU","og_type":"article","og_title":"Galambos M\u00e1rton (1820 \u2013 1872) - Neves \u00e1llatorvosaink","og_description":"Dr. Galambos M\u00e1rton, \u00e1llatorvos, seb\u00e9sz-, sz\u00fcl\u00e9szmester, b\u00f6lcs\u00e9sz- \u00e9s orvosdoktor, kilenc tant\u00e1rgy oktat\u00f3ja. A vil\u00e1gon els\u0151k\u00e9nt \u00e9szlelte a keleti marhav\u00e9sz \u00e1tterjed\u00e9s\u00e9t juhokra. Elhivatotts\u00e1ga, hazaszeretete p\u00e9lda\u00e9rt\u00e9k\u0171 az \u0151t k\u00f6vet\u0151 gener\u00e1ci\u00f3k sz\u00e1m\u00e1ra.","og_url":"https:\/\/univet.hu\/pantheon\/galambos-marton-1820-1872\/","og_site_name":"Neves \u00e1llatorvosaink","article_modified_time":"2025-01-10T19:26:26+00:00","twitter_card":"summary_large_image","schema":{"@context":"https:\/\/schema.org","@graph":[{"@type":"WebPage","@id":"https:\/\/univet.hu\/pantheon\/galambos-marton-1820-1872\/","url":"https:\/\/univet.hu\/pantheon\/galambos-marton-1820-1872\/","name":"Galambos M\u00e1rton (1820 \u2013 1872) - Neves \u00e1llatorvosaink","isPartOf":{"@id":"https:\/\/univet.hu\/pantheon\/de\/#website"},"datePublished":"2021-10-20T06:55:56+00:00","dateModified":"2025-01-10T19:26:26+00:00","breadcrumb":{"@id":"https:\/\/univet.hu\/pantheon\/galambos-marton-1820-1872\/#breadcrumb"},"inLanguage":"hu","potentialAction":[{"@type":"ReadAction","target":["https:\/\/univet.hu\/pantheon\/galambos-marton-1820-1872\/"]}]},{"@type":"BreadcrumbList","@id":"https:\/\/univet.hu\/pantheon\/galambos-marton-1820-1872\/#breadcrumb","itemListElement":[{"@type":"ListItem","position":1,"name":"Kezd\u0151lap","item":"https:\/\/univet.hu\/pantheon\/"},{"@type":"ListItem","position":2,"name":"Galambos M\u00e1rton (1820 \u2013 1872)"}]},{"@type":"WebSite","@id":"https:\/\/univet.hu\/pantheon\/de\/#website","url":"https:\/\/univet.hu\/pantheon\/de\/","name":"Our renowned veterinarians","description":"","potentialAction":[{"@type":"SearchAction","target":{"@type":"EntryPoint","urlTemplate":"https:\/\/univet.hu\/pantheon\/de\/?s={search_term_string}"},"query-input":{"@type":"PropertyValueSpecification","valueRequired":true,"valueName":"search_term_string"}}],"inLanguage":"hu"}]}},"_links":{"self":[{"href":"https:\/\/univet.hu\/pantheon\/wp-json\/wp\/v2\/pages\/69004","targetHints":{"allow":["GET"]}}],"collection":[{"href":"https:\/\/univet.hu\/pantheon\/wp-json\/wp\/v2\/pages"}],"about":[{"href":"https:\/\/univet.hu\/pantheon\/wp-json\/wp\/v2\/types\/page"}],"author":[{"embeddable":true,"href":"https:\/\/univet.hu\/pantheon\/wp-json\/wp\/v2\/users\/4844"}],"replies":[{"embeddable":true,"href":"https:\/\/univet.hu\/pantheon\/wp-json\/wp\/v2\/comments?post=69004"}],"version-history":[{"count":1,"href":"https:\/\/univet.hu\/pantheon\/wp-json\/wp\/v2\/pages\/69004\/revisions"}],"predecessor-version":[{"id":103523,"href":"https:\/\/univet.hu\/pantheon\/wp-json\/wp\/v2\/pages\/69004\/revisions\/103523"}],"wp:attachment":[{"href":"https:\/\/univet.hu\/pantheon\/wp-json\/wp\/v2\/media?parent=69004"}],"wp:term":[{"taxonomy":"category","embeddable":true,"href":"https:\/\/univet.hu\/pantheon\/wp-json\/wp\/v2\/categories?post=69004"},{"taxonomy":"post_tag","embeddable":true,"href":"https:\/\/univet.hu\/pantheon\/wp-json\/wp\/v2\/tags?post=69004"}],"curies":[{"name":"wp","href":"https:\/\/api.w.org\/{rel}","templated":true}]}}