{"id":84544,"date":"2023-03-16T09:19:52","date_gmt":"2023-03-16T08:19:52","guid":{"rendered":"https:\/\/univet.hu\/?page_id=84544"},"modified":"2025-01-10T20:26:26","modified_gmt":"2025-01-10T19:26:26","slug":"komar-gyula-1904-1968","status":"publish","type":"page","link":"https:\/\/univet.hu\/pantheon\/komar-gyula-1904-1968\/","title":{"rendered":"K\u00f3m\u00e1r Gyula (1904 \u2013 1968)"},"content":{"rendered":"<p>1948 \u00e9s 1957 k\u00f6z\u00f6tt az \u00c1llatorvostudom\u00e1nyi F\u0151iskola Seb\u00e9szeti \u00e9s Szem\u00e9szeti Tansz\u00e9k\u00e9nek vezet\u0151je, az \u00e1llatorvosi seb\u00e9szet \u00e9s szem\u00e9szet kiv\u00e1l\u00f3 oktat\u00f3ja, m\u0171vel\u0151je, szak\u00edr\u00f3ja, seb\u00e9szeti \u00e9s szem\u00e9szeti tank\u00f6nyvek szerz\u0151je.<\/p> <p>Az 1956-os forradalom ut\u00e1n tansz\u00e9k\u00e9r\u0151l elt\u00e1vol\u00edtott\u00e1k, de ezut\u00e1n is hivat\u00e1s\u00e1nak t\u00f6retlen\u00fcl elk\u00f6telezett m\u0171vel\u0151je maradt.<\/p>","protected":false},"excerpt":{"rendered":"<p>1948 \u00e9s 1957 k\u00f6z\u00f6tt az \u00c1llatorvostudom\u00e1nyi F\u0151iskola Seb\u00e9szeti \u00e9s Szem\u00e9szeti Tansz\u00e9k\u00e9nek vezet\u0151je, az \u00e1llatorvosi seb\u00e9szet \u00e9s szem\u00e9szet kiv\u00e1l\u00f3 oktat\u00f3ja, m\u0171vel\u0151je, szak\u00edr\u00f3ja, seb\u00e9szeti \u00e9s szem\u00e9szeti tank\u00f6nyvek szerz\u0151je. Az 1956-os forradalom ut\u00e1n tansz\u00e9k\u00e9r\u0151l elt\u00e1vol\u00edtott\u00e1k, de ezut\u00e1n is hivat\u00e1s\u00e1nak t\u00f6retlen\u00fcl elk\u00f6telezett m\u0171vel\u0151je maradt.<\/p>\n","protected":false},"author":4844,"featured_media":0,"parent":0,"menu_order":0,"comment_status":"closed","ping_status":"closed","template":"","meta":{"_acf_changed":false,"footnotes":""},"categories":[],"tags":[],"class_list":["post-84544","page","type-page","status-publish","hentry"],"acf":[],"yoast_head":"<!-- This site is optimized with the Yoast SEO plugin v27.2 - https:\/\/yoast.com\/product\/yoast-seo-wordpress\/ -->\n<title>K\u00f3m\u00e1r Gyula (1904 \u2013 1968) - Neves \u00e1llatorvosaink<\/title>\n<meta name=\"robots\" content=\"index, follow, max-snippet:-1, max-image-preview:large, max-video-preview:-1\" \/>\n<link rel=\"canonical\" href=\"https:\/\/univet.hu\/pantheon\/komar-gyula-1904-1968\/\" \/>\n<meta property=\"og:locale\" content=\"hu_HU\" \/>\n<meta property=\"og:type\" content=\"article\" \/>\n<meta property=\"og:title\" content=\"K\u00f3m\u00e1r Gyula (1904 \u2013 1968) - Neves \u00e1llatorvosaink\" \/>\n<meta property=\"og:description\" content=\"1948 \u00e9s 1957 k\u00f6z\u00f6tt az \u00c1llatorvostudom\u00e1nyi F\u0151iskola Seb\u00e9szeti \u00e9s Szem\u00e9szeti Tansz\u00e9k\u00e9nek vezet\u0151je, az \u00e1llatorvosi seb\u00e9szet \u00e9s szem\u00e9szet kiv\u00e1l\u00f3 oktat\u00f3ja, m\u0171vel\u0151je, szak\u00edr\u00f3ja, seb\u00e9szeti \u00e9s szem\u00e9szeti tank\u00f6nyvek szerz\u0151je. Az 1956-os forradalom ut\u00e1n tansz\u00e9k\u00e9r\u0151l elt\u00e1vol\u00edtott\u00e1k, de ezut\u00e1n is hivat\u00e1s\u00e1nak t\u00f6retlen\u00fcl elk\u00f6telezett m\u0171vel\u0151je maradt.\" \/>\n<meta property=\"og:url\" content=\"https:\/\/univet.hu\/pantheon\/komar-gyula-1904-1968\/\" \/>\n<meta property=\"og:site_name\" content=\"Neves \u00e1llatorvosaink\" \/>\n<meta property=\"article:modified_time\" content=\"2025-01-10T19:26:26+00:00\" \/>\n<meta name=\"twitter:card\" content=\"summary_large_image\" \/>\n<script type=\"application\/ld+json\" class=\"yoast-schema-graph\">{\"@context\":\"https:\/\/schema.org\",\"@graph\":[{\"@type\":\"WebPage\",\"@id\":\"https:\/\/univet.hu\/pantheon\/komar-gyula-1904-1968\/\",\"url\":\"https:\/\/univet.hu\/pantheon\/komar-gyula-1904-1968\/\",\"name\":\"K\u00f3m\u00e1r Gyula (1904 \u2013 1968) - Neves \u00e1llatorvosaink\",\"isPartOf\":{\"@id\":\"https:\/\/univet.hu\/pantheon\/de\/#website\"},\"datePublished\":\"2023-03-16T08:19:52+00:00\",\"dateModified\":\"2025-01-10T19:26:26+00:00\",\"breadcrumb\":{\"@id\":\"https:\/\/univet.hu\/pantheon\/komar-gyula-1904-1968\/#breadcrumb\"},\"inLanguage\":\"hu\",\"potentialAction\":[{\"@type\":\"ReadAction\",\"target\":[\"https:\/\/univet.hu\/pantheon\/komar-gyula-1904-1968\/\"]}]},{\"@type\":\"BreadcrumbList\",\"@id\":\"https:\/\/univet.hu\/pantheon\/komar-gyula-1904-1968\/#breadcrumb\",\"itemListElement\":[{\"@type\":\"ListItem\",\"position\":1,\"name\":\"Kezd\u0151lap\",\"item\":\"https:\/\/univet.hu\/pantheon\/\"},{\"@type\":\"ListItem\",\"position\":2,\"name\":\"K\u00f3m\u00e1r Gyula (1904 \u2013 1968)\"}]},{\"@type\":\"WebSite\",\"@id\":\"https:\/\/univet.hu\/pantheon\/de\/#website\",\"url\":\"https:\/\/univet.hu\/pantheon\/de\/\",\"name\":\"Our renowned veterinarians\",\"description\":\"\",\"potentialAction\":[{\"@type\":\"SearchAction\",\"target\":{\"@type\":\"EntryPoint\",\"urlTemplate\":\"https:\/\/univet.hu\/pantheon\/de\/?s={search_term_string}\"},\"query-input\":{\"@type\":\"PropertyValueSpecification\",\"valueRequired\":true,\"valueName\":\"search_term_string\"}}],\"inLanguage\":\"hu\"}]}<\/script>\n<!-- \/ Yoast SEO plugin. -->","yoast_head_json":{"title":"K\u00f3m\u00e1r Gyula (1904 \u2013 1968) - Neves \u00e1llatorvosaink","robots":{"index":"index","follow":"follow","max-snippet":"max-snippet:-1","max-image-preview":"max-image-preview:large","max-video-preview":"max-video-preview:-1"},"canonical":"https:\/\/univet.hu\/pantheon\/komar-gyula-1904-1968\/","og_locale":"hu_HU","og_type":"article","og_title":"K\u00f3m\u00e1r Gyula (1904 \u2013 1968) - Neves \u00e1llatorvosaink","og_description":"1948 \u00e9s 1957 k\u00f6z\u00f6tt az \u00c1llatorvostudom\u00e1nyi F\u0151iskola Seb\u00e9szeti \u00e9s Szem\u00e9szeti Tansz\u00e9k\u00e9nek vezet\u0151je, az \u00e1llatorvosi seb\u00e9szet \u00e9s szem\u00e9szet kiv\u00e1l\u00f3 oktat\u00f3ja, m\u0171vel\u0151je, szak\u00edr\u00f3ja, seb\u00e9szeti \u00e9s szem\u00e9szeti tank\u00f6nyvek szerz\u0151je. Az 1956-os forradalom ut\u00e1n tansz\u00e9k\u00e9r\u0151l elt\u00e1vol\u00edtott\u00e1k, de ezut\u00e1n is hivat\u00e1s\u00e1nak t\u00f6retlen\u00fcl elk\u00f6telezett m\u0171vel\u0151je maradt.","og_url":"https:\/\/univet.hu\/pantheon\/komar-gyula-1904-1968\/","og_site_name":"Neves \u00e1llatorvosaink","article_modified_time":"2025-01-10T19:26:26+00:00","twitter_card":"summary_large_image","schema":{"@context":"https:\/\/schema.org","@graph":[{"@type":"WebPage","@id":"https:\/\/univet.hu\/pantheon\/komar-gyula-1904-1968\/","url":"https:\/\/univet.hu\/pantheon\/komar-gyula-1904-1968\/","name":"K\u00f3m\u00e1r Gyula (1904 \u2013 1968) - Neves \u00e1llatorvosaink","isPartOf":{"@id":"https:\/\/univet.hu\/pantheon\/de\/#website"},"datePublished":"2023-03-16T08:19:52+00:00","dateModified":"2025-01-10T19:26:26+00:00","breadcrumb":{"@id":"https:\/\/univet.hu\/pantheon\/komar-gyula-1904-1968\/#breadcrumb"},"inLanguage":"hu","potentialAction":[{"@type":"ReadAction","target":["https:\/\/univet.hu\/pantheon\/komar-gyula-1904-1968\/"]}]},{"@type":"BreadcrumbList","@id":"https:\/\/univet.hu\/pantheon\/komar-gyula-1904-1968\/#breadcrumb","itemListElement":[{"@type":"ListItem","position":1,"name":"Kezd\u0151lap","item":"https:\/\/univet.hu\/pantheon\/"},{"@type":"ListItem","position":2,"name":"K\u00f3m\u00e1r Gyula (1904 \u2013 1968)"}]},{"@type":"WebSite","@id":"https:\/\/univet.hu\/pantheon\/de\/#website","url":"https:\/\/univet.hu\/pantheon\/de\/","name":"Our renowned veterinarians","description":"","potentialAction":[{"@type":"SearchAction","target":{"@type":"EntryPoint","urlTemplate":"https:\/\/univet.hu\/pantheon\/de\/?s={search_term_string}"},"query-input":{"@type":"PropertyValueSpecification","valueRequired":true,"valueName":"search_term_string"}}],"inLanguage":"hu"}]}},"_links":{"self":[{"href":"https:\/\/univet.hu\/pantheon\/wp-json\/wp\/v2\/pages\/84544","targetHints":{"allow":["GET"]}}],"collection":[{"href":"https:\/\/univet.hu\/pantheon\/wp-json\/wp\/v2\/pages"}],"about":[{"href":"https:\/\/univet.hu\/pantheon\/wp-json\/wp\/v2\/types\/page"}],"author":[{"embeddable":true,"href":"https:\/\/univet.hu\/pantheon\/wp-json\/wp\/v2\/users\/4844"}],"replies":[{"embeddable":true,"href":"https:\/\/univet.hu\/pantheon\/wp-json\/wp\/v2\/comments?post=84544"}],"version-history":[{"count":1,"href":"https:\/\/univet.hu\/pantheon\/wp-json\/wp\/v2\/pages\/84544\/revisions"}],"predecessor-version":[{"id":103529,"href":"https:\/\/univet.hu\/pantheon\/wp-json\/wp\/v2\/pages\/84544\/revisions\/103529"}],"wp:attachment":[{"href":"https:\/\/univet.hu\/pantheon\/wp-json\/wp\/v2\/media?parent=84544"}],"wp:term":[{"taxonomy":"category","embeddable":true,"href":"https:\/\/univet.hu\/pantheon\/wp-json\/wp\/v2\/categories?post=84544"},{"taxonomy":"post_tag","embeddable":true,"href":"https:\/\/univet.hu\/pantheon\/wp-json\/wp\/v2\/tags?post=84544"}],"curies":[{"name":"wp","href":"https:\/\/api.w.org\/{rel}","templated":true}]}}