{"id":25653,"date":"2018-09-21T19:30:07","date_gmt":"2018-09-21T17:30:07","guid":{"rendered":"http:\/\/univet.hu\/parasitologie\/zoologie\/"},"modified":"2025-04-16T21:14:57","modified_gmt":"2025-04-16T19:14:57","slug":"zoologie","status":"publish","type":"page","link":"https:\/\/univet.hu\/parazitologia\/de\/zoologie\/","title":{"rendered":"Zoologie"},"content":{"rendered":"<p>Hier finden Sie Informationen \u00fcber die Zoologie Vorlesungen f\u00fcr Veterin\u00e4rmedizinstudenten des ersten deutschen Studiengangs. Es ist empfehlenswert, die Vorlesungen (PDF Files) auf Ihren eigenen Computer herunterzuladen.<\/p> <p>Das Kolloquium in schriftlicher Form kann man im Pr\u00fcfungsperiode nach dem Semester ablegen. Ab 1. Dezember ist es m\u00f6glich, sich durch neptun.szie.hu anzumelden. Durchgefallene d\u00fcrfen am n\u00e4chsten Termin wiederholen, m\u00fcssen aber sich erneut elektronisch anmelden. Eine Wiederholung ist m\u00f6glich. Abmeldung ist bis 1 Werktag vor dem Pr\u00fcfungstermin m\u00f6glich. Jede Pr\u00fcfung findet sich im H\u00f6rsaal Physiologie statt.<\/p> <ul> <li><a href=\"https:\/\/univet.hu\/parazitologia\/wp-content\/uploads\/sites\/14\/2018\/09\/allattan-nemet.pdf\" data-replaced=\"true\" target=\"_blank\" rel=\"noopener\">Thematik der Vorlesungen 2017\/2018 \u00bb<\/a><\/li> <\/ul> <p>Mit freundlichen Gr\u00fcssen:<\/p> <p>Dr. G\u00e1bor F\u00f6ldv\u00e1ri, Ph.D.<br \/> E-mail: <a href=\"mailto:FoldvariGabor[PUT_AT_HERE]gmx.de\" data-replaced=\"true\" target=\"_blank\" rel=\"noopener\">FoldvariGabor[PUT_AT_HERE]gmx.de<\/a><\/p>","protected":false},"excerpt":{"rendered":"<p>Hier finden Sie Informationen \u00fcber die Zoologie Vorlesungen f\u00fcr Veterin\u00e4rmedizinstudenten des ersten deutschen Studiengangs. Es ist empfehlenswert, die Vorlesungen (PDF Files) auf Ihren eigenen Computer herunterzuladen. Das Kolloquium in schriftlicher Form kann man im Pr\u00fcfungsperiode nach dem Semester ablegen. Ab 1. Dezember ist es m\u00f6glich, sich durch neptun.szie.hu anzumelden. Durchgefallene d\u00fcrfen am n\u00e4chsten Termin wiederholen,<\/p>\n","protected":false},"author":3837,"featured_media":0,"parent":0,"menu_order":90,"comment_status":"closed","ping_status":"closed","template":"","meta":{"_acf_changed":false,"footnotes":""},"categories":[],"tags":[],"class_list":["post-25653","page","type-page","status-publish","hentry"],"acf":[],"yoast_head":"<!-- This site is optimized with the Yoast SEO plugin v27.2 - https:\/\/yoast.com\/product\/yoast-seo-wordpress\/ -->\n<title>Zoologie - Lehrstuhl f\u00fcr Parasitologie und Zoologie<\/title>\n<meta name=\"robots\" content=\"index, follow, max-snippet:-1, max-image-preview:large, max-video-preview:-1\" \/>\n<link rel=\"canonical\" href=\"https:\/\/univet.hu\/parazitologia\/de\/zoologie\/\" \/>\n<meta property=\"og:locale\" content=\"de_DE\" \/>\n<meta property=\"og:type\" content=\"article\" \/>\n<meta property=\"og:title\" content=\"Zoologie - Lehrstuhl f\u00fcr Parasitologie und Zoologie\" \/>\n<meta property=\"og:description\" content=\"Hier finden Sie Informationen \u00fcber die Zoologie Vorlesungen f\u00fcr Veterin\u00e4rmedizinstudenten des ersten deutschen Studiengangs. Es ist empfehlenswert, die Vorlesungen (PDF Files) auf Ihren eigenen Computer herunterzuladen. Das Kolloquium in schriftlicher Form kann man im Pr\u00fcfungsperiode nach dem Semester ablegen. Ab 1. Dezember ist es m\u00f6glich, sich durch neptun.szie.hu anzumelden. Durchgefallene d\u00fcrfen am n\u00e4chsten Termin wiederholen,\" \/>\n<meta property=\"og:url\" content=\"https:\/\/univet.hu\/parazitologia\/de\/zoologie\/\" \/>\n<meta property=\"og:site_name\" content=\"Lehrstuhl f\u00fcr Parasitologie und Zoologie\" \/>\n<meta property=\"article:modified_time\" content=\"2025-04-16T19:14:57+00:00\" \/>\n<meta name=\"twitter:card\" content=\"summary_large_image\" \/>\n<meta name=\"twitter:label1\" content=\"Gesch\u00e4tzte Lesezeit\" \/>\n\t<meta name=\"twitter:data1\" content=\"1\u00a0Minute\" \/>\n<script type=\"application\/ld+json\" class=\"yoast-schema-graph\">{\"@context\":\"https:\/\/schema.org\",\"@graph\":[{\"@type\":\"WebPage\",\"@id\":\"https:\/\/univet.hu\/parazitologia\/de\/zoologie\/\",\"url\":\"https:\/\/univet.hu\/parazitologia\/de\/zoologie\/\",\"name\":\"Zoologie - Lehrstuhl f\u00fcr Parasitologie und Zoologie\",\"isPartOf\":{\"@id\":\"https:\/\/univet.hu\/parazitologia\/#website\"},\"datePublished\":\"2018-09-21T17:30:07+00:00\",\"dateModified\":\"2025-04-16T19:14:57+00:00\",\"breadcrumb\":{\"@id\":\"https:\/\/univet.hu\/parazitologia\/de\/zoologie\/#breadcrumb\"},\"inLanguage\":\"de\",\"potentialAction\":[{\"@type\":\"ReadAction\",\"target\":[\"https:\/\/univet.hu\/parazitologia\/de\/zoologie\/\"]}]},{\"@type\":\"BreadcrumbList\",\"@id\":\"https:\/\/univet.hu\/parazitologia\/de\/zoologie\/#breadcrumb\",\"itemListElement\":[{\"@type\":\"ListItem\",\"position\":1,\"name\":\"Kezd\u0151lap\",\"item\":\"https:\/\/univet.hu\/parazitologia\/\"},{\"@type\":\"ListItem\",\"position\":2,\"name\":\"Zoologie\"}]},{\"@type\":\"WebSite\",\"@id\":\"https:\/\/univet.hu\/parazitologia\/#website\",\"url\":\"https:\/\/univet.hu\/parazitologia\/\",\"name\":\"Parazitol\u00f3giai \u00e9s \u00c1llattani Tansz\u00e9k\",\"description\":\"\",\"potentialAction\":[{\"@type\":\"SearchAction\",\"target\":{\"@type\":\"EntryPoint\",\"urlTemplate\":\"https:\/\/univet.hu\/parazitologia\/?s={search_term_string}\"},\"query-input\":{\"@type\":\"PropertyValueSpecification\",\"valueRequired\":true,\"valueName\":\"search_term_string\"}}],\"inLanguage\":\"de\"}]}<\/script>\n<!-- \/ Yoast SEO plugin. -->","yoast_head_json":{"title":"Zoologie - Lehrstuhl f\u00fcr Parasitologie und Zoologie","robots":{"index":"index","follow":"follow","max-snippet":"max-snippet:-1","max-image-preview":"max-image-preview:large","max-video-preview":"max-video-preview:-1"},"canonical":"https:\/\/univet.hu\/parazitologia\/de\/zoologie\/","og_locale":"de_DE","og_type":"article","og_title":"Zoologie - Lehrstuhl f\u00fcr Parasitologie und Zoologie","og_description":"Hier finden Sie Informationen \u00fcber die Zoologie Vorlesungen f\u00fcr Veterin\u00e4rmedizinstudenten des ersten deutschen Studiengangs. Es ist empfehlenswert, die Vorlesungen (PDF Files) auf Ihren eigenen Computer herunterzuladen. Das Kolloquium in schriftlicher Form kann man im Pr\u00fcfungsperiode nach dem Semester ablegen. Ab 1. Dezember ist es m\u00f6glich, sich durch neptun.szie.hu anzumelden. Durchgefallene d\u00fcrfen am n\u00e4chsten Termin wiederholen,","og_url":"https:\/\/univet.hu\/parazitologia\/de\/zoologie\/","og_site_name":"Lehrstuhl f\u00fcr Parasitologie und Zoologie","article_modified_time":"2025-04-16T19:14:57+00:00","twitter_card":"summary_large_image","twitter_misc":{"Gesch\u00e4tzte Lesezeit":"1\u00a0Minute"},"schema":{"@context":"https:\/\/schema.org","@graph":[{"@type":"WebPage","@id":"https:\/\/univet.hu\/parazitologia\/de\/zoologie\/","url":"https:\/\/univet.hu\/parazitologia\/de\/zoologie\/","name":"Zoologie - Lehrstuhl f\u00fcr Parasitologie und Zoologie","isPartOf":{"@id":"https:\/\/univet.hu\/parazitologia\/#website"},"datePublished":"2018-09-21T17:30:07+00:00","dateModified":"2025-04-16T19:14:57+00:00","breadcrumb":{"@id":"https:\/\/univet.hu\/parazitologia\/de\/zoologie\/#breadcrumb"},"inLanguage":"de","potentialAction":[{"@type":"ReadAction","target":["https:\/\/univet.hu\/parazitologia\/de\/zoologie\/"]}]},{"@type":"BreadcrumbList","@id":"https:\/\/univet.hu\/parazitologia\/de\/zoologie\/#breadcrumb","itemListElement":[{"@type":"ListItem","position":1,"name":"Kezd\u0151lap","item":"https:\/\/univet.hu\/parazitologia\/"},{"@type":"ListItem","position":2,"name":"Zoologie"}]},{"@type":"WebSite","@id":"https:\/\/univet.hu\/parazitologia\/#website","url":"https:\/\/univet.hu\/parazitologia\/","name":"Parazitol\u00f3giai \u00e9s \u00c1llattani Tansz\u00e9k","description":"","potentialAction":[{"@type":"SearchAction","target":{"@type":"EntryPoint","urlTemplate":"https:\/\/univet.hu\/parazitologia\/?s={search_term_string}"},"query-input":{"@type":"PropertyValueSpecification","valueRequired":true,"valueName":"search_term_string"}}],"inLanguage":"de"}]}},"_links":{"self":[{"href":"https:\/\/univet.hu\/parazitologia\/de\/wp-json\/wp\/v2\/pages\/25653","targetHints":{"allow":["GET"]}}],"collection":[{"href":"https:\/\/univet.hu\/parazitologia\/de\/wp-json\/wp\/v2\/pages"}],"about":[{"href":"https:\/\/univet.hu\/parazitologia\/de\/wp-json\/wp\/v2\/types\/page"}],"author":[{"embeddable":true,"href":"https:\/\/univet.hu\/parazitologia\/de\/wp-json\/wp\/v2\/users\/3837"}],"replies":[{"embeddable":true,"href":"https:\/\/univet.hu\/parazitologia\/de\/wp-json\/wp\/v2\/comments?post=25653"}],"version-history":[{"count":1,"href":"https:\/\/univet.hu\/parazitologia\/de\/wp-json\/wp\/v2\/pages\/25653\/revisions"}],"predecessor-version":[{"id":175714,"href":"https:\/\/univet.hu\/parazitologia\/de\/wp-json\/wp\/v2\/pages\/25653\/revisions\/175714"}],"wp:attachment":[{"href":"https:\/\/univet.hu\/parazitologia\/de\/wp-json\/wp\/v2\/media?parent=25653"}],"wp:term":[{"taxonomy":"category","embeddable":true,"href":"https:\/\/univet.hu\/parazitologia\/de\/wp-json\/wp\/v2\/categories?post=25653"},{"taxonomy":"post_tag","embeddable":true,"href":"https:\/\/univet.hu\/parazitologia\/de\/wp-json\/wp\/v2\/tags?post=25653"}],"curies":[{"name":"wp","href":"https:\/\/api.w.org\/{rel}","templated":true}]}}