{"id":94876,"date":"2021-02-09T15:56:26","date_gmt":"2021-02-09T14:56:26","guid":{"rendered":"https:\/\/univet.hu\/?page_id=94876"},"modified":"2025-03-20T11:38:17","modified_gmt":"2025-03-20T10:38:17","slug":"diagnostik","status":"publish","type":"page","link":"https:\/\/univet.hu\/parazitologia\/de\/diagnostik\/","title":{"rendered":"Diagnostik"},"content":{"rendered":"<p><strong>Liebe Tier\u00e4rzte! Liebe Eigent\u00fcmer!<\/strong><\/p> <p>Ab dem 3. April 2023 k\u00f6nnen Sie im Rahmen unserer Diagnoseleistungen unsere Leistungen bezahlen mit:<\/p> <ul> <li>Kasse<\/li> <li>Bankkarte<\/li> <li>Bank\u00fcberweisung<\/li> <\/ul> <p>Wenn m\u00f6glich, bringen Sie bitte ein ausgef\u00fclltes <strong>Pr\u00fcfungsantragsformular<\/strong> (herunterladbar) mit. \u00dcber unsere Preise k\u00f6nnen Sie sich vorab anhand der auf der Website hochgeladenen <strong>Preisliste<\/strong> informieren. Die Probenanlieferung erfolgt weiterhin grunds\u00e4tzlich zwischen <strong>8:00 und 16:00 Uhr.<\/strong> (<strong>Montag-Donnerstag<\/strong>); und zwischen <strong>8 und 13 Uhr.<\/strong> (<strong>Freitag<\/strong>) ist m\u00f6glich. <span style=\"color: #ff0000\">Bitte beachten Sie au\u00dferdem, dass wir die Bearbeitung gr\u00f6\u00dferer Mustermengen nur nach vorheriger Absprache vornehmen.<\/span> Wenn Sie Fragen haben, kontaktieren Sie uns unter <strong>061 478-4189, 061 478-4190<\/strong> oder unter der E-Mail-Adresse <a class=\"decrypt\" rel=\"qbsb{jupmphjbejbhopt{ujlbAvojwfu\/iv\" href=\"javascript:void(0);\">[Click to see email]<\/a><\/p> <p>Aufrichtig:<\/p> <p>Abteilung f\u00fcr Parasitologie und Zoologie<\/p>","protected":false},"excerpt":{"rendered":"<p>Liebe Tier\u00e4rzte! Liebe Eigent\u00fcmer! Ab dem 3. April 2023 k\u00f6nnen Sie im Rahmen unserer Diagnoseleistungen unsere Leistungen bezahlen mit: Kasse Bankkarte Bank\u00fcberweisung Wenn m\u00f6glich, bringen Sie bitte ein ausgef\u00fclltes Pr\u00fcfungsantragsformular (herunterladbar) mit. \u00dcber unsere Preise k\u00f6nnen Sie sich vorab anhand der auf der Website hochgeladenen Preisliste informieren. Die Probenanlieferung erfolgt weiterhin grunds\u00e4tzlich zwischen 8:00 und<\/p>\n","protected":false},"author":3837,"featured_media":0,"parent":0,"menu_order":0,"comment_status":"open","ping_status":"open","template":"","meta":{"_acf_changed":false,"footnotes":""},"categories":[],"tags":[],"class_list":["post-94876","page","type-page","status-publish","hentry"],"acf":[],"yoast_head":"<!-- This site is optimized with the Yoast SEO plugin v27.2 - https:\/\/yoast.com\/product\/yoast-seo-wordpress\/ -->\n<title>Diagnostik - Lehrstuhl f\u00fcr Parasitologie und Zoologie<\/title>\n<meta name=\"robots\" content=\"index, follow, max-snippet:-1, max-image-preview:large, max-video-preview:-1\" \/>\n<link rel=\"canonical\" href=\"https:\/\/univet.hu\/parazitologia\/de\/diagnostik\/\" \/>\n<meta property=\"og:locale\" content=\"de_DE\" \/>\n<meta property=\"og:type\" content=\"article\" \/>\n<meta property=\"og:title\" content=\"Diagnostik - Lehrstuhl f\u00fcr Parasitologie und Zoologie\" \/>\n<meta property=\"og:description\" content=\"Liebe Tier\u00e4rzte! Liebe Eigent\u00fcmer! Ab dem 3. April 2023 k\u00f6nnen Sie im Rahmen unserer Diagnoseleistungen unsere Leistungen bezahlen mit: Kasse Bankkarte Bank\u00fcberweisung Wenn m\u00f6glich, bringen Sie bitte ein ausgef\u00fclltes Pr\u00fcfungsantragsformular (herunterladbar) mit. \u00dcber unsere Preise k\u00f6nnen Sie sich vorab anhand der auf der Website hochgeladenen Preisliste informieren. Die Probenanlieferung erfolgt weiterhin grunds\u00e4tzlich zwischen 8:00 und\" \/>\n<meta property=\"og:url\" content=\"https:\/\/univet.hu\/parazitologia\/de\/diagnostik\/\" \/>\n<meta property=\"og:site_name\" content=\"Lehrstuhl f\u00fcr Parasitologie und Zoologie\" \/>\n<meta property=\"article:modified_time\" content=\"2025-03-20T10:38:17+00:00\" \/>\n<meta name=\"twitter:card\" content=\"summary_large_image\" \/>\n<meta name=\"twitter:label1\" content=\"Gesch\u00e4tzte Lesezeit\" \/>\n\t<meta name=\"twitter:data1\" content=\"1\u00a0Minute\" \/>\n<script type=\"application\/ld+json\" class=\"yoast-schema-graph\">{\"@context\":\"https:\/\/schema.org\",\"@graph\":[{\"@type\":\"WebPage\",\"@id\":\"https:\/\/univet.hu\/parazitologia\/de\/diagnostik\/\",\"url\":\"https:\/\/univet.hu\/parazitologia\/de\/diagnostik\/\",\"name\":\"Diagnostik - Lehrstuhl f\u00fcr Parasitologie und Zoologie\",\"isPartOf\":{\"@id\":\"https:\/\/univet.hu\/parazitologia\/#website\"},\"datePublished\":\"2021-02-09T14:56:26+00:00\",\"dateModified\":\"2025-03-20T10:38:17+00:00\",\"breadcrumb\":{\"@id\":\"https:\/\/univet.hu\/parazitologia\/de\/diagnostik\/#breadcrumb\"},\"inLanguage\":\"de\",\"potentialAction\":[{\"@type\":\"ReadAction\",\"target\":[\"https:\/\/univet.hu\/parazitologia\/de\/diagnostik\/\"]}]},{\"@type\":\"BreadcrumbList\",\"@id\":\"https:\/\/univet.hu\/parazitologia\/de\/diagnostik\/#breadcrumb\",\"itemListElement\":[{\"@type\":\"ListItem\",\"position\":1,\"name\":\"Kezd\u0151lap\",\"item\":\"https:\/\/univet.hu\/parazitologia\/\"},{\"@type\":\"ListItem\",\"position\":2,\"name\":\"Diagnostik\"}]},{\"@type\":\"WebSite\",\"@id\":\"https:\/\/univet.hu\/parazitologia\/#website\",\"url\":\"https:\/\/univet.hu\/parazitologia\/\",\"name\":\"Parazitol\u00f3giai \u00e9s \u00c1llattani Tansz\u00e9k\",\"description\":\"\",\"potentialAction\":[{\"@type\":\"SearchAction\",\"target\":{\"@type\":\"EntryPoint\",\"urlTemplate\":\"https:\/\/univet.hu\/parazitologia\/?s={search_term_string}\"},\"query-input\":{\"@type\":\"PropertyValueSpecification\",\"valueRequired\":true,\"valueName\":\"search_term_string\"}}],\"inLanguage\":\"de\"}]}<\/script>\n<!-- \/ Yoast SEO plugin. -->","yoast_head_json":{"title":"Diagnostik - Lehrstuhl f\u00fcr Parasitologie und Zoologie","robots":{"index":"index","follow":"follow","max-snippet":"max-snippet:-1","max-image-preview":"max-image-preview:large","max-video-preview":"max-video-preview:-1"},"canonical":"https:\/\/univet.hu\/parazitologia\/de\/diagnostik\/","og_locale":"de_DE","og_type":"article","og_title":"Diagnostik - Lehrstuhl f\u00fcr Parasitologie und Zoologie","og_description":"Liebe Tier\u00e4rzte! Liebe Eigent\u00fcmer! Ab dem 3. April 2023 k\u00f6nnen Sie im Rahmen unserer Diagnoseleistungen unsere Leistungen bezahlen mit: Kasse Bankkarte Bank\u00fcberweisung Wenn m\u00f6glich, bringen Sie bitte ein ausgef\u00fclltes Pr\u00fcfungsantragsformular (herunterladbar) mit. \u00dcber unsere Preise k\u00f6nnen Sie sich vorab anhand der auf der Website hochgeladenen Preisliste informieren. Die Probenanlieferung erfolgt weiterhin grunds\u00e4tzlich zwischen 8:00 und","og_url":"https:\/\/univet.hu\/parazitologia\/de\/diagnostik\/","og_site_name":"Lehrstuhl f\u00fcr Parasitologie und Zoologie","article_modified_time":"2025-03-20T10:38:17+00:00","twitter_card":"summary_large_image","twitter_misc":{"Gesch\u00e4tzte Lesezeit":"1\u00a0Minute"},"schema":{"@context":"https:\/\/schema.org","@graph":[{"@type":"WebPage","@id":"https:\/\/univet.hu\/parazitologia\/de\/diagnostik\/","url":"https:\/\/univet.hu\/parazitologia\/de\/diagnostik\/","name":"Diagnostik - Lehrstuhl f\u00fcr Parasitologie und Zoologie","isPartOf":{"@id":"https:\/\/univet.hu\/parazitologia\/#website"},"datePublished":"2021-02-09T14:56:26+00:00","dateModified":"2025-03-20T10:38:17+00:00","breadcrumb":{"@id":"https:\/\/univet.hu\/parazitologia\/de\/diagnostik\/#breadcrumb"},"inLanguage":"de","potentialAction":[{"@type":"ReadAction","target":["https:\/\/univet.hu\/parazitologia\/de\/diagnostik\/"]}]},{"@type":"BreadcrumbList","@id":"https:\/\/univet.hu\/parazitologia\/de\/diagnostik\/#breadcrumb","itemListElement":[{"@type":"ListItem","position":1,"name":"Kezd\u0151lap","item":"https:\/\/univet.hu\/parazitologia\/"},{"@type":"ListItem","position":2,"name":"Diagnostik"}]},{"@type":"WebSite","@id":"https:\/\/univet.hu\/parazitologia\/#website","url":"https:\/\/univet.hu\/parazitologia\/","name":"Parazitol\u00f3giai \u00e9s \u00c1llattani Tansz\u00e9k","description":"","potentialAction":[{"@type":"SearchAction","target":{"@type":"EntryPoint","urlTemplate":"https:\/\/univet.hu\/parazitologia\/?s={search_term_string}"},"query-input":{"@type":"PropertyValueSpecification","valueRequired":true,"valueName":"search_term_string"}}],"inLanguage":"de"}]}},"_links":{"self":[{"href":"https:\/\/univet.hu\/parazitologia\/de\/wp-json\/wp\/v2\/pages\/94876","targetHints":{"allow":["GET"]}}],"collection":[{"href":"https:\/\/univet.hu\/parazitologia\/de\/wp-json\/wp\/v2\/pages"}],"about":[{"href":"https:\/\/univet.hu\/parazitologia\/de\/wp-json\/wp\/v2\/types\/page"}],"author":[{"embeddable":true,"href":"https:\/\/univet.hu\/parazitologia\/de\/wp-json\/wp\/v2\/users\/3837"}],"replies":[{"embeddable":true,"href":"https:\/\/univet.hu\/parazitologia\/de\/wp-json\/wp\/v2\/comments?post=94876"}],"version-history":[{"count":1,"href":"https:\/\/univet.hu\/parazitologia\/de\/wp-json\/wp\/v2\/pages\/94876\/revisions"}],"predecessor-version":[{"id":175777,"href":"https:\/\/univet.hu\/parazitologia\/de\/wp-json\/wp\/v2\/pages\/94876\/revisions\/175777"}],"wp:attachment":[{"href":"https:\/\/univet.hu\/parazitologia\/de\/wp-json\/wp\/v2\/media?parent=94876"}],"wp:term":[{"taxonomy":"category","embeddable":true,"href":"https:\/\/univet.hu\/parazitologia\/de\/wp-json\/wp\/v2\/categories?post=94876"},{"taxonomy":"post_tag","embeddable":true,"href":"https:\/\/univet.hu\/parazitologia\/de\/wp-json\/wp\/v2\/tags?post=94876"}],"curies":[{"name":"wp","href":"https:\/\/api.w.org\/{rel}","templated":true}]}}