{"id":13772,"date":"2018-09-04T12:05:25","date_gmt":"2018-09-04T10:05:25","guid":{"rendered":"http:\/\/univet.hu\/about\/units\/department-of-parasitology-and-zoology\/research\/"},"modified":"2025-03-20T11:38:16","modified_gmt":"2025-03-20T10:38:16","slug":"research","status":"publish","type":"page","link":"https:\/\/univet.hu\/parazitologia\/en\/research\/","title":{"rendered":"Research"},"content":{"rendered":"<h1><a name=\"_Toc483988445\"><\/a><strong>PARASITOLOGY RESEARCH GROUP<\/strong><\/h1> <p>&nbsp;<\/p> <p><strong>RESEARCH GROUP LEADER:\u00a0<\/strong>Dr. S\u00e1ndor Hornok, DSc, professor<\/p> <p><strong>CONTACT: <\/strong><a class=\"decrypt\" rel=\"ipsopl\/tboepsAvojwfu\/iv\" href=\"javascript:void(0);\">[Click to see email]<\/a><\/p> <p>&nbsp;<\/p> <p><strong>RESEARCH GROUP MEMBERS:<\/strong><\/p> <p>Professors: Dr. S\u00e1ndor Hornok, Dr. R\u00f3bert Farkas<\/p> <p>Assistant professor: Dr. S\u00e1ndor Szekeres<\/p> <p>Veterinarian, PhD student: Dr. Barbara Tuska-Szalay, Dr. Gerg\u0151 Keve, Dr. Andor Pit\u00f3<\/p> <p>Departmental engineer: N\u00f3ra Tak\u00e1cs, Martin Horv\u00e1th<\/p> <p>Assistants: M\u00f3nika Gyurkovszky<\/p> <p>&nbsp;<\/p> <p><strong>RESEARCH AREAS:<\/strong><\/p> <p>Conventional, molecular and serological detections of para\u00adsitic infections of domestic and wild animals (e.g., ruminants, carnivores, birds, bats); Ecological, epidemiologial studies of vector-borne infections (e.g., ticks, mosquitoes, fleas).<\/p> <p>&nbsp;<\/p> <p><strong>MEMBERSHIPS:<\/strong><\/p> <p>Hungarian Society for Microbiology<\/p> <p>Hungarian Society of Parasitologists<\/p> <p>Hungarian Society of Zoonoses<\/p> <p>Hungarian Society of Biology<\/p> <p>Society for Zoonotic Ecology and Epidemiology<\/p> <p>International Society for Infectious Diseases<\/p> <p>European Veterinary Parasitology College<\/p> <p>European Society of Clinical Microbiology and Infectious Diseases<\/p> <p>&nbsp;<\/p> <p><strong>LONG-TERM COLLABORATIONS:<\/strong><\/p> <p>Eotvos Lorand University, Faculty of Science, Hungary<\/p> <p>Bird Ringing Station, \u00d3csa, Hungary<\/p> <p>University of P\u00e9cs, Clinical Center, <a href=\"https:\/\/aok.pte.hu\/en\/egyseg\/220\">Department of Medical Microbiology and Immunology<\/a><\/p> <p>Hungarian University of Agriculture and Life Sciences, Kaposv\u00e1r Campus, Institute of Physiology and Animal Nutrition, Department of Physiology and Animal Health<\/p> <p>Veterinary Medical Research Institute, Centre for Agricultural Research, ELKH, Hungary<\/p> <p>Plant Protection Institute, Centre for Agricultural Research, ELKH, Hungary<\/p> <p>University of Veterinary Medicine Vienna, Austria<\/p> <p>Utrecht University, Faculty of Veterinary Medicine, the Netherlands<\/p> <p>Natural History Museum, UK<\/p> <p>Parasitological Institute of Slovak Academy of Sciences, Slovakia<\/p> <p>USDA Center for Medical, Agricultural and Veterinary Entomology, USA<\/p> <p>IREC, National Wildlife Research Institute, Spain<\/p> <p>University of Zurich Vetsuisse Faculty, Switzerland<\/p> <p>University of Milan, Faculty of Veterinary Medicine, Italy<\/p> <p>University of Veterinary and Pharmaceutical Sciences Brno, Czech Republic<\/p> <p>National Institute of Public Health and Environment, the Netherlands<\/p> <p>University of Agricultural Sciences and Veterinary Medicine, Cluj-Napoca, Romania<\/p> <p>School of Medicine, Shihezi University, Shihezi, China<\/p> <p><em>Nantes<\/em>-Atlantic National College of <em>Veterinary<\/em> Medicine, Nantes, France<\/p> <p>&nbsp;<\/p> <p><strong>SERVICES:<\/strong><\/p> <p>Conventional, serological and\/or molecular detection of parasitic infections of veterinary importance, identification of parasites of veterinary and medical importance, detection of vectors-borne pathogens, laboratory rearing of arthropods of veterinary importance<\/p> <p>&nbsp;<\/p> <p><strong>GRANTS:<\/strong><\/p> <table width=\"0\"> <tbody> <tr> <td width=\"128\"><strong>Funding source<\/strong><\/td> <td width=\"482\"><strong>Project title and topic <\/strong><\/td> <\/tr> <tr> <td width=\"128\">NRDIO 115854<\/td> <td width=\"482\"> <p>The role of airborne and ground-bound dispersal in the epidemiology of tick-borne pathogens.<\/p> <p>&nbsp;<\/td> <\/tr> <tr> <td width=\"128\">NRDIO 132794<\/td> <td width=\"482\">Host-vector-pathogen coevolution strategies: role of pathogens in shaping bat and bat-parasite population dynamics<\/td> <\/tr> <\/tbody> <\/table> <p><strong>\u00a0<\/strong><\/p> <p><strong>CONTRACTS:<\/strong><\/p> <p>Veterinarians, animal farms and agricultural enterprises.<\/p>","protected":false},"excerpt":{"rendered":"<p>PARASITOLOGY RESEARCH GROUP &nbsp; RESEARCH GROUP LEADER:\u00a0Dr. S\u00e1ndor Hornok, DSc, professor CONTACT: [Click to see email] &nbsp; RESEARCH GROUP MEMBERS: Professors: Dr. S\u00e1ndor Hornok, Dr. R\u00f3bert Farkas Assistant professor: Dr. S\u00e1ndor Szekeres Veterinarian, PhD student: Dr. Barbara Tuska-Szalay, Dr. Gerg\u0151 Keve, Dr. Andor Pit\u00f3 Departmental engineer: N\u00f3ra Tak\u00e1cs, Martin Horv\u00e1th Assistants: M\u00f3nika Gyurkovszky &nbsp; RESEARCH<\/p>\n","protected":false},"author":3837,"featured_media":0,"parent":0,"menu_order":0,"comment_status":"closed","ping_status":"closed","template":"","meta":{"_acf_changed":false,"footnotes":""},"categories":[],"tags":[],"class_list":["post-13772","page","type-page","status-publish","hentry"],"acf":[],"yoast_head":"<!-- This site is optimized with the Yoast SEO plugin v27.2 - https:\/\/yoast.com\/product\/yoast-seo-wordpress\/ -->\n<title>Research - Department of Parasitology and Zoology<\/title>\n<meta name=\"robots\" content=\"index, follow, max-snippet:-1, max-image-preview:large, max-video-preview:-1\" \/>\n<link rel=\"canonical\" href=\"https:\/\/univet.hu\/parazitologia\/en\/research\/\" \/>\n<meta property=\"og:locale\" content=\"en_US\" \/>\n<meta property=\"og:type\" content=\"article\" \/>\n<meta property=\"og:title\" content=\"Research - Department of Parasitology and Zoology\" \/>\n<meta property=\"og:description\" content=\"PARASITOLOGY RESEARCH GROUP &nbsp; RESEARCH GROUP LEADER:\u00a0Dr. S\u00e1ndor Hornok, DSc, professor CONTACT: [Click to see email] &nbsp; RESEARCH GROUP MEMBERS: Professors: Dr. S\u00e1ndor Hornok, Dr. R\u00f3bert Farkas Assistant professor: Dr. S\u00e1ndor Szekeres Veterinarian, PhD student: Dr. Barbara Tuska-Szalay, Dr. Gerg\u0151 Keve, Dr. Andor Pit\u00f3 Departmental engineer: N\u00f3ra Tak\u00e1cs, Martin Horv\u00e1th Assistants: M\u00f3nika Gyurkovszky &nbsp; RESEARCH\" \/>\n<meta property=\"og:url\" content=\"https:\/\/univet.hu\/parazitologia\/en\/research\/\" \/>\n<meta property=\"og:site_name\" content=\"Department of Parasitology and Zoology\" \/>\n<meta property=\"article:modified_time\" content=\"2025-03-20T10:38:16+00:00\" \/>\n<meta name=\"twitter:card\" content=\"summary_large_image\" \/>\n<meta name=\"twitter:label1\" content=\"Est. reading time\" \/>\n\t<meta name=\"twitter:data1\" content=\"2 minutes\" \/>\n<script type=\"application\/ld+json\" class=\"yoast-schema-graph\">{\"@context\":\"https:\/\/schema.org\",\"@graph\":[{\"@type\":\"WebPage\",\"@id\":\"https:\/\/univet.hu\/parazitologia\/en\/research\/\",\"url\":\"https:\/\/univet.hu\/parazitologia\/en\/research\/\",\"name\":\"Research - Department of Parasitology and Zoology\",\"isPartOf\":{\"@id\":\"https:\/\/univet.hu\/parazitologia\/#website\"},\"datePublished\":\"2018-09-04T10:05:25+00:00\",\"dateModified\":\"2025-03-20T10:38:16+00:00\",\"breadcrumb\":{\"@id\":\"https:\/\/univet.hu\/parazitologia\/en\/research\/#breadcrumb\"},\"inLanguage\":\"en-US\",\"potentialAction\":[{\"@type\":\"ReadAction\",\"target\":[\"https:\/\/univet.hu\/parazitologia\/en\/research\/\"]}]},{\"@type\":\"BreadcrumbList\",\"@id\":\"https:\/\/univet.hu\/parazitologia\/en\/research\/#breadcrumb\",\"itemListElement\":[{\"@type\":\"ListItem\",\"position\":1,\"name\":\"Kezd\u0151lap\",\"item\":\"https:\/\/univet.hu\/parazitologia\/\"},{\"@type\":\"ListItem\",\"position\":2,\"name\":\"Research\"}]},{\"@type\":\"WebSite\",\"@id\":\"https:\/\/univet.hu\/parazitologia\/#website\",\"url\":\"https:\/\/univet.hu\/parazitologia\/\",\"name\":\"Parazitol\u00f3giai \u00e9s \u00c1llattani Tansz\u00e9k\",\"description\":\"\",\"potentialAction\":[{\"@type\":\"SearchAction\",\"target\":{\"@type\":\"EntryPoint\",\"urlTemplate\":\"https:\/\/univet.hu\/parazitologia\/?s={search_term_string}\"},\"query-input\":{\"@type\":\"PropertyValueSpecification\",\"valueRequired\":true,\"valueName\":\"search_term_string\"}}],\"inLanguage\":\"en-US\"}]}<\/script>\n<!-- \/ Yoast SEO plugin. -->","yoast_head_json":{"title":"Research - Department of Parasitology and Zoology","robots":{"index":"index","follow":"follow","max-snippet":"max-snippet:-1","max-image-preview":"max-image-preview:large","max-video-preview":"max-video-preview:-1"},"canonical":"https:\/\/univet.hu\/parazitologia\/en\/research\/","og_locale":"en_US","og_type":"article","og_title":"Research - Department of Parasitology and Zoology","og_description":"PARASITOLOGY RESEARCH GROUP &nbsp; RESEARCH GROUP LEADER:\u00a0Dr. S\u00e1ndor Hornok, DSc, professor CONTACT: [Click to see email] &nbsp; RESEARCH GROUP MEMBERS: Professors: Dr. S\u00e1ndor Hornok, Dr. R\u00f3bert Farkas Assistant professor: Dr. S\u00e1ndor Szekeres Veterinarian, PhD student: Dr. Barbara Tuska-Szalay, Dr. Gerg\u0151 Keve, Dr. Andor Pit\u00f3 Departmental engineer: N\u00f3ra Tak\u00e1cs, Martin Horv\u00e1th Assistants: M\u00f3nika Gyurkovszky &nbsp; RESEARCH","og_url":"https:\/\/univet.hu\/parazitologia\/en\/research\/","og_site_name":"Department of Parasitology and Zoology","article_modified_time":"2025-03-20T10:38:16+00:00","twitter_card":"summary_large_image","twitter_misc":{"Est. reading time":"2 minutes"},"schema":{"@context":"https:\/\/schema.org","@graph":[{"@type":"WebPage","@id":"https:\/\/univet.hu\/parazitologia\/en\/research\/","url":"https:\/\/univet.hu\/parazitologia\/en\/research\/","name":"Research - Department of Parasitology and Zoology","isPartOf":{"@id":"https:\/\/univet.hu\/parazitologia\/#website"},"datePublished":"2018-09-04T10:05:25+00:00","dateModified":"2025-03-20T10:38:16+00:00","breadcrumb":{"@id":"https:\/\/univet.hu\/parazitologia\/en\/research\/#breadcrumb"},"inLanguage":"en-US","potentialAction":[{"@type":"ReadAction","target":["https:\/\/univet.hu\/parazitologia\/en\/research\/"]}]},{"@type":"BreadcrumbList","@id":"https:\/\/univet.hu\/parazitologia\/en\/research\/#breadcrumb","itemListElement":[{"@type":"ListItem","position":1,"name":"Kezd\u0151lap","item":"https:\/\/univet.hu\/parazitologia\/"},{"@type":"ListItem","position":2,"name":"Research"}]},{"@type":"WebSite","@id":"https:\/\/univet.hu\/parazitologia\/#website","url":"https:\/\/univet.hu\/parazitologia\/","name":"Parazitol\u00f3giai \u00e9s \u00c1llattani Tansz\u00e9k","description":"","potentialAction":[{"@type":"SearchAction","target":{"@type":"EntryPoint","urlTemplate":"https:\/\/univet.hu\/parazitologia\/?s={search_term_string}"},"query-input":{"@type":"PropertyValueSpecification","valueRequired":true,"valueName":"search_term_string"}}],"inLanguage":"en-US"}]}},"_links":{"self":[{"href":"https:\/\/univet.hu\/parazitologia\/en\/wp-json\/wp\/v2\/pages\/13772","targetHints":{"allow":["GET"]}}],"collection":[{"href":"https:\/\/univet.hu\/parazitologia\/en\/wp-json\/wp\/v2\/pages"}],"about":[{"href":"https:\/\/univet.hu\/parazitologia\/en\/wp-json\/wp\/v2\/types\/page"}],"author":[{"embeddable":true,"href":"https:\/\/univet.hu\/parazitologia\/en\/wp-json\/wp\/v2\/users\/3837"}],"replies":[{"embeddable":true,"href":"https:\/\/univet.hu\/parazitologia\/en\/wp-json\/wp\/v2\/comments?post=13772"}],"version-history":[{"count":1,"href":"https:\/\/univet.hu\/parazitologia\/en\/wp-json\/wp\/v2\/pages\/13772\/revisions"}],"predecessor-version":[{"id":175766,"href":"https:\/\/univet.hu\/parazitologia\/en\/wp-json\/wp\/v2\/pages\/13772\/revisions\/175766"}],"wp:attachment":[{"href":"https:\/\/univet.hu\/parazitologia\/en\/wp-json\/wp\/v2\/media?parent=13772"}],"wp:term":[{"taxonomy":"category","embeddable":true,"href":"https:\/\/univet.hu\/parazitologia\/en\/wp-json\/wp\/v2\/categories?post=13772"},{"taxonomy":"post_tag","embeddable":true,"href":"https:\/\/univet.hu\/parazitologia\/en\/wp-json\/wp\/v2\/tags?post=13772"}],"curies":[{"name":"wp","href":"https:\/\/api.w.org\/{rel}","templated":true}]}}