{"id":3399,"date":"2018-03-12T10:09:00","date_gmt":"2018-03-12T09:09:00","guid":{"rendered":"http:\/\/univet.hu\/universitaet\/organisationseinheiten\/lehr-und-forschungsgut-ullo\/"},"modified":"2025-03-20T08:50:23","modified_gmt":"2025-03-20T07:50:23","slug":"lehr-und-forschungsgut-ullo","status":"publish","type":"page","link":"https:\/\/univet.hu\/tangazdasag\/de\/","title":{"rendered":"Lehr- und Forschungsgut \u00dcll\u0151"},"content":{"rendered":"<h2>Geschichte<\/h2> <div> <h2 style=\"text-align: center\"><strong>GEH\u00d6FT D\u00d3RA<\/strong><\/h2> <p>&nbsp;<\/p> <p>Der Musterbetrieb der Veterin\u00e4rmedizinischen Universit\u00e4t befindet sich 34 km von Budapest entfernt auf dem<strong> Geh\u00f6ft D\u00f3ra<\/strong>. Das Geh\u00f6ft liegt am Rande der <strong>Pester Tiefebene<\/strong> im Kreis Vecs\u00e9s.<\/p> <p>Im Musterbetrieb ist das gesamte Spektrum der Landwirtschaft vertreten, so z. B. <strong>Tierzucht<\/strong> (Rinder, Schafe, Pferde und Schweine) bzw. <strong>Pflanzen- und Futtermittelerzeugung<\/strong>, au\u00dferdem bietet er ungarischen und ausl\u00e4ndischen Studenten die <strong>M\u00f6glichkeit, vor Ort Praktika zu absolvieren<\/strong>. Hier werden auch Pr\u00e4sentationsveranstaltungen f\u00fcr Tier\u00e4rzte, Sch\u00fclergruppen und Besucher veranstaltet.<\/p> <p>&nbsp;<\/p> <h2 style=\"text-align: center\"><strong>Musterbetrieb<\/strong><\/h2> <p><img loading=\"lazy\" decoding=\"async\" class=\"wp-image-94799 aligncenter\" src=\"https:\/\/univet.hu\/tangazdasag\/wp-content\/uploads\/sites\/12\/2023\/09\/TangazdasagKepNemet-320x64.png\" alt=\"\" width=\"605\" height=\"121\" \/><\/p> <h3><strong>Geschichte:<\/strong><\/h3> <p>Das Geh\u00f6ft wurde nach <strong>S\u00e1ndor D\u00f3ra,<\/strong> einem Weltmeister im Tontaubenschie\u00dfen und Agronom, benannt.<\/p> <p>Der Namensgeber erwarb sein Diplom als Agronom 1926 an der Agrarwissenschaftlichen Universit\u00e4t in Keszthely. Er lebte bis 1949 in Ungarn und von 1949 bis 1964 in San Remo, um dann nach Ungarn zur\u00fcckzukehren und sich auf seinem Geh\u00f6ft bei \u00dcll\u0151 (Geh\u00f6ft D\u00f3ra) niederzulassen.<\/p> <p>&nbsp;<\/p> <p>Das Geh\u00f6ft D\u00f3ra wurde erst 1990 zum Versuchsinstitut der Universit\u00e4t, als Zentrum f\u00fcr Tierzucht reicht seine Geschichte aber um eine Generation weiter zur\u00fcck:<\/p> <ul> <li>Bis zum 31. Dezember 1982 war die Leistungspr\u00fcfungsstelle von OT\u00c1F [Landesaufsichtsbeh\u00f6rde f\u00fcr Futter und Tierzucht] der Musterbetrieb.<\/li> <li>Vom 1. Januar 1983 bis zum 31. Dezember 1987 war sie unter dem Namen G\u00f6d\u00f6ll\u0151er Tierzuchtunternehmen t\u00e4tig.<\/li> <li>Daraus wurde vom 1. Januar 1988 bis zum 31. Dezember 1989 dann das Debrecener Tierzuchtunternehmen.<\/li> <li>Seit dem 1. Januar 1990 dient es als Versuchsinstitut der Veterin\u00e4rmedizinischen Universit\u00e4t.<\/li> <li>Von 1999 bis 2016 geh\u00f6rte es zur Veterin\u00e4rmedizinischen Fakult\u00e4t der Szent-Istv\u00e1n-Universit\u00e4t.<\/li> <li>Seit dem 1. Juli 2016 fungiert es als Musterbetrieb der nunmehr eigenst\u00e4ndigen Veterin\u00e4rmedizinischen Universit\u00e4t.<\/li> <\/ul> <p><strong style=\"font-size: 18pt\">Weitere Informationen \u00fcber Wirtschaft unterrichten und die w\u00f6chentlichen \u00dcbungen finden Sie auf der <a href=\"https:\/\/univet.hu\/hu\/tangazdasag\/\">Website<\/a> von D\u00f3ra Major.<\/strong><\/p> <\/div>","protected":false},"excerpt":{"rendered":"<p>Geschichte GEH\u00d6FT D\u00d3RA &nbsp; Der Musterbetrieb der Veterin\u00e4rmedizinischen Universit\u00e4t befindet sich 34 km von Budapest entfernt auf dem Geh\u00f6ft D\u00f3ra. Das Geh\u00f6ft liegt am Rande der Pester Tiefebene im Kreis Vecs\u00e9s. Im Musterbetrieb ist das gesamte Spektrum der Landwirtschaft vertreten, so z. B. Tierzucht (Rinder, Schafe, Pferde und Schweine) bzw. Pflanzen- und Futtermittelerzeugung, au\u00dferdem bietet<\/p>\n","protected":false},"author":3837,"featured_media":0,"parent":0,"menu_order":135,"comment_status":"closed","ping_status":"closed","template":"","meta":{"_acf_changed":false,"footnotes":""},"categories":[16],"tags":[],"class_list":["post-3399","page","type-page","status-publish","hentry","category-abteilungen"],"acf":[],"yoast_head":"<!-- This site is optimized with the Yoast SEO plugin v27.2 - https:\/\/yoast.com\/product\/yoast-seo-wordpress\/ -->\n<title>Lehr- und Forschungsgut \u00dcll\u0151 - Tangazdas\u00e1g<\/title>\n<meta name=\"robots\" content=\"index, follow, max-snippet:-1, max-image-preview:large, max-video-preview:-1\" \/>\n<link rel=\"canonical\" href=\"https:\/\/univet.hu\/tangazdasag\/de\/\" \/>\n<meta property=\"og:locale\" content=\"de_DE\" \/>\n<meta property=\"og:type\" content=\"article\" \/>\n<meta property=\"og:title\" content=\"Lehr- und Forschungsgut \u00dcll\u0151 - Tangazdas\u00e1g\" \/>\n<meta property=\"og:description\" content=\"Geschichte GEH\u00d6FT D\u00d3RA &nbsp; Der Musterbetrieb der Veterin\u00e4rmedizinischen Universit\u00e4t befindet sich 34 km von Budapest entfernt auf dem Geh\u00f6ft D\u00f3ra. Das Geh\u00f6ft liegt am Rande der Pester Tiefebene im Kreis Vecs\u00e9s. Im Musterbetrieb ist das gesamte Spektrum der Landwirtschaft vertreten, so z. B. Tierzucht (Rinder, Schafe, Pferde und Schweine) bzw. Pflanzen- und Futtermittelerzeugung, au\u00dferdem bietet\" \/>\n<meta property=\"og:url\" content=\"https:\/\/univet.hu\/tangazdasag\/de\/\" \/>\n<meta property=\"og:site_name\" content=\"Tangazdas\u00e1g\" \/>\n<meta property=\"article:modified_time\" content=\"2025-03-20T07:50:23+00:00\" \/>\n<meta property=\"og:image\" content=\"https:\/\/univet.hu\/tangazdasag\/wp-content\/uploads\/sites\/12\/2023\/09\/TangazdasagKepNemet-320x64.png\" \/>\n<meta name=\"twitter:card\" content=\"summary_large_image\" \/>\n<meta name=\"twitter:label1\" content=\"Gesch\u00e4tzte Lesezeit\" \/>\n\t<meta name=\"twitter:data1\" content=\"1\u00a0Minute\" \/>\n<script type=\"application\/ld+json\" class=\"yoast-schema-graph\">{\"@context\":\"https:\/\/schema.org\",\"@graph\":[{\"@type\":\"WebPage\",\"@id\":\"https:\/\/univet.hu\/tangazdasag\/de\/\",\"url\":\"https:\/\/univet.hu\/tangazdasag\/de\/\",\"name\":\"Lehr- und Forschungsgut \u00dcll\u0151 - Tangazdas\u00e1g\",\"isPartOf\":{\"@id\":\"https:\/\/univet.hu\/tangazdasag\/en\/#website\"},\"primaryImageOfPage\":{\"@id\":\"https:\/\/univet.hu\/tangazdasag\/de\/#primaryimage\"},\"image\":{\"@id\":\"https:\/\/univet.hu\/tangazdasag\/de\/#primaryimage\"},\"thumbnailUrl\":\"https:\/\/univet.hu\/tangazdasag\/wp-content\/uploads\/sites\/12\/2023\/09\/TangazdasagKepNemet-320x64.png\",\"datePublished\":\"2018-03-12T09:09:00+00:00\",\"dateModified\":\"2025-03-20T07:50:23+00:00\",\"breadcrumb\":{\"@id\":\"https:\/\/univet.hu\/tangazdasag\/de\/#breadcrumb\"},\"inLanguage\":\"de\",\"potentialAction\":[{\"@type\":\"ReadAction\",\"target\":[\"https:\/\/univet.hu\/tangazdasag\/de\/\"]}]},{\"@type\":\"ImageObject\",\"inLanguage\":\"de\",\"@id\":\"https:\/\/univet.hu\/tangazdasag\/de\/#primaryimage\",\"url\":\"https:\/\/univet.hu\/tangazdasag\/wp-content\/uploads\/sites\/12\/2023\/09\/TangazdasagKepNemet-320x64.png\",\"contentUrl\":\"https:\/\/univet.hu\/tangazdasag\/wp-content\/uploads\/sites\/12\/2023\/09\/TangazdasagKepNemet-320x64.png\"},{\"@type\":\"BreadcrumbList\",\"@id\":\"https:\/\/univet.hu\/tangazdasag\/de\/#breadcrumb\",\"itemListElement\":[{\"@type\":\"ListItem\",\"position\":1,\"name\":\"Kezd\u0151lap\",\"item\":\"https:\/\/univet.hu\/tangazdasag\/de\/\"},{\"@type\":\"ListItem\",\"position\":2,\"name\":\"Lehr- und Forschungsgut \u00dcll\u0151\"}]},{\"@type\":\"WebSite\",\"@id\":\"https:\/\/univet.hu\/tangazdasag\/en\/#website\",\"url\":\"https:\/\/univet.hu\/tangazdasag\/en\/\",\"name\":\"Tangazdas\u00e1g\",\"description\":\"\",\"potentialAction\":[{\"@type\":\"SearchAction\",\"target\":{\"@type\":\"EntryPoint\",\"urlTemplate\":\"https:\/\/univet.hu\/tangazdasag\/en\/?s={search_term_string}\"},\"query-input\":{\"@type\":\"PropertyValueSpecification\",\"valueRequired\":true,\"valueName\":\"search_term_string\"}}],\"inLanguage\":\"de\"}]}<\/script>\n<!-- \/ Yoast SEO plugin. -->","yoast_head_json":{"title":"Lehr- und Forschungsgut \u00dcll\u0151 - Tangazdas\u00e1g","robots":{"index":"index","follow":"follow","max-snippet":"max-snippet:-1","max-image-preview":"max-image-preview:large","max-video-preview":"max-video-preview:-1"},"canonical":"https:\/\/univet.hu\/tangazdasag\/de\/","og_locale":"de_DE","og_type":"article","og_title":"Lehr- und Forschungsgut \u00dcll\u0151 - Tangazdas\u00e1g","og_description":"Geschichte GEH\u00d6FT D\u00d3RA &nbsp; Der Musterbetrieb der Veterin\u00e4rmedizinischen Universit\u00e4t befindet sich 34 km von Budapest entfernt auf dem Geh\u00f6ft D\u00f3ra. Das Geh\u00f6ft liegt am Rande der Pester Tiefebene im Kreis Vecs\u00e9s. Im Musterbetrieb ist das gesamte Spektrum der Landwirtschaft vertreten, so z. B. Tierzucht (Rinder, Schafe, Pferde und Schweine) bzw. Pflanzen- und Futtermittelerzeugung, au\u00dferdem bietet","og_url":"https:\/\/univet.hu\/tangazdasag\/de\/","og_site_name":"Tangazdas\u00e1g","article_modified_time":"2025-03-20T07:50:23+00:00","og_image":[{"url":"https:\/\/univet.hu\/tangazdasag\/wp-content\/uploads\/sites\/12\/2023\/09\/TangazdasagKepNemet-320x64.png","type":"","width":"","height":""}],"twitter_card":"summary_large_image","twitter_misc":{"Gesch\u00e4tzte Lesezeit":"1\u00a0Minute"},"schema":{"@context":"https:\/\/schema.org","@graph":[{"@type":"WebPage","@id":"https:\/\/univet.hu\/tangazdasag\/de\/","url":"https:\/\/univet.hu\/tangazdasag\/de\/","name":"Lehr- und Forschungsgut \u00dcll\u0151 - Tangazdas\u00e1g","isPartOf":{"@id":"https:\/\/univet.hu\/tangazdasag\/en\/#website"},"primaryImageOfPage":{"@id":"https:\/\/univet.hu\/tangazdasag\/de\/#primaryimage"},"image":{"@id":"https:\/\/univet.hu\/tangazdasag\/de\/#primaryimage"},"thumbnailUrl":"https:\/\/univet.hu\/tangazdasag\/wp-content\/uploads\/sites\/12\/2023\/09\/TangazdasagKepNemet-320x64.png","datePublished":"2018-03-12T09:09:00+00:00","dateModified":"2025-03-20T07:50:23+00:00","breadcrumb":{"@id":"https:\/\/univet.hu\/tangazdasag\/de\/#breadcrumb"},"inLanguage":"de","potentialAction":[{"@type":"ReadAction","target":["https:\/\/univet.hu\/tangazdasag\/de\/"]}]},{"@type":"ImageObject","inLanguage":"de","@id":"https:\/\/univet.hu\/tangazdasag\/de\/#primaryimage","url":"https:\/\/univet.hu\/tangazdasag\/wp-content\/uploads\/sites\/12\/2023\/09\/TangazdasagKepNemet-320x64.png","contentUrl":"https:\/\/univet.hu\/tangazdasag\/wp-content\/uploads\/sites\/12\/2023\/09\/TangazdasagKepNemet-320x64.png"},{"@type":"BreadcrumbList","@id":"https:\/\/univet.hu\/tangazdasag\/de\/#breadcrumb","itemListElement":[{"@type":"ListItem","position":1,"name":"Kezd\u0151lap","item":"https:\/\/univet.hu\/tangazdasag\/de\/"},{"@type":"ListItem","position":2,"name":"Lehr- und Forschungsgut \u00dcll\u0151"}]},{"@type":"WebSite","@id":"https:\/\/univet.hu\/tangazdasag\/en\/#website","url":"https:\/\/univet.hu\/tangazdasag\/en\/","name":"Tangazdas\u00e1g","description":"","potentialAction":[{"@type":"SearchAction","target":{"@type":"EntryPoint","urlTemplate":"https:\/\/univet.hu\/tangazdasag\/en\/?s={search_term_string}"},"query-input":{"@type":"PropertyValueSpecification","valueRequired":true,"valueName":"search_term_string"}}],"inLanguage":"de"}]}},"_links":{"self":[{"href":"https:\/\/univet.hu\/tangazdasag\/de\/wp-json\/wp\/v2\/pages\/3399","targetHints":{"allow":["GET"]}}],"collection":[{"href":"https:\/\/univet.hu\/tangazdasag\/de\/wp-json\/wp\/v2\/pages"}],"about":[{"href":"https:\/\/univet.hu\/tangazdasag\/de\/wp-json\/wp\/v2\/types\/page"}],"author":[{"embeddable":true,"href":"https:\/\/univet.hu\/tangazdasag\/de\/wp-json\/wp\/v2\/users\/3837"}],"replies":[{"embeddable":true,"href":"https:\/\/univet.hu\/tangazdasag\/de\/wp-json\/wp\/v2\/comments?post=3399"}],"version-history":[{"count":1,"href":"https:\/\/univet.hu\/tangazdasag\/de\/wp-json\/wp\/v2\/pages\/3399\/revisions"}],"predecessor-version":[{"id":97974,"href":"https:\/\/univet.hu\/tangazdasag\/de\/wp-json\/wp\/v2\/pages\/3399\/revisions\/97974"}],"wp:attachment":[{"href":"https:\/\/univet.hu\/tangazdasag\/de\/wp-json\/wp\/v2\/media?parent=3399"}],"wp:term":[{"taxonomy":"category","embeddable":true,"href":"https:\/\/univet.hu\/tangazdasag\/de\/wp-json\/wp\/v2\/categories?post=3399"},{"taxonomy":"post_tag","embeddable":true,"href":"https:\/\/univet.hu\/tangazdasag\/de\/wp-json\/wp\/v2\/tags?post=3399"}],"curies":[{"name":"wp","href":"https:\/\/api.w.org\/{rel}","templated":true}]}}