{"id":14429,"date":"2018-09-04T12:10:46","date_gmt":"2018-09-04T10:10:46","guid":{"rendered":"http:\/\/univet.hu\/about\/units\/experimental-farm\/courses\/"},"modified":"2025-03-20T08:50:25","modified_gmt":"2025-03-20T07:50:25","slug":"courses","status":"publish","type":"page","link":"https:\/\/univet.hu\/tangazdasag\/en\/experimental-farm\/courses\/","title":{"rendered":"Courses"},"content":{"rendered":"<p>&#8220;Hetesi gyakorlat&#8221; and &#8220;Animal nursing&#8221; practicals at our Experimental Farm in \u00dcll\u0151 D\u00f3ra major during the 1-4 semester.<\/p> <p>The Experimental Farm presents all segments of agriculture, such as livestock (cattle, sheep, horses and swine), crop and animal feed production, and it also provides practical training for both Hungarian and international students. There are demonstration programmes organized for veterinarians, school children and the general public as well.<\/p> <p>Actual timetable for &#8220;Animal nursing&#8221; please click here:\u00a0<a href=\"https:\/\/univet.hu\/tangazdasag\/wp-content\/uploads\/sites\/12\/2023\/03\/Orarend-Lovas-Angol.xlsx\">\u00d3rarend Lovas &#8211; Angol<\/a><\/p>","protected":false},"excerpt":{"rendered":"<p>&#8220;Hetesi gyakorlat&#8221; and &#8220;Animal nursing&#8221; practicals at our Experimental Farm in \u00dcll\u0151 D\u00f3ra major during the 1-4 semester. The Experimental Farm presents all segments of agriculture, such as livestock (cattle, sheep, horses and swine), crop and animal feed production, and it also provides practical training for both Hungarian and international students. There are demonstration programmes<\/p>\n","protected":false},"author":3837,"featured_media":0,"parent":3398,"menu_order":0,"comment_status":"closed","ping_status":"closed","template":"","meta":{"_acf_changed":false,"footnotes":""},"categories":[],"tags":[],"class_list":["post-14429","page","type-page","status-publish","hentry"],"acf":[],"yoast_head":"<!-- This site is optimized with the Yoast SEO plugin v27.2 - https:\/\/yoast.com\/product\/yoast-seo-wordpress\/ -->\n<title>Courses - Tangazdas\u00e1g<\/title>\n<meta name=\"robots\" content=\"index, follow, max-snippet:-1, max-image-preview:large, max-video-preview:-1\" \/>\n<link rel=\"canonical\" href=\"https:\/\/univet.hu\/tangazdasag\/en\/experimental-farm\/courses\/\" \/>\n<meta property=\"og:locale\" content=\"en_US\" \/>\n<meta property=\"og:type\" content=\"article\" \/>\n<meta property=\"og:title\" content=\"Courses - Tangazdas\u00e1g\" \/>\n<meta property=\"og:description\" content=\"&#8220;Hetesi gyakorlat&#8221; and &#8220;Animal nursing&#8221; practicals at our Experimental Farm in \u00dcll\u0151 D\u00f3ra major during the 1-4 semester. The Experimental Farm presents all segments of agriculture, such as livestock (cattle, sheep, horses and swine), crop and animal feed production, and it also provides practical training for both Hungarian and international students. There are demonstration programmes\" \/>\n<meta property=\"og:url\" content=\"https:\/\/univet.hu\/tangazdasag\/en\/experimental-farm\/courses\/\" \/>\n<meta property=\"og:site_name\" content=\"Tangazdas\u00e1g\" \/>\n<meta property=\"article:modified_time\" content=\"2025-03-20T07:50:25+00:00\" \/>\n<meta name=\"twitter:card\" content=\"summary_large_image\" \/>\n<script type=\"application\/ld+json\" class=\"yoast-schema-graph\">{\"@context\":\"https:\/\/schema.org\",\"@graph\":[{\"@type\":\"WebPage\",\"@id\":\"https:\/\/univet.hu\/tangazdasag\/en\/experimental-farm\/courses\/\",\"url\":\"https:\/\/univet.hu\/tangazdasag\/en\/experimental-farm\/courses\/\",\"name\":\"Courses - Tangazdas\u00e1g\",\"isPartOf\":{\"@id\":\"https:\/\/univet.hu\/tangazdasag\/en\/#website\"},\"datePublished\":\"2018-09-04T10:10:46+00:00\",\"dateModified\":\"2025-03-20T07:50:25+00:00\",\"breadcrumb\":{\"@id\":\"https:\/\/univet.hu\/tangazdasag\/en\/experimental-farm\/courses\/#breadcrumb\"},\"inLanguage\":\"en-US\",\"potentialAction\":[{\"@type\":\"ReadAction\",\"target\":[\"https:\/\/univet.hu\/tangazdasag\/en\/experimental-farm\/courses\/\"]}]},{\"@type\":\"BreadcrumbList\",\"@id\":\"https:\/\/univet.hu\/tangazdasag\/en\/experimental-farm\/courses\/#breadcrumb\",\"itemListElement\":[{\"@type\":\"ListItem\",\"position\":1,\"name\":\"Kezd\u0151lap\",\"item\":\"https:\/\/univet.hu\/tangazdasag\/en\/\"},{\"@type\":\"ListItem\",\"position\":2,\"name\":\"Teaching Farm (TF)\",\"item\":\"https:\/\/univet.hu\/tangazdasag\/en\/\"},{\"@type\":\"ListItem\",\"position\":3,\"name\":\"Courses\"}]},{\"@type\":\"WebSite\",\"@id\":\"https:\/\/univet.hu\/tangazdasag\/en\/#website\",\"url\":\"https:\/\/univet.hu\/tangazdasag\/en\/\",\"name\":\"Tangazdas\u00e1g\",\"description\":\"\",\"potentialAction\":[{\"@type\":\"SearchAction\",\"target\":{\"@type\":\"EntryPoint\",\"urlTemplate\":\"https:\/\/univet.hu\/tangazdasag\/en\/?s={search_term_string}\"},\"query-input\":{\"@type\":\"PropertyValueSpecification\",\"valueRequired\":true,\"valueName\":\"search_term_string\"}}],\"inLanguage\":\"en-US\"}]}<\/script>\n<!-- \/ Yoast SEO plugin. -->","yoast_head_json":{"title":"Courses - Tangazdas\u00e1g","robots":{"index":"index","follow":"follow","max-snippet":"max-snippet:-1","max-image-preview":"max-image-preview:large","max-video-preview":"max-video-preview:-1"},"canonical":"https:\/\/univet.hu\/tangazdasag\/en\/experimental-farm\/courses\/","og_locale":"en_US","og_type":"article","og_title":"Courses - Tangazdas\u00e1g","og_description":"&#8220;Hetesi gyakorlat&#8221; and &#8220;Animal nursing&#8221; practicals at our Experimental Farm in \u00dcll\u0151 D\u00f3ra major during the 1-4 semester. The Experimental Farm presents all segments of agriculture, such as livestock (cattle, sheep, horses and swine), crop and animal feed production, and it also provides practical training for both Hungarian and international students. There are demonstration programmes","og_url":"https:\/\/univet.hu\/tangazdasag\/en\/experimental-farm\/courses\/","og_site_name":"Tangazdas\u00e1g","article_modified_time":"2025-03-20T07:50:25+00:00","twitter_card":"summary_large_image","schema":{"@context":"https:\/\/schema.org","@graph":[{"@type":"WebPage","@id":"https:\/\/univet.hu\/tangazdasag\/en\/experimental-farm\/courses\/","url":"https:\/\/univet.hu\/tangazdasag\/en\/experimental-farm\/courses\/","name":"Courses - Tangazdas\u00e1g","isPartOf":{"@id":"https:\/\/univet.hu\/tangazdasag\/en\/#website"},"datePublished":"2018-09-04T10:10:46+00:00","dateModified":"2025-03-20T07:50:25+00:00","breadcrumb":{"@id":"https:\/\/univet.hu\/tangazdasag\/en\/experimental-farm\/courses\/#breadcrumb"},"inLanguage":"en-US","potentialAction":[{"@type":"ReadAction","target":["https:\/\/univet.hu\/tangazdasag\/en\/experimental-farm\/courses\/"]}]},{"@type":"BreadcrumbList","@id":"https:\/\/univet.hu\/tangazdasag\/en\/experimental-farm\/courses\/#breadcrumb","itemListElement":[{"@type":"ListItem","position":1,"name":"Kezd\u0151lap","item":"https:\/\/univet.hu\/tangazdasag\/en\/"},{"@type":"ListItem","position":2,"name":"Teaching Farm (TF)","item":"https:\/\/univet.hu\/tangazdasag\/en\/"},{"@type":"ListItem","position":3,"name":"Courses"}]},{"@type":"WebSite","@id":"https:\/\/univet.hu\/tangazdasag\/en\/#website","url":"https:\/\/univet.hu\/tangazdasag\/en\/","name":"Tangazdas\u00e1g","description":"","potentialAction":[{"@type":"SearchAction","target":{"@type":"EntryPoint","urlTemplate":"https:\/\/univet.hu\/tangazdasag\/en\/?s={search_term_string}"},"query-input":{"@type":"PropertyValueSpecification","valueRequired":true,"valueName":"search_term_string"}}],"inLanguage":"en-US"}]}},"_links":{"self":[{"href":"https:\/\/univet.hu\/tangazdasag\/en\/wp-json\/wp\/v2\/pages\/14429","targetHints":{"allow":["GET"]}}],"collection":[{"href":"https:\/\/univet.hu\/tangazdasag\/en\/wp-json\/wp\/v2\/pages"}],"about":[{"href":"https:\/\/univet.hu\/tangazdasag\/en\/wp-json\/wp\/v2\/types\/page"}],"author":[{"embeddable":true,"href":"https:\/\/univet.hu\/tangazdasag\/en\/wp-json\/wp\/v2\/users\/3837"}],"replies":[{"embeddable":true,"href":"https:\/\/univet.hu\/tangazdasag\/en\/wp-json\/wp\/v2\/comments?post=14429"}],"version-history":[{"count":1,"href":"https:\/\/univet.hu\/tangazdasag\/en\/wp-json\/wp\/v2\/pages\/14429\/revisions"}],"predecessor-version":[{"id":97984,"href":"https:\/\/univet.hu\/tangazdasag\/en\/wp-json\/wp\/v2\/pages\/14429\/revisions\/97984"}],"up":[{"embeddable":true,"href":"https:\/\/univet.hu\/tangazdasag\/en\/wp-json\/wp\/v2\/pages\/3398"}],"wp:attachment":[{"href":"https:\/\/univet.hu\/tangazdasag\/en\/wp-json\/wp\/v2\/media?parent=14429"}],"wp:term":[{"taxonomy":"category","embeddable":true,"href":"https:\/\/univet.hu\/tangazdasag\/en\/wp-json\/wp\/v2\/categories?post=14429"},{"taxonomy":"post_tag","embeddable":true,"href":"https:\/\/univet.hu\/tangazdasag\/en\/wp-json\/wp\/v2\/tags?post=14429"}],"curies":[{"name":"wp","href":"https:\/\/api.w.org\/{rel}","templated":true}]}}